{"id":4951,"date":"2020-08-17T03:01:07","date_gmt":"2020-08-17T03:01:07","guid":{"rendered":"https:\/\/codependency.eu\/what-is-codependence\/"},"modified":"2021-06-22T03:37:08","modified_gmt":"2021-06-22T03:37:08","slug":"what-is-codependence","status":"publish","type":"page","link":"https:\/\/codependency.eu\/cs\/problems\/what-is-codependence\/","title":{"rendered":"Je spoluz\u00e1vislost nemoc?"},"content":{"rendered":"<p>[et_pb_section fb_built=&#8220;1&#8243; admin_label=&#8220;Header&#8220; _builder_version=&#8220;4.5.1&#8243; background_color=&#8220;#f7f9f9&#8243; background_image=&#8220;https:\/\/codependency.eu\/wp-content\/uploads\/2021\/06\/problem-1-hero.jpg&#8220; custom_padding=&#8220;10%||10%||false|false&#8220; collapsed=&#8220;off&#8220;][et_pb_row _builder_version=&#8220;3.25&#8243;][et_pb_column type=&#8220;4_4&#8243; _builder_version=&#8220;3.25&#8243; custom_padding=&#8220;60px|||&#8220; custom_padding_tablet=&#8220;0px||&#8220; custom_padding_phone=&#8220;&#8220; custom_padding_last_edited=&#8220;on|tablet&#8220; padding_tablet=&#8220;0px||&#8220; padding_last_edited=&#8220;on|tablet&#8220; custom_padding__hover=&#8220;|||&#8220;][et_pb_text admin_label=&#8220;What is codependence?&#8220; _builder_version=&#8220;4.5.1&#8243; text_font=&#8220;||||||||&#8220; text_line_height=&#8220;2em&#8220; header_font=&#8220;Faustina|600|||||||&#8220; header_text_color=&#8220;#ffffff&#8220; header_font_size=&#8220;60px&#8220; header_line_height=&#8220;1.3em&#8220; background_layout=&#8220;dark&#8220; hover_enabled=&#8220;0&#8243; header_font_size_tablet=&#8220;50px&#8220; header_font_size_phone=&#8220;30px&#8220; header_font_size_last_edited=&#8220;on|phone&#8220;]<\/p>\n<h1 style=\"text-align: center;\">Je spoluz\u00e1vislost nemoc?<\/h1>\n<p>[\/et_pb_text][\/et_pb_column][\/et_pb_row][\/et_pb_section][et_pb_section fb_built=&#8220;1&#8243; admin_label=&#8220;Description&#8220; _builder_version=&#8220;4.5.1&#8243; _module_preset=&#8220;default&#8220;][et_pb_row _builder_version=&#8220;4.5.1&#8243; _module_preset=&#8220;default&#8220;][et_pb_column type=&#8220;4_4&#8243; _builder_version=&#8220;4.5.1&#8243; _module_preset=&#8220;default&#8220;][et_pb_text admin_label=&#8220;text&#8220; _builder_version=&#8220;4.5.1&#8243; text_font=&#8220;||||||||&#8220; text_text_color=&#8220;#232323&#8243; text_line_height=&#8220;2em&#8220; header_font=&#8220;Faustina|700|||||||&#8220; header_text_align=&#8220;center&#8220; header_text_color=&#8220;#0e7162&#8243; header_font_size=&#8220;60px&#8220; header_line_height=&#8220;1.3em&#8220; header_2_font=&#8220;|700|||||||&#8220; header_2_text_align=&#8220;center&#8220; header_2_text_color=&#8220;#0e7162&#8243; background_layout=&#8220;dark&#8220; hover_enabled=&#8220;0&#8243; header_font_size_tablet=&#8220;50px&#8220; header_font_size_phone=&#8220;40px&#8220; header_font_size_last_edited=&#8220;on|phone&#8220;]<\/p>\n<p>N\u011bkte\u0159\u00ed odborn\u00edci se domn\u00edvaj\u00ed, \u017ee tomu tak nen\u00ed. Podle nich jde o norm\u00e1ln\u00ed reakci na abnorm\u00e1ln\u00ed lidi. Jin\u00ed tvrd\u00ed, \u017ee spoluz\u00e1vislost je chronick\u00e9 a progresivn\u00ed onemocn\u011bn\u00ed. Podle tohoto konceptu spoluz\u00e1visl\u00ed cht\u011bj\u00ed a pot\u0159ebuj\u00ed nemocn\u00e9 lidi kolem sebe, aby se c\u00edtili \u0161\u0165astn\u00ed nezdrav\u00fdm zp\u016fsobem. Man\u017eelka alkoholika si takovou osobu musela vz\u00edt a ona si ho vybrala pr\u00e1v\u011b proto, \u017ee si nev\u011bdomky myslela, \u017ee je alkoholik. Nav\u00edc pot\u0159ebuje jeho opilost a jeho bit\u00ed, aby se c\u00edtila spokojen\u00e1.<\/p>\n<p>Je norm\u00e1ln\u00ed sna\u017eit se chr\u00e1nit a pom\u00e1hat lidem, kter\u00e9 m\u00e1me r\u00e1di. Je tak\u00e9 norm\u00e1ln\u00ed b\u00fdt ovliv\u0148ov\u00e1n a ur\u010dit\u00fdm zp\u016fsobem reagovat na probl\u00e9my druh\u00fdch. \u010c\u00edm z\u00e1va\u017en\u011bj\u0161\u00ed je probl\u00e9m a \u010d\u00edm d\u00e9le z\u016fst\u00e1v\u00e1 nevy\u0159e\u0161en, t\u00edm jsme vlivn\u011bj\u0161\u00ed a reagujeme n\u00e1siln\u011bji.<\/p>\n<p>Zvl\u00e1\u0161t\u011b d\u016fle\u017eit\u00e9 je zde slovo \u201ereagovat\u201c. Bez ohledu na to, jak p\u0159istupujete ke spoluz\u00e1vislosti, jak ji definujete a z jak\u00fdch metodologick\u00fdch pozic se ji sna\u017e\u00edte diagnostikovat a l\u00e9\u010dit, z\u016fst\u00e1v\u00e1 prim\u00e1rn\u011b reaktivn\u00edm procesem. Spoluz\u00e1visl\u00ed v\u011bt\u0161inou reaguj\u00ed. Jejich reakce je \u010dasto nevhodn\u00e1 &#8211; ost\u0159ej\u0161\u00ed nebo slab\u0161\u00ed, ne\u017e je nutn\u00e9. Z\u0159\u00eddka v\u0161ak jednaj\u00ed. Spoluz\u00e1visl\u00ed reaguj\u00ed na probl\u00e9my, bolest, \u017eivot a chov\u00e1n\u00ed ostatn\u00edch. Reaguj\u00ed na sv\u00e9 vlastn\u00ed probl\u00e9my, bolest a chov\u00e1n\u00ed. V mnoha p\u0159\u00edpadech jsou jejich reakce zp\u016fsobeny stresem a nejistotou bydlen\u00ed nebo vyr\u016fst\u00e1n\u00edm uprost\u0159ed alkoholismu a dal\u0161\u00edmi probl\u00e9my. Je norm\u00e1ln\u00ed, \u017ee \u010dlov\u011bk reaguje na stres. Nen\u00ed to neobvykl\u00e9, ale vy\u017eaduje to hrdinsk\u00e9 \u00fasil\u00ed a pro na\u0161e samotn\u00e9 p\u0159e\u017eit\u00ed je d\u016fle\u017eit\u00e9 nau\u010dit se nereagovat, ale jednat zdrav\u011bji. V\u011bt\u0161ina z n\u00e1s v\u0161ak k tomu pot\u0159ebuje pomoc.<\/p>\n<p>V\u00e1\u017en\u00fdm d\u016fvodem pro to, aby byla spoluz\u00e1vislost pova\u017eov\u00e1na za nemoc, je jej\u00ed progresivn\u00ed pr\u016fb\u011bh. \u010c\u00edm hor\u0161\u00ed je stav lid\u00ed kolem n\u00e1s, t\u00edm energi\u010dt\u011bji reagujeme. To, co p\u016fvodn\u011b byla m\u00edrn\u00e1 \u00fazkost, m\u016f\u017ee v\u00e9st k izolaci, depresi, emocion\u00e1ln\u00edm nebo fyzick\u00fdm onemocn\u011bn\u00edm a dokonce k sebevra\u017eedn\u00fdm my\u0161lenk\u00e1m. Spust\u00ed se \u0159et\u011bzov\u00e1 reakce a v\u011bci se rychle zhor\u0161\u00ed. Spoluz\u00e1vislost nemus\u00ed b\u00fdt nemoc, ale m\u016f\u017eeme z n\u00ed onemocn\u011bt, stejn\u011b jako zabr\u00e1nit lidem v zotaven\u00ed.<\/p>\n<p>Dal\u0161\u00edm d\u016fvodem pro to, aby byla spoluz\u00e1vislost pova\u017eov\u00e1na za nemoc, je skute\u010dnost, \u017ee se z jej\u00edho charakteristick\u00e9ho vzorce chov\u00e1n\u00ed &#8211; jako v\u011bt\u0161ina sebezni\u010duj\u00edc\u00edch vzorc\u016f jedn\u00e1n\u00ed &#8211; st\u00e1v\u00e1 zvyk. Lid\u00e9 opakuj\u00ed b\u011b\u017en\u00e9 \u010dinnosti bez p\u0159em\u00fd\u0161len\u00ed. T\u00edmto zp\u016fsobem si zvyky \u017eij\u00ed sv\u016fj vlastn\u00ed \u017eivot.<\/p>\n<p>Bez ohledu na to, jak\u00e9 probl\u00e9my m\u00e1 ten druh\u00fd, spoluz\u00e1vislost odemyk\u00e1 stereotypn\u00ed syst\u00e9m my\u0161lenek, pocit\u016f a zp\u016fsob\u016f jedn\u00e1n\u00ed v\u016f\u010di sob\u011b a ostatn\u00edm, kter\u00e9 n\u00e1m mohou zp\u016fsobit bolest. Spoluz\u00e1visl\u00e9 chov\u00e1n\u00ed a n\u00e1vyky jsou sebezni\u010duj\u00edc\u00ed. \u010casto reagujeme na lidi, kte\u0159\u00ed se sna\u017e\u00ed zni\u010dit jejich \u017eivoty, nau\u010den\u00edm se ni\u010dit sami sebe. Tyto n\u00e1vyky mohou zp\u016fsobit, \u017ee za\u010dnete nebo udr\u017eujete devastuj\u00edc\u00ed vztahy, kter\u00e9 jsou od za\u010d\u00e1tku odsouzeny k ne\u00fasp\u011bchu. Nau\u010den\u00e9 vzorce chov\u00e1n\u00ed mohou zp\u016fsobit selh\u00e1n\u00ed vztah\u016f, i kdy\u017e by se jinak dob\u0159e vyv\u00edjely. Mohou zp\u016fsobit, \u017ee nebudeme \u017e\u00edt pokojn\u011b a \u0161\u0165astn\u011b s nejd\u016fle\u017eit\u011bj\u0161\u00ed osobou v na\u0161em \u017eivot\u011b &#8211; se sebou sam\u00fdmi.<\/p>\n<p>Spoluz\u00e1visl\u00e9 chov\u00e1n\u00ed poch\u00e1z\u00ed od jedin\u00e9ho \u010dlov\u011bka, kter\u00e9ho je ka\u017ed\u00fd z n\u00e1s schopen ovl\u00e1dat, jedin\u00e9ho \u010dlov\u011bka, kter\u00e9ho jsme schopni zm\u011bnit &#8211; od sebe. To v\u0161e je tedy n\u00e1\u0161 vlastn\u00ed probl\u00e9m.[\/et_pb_text][\/et_pb_column][\/et_pb_row][\/et_pb_section][et_pb_section fb_built=&#8220;1&#8243; fullwidth=&#8220;on&#8220; _builder_version=&#8220;3.22&#8243; custom_width_px__hover=&#8220;1080px&#8220; custom_width_px__hover_enabled=&#8220;1080px&#8220; custom_width_percent__hover=&#8220;80%&#8220; custom_width_percent__hover_enabled=&#8220;80%&#8220; use_background_color_gradient__hover=&#8220;off&#8220; use_background_color_gradient__hover_enabled=&#8220;off&#8220; background_color_gradient_start__hover=&#8220;#2b87da&#8220; background_color_gradient_start__hover_enabled=&#8220;#2b87da&#8220; background_color_gradient_end__hover=&#8220;#29c4a9&#8243; background_color_gradient_end__hover_enabled=&#8220;#29c4a9&#8243; background_color_gradient_type__hover=&#8220;linear&#8220; background_color_gradient_type__hover_enabled=&#8220;linear&#8220; background_color_gradient_direction__hover=&#8220;180deg&#8220; background_color_gradient_direction__hover_enabled=&#8220;180deg&#8220; background_color_gradient_direction_radial__hover=&#8220;center&#8220; background_color_gradient_direction_radial__hover_enabled=&#8220;center&#8220; background_color_gradient_start_position__hover=&#8220;0%&#8220; background_color_gradient_start_position__hover_enabled=&#8220;0%&#8220; background_color_gradient_end_position__hover=&#8220;100%&#8220; background_color_gradient_end_position__hover_enabled=&#8220;100%&#8220; background_color_gradient_overlays_image__hover=&#8220;off&#8220; background_color_gradient_overlays_image__hover_enabled=&#8220;off&#8220; parallax__hover=&#8220;off&#8220; parallax__hover_enabled=&#8220;off&#8220; parallax_method__hover=&#8220;on&#8220; parallax_method__hover_enabled=&#8220;on&#8220; background_size__hover=&#8220;cover&#8220; background_size__hover_enabled=&#8220;cover&#8220; background_position__hover=&#8220;center&#8220; background_position__hover_enabled=&#8220;center&#8220; background_repeat__hover=&#8220;no-repeat&#8220; background_repeat__hover_enabled=&#8220;no-repeat&#8220; background_blend__hover=&#8220;normal&#8220; background_blend__hover_enabled=&#8220;normal&#8220; allow_player_pause__hover=&#8220;off&#8220; allow_player_pause__hover_enabled=&#8220;off&#8220; background_video_pause_outside_viewport__hover=&#8220;on&#8220; background_video_pause_outside_viewport__hover_enabled=&#8220;on&#8220; gutter_width__hover=&#8220;3&#8243; gutter_width__hover_enabled=&#8220;3&#8243; parallax_1__hover=&#8220;off&#8220; parallax_1__hover_enabled=&#8220;off&#8220; parallax_2__hover=&#8220;off&#8220; parallax_2__hover_enabled=&#8220;off&#8220; parallax_3__hover=&#8220;off&#8220; parallax_3__hover_enabled=&#8220;off&#8220; parallax_method_1__hover=&#8220;on&#8220; parallax_method_1__hover_enabled=&#8220;on&#8220; parallax_method_2__hover=&#8220;on&#8220; parallax_method_2__hover_enabled=&#8220;on&#8220; parallax_method_3__hover=&#8220;on&#8220; parallax_method_3__hover_enabled=&#8220;on&#8220; inner_shadow__hover=&#8220;off&#8220; inner_shadow__hover_enabled=&#8220;off&#8220; make_fullwidth__hover=&#8220;off&#8220; make_fullwidth__hover_enabled=&#8220;off&#8220; use_custom_width__hover=&#8220;off&#8220; use_custom_width__hover_enabled=&#8220;off&#8220; width_unit__hover=&#8220;on&#8220; width_unit__hover_enabled=&#8220;on&#8220; make_equal__hover=&#8220;off&#8220; make_equal__hover_enabled=&#8220;off&#8220; use_custom_gutter__hover=&#8220;off&#8220; use_custom_gutter__hover_enabled=&#8220;off&#8220; border_radii__hover=&#8220;on||||&#8220; border_radii__hover_enabled=&#8220;on||||&#8220; box_shadow_style__hover=&#8220;none&#8220; box_shadow_style__hover_enabled=&#8220;none&#8220; box_shadow_color__hover=&#8220;rgba(0,0,0,0.3)&#8220; box_shadow_color__hover_enabled=&#8220;rgba(0,0,0,0.3)&#8220; max_width__hover=&#8220;100%&#8220; max_width__hover_enabled=&#8220;100%&#8220; filter_hue_rotate__hover=&#8220;0deg&#8220; filter_hue_rotate__hover_enabled=&#8220;0deg&#8220; filter_saturate__hover=&#8220;100%&#8220; filter_saturate__hover_enabled=&#8220;100%&#8220; filter_brightness__hover=&#8220;100%&#8220; filter_brightness__hover_enabled=&#8220;100%&#8220; filter_contrast__hover=&#8220;100%&#8220; filter_contrast__hover_enabled=&#8220;100%&#8220; filter_invert__hover=&#8220;0%&#8220; filter_invert__hover_enabled=&#8220;0%&#8220; filter_sepia__hover=&#8220;0%&#8220; filter_sepia__hover_enabled=&#8220;0%&#8220; filter_opacity__hover=&#8220;100%&#8220; filter_opacity__hover_enabled=&#8220;100%&#8220; filter_blur__hover=&#8220;0px&#8220; filter_blur__hover_enabled=&#8220;0px&#8220; mix_blend_mode__hover=&#8220;normal&#8220; mix_blend_mode__hover_enabled=&#8220;normal&#8220; animation_style__hover=&#8220;none&#8220; animation_style__hover_enabled=&#8220;none&#8220; animation_repeat__hover=&#8220;once&#8220; animation_repeat__hover_enabled=&#8220;once&#8220; animation_direction__hover=&#8220;center&#8220; animation_direction__hover_enabled=&#8220;center&#8220; animation_duration__hover=&#8220;1000ms&#8220; animation_duration__hover_enabled=&#8220;1000ms&#8220; animation_delay__hover=&#8220;0ms&#8220; animation_delay__hover_enabled=&#8220;0ms&#8220; animation_intensity_slide__hover=&#8220;50%&#8220; animation_intensity_slide__hover_enabled=&#8220;50%&#8220; animation_intensity_zoom__hover=&#8220;50%&#8220; animation_intensity_zoom__hover_enabled=&#8220;50%&#8220; animation_intensity_flip__hover=&#8220;50%&#8220; animation_intensity_flip__hover_enabled=&#8220;50%&#8220; animation_intensity_fold__hover=&#8220;50%&#8220; animation_intensity_fold__hover_enabled=&#8220;50%&#8220; animation_intensity_roll__hover=&#8220;50%&#8220; animation_intensity_roll__hover_enabled=&#8220;50%&#8220; animation_starting_opacity__hover=&#8220;0%&#8220; animation_starting_opacity__hover_enabled=&#8220;0%&#8220; animation_speed_curve__hover=&#8220;ease-in-out&#8220; animation_speed_curve__hover_enabled=&#8220;ease-in-out&#8220; hover_transition_duration__hover=&#8220;300ms&#8220; hover_transition_duration__hover_enabled=&#8220;300ms&#8220; hover_transition_delay__hover=&#8220;0ms&#8220; hover_transition_delay__hover_enabled=&#8220;0ms&#8220; hover_transition_speed_curve__hover=&#8220;ease&#8220; hover_transition_speed_curve__hover_enabled=&#8220;ease&#8220;][et_pb_fullwidth_image src=&#8220;https:\/\/codependency.eu\/wp-content\/uploads\/2020\/07\/charity-23.png&#8220; _builder_version=&#8220;3.17.2&#8243; show_in_lightbox__hover=&#8220;off&#8220; show_in_lightbox__hover_enabled=&#8220;off&#8220; url_new_window__hover=&#8220;off&#8220; url_new_window__hover_enabled=&#8220;off&#8220; use_overlay__hover=&#8220;off&#8220; use_overlay__hover_enabled=&#8220;off&#8220; animation_style__hover=&#8220;none&#8220; animation_style__hover_enabled=&#8220;none&#8220; animation_direction__hover=&#8220;center&#8220; animation_direction__hover_enabled=&#8220;center&#8220; animation_intensity_slide__hover=&#8220;50%&#8220; animation_intensity_slide__hover_enabled=&#8220;50%&#8220; use_background_color_gradient__hover=&#8220;off&#8220; use_background_color_gradient__hover_enabled=&#8220;off&#8220; background_color_gradient_start__hover=&#8220;#2b87da&#8220; background_color_gradient_start__hover_enabled=&#8220;#2b87da&#8220; background_color_gradient_end__hover=&#8220;#29c4a9&#8243; background_color_gradient_end__hover_enabled=&#8220;#29c4a9&#8243; background_color_gradient_type__hover=&#8220;linear&#8220; background_color_gradient_type__hover_enabled=&#8220;linear&#8220; background_color_gradient_direction__hover=&#8220;180deg&#8220; background_color_gradient_direction__hover_enabled=&#8220;180deg&#8220; background_color_gradient_direction_radial__hover=&#8220;center&#8220; background_color_gradient_direction_radial__hover_enabled=&#8220;center&#8220; background_color_gradient_start_position__hover=&#8220;0%&#8220; background_color_gradient_start_position__hover_enabled=&#8220;0%&#8220; background_color_gradient_end_position__hover=&#8220;100%&#8220; background_color_gradient_end_position__hover_enabled=&#8220;100%&#8220; background_color_gradient_overlays_image__hover=&#8220;off&#8220; background_color_gradient_overlays_image__hover_enabled=&#8220;off&#8220; parallax__hover=&#8220;off&#8220; parallax__hover_enabled=&#8220;off&#8220; parallax_method__hover=&#8220;on&#8220; parallax_method__hover_enabled=&#8220;on&#8220; background_size__hover=&#8220;cover&#8220; background_size__hover_enabled=&#8220;cover&#8220; background_position__hover=&#8220;center&#8220; background_position__hover_enabled=&#8220;center&#8220; background_repeat__hover=&#8220;no-repeat&#8220; background_repeat__hover_enabled=&#8220;no-repeat&#8220; background_blend__hover=&#8220;normal&#8220; background_blend__hover_enabled=&#8220;normal&#8220; allow_player_pause__hover=&#8220;off&#8220; allow_player_pause__hover_enabled=&#8220;off&#8220; background_video_pause_outside_viewport__hover=&#8220;on&#8220; background_video_pause_outside_viewport__hover_enabled=&#8220;on&#8220; border_radii__hover=&#8220;on||||&#8220; border_radii__hover_enabled=&#8220;on||||&#8220; box_shadow_style__hover=&#8220;none&#8220; box_shadow_style__hover_enabled=&#8220;none&#8220; box_shadow_color__hover=&#8220;rgba(0,0,0,0.3)&#8220; box_shadow_color__hover_enabled=&#8220;rgba(0,0,0,0.3)&#8220; max_width__hover=&#8220;100%&#8220; max_width__hover_enabled=&#8220;100%&#8220; filter_hue_rotate__hover=&#8220;0deg&#8220; filter_hue_rotate__hover_enabled=&#8220;0deg&#8220; filter_saturate__hover=&#8220;100%&#8220; filter_saturate__hover_enabled=&#8220;100%&#8220; filter_brightness__hover=&#8220;100%&#8220; filter_brightness__hover_enabled=&#8220;100%&#8220; filter_contrast__hover=&#8220;100%&#8220; filter_contrast__hover_enabled=&#8220;100%&#8220; filter_invert__hover=&#8220;0%&#8220; filter_invert__hover_enabled=&#8220;0%&#8220; filter_sepia__hover=&#8220;0%&#8220; filter_sepia__hover_enabled=&#8220;0%&#8220; filter_opacity__hover=&#8220;100%&#8220; filter_opacity__hover_enabled=&#8220;100%&#8220; filter_blur__hover=&#8220;0px&#8220; filter_blur__hover_enabled=&#8220;0px&#8220; mix_blend_mode__hover=&#8220;normal&#8220; mix_blend_mode__hover_enabled=&#8220;normal&#8220; animation_repeat__hover=&#8220;once&#8220; animation_repeat__hover_enabled=&#8220;once&#8220; animation_duration__hover=&#8220;1000ms&#8220; animation_duration__hover_enabled=&#8220;1000ms&#8220; animation_delay__hover=&#8220;0ms&#8220; animation_delay__hover_enabled=&#8220;0ms&#8220; animation_intensity_zoom__hover=&#8220;50%&#8220; animation_intensity_zoom__hover_enabled=&#8220;50%&#8220; animation_intensity_flip__hover=&#8220;50%&#8220; animation_intensity_flip__hover_enabled=&#8220;50%&#8220; animation_intensity_fold__hover=&#8220;50%&#8220; animation_intensity_fold__hover_enabled=&#8220;50%&#8220; animation_intensity_roll__hover=&#8220;50%&#8220; animation_intensity_roll__hover_enabled=&#8220;50%&#8220; animation_starting_opacity__hover=&#8220;0%&#8220; animation_starting_opacity__hover_enabled=&#8220;0%&#8220; animation_speed_curve__hover=&#8220;ease-in-out&#8220; animation_speed_curve__hover_enabled=&#8220;ease-in-out&#8220; hover_transition_duration__hover=&#8220;300ms&#8220; hover_transition_duration__hover_enabled=&#8220;300ms&#8220; hover_transition_delay__hover=&#8220;0ms&#8220; hover_transition_delay__hover_enabled=&#8220;0ms&#8220; hover_transition_speed_curve__hover=&#8220;ease&#8220; hover_transition_speed_curve__hover_enabled=&#8220;ease&#8220;][\/et_pb_fullwidth_image][\/et_pb_section]<\/p>\n","protected":false},"excerpt":{"rendered":"<p>[et_pb_section fb_built=&#8220;1&#8243; admin_label=&#8220;Header&#8220; _builder_version=&#8220;4.5.1&#8243; background_color=&#8220;#f7f9f9&#8243; background_image=&#8220;https:\/\/codependency.eu\/wp-content\/uploads\/2021\/06\/problem-1-hero.jpg&#8220; custom_padding=&#8220;10%||10%||false|false&#8220; collapsed=&#8220;off&#8220;][et_pb_row _builder_version=&#8220;3.25&#8243;][et_pb_column type=&#8220;4_4&#8243; _builder_version=&#8220;3.25&#8243; custom_padding=&#8220;60px|||&#8220; custom_padding_tablet=&#8220;0px||&#8220; custom_padding_phone=&#8220;&#8220; custom_padding_last_edited=&#8220;on|tablet&#8220; padding_tablet=&#8220;0px||&#8220; padding_last_edited=&#8220;on|tablet&#8220; custom_padding__hover=&#8220;|||&#8220;][et_pb_text admin_label=&#8220;What is codependence?&#8220; _builder_version=&#8220;4.5.1&#8243; text_font=&#8220;||||||||&#8220; text_line_height=&#8220;2em&#8220; header_font=&#8220;Faustina|600|||||||&#8220; header_text_color=&#8220;#ffffff&#8220; header_font_size=&#8220;60px&#8220; header_line_height=&#8220;1.3em&#8220; background_layout=&#8220;dark&#8220; hover_enabled=&#8220;0&#8243; header_font_size_tablet=&#8220;50px&#8220; header_font_size_phone=&#8220;30px&#8220; header_font_size_last_edited=&#8220;on|phone&#8220;] Je spoluz\u00e1vislost nemoc? [\/et_pb_text][\/et_pb_column][\/et_pb_row][\/et_pb_section][et_pb_section fb_built=&#8220;1&#8243; admin_label=&#8220;Description&#8220; _builder_version=&#8220;4.5.1&#8243; _module_preset=&#8220;default&#8220;][et_pb_row _builder_version=&#8220;4.5.1&#8243; _module_preset=&#8220;default&#8220;][et_pb_column type=&#8220;4_4&#8243; _builder_version=&#8220;4.5.1&#8243; _module_preset=&#8220;default&#8220;][et_pb_text admin_label=&#8220;text&#8220; _builder_version=&#8220;4.5.1&#8243; text_font=&#8220;||||||||&#8220; text_text_color=&#8220;#232323&#8243; text_line_height=&#8220;2em&#8220; header_font=&#8220;Faustina|700|||||||&#8220; header_text_align=&#8220;center&#8220; header_text_color=&#8220;#0e7162&#8243; header_font_size=&#8220;60px&#8220; [&hellip;]<\/p>\n","protected":false},"author":1,"featured_media":0,"parent":5059,"menu_order":0,"comment_status":"closed","ping_status":"closed","template":"","meta":{"_et_pb_use_builder":"on","_et_pb_old_content":"","_et_gb_content_width":""},"acf":[],"_links":{"self":[{"href":"https:\/\/codependency.eu\/cs\/wp-json\/wp\/v2\/pages\/4951"}],"collection":[{"href":"https:\/\/codependency.eu\/cs\/wp-json\/wp\/v2\/pages"}],"about":[{"href":"https:\/\/codependency.eu\/cs\/wp-json\/wp\/v2\/types\/page"}],"author":[{"embeddable":true,"href":"https:\/\/codependency.eu\/cs\/wp-json\/wp\/v2\/users\/1"}],"replies":[{"embeddable":true,"href":"https:\/\/codependency.eu\/cs\/wp-json\/wp\/v2\/comments?post=4951"}],"version-history":[{"count":2,"href":"https:\/\/codependency.eu\/cs\/wp-json\/wp\/v2\/pages\/4951\/revisions"}],"predecessor-version":[{"id":5145,"href":"https:\/\/codependency.eu\/cs\/wp-json\/wp\/v2\/pages\/4951\/revisions\/5145"}],"up":[{"embeddable":true,"href":"https:\/\/codependency.eu\/cs\/wp-json\/wp\/v2\/pages\/5059"}],"wp:attachment":[{"href":"https:\/\/codependency.eu\/cs\/wp-json\/wp\/v2\/media?parent=4951"}],"curies":[{"name":"wp","href":"https:\/\/api.w.org\/{rel}","templated":true}]}}