{"id":4984,"date":"2020-10-29T10:50:34","date_gmt":"2020-10-29T10:50:34","guid":{"rendered":"https:\/\/codependency.eu\/stages-that-the-codependent-person-goes-through\/"},"modified":"2021-06-22T03:36:41","modified_gmt":"2021-06-22T03:36:41","slug":"stages-that-the-codependent-person-goes-through","status":"publish","type":"page","link":"https:\/\/codependency.eu\/cs\/problems\/stages-that-the-codependent-person-goes-through\/","title":{"rendered":"F\u00e1ze, kter\u00fdmi proch\u00e1z\u00ed z\u00e1visl\u00e1 osoba"},"content":{"rendered":"<p>[et_pb_section fb_built=&#8220;1&#8243; admin_label=&#8220;Header&#8220; _builder_version=&#8220;4.5.1&#8243; background_color=&#8220;#f7f9f9&#8243; background_image=&#8220;https:\/\/codependency.eu\/wp-content\/uploads\/2021\/06\/problem-4-hero.jpg&#8220; parallax=&#8220;on&#8220; custom_padding=&#8220;10%||10%||false|false&#8220; collapsed=&#8220;off&#8220;][et_pb_row _builder_version=&#8220;4.5.1&#8243; max_width=&#8220;980px&#8220; module_alignment=&#8220;center&#8220;][et_pb_column type=&#8220;4_4&#8243; _builder_version=&#8220;3.25&#8243; custom_padding=&#8220;60px|||&#8220; custom_padding_tablet=&#8220;0px||&#8220; custom_padding_phone=&#8220;&#8220; custom_padding_last_edited=&#8220;on|tablet&#8220; padding_tablet=&#8220;0px||&#8220; padding_last_edited=&#8220;on|tablet&#8220; custom_padding__hover=&#8220;|||&#8220;][et_pb_text admin_label=&#8220;Stages&#8220; _builder_version=&#8220;4.5.1&#8243; text_font=&#8220;||||||||&#8220; text_line_height=&#8220;2em&#8220; header_font=&#8220;Faustina|600|||||||&#8220; header_text_color=&#8220;#ffffff&#8220; header_font_size=&#8220;60px&#8220; header_line_height=&#8220;1.3em&#8220; background_layout=&#8220;dark&#8220; hover_enabled=&#8220;0&#8243; header_font_size_tablet=&#8220;50px&#8220; header_font_size_phone=&#8220;30px&#8220; header_font_size_last_edited=&#8220;on|phone&#8220;]<\/p>\n<h1 style=\"text-align: center;\">F\u00e1ze, kter\u00fdmi proch\u00e1z\u00ed z\u00e1visl\u00e1 osoba<\/h1>\n<p>[\/et_pb_text][\/et_pb_column][\/et_pb_row][\/et_pb_section][et_pb_section fb_built=&#8220;1&#8243; admin_label=&#8220;Description&#8220; _builder_version=&#8220;4.5.1&#8243; _module_preset=&#8220;default&#8220;][et_pb_row _builder_version=&#8220;4.5.1&#8243; _module_preset=&#8220;default&#8220;][et_pb_column type=&#8220;4_4&#8243; _builder_version=&#8220;4.5.1&#8243; _module_preset=&#8220;default&#8220;][et_pb_text admin_label=&#8220;text&#8220; _builder_version=&#8220;4.5.1&#8243; text_font=&#8220;||||||||&#8220; text_text_color=&#8220;#232323&#8243; text_line_height=&#8220;2em&#8220; header_font=&#8220;Faustina|700|||||||&#8220; header_text_align=&#8220;center&#8220; header_text_color=&#8220;#0e7162&#8243; header_font_size=&#8220;60px&#8220; header_line_height=&#8220;1.3em&#8220; header_2_font=&#8220;|700|||||||&#8220; header_2_text_align=&#8220;center&#8220; header_2_text_color=&#8220;#0e7162&#8243; background_layout=&#8220;dark&#8220; hover_enabled=&#8220;0&#8243; header_font_size_tablet=&#8220;50px&#8220; header_font_size_phone=&#8220;40px&#8220; header_font_size_last_edited=&#8220;on|phone&#8220;]<\/p>\n<ul style=\"list-style-type: upper-roman;\">\n<li><strong>Prim\u00e1rn\u00ed p\u0159\u00ed\u010diny, d\u00edky nim\u017e m\u016f\u017ee b\u00fdt \u010dlov\u011bk spoluz\u00e1visl\u00fd<\/strong>\n<ul>\n<li>Obvykle tato osoba vyrostla v rozru\u0161en\u00e9 rodin\u011b a osvojila si pravidlo, \u017ee \u201ep\u00e9\u010de\u201c o ostatn\u00ed je m\u011b\u0159\u00edtkem vlastn\u00ed hodnoty.<\/li>\n<li>Nepoda\u0159ilo se jim \u201evyl\u00e9\u010dit\u201c sv\u00e9 rodi\u010de, tak\u017ee \u201evyl\u00e9\u010d\u00ed\u201c osobu trp\u00edc\u00ed alkoholismem, drogovou z\u00e1vislost\u00ed, hazardn\u00edmi hrami, po\u010d\u00edta\u010di nebo poruchami p\u0159\u00edjmu potravy.<\/li>\n<li>Najdou osobu s podobnou z\u00e1vislost\u00ed, kter\u00e1 \u201epot\u0159ebuje\u201c kontrolu.<\/li>\n<li>Za\u010dnou pochybovat o tom, jak vn\u00edmaj\u00ed v\u011bci, a aby projevili odhodl\u00e1n\u00ed, sna\u017e\u00ed se kontrolovat p\u0159\u00edjem alkoholu, drog, j\u00eddla druh\u00e9 osoby.<\/li>\n<li>Je ovlivn\u011bn tak\u00e9 spole\u010densk\u00fd \u017eivot. Izoluj\u00ed se od komunity, aby \u201epomohli\u201c osob\u011b trp\u00edc\u00ed z\u00e1vislost\u00ed.<\/li>\n<\/ul>\n<\/li>\n<li><strong>Obdob\u00ed posedlosti a utajen\u00ed<\/strong><br \/><strong>Posedlost<\/strong>\n<ul>\n<li>\u017d\u00e1dosti a hrozby souvisej\u00edc\u00edch s po\u017e\u00edv\u00e1n\u00edm alkoholu, drog nebo p\u0159ekra\u010dov\u00e1n\u00ed hranic hry v hern\u011b nebo v po\u010d\u00edta\u010d\u00edch jin\u00e9 osoby.<\/li>\n<li>Odsoud\u00ed se a v\u011b\u0159\u00ed, \u017ee d\u016fvod z\u00e1vislosti je v nich.<\/li>\n<li>Skr\u00fdvaj\u00ed p\u0159ed z\u00e1vislou osobou alkohol, pen\u00edze, drogy, po\u010d\u00edta\u010dov\u00e9 kabely<\/li>\n<li>Pokus o kontrolu z\u00e1vislosti partnera \/ d\u00edt\u011bte vt\u00edr\u00e1n\u00edm a vytv\u00e1\u0159en\u00edm \u0159\u00e1dk\u016f.<\/li>\n<li>Projevuj\u00ed hn\u011bv a frustraci, proto\u017ee z\u00e1visl\u00fd \u010dlov\u011bk nepln\u00ed sv\u00e9 sliby.<\/li>\n<\/ul>\n<p><strong>Tajemstv\u00ed<\/strong><\/p>\n<ul>\n<li>Neust\u00e1le \u0161pehuj\u00ed nebo zakr\u00fdvaj\u00ed osobu trp\u00edc\u00ed z\u00e1vislost\u00ed.<\/li>\n<li>Berou odpov\u011bdnost za n\u011b a m\u00edsto nich.<\/li>\n<li>B\u011bhem rozhovoru jsou zcela posedl\u00ed pozornost\u00ed, aby se zabr\u00e1nilo kontaktu mezi z\u00e1vislou osobou a ostatn\u00edmi.<\/li>\n<li>Nevhodn\u00e9 v\u00fdbuchy hn\u011bvu.<\/li>\n<\/ul>\n<\/li>\n<li><strong>Ztr\u00e1ta kontroly<\/strong>\n<ul>\n<li>Zoufal\u00e9 a agresivn\u00ed pokusy o kontrolu po\u017eit\u00ed alkoholu, drog nebo n\u00e1v\u0161t\u011bvu hern\u00edho klubu stoj\u00edc\u00edho p\u0159ed po\u010d\u00edta\u010dem osoby po boku. Neust\u00e1le s nimi bojuj\u00ed.<\/li>\n<li>Fyzick\u00e9 a duchovn\u00ed zanedb\u00e1v\u00e1n\u00ed.<\/li>\n<li>Obracej\u00ed svou pozornost mimo man\u017eelstv\u00ed, za\u010d\u00ednaj\u00ed podv\u00e1d\u011bt, jsou workoholici nebo jsou pohlceni n\u011bkter\u00fdmi vedlej\u0161\u00edmi z\u00e1jmy.<\/li>\n<li>Ztr\u00e1cej\u00ed svoji flexibilitu, jsou p\u0159emo\u017eeni pocity vlastnictv\u00ed. V\u011bt\u0161inu \u010dasu jsou na\u0161tvan\u00ed. D\u00e1vaj\u00ed si pozor na zve\u0159ej\u0148ov\u00e1n\u00ed dom\u00e1c\u00edch probl\u00e9m\u016f.<\/li>\n<li>Mohou trp\u011bt onemocn\u011bn\u00edm souvisej\u00edc\u00edm s t\u00edmto probl\u00e9mem, jako jsou v\u0159edy, vyr\u00e1\u017eky, migr\u00e9ny, deprese, obezita nebo zneu\u017e\u00edv\u00e1n\u00ed sedativ.<\/li>\n<li>Neust\u00e1l\u00e9 v\u00fdbuchy hn\u011bvu.<\/li>\n<li>Za\u010dnou se c\u00edtit \u0161patn\u011b a unaveni z toho, \u017ee se neust\u00e1le c\u00edt\u00ed \u0161patn\u011b a unaveni.<\/li>\n<\/ul>\n<\/li>\n<\/ul>\n<p>[\/et_pb_text][\/et_pb_column][\/et_pb_row][\/et_pb_section][et_pb_section fb_built=&#8220;1&#8243; fullwidth=&#8220;on&#8220; _builder_version=&#8220;3.22&#8243; custom_width_px__hover=&#8220;1080px&#8220; custom_width_px__hover_enabled=&#8220;1080px&#8220; custom_width_percent__hover=&#8220;80%&#8220; custom_width_percent__hover_enabled=&#8220;80%&#8220; use_background_color_gradient__hover=&#8220;off&#8220; use_background_color_gradient__hover_enabled=&#8220;off&#8220; background_color_gradient_start__hover=&#8220;#2b87da&#8220; background_color_gradient_start__hover_enabled=&#8220;#2b87da&#8220; background_color_gradient_end__hover=&#8220;#29c4a9&#8243; background_color_gradient_end__hover_enabled=&#8220;#29c4a9&#8243; background_color_gradient_type__hover=&#8220;linear&#8220; background_color_gradient_type__hover_enabled=&#8220;linear&#8220; background_color_gradient_direction__hover=&#8220;180deg&#8220; background_color_gradient_direction__hover_enabled=&#8220;180deg&#8220; background_color_gradient_direction_radial__hover=&#8220;center&#8220; background_color_gradient_direction_radial__hover_enabled=&#8220;center&#8220; background_color_gradient_start_position__hover=&#8220;0%&#8220; background_color_gradient_start_position__hover_enabled=&#8220;0%&#8220; background_color_gradient_end_position__hover=&#8220;100%&#8220; background_color_gradient_end_position__hover_enabled=&#8220;100%&#8220; background_color_gradient_overlays_image__hover=&#8220;off&#8220; background_color_gradient_overlays_image__hover_enabled=&#8220;off&#8220; parallax__hover=&#8220;off&#8220; parallax__hover_enabled=&#8220;off&#8220; parallax_method__hover=&#8220;on&#8220; parallax_method__hover_enabled=&#8220;on&#8220; background_size__hover=&#8220;cover&#8220; background_size__hover_enabled=&#8220;cover&#8220; background_position__hover=&#8220;center&#8220; background_position__hover_enabled=&#8220;center&#8220; background_repeat__hover=&#8220;no-repeat&#8220; background_repeat__hover_enabled=&#8220;no-repeat&#8220; background_blend__hover=&#8220;normal&#8220; background_blend__hover_enabled=&#8220;normal&#8220; allow_player_pause__hover=&#8220;off&#8220; allow_player_pause__hover_enabled=&#8220;off&#8220; background_video_pause_outside_viewport__hover=&#8220;on&#8220; background_video_pause_outside_viewport__hover_enabled=&#8220;on&#8220; gutter_width__hover=&#8220;3&#8243; gutter_width__hover_enabled=&#8220;3&#8243; parallax_1__hover=&#8220;off&#8220; parallax_1__hover_enabled=&#8220;off&#8220; parallax_2__hover=&#8220;off&#8220; parallax_2__hover_enabled=&#8220;off&#8220; parallax_3__hover=&#8220;off&#8220; parallax_3__hover_enabled=&#8220;off&#8220; parallax_method_1__hover=&#8220;on&#8220; parallax_method_1__hover_enabled=&#8220;on&#8220; parallax_method_2__hover=&#8220;on&#8220; parallax_method_2__hover_enabled=&#8220;on&#8220; parallax_method_3__hover=&#8220;on&#8220; parallax_method_3__hover_enabled=&#8220;on&#8220; inner_shadow__hover=&#8220;off&#8220; inner_shadow__hover_enabled=&#8220;off&#8220; make_fullwidth__hover=&#8220;off&#8220; make_fullwidth__hover_enabled=&#8220;off&#8220; use_custom_width__hover=&#8220;off&#8220; use_custom_width__hover_enabled=&#8220;off&#8220; width_unit__hover=&#8220;on&#8220; width_unit__hover_enabled=&#8220;on&#8220; make_equal__hover=&#8220;off&#8220; make_equal__hover_enabled=&#8220;off&#8220; use_custom_gutter__hover=&#8220;off&#8220; use_custom_gutter__hover_enabled=&#8220;off&#8220; border_radii__hover=&#8220;on||||&#8220; border_radii__hover_enabled=&#8220;on||||&#8220; box_shadow_style__hover=&#8220;none&#8220; box_shadow_style__hover_enabled=&#8220;none&#8220; box_shadow_color__hover=&#8220;rgba(0,0,0,0.3)&#8220; box_shadow_color__hover_enabled=&#8220;rgba(0,0,0,0.3)&#8220; max_width__hover=&#8220;100%&#8220; max_width__hover_enabled=&#8220;100%&#8220; filter_hue_rotate__hover=&#8220;0deg&#8220; filter_hue_rotate__hover_enabled=&#8220;0deg&#8220; filter_saturate__hover=&#8220;100%&#8220; filter_saturate__hover_enabled=&#8220;100%&#8220; filter_brightness__hover=&#8220;100%&#8220; filter_brightness__hover_enabled=&#8220;100%&#8220; filter_contrast__hover=&#8220;100%&#8220; filter_contrast__hover_enabled=&#8220;100%&#8220; filter_invert__hover=&#8220;0%&#8220; filter_invert__hover_enabled=&#8220;0%&#8220; filter_sepia__hover=&#8220;0%&#8220; filter_sepia__hover_enabled=&#8220;0%&#8220; filter_opacity__hover=&#8220;100%&#8220; filter_opacity__hover_enabled=&#8220;100%&#8220; filter_blur__hover=&#8220;0px&#8220; filter_blur__hover_enabled=&#8220;0px&#8220; mix_blend_mode__hover=&#8220;normal&#8220; mix_blend_mode__hover_enabled=&#8220;normal&#8220; animation_style__hover=&#8220;none&#8220; animation_style__hover_enabled=&#8220;none&#8220; animation_repeat__hover=&#8220;once&#8220; animation_repeat__hover_enabled=&#8220;once&#8220; animation_direction__hover=&#8220;center&#8220; animation_direction__hover_enabled=&#8220;center&#8220; animation_duration__hover=&#8220;1000ms&#8220; animation_duration__hover_enabled=&#8220;1000ms&#8220; animation_delay__hover=&#8220;0ms&#8220; animation_delay__hover_enabled=&#8220;0ms&#8220; animation_intensity_slide__hover=&#8220;50%&#8220; animation_intensity_slide__hover_enabled=&#8220;50%&#8220; animation_intensity_zoom__hover=&#8220;50%&#8220; animation_intensity_zoom__hover_enabled=&#8220;50%&#8220; animation_intensity_flip__hover=&#8220;50%&#8220; animation_intensity_flip__hover_enabled=&#8220;50%&#8220; animation_intensity_fold__hover=&#8220;50%&#8220; animation_intensity_fold__hover_enabled=&#8220;50%&#8220; animation_intensity_roll__hover=&#8220;50%&#8220; animation_intensity_roll__hover_enabled=&#8220;50%&#8220; animation_starting_opacity__hover=&#8220;0%&#8220; animation_starting_opacity__hover_enabled=&#8220;0%&#8220; animation_speed_curve__hover=&#8220;ease-in-out&#8220; animation_speed_curve__hover_enabled=&#8220;ease-in-out&#8220; hover_transition_duration__hover=&#8220;300ms&#8220; hover_transition_duration__hover_enabled=&#8220;300ms&#8220; hover_transition_delay__hover=&#8220;0ms&#8220; hover_transition_delay__hover_enabled=&#8220;0ms&#8220; hover_transition_speed_curve__hover=&#8220;ease&#8220; hover_transition_speed_curve__hover_enabled=&#8220;ease&#8220;][et_pb_fullwidth_image src=&#8220;https:\/\/codependency.eu\/wp-content\/uploads\/2020\/07\/charity-23.png&#8220; _builder_version=&#8220;3.17.2&#8243; show_in_lightbox__hover=&#8220;off&#8220; show_in_lightbox__hover_enabled=&#8220;off&#8220; url_new_window__hover=&#8220;off&#8220; url_new_window__hover_enabled=&#8220;off&#8220; use_overlay__hover=&#8220;off&#8220; use_overlay__hover_enabled=&#8220;off&#8220; animation_style__hover=&#8220;none&#8220; animation_style__hover_enabled=&#8220;none&#8220; animation_direction__hover=&#8220;center&#8220; animation_direction__hover_enabled=&#8220;center&#8220; animation_intensity_slide__hover=&#8220;50%&#8220; animation_intensity_slide__hover_enabled=&#8220;50%&#8220; use_background_color_gradient__hover=&#8220;off&#8220; use_background_color_gradient__hover_enabled=&#8220;off&#8220; background_color_gradient_start__hover=&#8220;#2b87da&#8220; background_color_gradient_start__hover_enabled=&#8220;#2b87da&#8220; background_color_gradient_end__hover=&#8220;#29c4a9&#8243; background_color_gradient_end__hover_enabled=&#8220;#29c4a9&#8243; background_color_gradient_type__hover=&#8220;linear&#8220; background_color_gradient_type__hover_enabled=&#8220;linear&#8220; background_color_gradient_direction__hover=&#8220;180deg&#8220; background_color_gradient_direction__hover_enabled=&#8220;180deg&#8220; background_color_gradient_direction_radial__hover=&#8220;center&#8220; background_color_gradient_direction_radial__hover_enabled=&#8220;center&#8220; background_color_gradient_start_position__hover=&#8220;0%&#8220; background_color_gradient_start_position__hover_enabled=&#8220;0%&#8220; background_color_gradient_end_position__hover=&#8220;100%&#8220; background_color_gradient_end_position__hover_enabled=&#8220;100%&#8220; background_color_gradient_overlays_image__hover=&#8220;off&#8220; background_color_gradient_overlays_image__hover_enabled=&#8220;off&#8220; parallax__hover=&#8220;off&#8220; parallax__hover_enabled=&#8220;off&#8220; parallax_method__hover=&#8220;on&#8220; parallax_method__hover_enabled=&#8220;on&#8220; background_size__hover=&#8220;cover&#8220; background_size__hover_enabled=&#8220;cover&#8220; background_position__hover=&#8220;center&#8220; background_position__hover_enabled=&#8220;center&#8220; background_repeat__hover=&#8220;no-repeat&#8220; background_repeat__hover_enabled=&#8220;no-repeat&#8220; background_blend__hover=&#8220;normal&#8220; background_blend__hover_enabled=&#8220;normal&#8220; allow_player_pause__hover=&#8220;off&#8220; allow_player_pause__hover_enabled=&#8220;off&#8220; background_video_pause_outside_viewport__hover=&#8220;on&#8220; background_video_pause_outside_viewport__hover_enabled=&#8220;on&#8220; border_radii__hover=&#8220;on||||&#8220; border_radii__hover_enabled=&#8220;on||||&#8220; box_shadow_style__hover=&#8220;none&#8220; box_shadow_style__hover_enabled=&#8220;none&#8220; box_shadow_color__hover=&#8220;rgba(0,0,0,0.3)&#8220; box_shadow_color__hover_enabled=&#8220;rgba(0,0,0,0.3)&#8220; max_width__hover=&#8220;100%&#8220; max_width__hover_enabled=&#8220;100%&#8220; filter_hue_rotate__hover=&#8220;0deg&#8220; filter_hue_rotate__hover_enabled=&#8220;0deg&#8220; filter_saturate__hover=&#8220;100%&#8220; filter_saturate__hover_enabled=&#8220;100%&#8220; filter_brightness__hover=&#8220;100%&#8220; filter_brightness__hover_enabled=&#8220;100%&#8220; filter_contrast__hover=&#8220;100%&#8220; filter_contrast__hover_enabled=&#8220;100%&#8220; filter_invert__hover=&#8220;0%&#8220; filter_invert__hover_enabled=&#8220;0%&#8220; filter_sepia__hover=&#8220;0%&#8220; filter_sepia__hover_enabled=&#8220;0%&#8220; filter_opacity__hover=&#8220;100%&#8220; filter_opacity__hover_enabled=&#8220;100%&#8220; filter_blur__hover=&#8220;0px&#8220; filter_blur__hover_enabled=&#8220;0px&#8220; mix_blend_mode__hover=&#8220;normal&#8220; mix_blend_mode__hover_enabled=&#8220;normal&#8220; animation_repeat__hover=&#8220;once&#8220; animation_repeat__hover_enabled=&#8220;once&#8220; animation_duration__hover=&#8220;1000ms&#8220; animation_duration__hover_enabled=&#8220;1000ms&#8220; animation_delay__hover=&#8220;0ms&#8220; animation_delay__hover_enabled=&#8220;0ms&#8220; animation_intensity_zoom__hover=&#8220;50%&#8220; animation_intensity_zoom__hover_enabled=&#8220;50%&#8220; animation_intensity_flip__hover=&#8220;50%&#8220; animation_intensity_flip__hover_enabled=&#8220;50%&#8220; animation_intensity_fold__hover=&#8220;50%&#8220; animation_intensity_fold__hover_enabled=&#8220;50%&#8220; animation_intensity_roll__hover=&#8220;50%&#8220; animation_intensity_roll__hover_enabled=&#8220;50%&#8220; animation_starting_opacity__hover=&#8220;0%&#8220; animation_starting_opacity__hover_enabled=&#8220;0%&#8220; animation_speed_curve__hover=&#8220;ease-in-out&#8220; animation_speed_curve__hover_enabled=&#8220;ease-in-out&#8220; hover_transition_duration__hover=&#8220;300ms&#8220; hover_transition_duration__hover_enabled=&#8220;300ms&#8220; hover_transition_delay__hover=&#8220;0ms&#8220; hover_transition_delay__hover_enabled=&#8220;0ms&#8220; hover_transition_speed_curve__hover=&#8220;ease&#8220; hover_transition_speed_curve__hover_enabled=&#8220;ease&#8220;][\/et_pb_fullwidth_image][\/et_pb_section]<\/p>\n","protected":false},"excerpt":{"rendered":"<p>[et_pb_section fb_built=&#8220;1&#8243; admin_label=&#8220;Header&#8220; _builder_version=&#8220;4.5.1&#8243; background_color=&#8220;#f7f9f9&#8243; background_image=&#8220;https:\/\/codependency.eu\/wp-content\/uploads\/2021\/06\/problem-4-hero.jpg&#8220; parallax=&#8220;on&#8220; custom_padding=&#8220;10%||10%||false|false&#8220; collapsed=&#8220;off&#8220;][et_pb_row _builder_version=&#8220;4.5.1&#8243; max_width=&#8220;980px&#8220; module_alignment=&#8220;center&#8220;][et_pb_column type=&#8220;4_4&#8243; _builder_version=&#8220;3.25&#8243; custom_padding=&#8220;60px|||&#8220; custom_padding_tablet=&#8220;0px||&#8220; custom_padding_phone=&#8220;&#8220; custom_padding_last_edited=&#8220;on|tablet&#8220; padding_tablet=&#8220;0px||&#8220; padding_last_edited=&#8220;on|tablet&#8220; custom_padding__hover=&#8220;|||&#8220;][et_pb_text admin_label=&#8220;Stages&#8220; _builder_version=&#8220;4.5.1&#8243; text_font=&#8220;||||||||&#8220; text_line_height=&#8220;2em&#8220; header_font=&#8220;Faustina|600|||||||&#8220; header_text_color=&#8220;#ffffff&#8220; header_font_size=&#8220;60px&#8220; header_line_height=&#8220;1.3em&#8220; background_layout=&#8220;dark&#8220; hover_enabled=&#8220;0&#8243; header_font_size_tablet=&#8220;50px&#8220; header_font_size_phone=&#8220;30px&#8220; header_font_size_last_edited=&#8220;on|phone&#8220;] F\u00e1ze, kter\u00fdmi proch\u00e1z\u00ed z\u00e1visl\u00e1 osoba [\/et_pb_text][\/et_pb_column][\/et_pb_row][\/et_pb_section][et_pb_section fb_built=&#8220;1&#8243; admin_label=&#8220;Description&#8220; _builder_version=&#8220;4.5.1&#8243; _module_preset=&#8220;default&#8220;][et_pb_row _builder_version=&#8220;4.5.1&#8243; _module_preset=&#8220;default&#8220;][et_pb_column type=&#8220;4_4&#8243; _builder_version=&#8220;4.5.1&#8243; _module_preset=&#8220;default&#8220;][et_pb_text admin_label=&#8220;text&#8220; _builder_version=&#8220;4.5.1&#8243; text_font=&#8220;||||||||&#8220; text_text_color=&#8220;#232323&#8243; text_line_height=&#8220;2em&#8220; header_font=&#8220;Faustina|700|||||||&#8220; [&hellip;]<\/p>\n","protected":false},"author":1,"featured_media":0,"parent":5059,"menu_order":0,"comment_status":"closed","ping_status":"closed","template":"","meta":{"_et_pb_use_builder":"on","_et_pb_old_content":"","_et_gb_content_width":""},"acf":[],"_links":{"self":[{"href":"https:\/\/codependency.eu\/cs\/wp-json\/wp\/v2\/pages\/4984"}],"collection":[{"href":"https:\/\/codependency.eu\/cs\/wp-json\/wp\/v2\/pages"}],"about":[{"href":"https:\/\/codependency.eu\/cs\/wp-json\/wp\/v2\/types\/page"}],"author":[{"embeddable":true,"href":"https:\/\/codependency.eu\/cs\/wp-json\/wp\/v2\/users\/1"}],"replies":[{"embeddable":true,"href":"https:\/\/codependency.eu\/cs\/wp-json\/wp\/v2\/comments?post=4984"}],"version-history":[{"count":2,"href":"https:\/\/codependency.eu\/cs\/wp-json\/wp\/v2\/pages\/4984\/revisions"}],"predecessor-version":[{"id":5144,"href":"https:\/\/codependency.eu\/cs\/wp-json\/wp\/v2\/pages\/4984\/revisions\/5144"}],"up":[{"embeddable":true,"href":"https:\/\/codependency.eu\/cs\/wp-json\/wp\/v2\/pages\/5059"}],"wp:attachment":[{"href":"https:\/\/codependency.eu\/cs\/wp-json\/wp\/v2\/media?parent=4984"}],"curies":[{"name":"wp","href":"https:\/\/api.w.org\/{rel}","templated":true}]}}