{"id":5013,"date":"2021-06-02T01:09:22","date_gmt":"2021-06-02T01:09:22","guid":{"rendered":"https:\/\/codependency.eu\/characteristics-of-codependence\/"},"modified":"2021-06-22T03:34:31","modified_gmt":"2021-06-22T03:34:31","slug":"characteristics-of-codependence","status":"publish","type":"page","link":"https:\/\/codependency.eu\/cs\/problems\/characteristics-of-codependence\/","title":{"rendered":"CHARAKTERISTIKA SPOLUZ\u00c1VISLOSTI"},"content":{"rendered":"<p>[et_pb_section fb_built=&#8220;1&#8243; admin_label=&#8220;Header&#8220; _builder_version=&#8220;4.5.1&#8243; background_color=&#8220;#f7f9f9&#8243; background_image=&#8220;https:\/\/codependency.eu\/wp-content\/uploads\/2021\/06\/problem-6-hero.jpg&#8220; parallax=&#8220;on&#8220; custom_padding=&#8220;10%||10%||false|false&#8220; collapsed=&#8220;off&#8220;][et_pb_row _builder_version=&#8220;3.25&#8243;][et_pb_column type=&#8220;4_4&#8243; _builder_version=&#8220;3.25&#8243; custom_padding=&#8220;60px|||&#8220; custom_padding_tablet=&#8220;0px||&#8220; custom_padding_phone=&#8220;&#8220; custom_padding_last_edited=&#8220;on|tablet&#8220; padding_tablet=&#8220;0px||&#8220; padding_last_edited=&#8220;on|tablet&#8220; custom_padding__hover=&#8220;|||&#8220;][et_pb_text admin_label=&#8220;Charateristics of Codependence&#8220; _builder_version=&#8220;4.5.1&#8243; text_font=&#8220;||||||||&#8220; text_line_height=&#8220;2em&#8220; header_font=&#8220;Faustina|600|||||||&#8220; header_text_color=&#8220;#ffffff&#8220; header_font_size=&#8220;60px&#8220; header_line_height=&#8220;1.3em&#8220; background_layout=&#8220;dark&#8220; hover_enabled=&#8220;0&#8243; header_font_size_tablet=&#8220;50px&#8220; header_font_size_phone=&#8220;30px&#8220; header_font_size_last_edited=&#8220;on|phone&#8220;]<\/p>\n<h1 style=\"text-align: center;\">CHARAKTERISTIKA SPOLUZ\u00c1VISLOSTI NEBO JAK ROZUM\u011aT, \u017dE JSEM SPOLUZ\u00c1VISL\u00dd?<\/h1>\n<p>[\/et_pb_text][\/et_pb_column][\/et_pb_row][\/et_pb_section][et_pb_section fb_built=&#8220;1&#8243; admin_label=&#8220;Description&#8220; _builder_version=&#8220;4.5.1&#8243; _module_preset=&#8220;default&#8220;][et_pb_row _builder_version=&#8220;4.5.1&#8243; _module_preset=&#8220;default&#8220;][et_pb_column type=&#8220;4_4&#8243; _builder_version=&#8220;4.5.1&#8243; _module_preset=&#8220;default&#8220;][et_pb_text admin_label=&#8220;text&#8220; _builder_version=&#8220;4.5.1&#8243; text_font=&#8220;||||||||&#8220; text_text_color=&#8220;#232323&#8243; text_line_height=&#8220;2em&#8220; header_font=&#8220;Faustina|700|||||||&#8220; header_text_align=&#8220;center&#8220; header_text_color=&#8220;#0e7162&#8243; header_font_size=&#8220;60px&#8220; header_line_height=&#8220;1.3em&#8220; header_2_font=&#8220;|700|||||||&#8220; header_2_text_align=&#8220;left&#8220; header_2_text_color=&#8220;#0e7162&#8243; background_layout=&#8220;dark&#8220; hover_enabled=&#8220;0&#8243; header_font_size_tablet=&#8220;50px&#8220; header_font_size_phone=&#8220;40px&#8220; header_font_size_last_edited=&#8220;on|phone&#8220;]<\/p>\n<h2>Nadm\u011brn\u00e9 znepokojen\u00ed<\/h2>\n<p>Spoluz\u00e1visl\u00ed ve v\u011bt\u0161in\u011b p\u0159\u00edpad\u016f:<\/p>\n<ul>\n<li>myslej\u00ed a c\u00edt\u00ed, \u017ee jsou zodpov\u011bdn\u00ed za z\u00e1visl\u00e9ho &#8211; za sv\u00e9 emoce, my\u0161lenky, \u010diny, volby, touhy, pot\u0159eby a obecn\u011b za sv\u016fj osud;<\/li>\n<li>staraj\u00ed se, c\u00edt\u00ed soucit a vinu za ka\u017ed\u00fd vznikl\u00fd probl\u00e9m;<\/li>\n<li>c\u00edtit povinnost &#8211; t\u00e9m\u011b\u0159 nucen\u00ed okam\u017eit\u011b reagovat na ka\u017edou akci z\u00e1visl\u00e9ho;<\/li>\n<li>pokou\u0161\u00ed se pot\u011b\u0161it z\u00e1visl\u00e9ho na vlastn\u00ed n\u00e1klady;<\/li>\n<li>c\u00edt\u00ed neust\u00e1l\u00e9 nap\u011bt\u00ed a c\u00edt\u00ed se unaven\u00ed.<\/li>\n<\/ul>\n<h2>N\u00edzk\u00e9 sebev\u011bdom\u00ed<\/h2>\n<p>Spoluz\u00e1visl\u00ed nej\u010dast\u011bji:<\/p>\n<ul>\n<li>neust\u00e1le se obvi\u0148uj\u00ed;<\/li>\n<li>obvi\u0148uj\u00ed se ze v\u0161eho, na co si mysl\u00ed, v\u010detn\u011b zp\u016fsobu, jak\u00fdm mysl\u00ed, c\u00edt\u00ed, vypadaj\u00ed, jednaj\u00ed a chovaj\u00ed se;<\/li>\n<li>si mysl\u00ed, \u017ee nejsou dost dob\u0159\u00ed;<\/li>\n<li>odm\u00edtnut\u00ed strachu;<\/li>\n<li>styd\u00ed se za sebe;<\/li>\n<li>styd\u00ed se za probl\u00e9m v rodin\u011b;<\/li>\n<li>c\u00edt\u00ed se zmaten\u011b, pora\u017een\u011b atd. &#8211; v reakci na probl\u00e9my a selh\u00e1n\u00ed z\u00e1visl\u00e9ho v rodin\u011b;<\/li>\n<li>jsou p\u0159esv\u011bd\u010deni, \u017ee si nezaslou\u017e\u00ed b\u00fdt \u0161\u0165astn\u00ed, nebo \u017ee se jim m\u016f\u017ee st\u00e1t n\u011bco dobr\u00e9ho;<\/li>\n<li>nev\u011b\u0159\u00ed, \u017ee mohou milovat a b\u00fdt milov\u00e1ni.<\/li>\n<\/ul>\n<h2>Obsedantn\u00ed my\u0161lenky<\/h2>\n<p>Spoluz\u00e1visl\u00ed maj\u00ed tendenci:<\/p>\n<ul>\n<li>m\u00edt stra\u0161n\u00e9 obavy z probl\u00e9mu nebo osoby;<\/li>\n<li>staraj\u00ed se o mali\u010dkosti;<\/li>\n<li>soust\u0159ed\u00ed ve\u0161kerou sv\u00e9 energii pouze na probl\u00e9m nebo osobu;<\/li>\n<li>opust\u00ed sv\u00e9 povinnosti, proto\u017ee jsou neust\u00e1le rozru\u0161eni sv\u00fdmi probl\u00e9my.<\/li>\n<\/ul>\n<h2>V\u011bt\u0161ina spoluz\u00e1visl\u00fdch:<\/h2>\n<ul>\n<li>\u017eije v nekontrolovateln\u00e9m prost\u0159ed\u00ed a s nekontrolovateln\u00fdmi lidmi, co\u017e zp\u016fsobuje ka\u017edodenn\u00ed bolest a frustraci;<\/li>\n<li>nev\u0161\u00edmaj\u00ed si nebo si necht\u011bj\u00ed v\u0161imnout jejich strachu ze ztr\u00e1ty kontroly;<\/li>\n<li>mysl\u00ed si, \u017ee nejl\u00e9pe v\u011bd\u00ed, jak v\u011bci napravit a jak \u0159\u00eddit probl\u00e9my;<\/li>\n<li>pokou\u0161\u00ed se ovl\u00e1dnout v\u0161e a v\u0161echny kolem sebe bezmocnost\u00ed, pocitem viny, n\u00e1sil\u00edm, vyhro\u017eov\u00e1n\u00edm, radami, manipulac\u00ed nebo nadvl\u00e1dou.<\/li>\n<\/ul>\n<h2>Odm\u00edtnut\u00ed<\/h2>\n<p>Spoluz\u00e1visl\u00ed nej\u010dast\u011bji:<\/p>\n<ul>\n<li>pop\u00edraj\u00ed dlouho p\u0159ed uzn\u00e1n\u00edm jejich probl\u00e9m\u016f;<\/li>\n<li>sni\u017euj\u00ed jejich probl\u00e9my;<\/li>\n<li>v\u011b\u0159\u00ed l\u017e\u00edm; klamou sami sebe.<\/li>\n<\/ul>\n<h2>Z\u00e1vislost<\/h2>\n<p>Nejv\u00edce spoluz\u00e1visl\u00ed:<\/p>\n<ul>\n<li>nechaj\u00ed se \u201ezah\u00e1\u010dkovat\u201c o ka\u017edou osobu a v\u0161echno, o \u010dem si mysl\u00ed, \u017ee jim m\u016f\u017ee pomoci vy\u0159e\u0161it jejich probl\u00e9my;<\/li>\n<li>pot\u0159ebuj\u00ed ostatn\u00ed lidi v\u00edce, ne\u017e \u017ee by s nimi cht\u011bli b\u00fdt<\/li>\n<li>umo\u017e\u0148uj\u00ed ostatn\u00edm, aby je zneu\u017e\u00edvali, aby je neztratili;<\/li>\n<li>c\u00edt\u00ed se v pasti, udr\u017euj\u00ed ur\u010dit\u00e9 vztahy;<\/li>\n<li>zoufale pot\u0159ebuj\u00ed l\u00e1sku a souhlas;<\/li>\n<li>strach, \u017ee je ten druh\u00fd opust\u00ed.<\/li>\n<\/ul>\n<h2>Nestabiln\u00ed hranice<\/h2>\n<p>Spoluz\u00e1visl\u00ed \u010dasto:<\/p>\n<ul>\n<li>prohla\u0161uj\u00ed, \u017ee nedovol\u00ed ostatn\u00edm chovat se ur\u010dit\u00fdm zp\u016fsobem;<\/li>\n<li>postupn\u011b roz\u0161i\u0159uj\u00ed sv\u00e9 limity tolerance, a\u017e nakonec za\u010dnou d\u011blat a dovol\u00ed ostatn\u00edm d\u011blat v\u011bci, kter\u00e9 \u0159ekli, \u017ee nikdy nedovol\u00ed;<\/li>\n<li>umo\u017e\u0148uj\u00ed druh\u00fdm, aby jim ubl\u00ed\u017eili;<\/li>\n<\/ul>\n<h2>Progresivn\u00ed tah<\/h2>\n<p>V pozdn\u00edch f\u00e1z\u00edch spoluz\u00e1vislosti lid\u00e9 n\u011bkdy:<\/p>\n<ul>\n<li>jsou ohromeni letargi\u00ed;<\/li>\n<li>c\u00edt\u00ed se v depresi;<\/li>\n<li>c\u00edt\u00ed se odcizen\u00ed a izolovan\u00ed od sv\u011bta;<\/li>\n<li>zanedb\u00e1vaj\u00ed sv\u00e9 d\u011bti a jin\u00e9 povinnosti;<\/li>\n<li>za\u017e\u00edvaj\u00ed pocity beznad\u011bje;<\/li>\n<li>mysl\u00ed na sebevra\u017edu;<\/li>\n<li>jsou rozzu\u0159en\u00ed;<\/li>\n<li>trp\u00ed v\u00e1\u017enou emo\u010dn\u00ed, du\u0161evn\u00ed nebo fyzickou poruchou;<\/li>\n<li>za\u010dnou b\u00fdt z\u00e1visl\u00ed na alkoholu, drog\u00e1ch nebo omamn\u00fdch l\u00e1tk\u00e1ch. <\/li>\n<\/ul>\n<p>[\/et_pb_text][\/et_pb_column][\/et_pb_row][\/et_pb_section][et_pb_section fb_built=&#8220;1&#8243; fullwidth=&#8220;on&#8220; _builder_version=&#8220;3.22&#8243; custom_width_px__hover=&#8220;1080px&#8220; custom_width_px__hover_enabled=&#8220;1080px&#8220; custom_width_percent__hover=&#8220;80%&#8220; custom_width_percent__hover_enabled=&#8220;80%&#8220; use_background_color_gradient__hover=&#8220;off&#8220; use_background_color_gradient__hover_enabled=&#8220;off&#8220; background_color_gradient_start__hover=&#8220;#2b87da&#8220; background_color_gradient_start__hover_enabled=&#8220;#2b87da&#8220; background_color_gradient_end__hover=&#8220;#29c4a9&#8243; background_color_gradient_end__hover_enabled=&#8220;#29c4a9&#8243; background_color_gradient_type__hover=&#8220;linear&#8220; background_color_gradient_type__hover_enabled=&#8220;linear&#8220; background_color_gradient_direction__hover=&#8220;180deg&#8220; background_color_gradient_direction__hover_enabled=&#8220;180deg&#8220; background_color_gradient_direction_radial__hover=&#8220;center&#8220; background_color_gradient_direction_radial__hover_enabled=&#8220;center&#8220; background_color_gradient_start_position__hover=&#8220;0%&#8220; background_color_gradient_start_position__hover_enabled=&#8220;0%&#8220; background_color_gradient_end_position__hover=&#8220;100%&#8220; background_color_gradient_end_position__hover_enabled=&#8220;100%&#8220; background_color_gradient_overlays_image__hover=&#8220;off&#8220; background_color_gradient_overlays_image__hover_enabled=&#8220;off&#8220; parallax__hover=&#8220;off&#8220; parallax__hover_enabled=&#8220;off&#8220; parallax_method__hover=&#8220;on&#8220; parallax_method__hover_enabled=&#8220;on&#8220; background_size__hover=&#8220;cover&#8220; background_size__hover_enabled=&#8220;cover&#8220; background_position__hover=&#8220;center&#8220; background_position__hover_enabled=&#8220;center&#8220; background_repeat__hover=&#8220;no-repeat&#8220; background_repeat__hover_enabled=&#8220;no-repeat&#8220; background_blend__hover=&#8220;normal&#8220; background_blend__hover_enabled=&#8220;normal&#8220; allow_player_pause__hover=&#8220;off&#8220; allow_player_pause__hover_enabled=&#8220;off&#8220; background_video_pause_outside_viewport__hover=&#8220;on&#8220; background_video_pause_outside_viewport__hover_enabled=&#8220;on&#8220; gutter_width__hover=&#8220;3&#8243; gutter_width__hover_enabled=&#8220;3&#8243; parallax_1__hover=&#8220;off&#8220; parallax_1__hover_enabled=&#8220;off&#8220; parallax_2__hover=&#8220;off&#8220; parallax_2__hover_enabled=&#8220;off&#8220; parallax_3__hover=&#8220;off&#8220; parallax_3__hover_enabled=&#8220;off&#8220; parallax_method_1__hover=&#8220;on&#8220; parallax_method_1__hover_enabled=&#8220;on&#8220; parallax_method_2__hover=&#8220;on&#8220; parallax_method_2__hover_enabled=&#8220;on&#8220; parallax_method_3__hover=&#8220;on&#8220; parallax_method_3__hover_enabled=&#8220;on&#8220; inner_shadow__hover=&#8220;off&#8220; inner_shadow__hover_enabled=&#8220;off&#8220; make_fullwidth__hover=&#8220;off&#8220; make_fullwidth__hover_enabled=&#8220;off&#8220; use_custom_width__hover=&#8220;off&#8220; use_custom_width__hover_enabled=&#8220;off&#8220; width_unit__hover=&#8220;on&#8220; width_unit__hover_enabled=&#8220;on&#8220; make_equal__hover=&#8220;off&#8220; make_equal__hover_enabled=&#8220;off&#8220; use_custom_gutter__hover=&#8220;off&#8220; use_custom_gutter__hover_enabled=&#8220;off&#8220; border_radii__hover=&#8220;on||||&#8220; border_radii__hover_enabled=&#8220;on||||&#8220; box_shadow_style__hover=&#8220;none&#8220; box_shadow_style__hover_enabled=&#8220;none&#8220; box_shadow_color__hover=&#8220;rgba(0,0,0,0.3)&#8220; box_shadow_color__hover_enabled=&#8220;rgba(0,0,0,0.3)&#8220; max_width__hover=&#8220;100%&#8220; max_width__hover_enabled=&#8220;100%&#8220; filter_hue_rotate__hover=&#8220;0deg&#8220; filter_hue_rotate__hover_enabled=&#8220;0deg&#8220; filter_saturate__hover=&#8220;100%&#8220; filter_saturate__hover_enabled=&#8220;100%&#8220; filter_brightness__hover=&#8220;100%&#8220; filter_brightness__hover_enabled=&#8220;100%&#8220; filter_contrast__hover=&#8220;100%&#8220; filter_contrast__hover_enabled=&#8220;100%&#8220; filter_invert__hover=&#8220;0%&#8220; filter_invert__hover_enabled=&#8220;0%&#8220; filter_sepia__hover=&#8220;0%&#8220; filter_sepia__hover_enabled=&#8220;0%&#8220; filter_opacity__hover=&#8220;100%&#8220; filter_opacity__hover_enabled=&#8220;100%&#8220; filter_blur__hover=&#8220;0px&#8220; filter_blur__hover_enabled=&#8220;0px&#8220; mix_blend_mode__hover=&#8220;normal&#8220; mix_blend_mode__hover_enabled=&#8220;normal&#8220; animation_style__hover=&#8220;none&#8220; animation_style__hover_enabled=&#8220;none&#8220; animation_repeat__hover=&#8220;once&#8220; animation_repeat__hover_enabled=&#8220;once&#8220; animation_direction__hover=&#8220;center&#8220; animation_direction__hover_enabled=&#8220;center&#8220; animation_duration__hover=&#8220;1000ms&#8220; animation_duration__hover_enabled=&#8220;1000ms&#8220; animation_delay__hover=&#8220;0ms&#8220; animation_delay__hover_enabled=&#8220;0ms&#8220; animation_intensity_slide__hover=&#8220;50%&#8220; animation_intensity_slide__hover_enabled=&#8220;50%&#8220; animation_intensity_zoom__hover=&#8220;50%&#8220; animation_intensity_zoom__hover_enabled=&#8220;50%&#8220; animation_intensity_flip__hover=&#8220;50%&#8220; animation_intensity_flip__hover_enabled=&#8220;50%&#8220; animation_intensity_fold__hover=&#8220;50%&#8220; animation_intensity_fold__hover_enabled=&#8220;50%&#8220; animation_intensity_roll__hover=&#8220;50%&#8220; animation_intensity_roll__hover_enabled=&#8220;50%&#8220; animation_starting_opacity__hover=&#8220;0%&#8220; animation_starting_opacity__hover_enabled=&#8220;0%&#8220; animation_speed_curve__hover=&#8220;ease-in-out&#8220; animation_speed_curve__hover_enabled=&#8220;ease-in-out&#8220; hover_transition_duration__hover=&#8220;300ms&#8220; hover_transition_duration__hover_enabled=&#8220;300ms&#8220; hover_transition_delay__hover=&#8220;0ms&#8220; hover_transition_delay__hover_enabled=&#8220;0ms&#8220; hover_transition_speed_curve__hover=&#8220;ease&#8220; hover_transition_speed_curve__hover_enabled=&#8220;ease&#8220;][et_pb_fullwidth_image src=&#8220;https:\/\/codependency.eu\/wp-content\/uploads\/2020\/07\/charity-23.png&#8220; _builder_version=&#8220;3.17.2&#8243; show_in_lightbox__hover=&#8220;off&#8220; show_in_lightbox__hover_enabled=&#8220;off&#8220; url_new_window__hover=&#8220;off&#8220; url_new_window__hover_enabled=&#8220;off&#8220; use_overlay__hover=&#8220;off&#8220; use_overlay__hover_enabled=&#8220;off&#8220; animation_style__hover=&#8220;none&#8220; animation_style__hover_enabled=&#8220;none&#8220; animation_direction__hover=&#8220;center&#8220; animation_direction__hover_enabled=&#8220;center&#8220; animation_intensity_slide__hover=&#8220;50%&#8220; animation_intensity_slide__hover_enabled=&#8220;50%&#8220; use_background_color_gradient__hover=&#8220;off&#8220; use_background_color_gradient__hover_enabled=&#8220;off&#8220; background_color_gradient_start__hover=&#8220;#2b87da&#8220; background_color_gradient_start__hover_enabled=&#8220;#2b87da&#8220; background_color_gradient_end__hover=&#8220;#29c4a9&#8243; background_color_gradient_end__hover_enabled=&#8220;#29c4a9&#8243; background_color_gradient_type__hover=&#8220;linear&#8220; background_color_gradient_type__hover_enabled=&#8220;linear&#8220; background_color_gradient_direction__hover=&#8220;180deg&#8220; background_color_gradient_direction__hover_enabled=&#8220;180deg&#8220; background_color_gradient_direction_radial__hover=&#8220;center&#8220; background_color_gradient_direction_radial__hover_enabled=&#8220;center&#8220; background_color_gradient_start_position__hover=&#8220;0%&#8220; background_color_gradient_start_position__hover_enabled=&#8220;0%&#8220; background_color_gradient_end_position__hover=&#8220;100%&#8220; background_color_gradient_end_position__hover_enabled=&#8220;100%&#8220; background_color_gradient_overlays_image__hover=&#8220;off&#8220; background_color_gradient_overlays_image__hover_enabled=&#8220;off&#8220; parallax__hover=&#8220;off&#8220; parallax__hover_enabled=&#8220;off&#8220; parallax_method__hover=&#8220;on&#8220; parallax_method__hover_enabled=&#8220;on&#8220; background_size__hover=&#8220;cover&#8220; background_size__hover_enabled=&#8220;cover&#8220; background_position__hover=&#8220;center&#8220; background_position__hover_enabled=&#8220;center&#8220; background_repeat__hover=&#8220;no-repeat&#8220; background_repeat__hover_enabled=&#8220;no-repeat&#8220; background_blend__hover=&#8220;normal&#8220; background_blend__hover_enabled=&#8220;normal&#8220; allow_player_pause__hover=&#8220;off&#8220; allow_player_pause__hover_enabled=&#8220;off&#8220; background_video_pause_outside_viewport__hover=&#8220;on&#8220; background_video_pause_outside_viewport__hover_enabled=&#8220;on&#8220; border_radii__hover=&#8220;on||||&#8220; border_radii__hover_enabled=&#8220;on||||&#8220; box_shadow_style__hover=&#8220;none&#8220; box_shadow_style__hover_enabled=&#8220;none&#8220; box_shadow_color__hover=&#8220;rgba(0,0,0,0.3)&#8220; box_shadow_color__hover_enabled=&#8220;rgba(0,0,0,0.3)&#8220; max_width__hover=&#8220;100%&#8220; max_width__hover_enabled=&#8220;100%&#8220; filter_hue_rotate__hover=&#8220;0deg&#8220; filter_hue_rotate__hover_enabled=&#8220;0deg&#8220; filter_saturate__hover=&#8220;100%&#8220; filter_saturate__hover_enabled=&#8220;100%&#8220; filter_brightness__hover=&#8220;100%&#8220; filter_brightness__hover_enabled=&#8220;100%&#8220; filter_contrast__hover=&#8220;100%&#8220; filter_contrast__hover_enabled=&#8220;100%&#8220; filter_invert__hover=&#8220;0%&#8220; filter_invert__hover_enabled=&#8220;0%&#8220; filter_sepia__hover=&#8220;0%&#8220; filter_sepia__hover_enabled=&#8220;0%&#8220; filter_opacity__hover=&#8220;100%&#8220; filter_opacity__hover_enabled=&#8220;100%&#8220; filter_blur__hover=&#8220;0px&#8220; filter_blur__hover_enabled=&#8220;0px&#8220; mix_blend_mode__hover=&#8220;normal&#8220; mix_blend_mode__hover_enabled=&#8220;normal&#8220; animation_repeat__hover=&#8220;once&#8220; animation_repeat__hover_enabled=&#8220;once&#8220; animation_duration__hover=&#8220;1000ms&#8220; animation_duration__hover_enabled=&#8220;1000ms&#8220; animation_delay__hover=&#8220;0ms&#8220; animation_delay__hover_enabled=&#8220;0ms&#8220; animation_intensity_zoom__hover=&#8220;50%&#8220; animation_intensity_zoom__hover_enabled=&#8220;50%&#8220; animation_intensity_flip__hover=&#8220;50%&#8220; animation_intensity_flip__hover_enabled=&#8220;50%&#8220; animation_intensity_fold__hover=&#8220;50%&#8220; animation_intensity_fold__hover_enabled=&#8220;50%&#8220; animation_intensity_roll__hover=&#8220;50%&#8220; animation_intensity_roll__hover_enabled=&#8220;50%&#8220; animation_starting_opacity__hover=&#8220;0%&#8220; animation_starting_opacity__hover_enabled=&#8220;0%&#8220; animation_speed_curve__hover=&#8220;ease-in-out&#8220; animation_speed_curve__hover_enabled=&#8220;ease-in-out&#8220; hover_transition_duration__hover=&#8220;300ms&#8220; hover_transition_duration__hover_enabled=&#8220;300ms&#8220; hover_transition_delay__hover=&#8220;0ms&#8220; hover_transition_delay__hover_enabled=&#8220;0ms&#8220; hover_transition_speed_curve__hover=&#8220;ease&#8220; hover_transition_speed_curve__hover_enabled=&#8220;ease&#8220;][\/et_pb_fullwidth_image][\/et_pb_section]<\/p>\n","protected":false},"excerpt":{"rendered":"<p>[et_pb_section fb_built=&#8220;1&#8243; admin_label=&#8220;Header&#8220; _builder_version=&#8220;4.5.1&#8243; background_color=&#8220;#f7f9f9&#8243; background_image=&#8220;https:\/\/codependency.eu\/wp-content\/uploads\/2021\/06\/problem-6-hero.jpg&#8220; parallax=&#8220;on&#8220; custom_padding=&#8220;10%||10%||false|false&#8220; collapsed=&#8220;off&#8220;][et_pb_row _builder_version=&#8220;3.25&#8243;][et_pb_column type=&#8220;4_4&#8243; _builder_version=&#8220;3.25&#8243; custom_padding=&#8220;60px|||&#8220; custom_padding_tablet=&#8220;0px||&#8220; custom_padding_phone=&#8220;&#8220; custom_padding_last_edited=&#8220;on|tablet&#8220; padding_tablet=&#8220;0px||&#8220; padding_last_edited=&#8220;on|tablet&#8220; custom_padding__hover=&#8220;|||&#8220;][et_pb_text admin_label=&#8220;Charateristics of Codependence&#8220; _builder_version=&#8220;4.5.1&#8243; text_font=&#8220;||||||||&#8220; text_line_height=&#8220;2em&#8220; header_font=&#8220;Faustina|600|||||||&#8220; header_text_color=&#8220;#ffffff&#8220; header_font_size=&#8220;60px&#8220; header_line_height=&#8220;1.3em&#8220; background_layout=&#8220;dark&#8220; hover_enabled=&#8220;0&#8243; header_font_size_tablet=&#8220;50px&#8220; header_font_size_phone=&#8220;30px&#8220; header_font_size_last_edited=&#8220;on|phone&#8220;] CHARAKTERISTIKA SPOLUZ\u00c1VISLOSTI NEBO JAK ROZUM\u011aT, \u017dE JSEM SPOLUZ\u00c1VISL\u00dd? [\/et_pb_text][\/et_pb_column][\/et_pb_row][\/et_pb_section][et_pb_section fb_built=&#8220;1&#8243; admin_label=&#8220;Description&#8220; _builder_version=&#8220;4.5.1&#8243; _module_preset=&#8220;default&#8220;][et_pb_row _builder_version=&#8220;4.5.1&#8243; _module_preset=&#8220;default&#8220;][et_pb_column type=&#8220;4_4&#8243; _builder_version=&#8220;4.5.1&#8243; _module_preset=&#8220;default&#8220;][et_pb_text admin_label=&#8220;text&#8220; _builder_version=&#8220;4.5.1&#8243; text_font=&#8220;||||||||&#8220; [&hellip;]<\/p>\n","protected":false},"author":1,"featured_media":0,"parent":5059,"menu_order":0,"comment_status":"closed","ping_status":"closed","template":"","meta":{"_et_pb_use_builder":"on","_et_pb_old_content":"","_et_gb_content_width":""},"acf":[],"_links":{"self":[{"href":"https:\/\/codependency.eu\/cs\/wp-json\/wp\/v2\/pages\/5013"}],"collection":[{"href":"https:\/\/codependency.eu\/cs\/wp-json\/wp\/v2\/pages"}],"about":[{"href":"https:\/\/codependency.eu\/cs\/wp-json\/wp\/v2\/types\/page"}],"author":[{"embeddable":true,"href":"https:\/\/codependency.eu\/cs\/wp-json\/wp\/v2\/users\/1"}],"replies":[{"embeddable":true,"href":"https:\/\/codependency.eu\/cs\/wp-json\/wp\/v2\/comments?post=5013"}],"version-history":[{"count":2,"href":"https:\/\/codependency.eu\/cs\/wp-json\/wp\/v2\/pages\/5013\/revisions"}],"predecessor-version":[{"id":5139,"href":"https:\/\/codependency.eu\/cs\/wp-json\/wp\/v2\/pages\/5013\/revisions\/5139"}],"up":[{"embeddable":true,"href":"https:\/\/codependency.eu\/cs\/wp-json\/wp\/v2\/pages\/5059"}],"wp:attachment":[{"href":"https:\/\/codependency.eu\/cs\/wp-json\/wp\/v2\/media?parent=5013"}],"curies":[{"name":"wp","href":"https:\/\/api.w.org\/{rel}","templated":true}]}}