{"id":5020,"date":"2021-06-02T01:06:52","date_gmt":"2021-06-02T01:06:52","guid":{"rendered":"https:\/\/codependency.eu\/alcohol-codependence\/"},"modified":"2021-06-22T03:34:12","modified_gmt":"2021-06-22T03:34:12","slug":"alcohol-codependence","status":"publish","type":"page","link":"https:\/\/codependency.eu\/cs\/problems\/alcohol-codependence\/","title":{"rendered":"ALKOHOLOV\u00c1 Z\u00c1VISLOST"},"content":{"rendered":"<p>[et_pb_section fb_built=&#8220;1&#8243; admin_label=&#8220;Header&#8220; _builder_version=&#8220;4.5.1&#8243; background_color=&#8220;#f7f9f9&#8243; background_image=&#8220;https:\/\/codependency.eu\/wp-content\/uploads\/2021\/06\/problem-7-hero.jpg&#8220; parallax=&#8220;on&#8220; custom_padding=&#8220;10%||10%||false|false&#8220; collapsed=&#8220;off&#8220;][et_pb_row _builder_version=&#8220;3.25&#8243;][et_pb_column type=&#8220;4_4&#8243; _builder_version=&#8220;3.25&#8243; custom_padding=&#8220;60px|||&#8220; custom_padding_tablet=&#8220;0px||&#8220; custom_padding_phone=&#8220;&#8220; custom_padding_last_edited=&#8220;on|tablet&#8220; padding_tablet=&#8220;0px||&#8220; padding_last_edited=&#8220;on|tablet&#8220; custom_padding__hover=&#8220;|||&#8220;][et_pb_text admin_label=&#8220;Alcohol Codependence&#8220; _builder_version=&#8220;4.5.1&#8243; text_font=&#8220;||||||||&#8220; text_line_height=&#8220;2em&#8220; header_font=&#8220;Faustina|600|||||||&#8220; header_text_color=&#8220;#ffffff&#8220; header_font_size=&#8220;60px&#8220; header_line_height=&#8220;1.3em&#8220; background_layout=&#8220;dark&#8220; hover_enabled=&#8220;0&#8243; header_font_size_tablet=&#8220;50px&#8220; header_font_size_phone=&#8220;30px&#8220; header_font_size_last_edited=&#8220;on|phone&#8220;]<\/p>\n<h1 style=\"text-align: center;\">ALKOHOLOV\u00c1 Z\u00c1VISLOST<\/h1>\n<p>[\/et_pb_text][\/et_pb_column][\/et_pb_row][\/et_pb_section][et_pb_section fb_built=&#8220;1&#8243; admin_label=&#8220;Description&#8220; _builder_version=&#8220;4.5.1&#8243; _module_preset=&#8220;default&#8220;][et_pb_row _builder_version=&#8220;4.5.1&#8243; _module_preset=&#8220;default&#8220;][et_pb_column type=&#8220;4_4&#8243; _builder_version=&#8220;4.5.1&#8243; _module_preset=&#8220;default&#8220;][et_pb_text admin_label=&#8220;text&#8220; _builder_version=&#8220;4.5.1&#8243; text_font=&#8220;||||||||&#8220; text_text_color=&#8220;#232323&#8243; text_line_height=&#8220;2em&#8220; header_font=&#8220;Faustina|700|||||||&#8220; header_text_align=&#8220;center&#8220; header_text_color=&#8220;#0e7162&#8243; header_font_size=&#8220;60px&#8220; header_line_height=&#8220;1.3em&#8220; header_2_font=&#8220;|700|||||||&#8220; header_2_text_align=&#8220;left&#8220; header_2_text_color=&#8220;#0e7162&#8243; background_layout=&#8220;dark&#8220; hover_enabled=&#8220;0&#8243; header_font_size_tablet=&#8220;50px&#8220; header_font_size_phone=&#8220;40px&#8220; header_font_size_last_edited=&#8220;on|phone&#8220;]<\/p>\n<p>Alkoholismus je chronick\u00e9 onemocn\u011bn\u00ed, kter\u00e9 nep\u0159edstavuje probl\u00e9m pouze pro pacienta a jeho rodinu, ale je tak\u00e9 z\u00e1va\u017en\u00fdm probl\u00e9mem pro celou spole\u010dnost. Pro narkomana je nepochybn\u011b obt\u00ed\u017en\u00e9 zvl\u00e1dnout svou nemoc samostatn\u011b, zvl\u00e1\u0161t\u011b kdy\u017e se jej\u00ed stav prodlou\u017eil, tak\u017ee je nezbytn\u00fd z\u00e1sah odborn\u00edk\u016f a odborn\u00e1 l\u00e9\u010dba.<\/p>\n<h2>Jak\u00e9 jsou p\u0159\u00edznaky z\u00e1vislosti na alkoholu?<\/h2>\n<p>Alkoholismus je evidentn\u00ed, pokud se v posledn\u00edm roce vyskytly t\u0159i nebo v\u00edce z n\u00e1sleduj\u00edc\u00edch p\u0159\u00edznak\u016f:<\/p>\n<ul>\n<li>siln\u00e1 touha konzumovat alkohol, kter\u00e1 prob\u00edh\u00e1 jako vnit\u0159n\u00ed nutk\u00e1n\u00ed;<\/li>\n<li>nedostate\u010dn\u00e1 mo\u017enost kontrolovat mno\u017estv\u00ed u\u017e\u00edv\u00e1n\u00ed a jeho za\u010d\u00e1tek a konec;<\/li>\n<li>pit\u00ed k \u00falev\u011b od abstinen\u010dn\u00edch p\u0159\u00edznak\u016f (\u00fazkost, bolest hlavy, t\u0159es, nevolnost atd.) S my\u0161lenkou, \u017ee to pom\u016f\u017ee zlep\u0161it stav;<\/li>\n<li>upadnut\u00ed do stavu abstinence;<\/li>\n<li>rozvoj tolerance k alkoholu &#8211; t\u011blo si na alkohol zvykne, \u017ee k dosa\u017een\u00ed po\u017eadovan\u00e9ho \u00fa\u010dinku jsou zapot\u0159eb\u00ed mnohem v\u011bt\u0161\u00ed d\u00e1vky;<\/li>\n<li>konzumace alkoholu bez ohledu na cokoli &#8211; nez\u00e1le\u017e\u00ed na tom, kolik je hodin a bez ohledu na soci\u00e1ln\u00ed normy pro p\u0159ijateln\u00e9 pit\u00ed;<\/li>\n<li>nez\u00e1jem o prov\u00e1d\u011bn\u00ed \u010dinnost\u00ed, kter\u00e9 byly d\u0159\u00edve pro \u010dlov\u011bka d\u016fle\u017eit\u00e9 a kter\u00e9 mu poskytovaly pot\u011b\u0161en\u00ed;<\/li>\n<li>konzumace alkoholu, navzdory viditeln\u00fdm negativn\u00edm d\u016fsledk\u016fm &#8211; fyzick\u00fdm, psychick\u00fdm, soci\u00e1ln\u00edm atd.<\/li>\n<\/ul>\n<h2>Jak pomoci z\u00e1visl\u00e9mu na alkoholu a n\u00e1m samotn\u00fdm?<\/h2>\n<ol>\n<li><strong>Zbavte se viny<\/strong><br \/>Je norm\u00e1ln\u00ed, kdy\u017e v\u00e1s maj\u00ed va\u0161i bl\u00edzc\u00ed probl\u00e9m s alkoholem, obvi\u0148ovat v\u00e1s. \u010casto \u0159\u00edkaj\u00ed: \u201eNej\u010dast\u011bj\u0161\u00edm d\u016fvodem, pro\u010d piju, jsi ty!\u201c Nev\u011b\u0159te jim. Pokud je v\u00e1\u0161 milovan\u00fd alkoholik, bude p\u00edt bez ohledu na to, co mu \u0159eknete. Nen\u00ed to tvoje chyba. Z\u00e1vislost na alkoholu z\u00edskala p\u0159evahu nad zdrav\u00fdm rozumem a mus\u00edte jednat. Nen\u00ed \u010das na obvin\u011bn\u00ed, ale na rozhodov\u00e1n\u00ed.<\/li>\n<li>\n    <strong>Nepokou\u0161ejte se kontrolovat pit\u00ed z\u00e1visl\u00e9ho<\/strong><\/p>\n<p>V mnoha rodin\u00e1ch se z\u00e1vislost\u00ed na alkoholu se jeden z partner\u016f sna\u017e\u00ed omezit alkohol druh\u00e9ho. V\u00fdsledek je bohu\u017eel stejn\u00fd &#8211; negativn\u00ed emoce, osam\u011blost a frustrace. Mo\u017en\u00e1 si mysl\u00edte, \u017ee to je spr\u00e1vn\u00e1 cesta, ale m\u011bli byste si vyhledat odborn\u00edka, kter\u00fd v\u00e1m pom\u016f\u017ee probl\u00e9m vy\u0159e\u0161it. Kdy\u017e alkoholik dos\u00e1hne krizov\u00e9ho bodu, obvykle jim to pom\u016f\u017ee uznat, \u017ee maj\u00ed probl\u00e9m, a m\u011bl by vyhledat pomoc. Pokud by v\u0161ak jejich rodina a p\u0159\u00e1tel\u00e9 sp\u011bchali \u201ezachr\u00e1nit\u201c je p\u0159ed kriz\u00ed, mohlo by to odd\u00e1lit hled\u00e1n\u00ed pomoci. Nech\u0165 krizov\u00e1 situace nastane. Pro ty, kte\u0159\u00ed miluj\u00ed z\u00e1vislou osobu, je t\u011b\u017ek\u00e9 ne\u010dinn\u011b p\u0159ihl\u00ed\u017eet. N\u011bkdy je ale pr\u00e1v\u011b takov\u00e1 situace nezbytn\u00e1, aby si narkoman vzal v\u011bci do sv\u00fdch rukou. Rozhodnut\u00ed o zm\u011bn\u011b mus\u00ed nakonec u\u010dinit oni.<\/p>\n<\/li>\n<li>\n    <strong>Nepokou\u0161ejte se to l\u00e9\u010dit sami<\/strong><\/p>\n<p>Mnoho lid\u00ed si neuv\u011bdomuje, jak fat\u00e1ln\u00ed m\u016f\u017ee b\u00fdt v\u00fdsledek z\u00e1vislosti na alkoholu. Postupuje, co\u017e vede k \u0159ad\u011b zm\u011bn v t\u011ble a chov\u00e1n\u00ed z\u00e1visl\u00e9ho. Z\u00e1vislost je onemocn\u011bn\u00ed mozku. Nejste specialista, proto je v t\u00e9to situaci lep\u0161\u00ed vyhledat pomoc od profesion\u00e1la.<\/p>\n<p>Alkoholici proch\u00e1zej\u00ed n\u011bkolika f\u00e1zemi, ne\u017e jsou p\u0159ipraveni na zm\u011bnu. Pouze pokud si narkoman uv\u011bdom\u00ed, \u017ee pot\u0159ebuje pomoc, pak je \u010das na to. Ve v\u0161ech ostatn\u00edch p\u0159\u00edpadech va\u0161e pomoc naraz\u00ed na odpor a nedorozum\u011bn\u00ed.<\/p>\n<\/li>\n<li>\n    <strong>P\u0159esta\u0148te zakr\u00fdvat nebo se omlouvat za nep\u0159ijateln\u00e9 chov\u00e1n\u00ed.<\/strong><\/p>\n<p>Nep\u0159ijateln\u00e9 chov\u00e1n\u00ed nej\u010dast\u011bji za\u010d\u00edn\u00e1 mal\u00fdm incidentem v rodin\u011b, na kter\u00fd ka\u017ed\u00fd zapomene. M\u016f\u017ee to b\u00fdt kr\u00e1de\u017e pen\u011b\u017eenky, auta nebo jin\u00e9ho p\u0159edm\u011btu. M\u016f\u017ee to b\u00fdt agresivn\u00ed chov\u00e1n\u00ed, kter\u00e9 vedlo k fyzick\u00e9mu n\u00e1sil\u00ed. Po \u010dase se to bude opakovat, ale ve v\u011bt\u0161\u00edm m\u011b\u0159\u00edtku a tak d\u00e1le, dokud se v\u011bci nevyhrnou a\u017e do konce. Ml\u010den\u00edm p\u0159ij\u00edm\u00e1me takov\u00e9 nep\u0159ijateln\u00e9 chov\u00e1n\u00ed, kter\u00e9 ovliv\u0148uje na\u0161e \u017eivoty a ty, kter\u00e9 milujeme. Je d\u016fle\u017eit\u00e9 chr\u00e1nit sv\u00e9 d\u011bti p\u0159ed takov\u00fdm chov\u00e1n\u00edm, proto\u017ee je pro n\u011b nep\u0159ijateln\u00e9 a \u0161kodliv\u00e9. Pamatujte, \u017ee m\u00e1te v\u017edy na v\u00fdb\u011br. Rozhodn\u011bte se a zm\u011b\u0148te situaci. \u0158e\u0161en\u00edm je otev\u0159en\u011b diskutovat o probl\u00e9mu a p\u0159ijmout opat\u0159en\u00ed k jeho \u0159e\u0161en\u00ed.<\/p>\n<\/li>\n<li>\n    <strong>P\u0159esta\u0148te o\u010dek\u00e1vat, \u017ee si uv\u011bdom\u00ed probl\u00e9m a \u017ee se v\u011bci zm\u011bn\u00ed<\/strong><\/p>\n<p>Neo\u010dek\u00e1vejte poctivost od n\u011bkoho, kdo si nev\u011b\u0159\u00ed. Bohu\u017eel pro alkoholiky sliby nefunguj\u00ed, proto\u017ee je nedodr\u017euj\u00ed. Sliby pro sebe a to, co zbylo, je pro v\u00e1s. U\u0161et\u0159ete sv\u016fj ztracen\u00fd \u010das, nervy a v\u00edru v neskute\u010dn\u00e9 v\u011bci. Je lep\u0161\u00ed hledat pomoc a m\u00edsto pro l\u00e9\u010dbu z\u00e1vislosti na alkoholu.<\/p>\n<\/li>\n<li>\n    <strong>Mus\u00edte se rozlou\u010dit s minulost\u00ed a \u017e\u00edt v p\u0159\u00edtomnosti<\/strong><\/p>\n<p>Kl\u00ed\u010dem k \u0159e\u0161en\u00ed probl\u00e9mu alkoholismu v rodin\u011b je z\u016fstat soust\u0159ed\u011bn\u00fd v sou\u010dasnosti. Z\u00e1vislost na alkoholu je progresivn\u00ed onemocn\u011bn\u00ed, tj. prohlubuje se, dokud pacient nehled\u00e1 pomoc a nel\u00e9\u010d\u00ed svou z\u00e1vislost. Nesm\u00edte dopustit, aby zklam\u00e1n\u00ed a chyby z minulosti ovlivnily va\u0161e dne\u0161n\u00ed rozhodnut\u00ed, proto\u017ee okolnosti se pravd\u011bpodobn\u011b zm\u011bnily.<\/p>\n<\/li>\n<li>\n    <strong>Nenechte se zranit bolest\u00ed z jejich chov\u00e1n\u00ed<\/strong><\/p>\n<p>Pokud v\u00e1\u0161 milovan\u00fd omdl\u00ed na dvo\u0159e a jemn\u011b ho p\u0159esunete do postele doma, jen vy c\u00edt\u00edte bolest z toho, co se stalo. D\u016fraz je kladen na to, co jste pro n\u011b ud\u011blali &#8211; \u201ep\u0159esunuli\u201c jste je &#8211; m\u00edsto \u201etoho, co ud\u011blali, aby je p\u0159ivedli do tohoto stavu\u201c. Pokud je nech\u00e1te probudit se venku sami, budou v\u00e1s vid\u011bt soused\u00e9, budete se c\u00edtit nepohodln\u011b a provinile, uvid\u00ed probl\u00e9m. Je krut\u00e9 a \u010dasto obt\u00ed\u017en\u00e9 sledovat utrpen\u00ed na\u0161ich bl\u00edzk\u00fdch, ale to je zp\u016fsob, jak jim pomoci. Pouze kdy\u017e za\u017eij\u00ed sv\u00e9 vlastn\u00ed utrpen\u00ed, poc\u00edt\u00ed skute\u010dnou pot\u0159ebu zm\u011bnit se a vz\u00edt v\u011bci do sv\u00fdch rukou.<\/p>\n<\/li>\n<li>\n    <strong>P\u0159im\u011b\u0159en\u00e1 p\u00e9\u010de o sebe je p\u0159\u00edle\u017eitost\u00ed pomoci z\u00e1visl\u00e9mu<\/strong><\/p>\n<p>Mo\u017en\u00e1 nebudete m\u00edt \u00faplnou kontrolu nad situac\u00ed, ale alespo\u0148 se m\u016f\u017eete ujistit, \u017ee alkohol zcela nep\u0159evezme v\u00e1\u0161 \u017eivot a my\u0161lenky. Postarejte se o sebe &#8211; pouze tak budete jednat ve prosp\u011bch z\u00e1visl\u00e9ho milovan\u00e9ho \u010dlov\u011bka, kter\u00fd v\u00e1s po zji\u0161t\u011bn\u00ed probl\u00e9mu bude pot\u0159ebovat jako podporu v dal\u0161\u00edch f\u00e1z\u00edch l\u00e9\u010dby.<\/p>\n<\/li>\n<\/ol>\n<p>[\/et_pb_text][\/et_pb_column][\/et_pb_row][\/et_pb_section][et_pb_section fb_built=&#8220;1&#8243; fullwidth=&#8220;on&#8220; _builder_version=&#8220;3.22&#8243; custom_width_px__hover=&#8220;1080px&#8220; custom_width_px__hover_enabled=&#8220;1080px&#8220; custom_width_percent__hover=&#8220;80%&#8220; custom_width_percent__hover_enabled=&#8220;80%&#8220; use_background_color_gradient__hover=&#8220;off&#8220; use_background_color_gradient__hover_enabled=&#8220;off&#8220; background_color_gradient_start__hover=&#8220;#2b87da&#8220; background_color_gradient_start__hover_enabled=&#8220;#2b87da&#8220; background_color_gradient_end__hover=&#8220;#29c4a9&#8243; background_color_gradient_end__hover_enabled=&#8220;#29c4a9&#8243; background_color_gradient_type__hover=&#8220;linear&#8220; background_color_gradient_type__hover_enabled=&#8220;linear&#8220; background_color_gradient_direction__hover=&#8220;180deg&#8220; background_color_gradient_direction__hover_enabled=&#8220;180deg&#8220; background_color_gradient_direction_radial__hover=&#8220;center&#8220; background_color_gradient_direction_radial__hover_enabled=&#8220;center&#8220; background_color_gradient_start_position__hover=&#8220;0%&#8220; background_color_gradient_start_position__hover_enabled=&#8220;0%&#8220; background_color_gradient_end_position__hover=&#8220;100%&#8220; background_color_gradient_end_position__hover_enabled=&#8220;100%&#8220; background_color_gradient_overlays_image__hover=&#8220;off&#8220; background_color_gradient_overlays_image__hover_enabled=&#8220;off&#8220; parallax__hover=&#8220;off&#8220; parallax__hover_enabled=&#8220;off&#8220; parallax_method__hover=&#8220;on&#8220; parallax_method__hover_enabled=&#8220;on&#8220; background_size__hover=&#8220;cover&#8220; background_size__hover_enabled=&#8220;cover&#8220; background_position__hover=&#8220;center&#8220; background_position__hover_enabled=&#8220;center&#8220; background_repeat__hover=&#8220;no-repeat&#8220; background_repeat__hover_enabled=&#8220;no-repeat&#8220; background_blend__hover=&#8220;normal&#8220; background_blend__hover_enabled=&#8220;normal&#8220; allow_player_pause__hover=&#8220;off&#8220; allow_player_pause__hover_enabled=&#8220;off&#8220; background_video_pause_outside_viewport__hover=&#8220;on&#8220; background_video_pause_outside_viewport__hover_enabled=&#8220;on&#8220; gutter_width__hover=&#8220;3&#8243; gutter_width__hover_enabled=&#8220;3&#8243; parallax_1__hover=&#8220;off&#8220; parallax_1__hover_enabled=&#8220;off&#8220; parallax_2__hover=&#8220;off&#8220; parallax_2__hover_enabled=&#8220;off&#8220; parallax_3__hover=&#8220;off&#8220; parallax_3__hover_enabled=&#8220;off&#8220; parallax_method_1__hover=&#8220;on&#8220; parallax_method_1__hover_enabled=&#8220;on&#8220; parallax_method_2__hover=&#8220;on&#8220; parallax_method_2__hover_enabled=&#8220;on&#8220; parallax_method_3__hover=&#8220;on&#8220; parallax_method_3__hover_enabled=&#8220;on&#8220; inner_shadow__hover=&#8220;off&#8220; inner_shadow__hover_enabled=&#8220;off&#8220; make_fullwidth__hover=&#8220;off&#8220; make_fullwidth__hover_enabled=&#8220;off&#8220; use_custom_width__hover=&#8220;off&#8220; use_custom_width__hover_enabled=&#8220;off&#8220; width_unit__hover=&#8220;on&#8220; width_unit__hover_enabled=&#8220;on&#8220; make_equal__hover=&#8220;off&#8220; make_equal__hover_enabled=&#8220;off&#8220; use_custom_gutter__hover=&#8220;off&#8220; use_custom_gutter__hover_enabled=&#8220;off&#8220; border_radii__hover=&#8220;on||||&#8220; border_radii__hover_enabled=&#8220;on||||&#8220; box_shadow_style__hover=&#8220;none&#8220; box_shadow_style__hover_enabled=&#8220;none&#8220; box_shadow_color__hover=&#8220;rgba(0,0,0,0.3)&#8220; box_shadow_color__hover_enabled=&#8220;rgba(0,0,0,0.3)&#8220; max_width__hover=&#8220;100%&#8220; max_width__hover_enabled=&#8220;100%&#8220; filter_hue_rotate__hover=&#8220;0deg&#8220; filter_hue_rotate__hover_enabled=&#8220;0deg&#8220; filter_saturate__hover=&#8220;100%&#8220; filter_saturate__hover_enabled=&#8220;100%&#8220; filter_brightness__hover=&#8220;100%&#8220; filter_brightness__hover_enabled=&#8220;100%&#8220; filter_contrast__hover=&#8220;100%&#8220; filter_contrast__hover_enabled=&#8220;100%&#8220; filter_invert__hover=&#8220;0%&#8220; filter_invert__hover_enabled=&#8220;0%&#8220; filter_sepia__hover=&#8220;0%&#8220; filter_sepia__hover_enabled=&#8220;0%&#8220; filter_opacity__hover=&#8220;100%&#8220; filter_opacity__hover_enabled=&#8220;100%&#8220; filter_blur__hover=&#8220;0px&#8220; filter_blur__hover_enabled=&#8220;0px&#8220; mix_blend_mode__hover=&#8220;normal&#8220; mix_blend_mode__hover_enabled=&#8220;normal&#8220; animation_style__hover=&#8220;none&#8220; animation_style__hover_enabled=&#8220;none&#8220; animation_repeat__hover=&#8220;once&#8220; animation_repeat__hover_enabled=&#8220;once&#8220; animation_direction__hover=&#8220;center&#8220; animation_direction__hover_enabled=&#8220;center&#8220; animation_duration__hover=&#8220;1000ms&#8220; animation_duration__hover_enabled=&#8220;1000ms&#8220; animation_delay__hover=&#8220;0ms&#8220; animation_delay__hover_enabled=&#8220;0ms&#8220; animation_intensity_slide__hover=&#8220;50%&#8220; animation_intensity_slide__hover_enabled=&#8220;50%&#8220; animation_intensity_zoom__hover=&#8220;50%&#8220; animation_intensity_zoom__hover_enabled=&#8220;50%&#8220; animation_intensity_flip__hover=&#8220;50%&#8220; animation_intensity_flip__hover_enabled=&#8220;50%&#8220; animation_intensity_fold__hover=&#8220;50%&#8220; animation_intensity_fold__hover_enabled=&#8220;50%&#8220; animation_intensity_roll__hover=&#8220;50%&#8220; animation_intensity_roll__hover_enabled=&#8220;50%&#8220; animation_starting_opacity__hover=&#8220;0%&#8220; animation_starting_opacity__hover_enabled=&#8220;0%&#8220; animation_speed_curve__hover=&#8220;ease-in-out&#8220; animation_speed_curve__hover_enabled=&#8220;ease-in-out&#8220; hover_transition_duration__hover=&#8220;300ms&#8220; hover_transition_duration__hover_enabled=&#8220;300ms&#8220; hover_transition_delay__hover=&#8220;0ms&#8220; hover_transition_delay__hover_enabled=&#8220;0ms&#8220; hover_transition_speed_curve__hover=&#8220;ease&#8220; hover_transition_speed_curve__hover_enabled=&#8220;ease&#8220;][et_pb_fullwidth_image src=&#8220;https:\/\/codependency.eu\/wp-content\/uploads\/2020\/07\/charity-23.png&#8220; _builder_version=&#8220;3.17.2&#8243; show_in_lightbox__hover=&#8220;off&#8220; show_in_lightbox__hover_enabled=&#8220;off&#8220; url_new_window__hover=&#8220;off&#8220; url_new_window__hover_enabled=&#8220;off&#8220; use_overlay__hover=&#8220;off&#8220; use_overlay__hover_enabled=&#8220;off&#8220; animation_style__hover=&#8220;none&#8220; animation_style__hover_enabled=&#8220;none&#8220; animation_direction__hover=&#8220;center&#8220; animation_direction__hover_enabled=&#8220;center&#8220; animation_intensity_slide__hover=&#8220;50%&#8220; animation_intensity_slide__hover_enabled=&#8220;50%&#8220; use_background_color_gradient__hover=&#8220;off&#8220; use_background_color_gradient__hover_enabled=&#8220;off&#8220; background_color_gradient_start__hover=&#8220;#2b87da&#8220; background_color_gradient_start__hover_enabled=&#8220;#2b87da&#8220; background_color_gradient_end__hover=&#8220;#29c4a9&#8243; background_color_gradient_end__hover_enabled=&#8220;#29c4a9&#8243; background_color_gradient_type__hover=&#8220;linear&#8220; background_color_gradient_type__hover_enabled=&#8220;linear&#8220; background_color_gradient_direction__hover=&#8220;180deg&#8220; background_color_gradient_direction__hover_enabled=&#8220;180deg&#8220; background_color_gradient_direction_radial__hover=&#8220;center&#8220; background_color_gradient_direction_radial__hover_enabled=&#8220;center&#8220; background_color_gradient_start_position__hover=&#8220;0%&#8220; background_color_gradient_start_position__hover_enabled=&#8220;0%&#8220; background_color_gradient_end_position__hover=&#8220;100%&#8220; background_color_gradient_end_position__hover_enabled=&#8220;100%&#8220; background_color_gradient_overlays_image__hover=&#8220;off&#8220; background_color_gradient_overlays_image__hover_enabled=&#8220;off&#8220; parallax__hover=&#8220;off&#8220; parallax__hover_enabled=&#8220;off&#8220; parallax_method__hover=&#8220;on&#8220; parallax_method__hover_enabled=&#8220;on&#8220; background_size__hover=&#8220;cover&#8220; background_size__hover_enabled=&#8220;cover&#8220; background_position__hover=&#8220;center&#8220; background_position__hover_enabled=&#8220;center&#8220; background_repeat__hover=&#8220;no-repeat&#8220; background_repeat__hover_enabled=&#8220;no-repeat&#8220; background_blend__hover=&#8220;normal&#8220; background_blend__hover_enabled=&#8220;normal&#8220; allow_player_pause__hover=&#8220;off&#8220; allow_player_pause__hover_enabled=&#8220;off&#8220; background_video_pause_outside_viewport__hover=&#8220;on&#8220; background_video_pause_outside_viewport__hover_enabled=&#8220;on&#8220; border_radii__hover=&#8220;on||||&#8220; border_radii__hover_enabled=&#8220;on||||&#8220; box_shadow_style__hover=&#8220;none&#8220; box_shadow_style__hover_enabled=&#8220;none&#8220; box_shadow_color__hover=&#8220;rgba(0,0,0,0.3)&#8220; box_shadow_color__hover_enabled=&#8220;rgba(0,0,0,0.3)&#8220; max_width__hover=&#8220;100%&#8220; max_width__hover_enabled=&#8220;100%&#8220; filter_hue_rotate__hover=&#8220;0deg&#8220; filter_hue_rotate__hover_enabled=&#8220;0deg&#8220; filter_saturate__hover=&#8220;100%&#8220; filter_saturate__hover_enabled=&#8220;100%&#8220; filter_brightness__hover=&#8220;100%&#8220; filter_brightness__hover_enabled=&#8220;100%&#8220; filter_contrast__hover=&#8220;100%&#8220; filter_contrast__hover_enabled=&#8220;100%&#8220; filter_invert__hover=&#8220;0%&#8220; filter_invert__hover_enabled=&#8220;0%&#8220; filter_sepia__hover=&#8220;0%&#8220; filter_sepia__hover_enabled=&#8220;0%&#8220; filter_opacity__hover=&#8220;100%&#8220; filter_opacity__hover_enabled=&#8220;100%&#8220; filter_blur__hover=&#8220;0px&#8220; filter_blur__hover_enabled=&#8220;0px&#8220; mix_blend_mode__hover=&#8220;normal&#8220; mix_blend_mode__hover_enabled=&#8220;normal&#8220; animation_repeat__hover=&#8220;once&#8220; animation_repeat__hover_enabled=&#8220;once&#8220; animation_duration__hover=&#8220;1000ms&#8220; animation_duration__hover_enabled=&#8220;1000ms&#8220; animation_delay__hover=&#8220;0ms&#8220; animation_delay__hover_enabled=&#8220;0ms&#8220; animation_intensity_zoom__hover=&#8220;50%&#8220; animation_intensity_zoom__hover_enabled=&#8220;50%&#8220; animation_intensity_flip__hover=&#8220;50%&#8220; animation_intensity_flip__hover_enabled=&#8220;50%&#8220; animation_intensity_fold__hover=&#8220;50%&#8220; animation_intensity_fold__hover_enabled=&#8220;50%&#8220; animation_intensity_roll__hover=&#8220;50%&#8220; animation_intensity_roll__hover_enabled=&#8220;50%&#8220; animation_starting_opacity__hover=&#8220;0%&#8220; animation_starting_opacity__hover_enabled=&#8220;0%&#8220; animation_speed_curve__hover=&#8220;ease-in-out&#8220; animation_speed_curve__hover_enabled=&#8220;ease-in-out&#8220; hover_transition_duration__hover=&#8220;300ms&#8220; hover_transition_duration__hover_enabled=&#8220;300ms&#8220; hover_transition_delay__hover=&#8220;0ms&#8220; hover_transition_delay__hover_enabled=&#8220;0ms&#8220; hover_transition_speed_curve__hover=&#8220;ease&#8220; hover_transition_speed_curve__hover_enabled=&#8220;ease&#8220;][\/et_pb_fullwidth_image][\/et_pb_section]<\/p>\n","protected":false},"excerpt":{"rendered":"<p>[et_pb_section fb_built=&#8220;1&#8243; admin_label=&#8220;Header&#8220; _builder_version=&#8220;4.5.1&#8243; background_color=&#8220;#f7f9f9&#8243; background_image=&#8220;https:\/\/codependency.eu\/wp-content\/uploads\/2021\/06\/problem-7-hero.jpg&#8220; parallax=&#8220;on&#8220; custom_padding=&#8220;10%||10%||false|false&#8220; collapsed=&#8220;off&#8220;][et_pb_row _builder_version=&#8220;3.25&#8243;][et_pb_column type=&#8220;4_4&#8243; _builder_version=&#8220;3.25&#8243; custom_padding=&#8220;60px|||&#8220; custom_padding_tablet=&#8220;0px||&#8220; custom_padding_phone=&#8220;&#8220; custom_padding_last_edited=&#8220;on|tablet&#8220; padding_tablet=&#8220;0px||&#8220; padding_last_edited=&#8220;on|tablet&#8220; custom_padding__hover=&#8220;|||&#8220;][et_pb_text admin_label=&#8220;Alcohol Codependence&#8220; _builder_version=&#8220;4.5.1&#8243; text_font=&#8220;||||||||&#8220; text_line_height=&#8220;2em&#8220; header_font=&#8220;Faustina|600|||||||&#8220; header_text_color=&#8220;#ffffff&#8220; header_font_size=&#8220;60px&#8220; header_line_height=&#8220;1.3em&#8220; background_layout=&#8220;dark&#8220; hover_enabled=&#8220;0&#8243; header_font_size_tablet=&#8220;50px&#8220; header_font_size_phone=&#8220;30px&#8220; header_font_size_last_edited=&#8220;on|phone&#8220;] ALKOHOLOV\u00c1 Z\u00c1VISLOST [\/et_pb_text][\/et_pb_column][\/et_pb_row][\/et_pb_section][et_pb_section fb_built=&#8220;1&#8243; admin_label=&#8220;Description&#8220; _builder_version=&#8220;4.5.1&#8243; _module_preset=&#8220;default&#8220;][et_pb_row _builder_version=&#8220;4.5.1&#8243; _module_preset=&#8220;default&#8220;][et_pb_column type=&#8220;4_4&#8243; _builder_version=&#8220;4.5.1&#8243; _module_preset=&#8220;default&#8220;][et_pb_text admin_label=&#8220;text&#8220; _builder_version=&#8220;4.5.1&#8243; text_font=&#8220;||||||||&#8220; text_text_color=&#8220;#232323&#8243; text_line_height=&#8220;2em&#8220; header_font=&#8220;Faustina|700|||||||&#8220; header_text_align=&#8220;center&#8220; header_text_color=&#8220;#0e7162&#8243; header_font_size=&#8220;60px&#8220; header_line_height=&#8220;1.3em&#8220; [&hellip;]<\/p>\n","protected":false},"author":1,"featured_media":0,"parent":5059,"menu_order":0,"comment_status":"closed","ping_status":"closed","template":"","meta":{"_et_pb_use_builder":"on","_et_pb_old_content":"","_et_gb_content_width":""},"acf":[],"_links":{"self":[{"href":"https:\/\/codependency.eu\/cs\/wp-json\/wp\/v2\/pages\/5020"}],"collection":[{"href":"https:\/\/codependency.eu\/cs\/wp-json\/wp\/v2\/pages"}],"about":[{"href":"https:\/\/codependency.eu\/cs\/wp-json\/wp\/v2\/types\/page"}],"author":[{"embeddable":true,"href":"https:\/\/codependency.eu\/cs\/wp-json\/wp\/v2\/users\/1"}],"replies":[{"embeddable":true,"href":"https:\/\/codependency.eu\/cs\/wp-json\/wp\/v2\/comments?post=5020"}],"version-history":[{"count":2,"href":"https:\/\/codependency.eu\/cs\/wp-json\/wp\/v2\/pages\/5020\/revisions"}],"predecessor-version":[{"id":5138,"href":"https:\/\/codependency.eu\/cs\/wp-json\/wp\/v2\/pages\/5020\/revisions\/5138"}],"up":[{"embeddable":true,"href":"https:\/\/codependency.eu\/cs\/wp-json\/wp\/v2\/pages\/5059"}],"wp:attachment":[{"href":"https:\/\/codependency.eu\/cs\/wp-json\/wp\/v2\/media?parent=5020"}],"curies":[{"name":"wp","href":"https:\/\/api.w.org\/{rel}","templated":true}]}}