{"id":5032,"date":"2021-06-02T01:29:20","date_gmt":"2021-06-02T01:29:20","guid":{"rendered":"https:\/\/codependency.eu\/drug-codependence\/"},"modified":"2021-06-22T03:34:50","modified_gmt":"2021-06-22T03:34:50","slug":"drug-codependence","status":"publish","type":"page","link":"https:\/\/codependency.eu\/cs\/problems\/drug-codependence\/","title":{"rendered":"DROGOV\u00c1 Z\u00c1VISLOST"},"content":{"rendered":"<p>[et_pb_section fb_built=&#8220;1&#8243; admin_label=&#8220;Header&#8220; _builder_version=&#8220;4.5.1&#8243; background_color=&#8220;#f7f9f9&#8243; background_image=&#8220;https:\/\/codependency.eu\/wp-content\/uploads\/2021\/06\/problem-8-hero.jpg&#8220; parallax=&#8220;on&#8220; custom_padding=&#8220;10%||10%||false|false&#8220; collapsed=&#8220;off&#8220;][et_pb_row _builder_version=&#8220;3.25&#8243;][et_pb_column type=&#8220;4_4&#8243; _builder_version=&#8220;3.25&#8243; custom_padding=&#8220;60px|||&#8220; custom_padding_tablet=&#8220;0px||&#8220; custom_padding_phone=&#8220;&#8220; custom_padding_last_edited=&#8220;on|tablet&#8220; padding_tablet=&#8220;0px||&#8220; padding_last_edited=&#8220;on|tablet&#8220; custom_padding__hover=&#8220;|||&#8220;][et_pb_text admin_label=&#8220;Drug Codependence&#8220; _builder_version=&#8220;4.5.1&#8243; text_font=&#8220;||||||||&#8220; text_line_height=&#8220;2em&#8220; header_font=&#8220;Faustina|600|||||||&#8220; header_text_color=&#8220;#ffffff&#8220; header_font_size=&#8220;60px&#8220; header_line_height=&#8220;1.3em&#8220; background_layout=&#8220;dark&#8220; hover_enabled=&#8220;0&#8243; header_font_size_tablet=&#8220;50px&#8220; header_font_size_phone=&#8220;30px&#8220; header_font_size_last_edited=&#8220;on|phone&#8220;]<\/p>\n<h1 style=\"text-align: center;\">DROGOV\u00c1 Z\u00c1VISLOST<\/h1>\n<p>[\/et_pb_text][\/et_pb_column][\/et_pb_row][\/et_pb_section][et_pb_section fb_built=&#8220;1&#8243; admin_label=&#8220;Description&#8220; _builder_version=&#8220;4.5.1&#8243; _module_preset=&#8220;default&#8220;][et_pb_row _builder_version=&#8220;4.5.1&#8243; _module_preset=&#8220;default&#8220;][et_pb_column type=&#8220;4_4&#8243; _builder_version=&#8220;4.5.1&#8243; _module_preset=&#8220;default&#8220;][et_pb_text admin_label=&#8220;text&#8220; _builder_version=&#8220;4.5.1&#8243; text_font=&#8220;||||||||&#8220; text_text_color=&#8220;#232323&#8243; text_line_height=&#8220;2em&#8220; header_font=&#8220;Faustina|700|||||||&#8220; header_text_align=&#8220;center&#8220; header_text_color=&#8220;#0e7162&#8243; header_font_size=&#8220;60px&#8220; header_line_height=&#8220;1.3em&#8220; header_2_font=&#8220;|700|||||||&#8220; header_2_text_align=&#8220;left&#8220; header_2_text_color=&#8220;#0e7162&#8243; background_layout=&#8220;dark&#8220; hover_enabled=&#8220;0&#8243; header_font_size_tablet=&#8220;50px&#8220; header_font_size_phone=&#8220;40px&#8220; header_font_size_last_edited=&#8220;on|phone&#8220;]<\/p>\n<h2>Jak\u00e9 jsou p\u0159\u00edznaky drogov\u00e9 z\u00e1vislosti?<\/h2>\n<ul>\n<li>u\u017eivatel nem\u016f\u017ee ovl\u00e1dat pou\u017eit\u00ed a mysl\u00ed si, \u017ee je to jeho vlastn\u00ed volba;<\/li>\n<li>p\u0159\u00edjem l\u00e1tek se st\u00e1v\u00e1 prioritou, tak\u017ee jsou zanedb\u00e1v\u00e1ny povinnosti, z\u00e1jmy, dokonce i osobn\u00ed hygiena;<\/li>\n<li>my\u0161lenka na drogy \u010dasto za\u010d\u00edn\u00e1 probuzen\u00edm a z\u00edsk\u00e1n\u00ed n\u011bkter\u00fdch se st\u00e1v\u00e1 ka\u017edodenn\u00edm c\u00edlem;<\/li>\n<li>u\u017eivatel ztr\u00e1c\u00ed touhu po spole\u010densk\u00e9m \u017eivot\u011b, pokud s t\u00edm nen\u00ed spojen;<\/li>\n<li>chyb\u00ed profesion\u00e1ln\u00ed ambice a touha dos\u00e1hnout vy\u0161\u0161\u00edch v\u00fdsledk\u016f p\u0159i u\u017e\u00edv\u00e1n\u00ed marihuany a opi\u00e1t\u016f nebo nadm\u011brn\u00e9 ambice a aktivita p\u0159i u\u017e\u00edv\u00e1n\u00ed stimulant\u016f;<\/li>\n<li>objevuj\u00ed se obsedantn\u00ed my\u0161lenky, paranoia, epizody strachu z \u00fatoku, sledov\u00e1n\u00ed, \u00fatoku, spiknut\u00ed atd .;<\/li>\n<li>je pozorov\u00e1na nedostate\u010dnost, poruchy du\u0161evn\u00ed \u010dinnosti a pam\u011b\u0165ov\u00fdch funkc\u00ed;<\/li>\n<li>hyperaktivita, rychl\u00e1 \u0159e\u010d, agresivn\u00ed chov\u00e1n\u00ed, obdob\u00ed nedostatku sp\u00e1nku, po kter\u00e9m n\u00e1sleduje p\u0159\u00edli\u0161 dlouh\u00fd sp\u00e1nek, zm\u011bna re\u017eimu (sp\u00e1nek ve dne a no\u010dn\u00ed probouzen\u00ed), a naopak: lenost, mal\u00e1tnost, ospalost, nez\u00e1jem , atd .;<\/li>\n<li>\u010dast\u00e9 v\u00fdkyvy n\u00e1lady;<\/li>\n<li>systematick\u00e9 konflikty s p\u0159\u00edbuzn\u00fdmi;<\/li>\n<li>nedostatek pen\u011bz, v\u011bc\u00ed a \u0161perk\u016f z domova a otev\u0159en\u00e9 smlouvy se zastav\u00e1rnami, bankami nebo rychl\u00e9 p\u016fj\u010dky, p\u016fj\u010dky od p\u0159\u00e1tel a zn\u00e1m\u00fdch;<\/li>\n<li>existuj\u00ed probl\u00e9my s vym\u00e1h\u00e1n\u00edm pr\u00e1va, zat\u010den\u00edm za kr\u00e1de\u017e a krimin\u00e1ln\u00edm chov\u00e1n\u00edm v\u016f\u010di jin\u00fdm lidem.<\/li>\n<\/ul>\n<h2>Jak pomoci drogov\u011b z\u00e1visl\u00e9mu a sob\u011b?<\/h2>\n<ol>\n<li><strong>Uzn\u00e1n\u00ed probl\u00e9mu<\/strong>\u010clenov\u00e9 rodiny \u010dasto intuitivn\u011b vyc\u00edt\u00ed, \u017ee n\u011bco nen\u00ed v po\u0159\u00e1dku. A intuice o t\u011bchto v\u011bcech z\u0159\u00eddka l\u017ee. Zde je nesm\u00edrn\u011b d\u016fle\u017eit\u00e9 postavit se probl\u00e9mu, pod\u00edvat se mu do o\u010d\u00ed a vyhledat adekv\u00e1tn\u00ed pomoc.<\/li>\n<li><strong>Osvobozen\u00ed od viny<\/strong>Nem\u011bli byste hledat d\u016fvod, pro\u010d to za\u010dalo. Nem\u00e1 smysl obvi\u0148ovat se a kopat d\u00edry. Nejd\u016fle\u017eit\u011bj\u0161\u00ed je vr\u00e1tit je do norm\u00e1ln\u00edho \u017eivota, ne\u017e dojde k nevratn\u00e9mu po\u0161kozen\u00ed.<\/li>\n<li><strong>Vzd\u00e1lenosti a pohled z boku<\/strong>Na\u0161e citov\u00e1 vazba na z\u00e1visl\u00e9ho n\u00e1m nedovoluje vid\u011bt pravdu a \u010dasto podlehneme manipulaci. M\u011bli byste v\u011bd\u011bt, \u017ee narkoman je nej\u0161ikovn\u011bj\u0161\u00ed manipul\u00e1tor, nepodd\u00e1vejte se slib\u016fm, \u017ee budete jeho pou\u017e\u00edv\u00e1n\u00ed ovl\u00e1dat nebo jej zastavit. N\u011bkdy manipulace dos\u00e1hne bodu, kdy si rodi\u010de a p\u0159\u00edbuzn\u00ed kupuj\u00ed drogy, \u010d\u00edm\u017e si klamou, \u017ee kontroluj\u00ed p\u0159\u00edjem, zdroj a odebran\u00e1 mno\u017estv\u00ed. \u0158ekn\u011bte manipulaci NE a rozhodn\u011bte se o l\u00e9\u010db\u011b, ne\u017e bude p\u0159\u00edli\u0161 pozd\u011b.<\/li>\n<li><strong>Drogov\u00e1 z\u00e1vislost je nemoc. M\u016f\u017ee to b\u00fdt fat\u00e1ln\u00ed.<\/strong>Je zn\u00e1mou skute\u010dnost\u00ed, \u017ee dne\u0161n\u00ed syntetick\u00e9 stimulanty, takzvan\u00e9 modern\u00ed drogy, dokonce i b\u011b\u017en\u00e1 marihuana v nov\u00fdch \u201ekoupan\u00fdch\u201c form\u00e1ch, zp\u016fsobuj\u00ed trval\u00e9 po\u0161kozen\u00ed mozku, du\u0161evn\u00ed choroby od m\u00edrn\u00e9 paranoie po bipol\u00e1rn\u00ed poruchu nebo schizofrenii. M\u011bli byste tak\u00e9 v\u011bd\u011bt, \u017ee za to m\u016f\u017ee nejen systematick\u00e9 pou\u017e\u00edv\u00e1n\u00ed. I kdy\u017e u\u017e\u00edv\u00e1n\u00ed nen\u00ed denn\u00ed, dal\u0161\u00ed p\u0159\u00edjem m\u016f\u017ee vyvolat du\u0161evn\u00ed onemocn\u011bn\u00ed. Proto m\u016f\u017ee b\u00fdt jak\u00e9koli zpo\u017ed\u011bn\u00ed l\u00e9\u010dby fat\u00e1ln\u00ed.<\/li>\n<\/ol>\n<p>[\/et_pb_text][\/et_pb_column][\/et_pb_row][\/et_pb_section][et_pb_section fb_built=&#8220;1&#8243; fullwidth=&#8220;on&#8220; _builder_version=&#8220;3.22&#8243; custom_width_px__hover=&#8220;1080px&#8220; custom_width_px__hover_enabled=&#8220;1080px&#8220; custom_width_percent__hover=&#8220;80%&#8220; custom_width_percent__hover_enabled=&#8220;80%&#8220; use_background_color_gradient__hover=&#8220;off&#8220; use_background_color_gradient__hover_enabled=&#8220;off&#8220; background_color_gradient_start__hover=&#8220;#2b87da&#8220; background_color_gradient_start__hover_enabled=&#8220;#2b87da&#8220; background_color_gradient_end__hover=&#8220;#29c4a9&#8243; background_color_gradient_end__hover_enabled=&#8220;#29c4a9&#8243; background_color_gradient_type__hover=&#8220;linear&#8220; background_color_gradient_type__hover_enabled=&#8220;linear&#8220; background_color_gradient_direction__hover=&#8220;180deg&#8220; background_color_gradient_direction__hover_enabled=&#8220;180deg&#8220; background_color_gradient_direction_radial__hover=&#8220;center&#8220; background_color_gradient_direction_radial__hover_enabled=&#8220;center&#8220; background_color_gradient_start_position__hover=&#8220;0%&#8220; background_color_gradient_start_position__hover_enabled=&#8220;0%&#8220; background_color_gradient_end_position__hover=&#8220;100%&#8220; background_color_gradient_end_position__hover_enabled=&#8220;100%&#8220; background_color_gradient_overlays_image__hover=&#8220;off&#8220; background_color_gradient_overlays_image__hover_enabled=&#8220;off&#8220; parallax__hover=&#8220;off&#8220; parallax__hover_enabled=&#8220;off&#8220; parallax_method__hover=&#8220;on&#8220; parallax_method__hover_enabled=&#8220;on&#8220; background_size__hover=&#8220;cover&#8220; background_size__hover_enabled=&#8220;cover&#8220; background_position__hover=&#8220;center&#8220; background_position__hover_enabled=&#8220;center&#8220; background_repeat__hover=&#8220;no-repeat&#8220; background_repeat__hover_enabled=&#8220;no-repeat&#8220; background_blend__hover=&#8220;normal&#8220; background_blend__hover_enabled=&#8220;normal&#8220; allow_player_pause__hover=&#8220;off&#8220; allow_player_pause__hover_enabled=&#8220;off&#8220; background_video_pause_outside_viewport__hover=&#8220;on&#8220; background_video_pause_outside_viewport__hover_enabled=&#8220;on&#8220; gutter_width__hover=&#8220;3&#8243; gutter_width__hover_enabled=&#8220;3&#8243; parallax_1__hover=&#8220;off&#8220; parallax_1__hover_enabled=&#8220;off&#8220; parallax_2__hover=&#8220;off&#8220; parallax_2__hover_enabled=&#8220;off&#8220; parallax_3__hover=&#8220;off&#8220; parallax_3__hover_enabled=&#8220;off&#8220; parallax_method_1__hover=&#8220;on&#8220; parallax_method_1__hover_enabled=&#8220;on&#8220; parallax_method_2__hover=&#8220;on&#8220; parallax_method_2__hover_enabled=&#8220;on&#8220; parallax_method_3__hover=&#8220;on&#8220; parallax_method_3__hover_enabled=&#8220;on&#8220; inner_shadow__hover=&#8220;off&#8220; inner_shadow__hover_enabled=&#8220;off&#8220; make_fullwidth__hover=&#8220;off&#8220; make_fullwidth__hover_enabled=&#8220;off&#8220; use_custom_width__hover=&#8220;off&#8220; use_custom_width__hover_enabled=&#8220;off&#8220; width_unit__hover=&#8220;on&#8220; width_unit__hover_enabled=&#8220;on&#8220; make_equal__hover=&#8220;off&#8220; make_equal__hover_enabled=&#8220;off&#8220; use_custom_gutter__hover=&#8220;off&#8220; use_custom_gutter__hover_enabled=&#8220;off&#8220; border_radii__hover=&#8220;on||||&#8220; border_radii__hover_enabled=&#8220;on||||&#8220; box_shadow_style__hover=&#8220;none&#8220; box_shadow_style__hover_enabled=&#8220;none&#8220; box_shadow_color__hover=&#8220;rgba(0,0,0,0.3)&#8220; box_shadow_color__hover_enabled=&#8220;rgba(0,0,0,0.3)&#8220; max_width__hover=&#8220;100%&#8220; max_width__hover_enabled=&#8220;100%&#8220; filter_hue_rotate__hover=&#8220;0deg&#8220; filter_hue_rotate__hover_enabled=&#8220;0deg&#8220; filter_saturate__hover=&#8220;100%&#8220; filter_saturate__hover_enabled=&#8220;100%&#8220; filter_brightness__hover=&#8220;100%&#8220; filter_brightness__hover_enabled=&#8220;100%&#8220; filter_contrast__hover=&#8220;100%&#8220; filter_contrast__hover_enabled=&#8220;100%&#8220; filter_invert__hover=&#8220;0%&#8220; filter_invert__hover_enabled=&#8220;0%&#8220; filter_sepia__hover=&#8220;0%&#8220; filter_sepia__hover_enabled=&#8220;0%&#8220; filter_opacity__hover=&#8220;100%&#8220; filter_opacity__hover_enabled=&#8220;100%&#8220; filter_blur__hover=&#8220;0px&#8220; filter_blur__hover_enabled=&#8220;0px&#8220; mix_blend_mode__hover=&#8220;normal&#8220; mix_blend_mode__hover_enabled=&#8220;normal&#8220; animation_style__hover=&#8220;none&#8220; animation_style__hover_enabled=&#8220;none&#8220; animation_repeat__hover=&#8220;once&#8220; animation_repeat__hover_enabled=&#8220;once&#8220; animation_direction__hover=&#8220;center&#8220; animation_direction__hover_enabled=&#8220;center&#8220; animation_duration__hover=&#8220;1000ms&#8220; animation_duration__hover_enabled=&#8220;1000ms&#8220; animation_delay__hover=&#8220;0ms&#8220; animation_delay__hover_enabled=&#8220;0ms&#8220; animation_intensity_slide__hover=&#8220;50%&#8220; animation_intensity_slide__hover_enabled=&#8220;50%&#8220; animation_intensity_zoom__hover=&#8220;50%&#8220; animation_intensity_zoom__hover_enabled=&#8220;50%&#8220; animation_intensity_flip__hover=&#8220;50%&#8220; animation_intensity_flip__hover_enabled=&#8220;50%&#8220; animation_intensity_fold__hover=&#8220;50%&#8220; animation_intensity_fold__hover_enabled=&#8220;50%&#8220; animation_intensity_roll__hover=&#8220;50%&#8220; animation_intensity_roll__hover_enabled=&#8220;50%&#8220; animation_starting_opacity__hover=&#8220;0%&#8220; animation_starting_opacity__hover_enabled=&#8220;0%&#8220; animation_speed_curve__hover=&#8220;ease-in-out&#8220; animation_speed_curve__hover_enabled=&#8220;ease-in-out&#8220; hover_transition_duration__hover=&#8220;300ms&#8220; hover_transition_duration__hover_enabled=&#8220;300ms&#8220; hover_transition_delay__hover=&#8220;0ms&#8220; hover_transition_delay__hover_enabled=&#8220;0ms&#8220; hover_transition_speed_curve__hover=&#8220;ease&#8220; hover_transition_speed_curve__hover_enabled=&#8220;ease&#8220;][et_pb_fullwidth_image src=&#8220;https:\/\/codependency.eu\/wp-content\/uploads\/2020\/07\/charity-23.png&#8220; _builder_version=&#8220;3.17.2&#8243; show_in_lightbox__hover=&#8220;off&#8220; show_in_lightbox__hover_enabled=&#8220;off&#8220; url_new_window__hover=&#8220;off&#8220; url_new_window__hover_enabled=&#8220;off&#8220; use_overlay__hover=&#8220;off&#8220; use_overlay__hover_enabled=&#8220;off&#8220; animation_style__hover=&#8220;none&#8220; animation_style__hover_enabled=&#8220;none&#8220; animation_direction__hover=&#8220;center&#8220; animation_direction__hover_enabled=&#8220;center&#8220; animation_intensity_slide__hover=&#8220;50%&#8220; animation_intensity_slide__hover_enabled=&#8220;50%&#8220; use_background_color_gradient__hover=&#8220;off&#8220; use_background_color_gradient__hover_enabled=&#8220;off&#8220; background_color_gradient_start__hover=&#8220;#2b87da&#8220; background_color_gradient_start__hover_enabled=&#8220;#2b87da&#8220; background_color_gradient_end__hover=&#8220;#29c4a9&#8243; background_color_gradient_end__hover_enabled=&#8220;#29c4a9&#8243; background_color_gradient_type__hover=&#8220;linear&#8220; background_color_gradient_type__hover_enabled=&#8220;linear&#8220; background_color_gradient_direction__hover=&#8220;180deg&#8220; background_color_gradient_direction__hover_enabled=&#8220;180deg&#8220; background_color_gradient_direction_radial__hover=&#8220;center&#8220; background_color_gradient_direction_radial__hover_enabled=&#8220;center&#8220; background_color_gradient_start_position__hover=&#8220;0%&#8220; background_color_gradient_start_position__hover_enabled=&#8220;0%&#8220; background_color_gradient_end_position__hover=&#8220;100%&#8220; background_color_gradient_end_position__hover_enabled=&#8220;100%&#8220; background_color_gradient_overlays_image__hover=&#8220;off&#8220; background_color_gradient_overlays_image__hover_enabled=&#8220;off&#8220; parallax__hover=&#8220;off&#8220; parallax__hover_enabled=&#8220;off&#8220; parallax_method__hover=&#8220;on&#8220; parallax_method__hover_enabled=&#8220;on&#8220; background_size__hover=&#8220;cover&#8220; background_size__hover_enabled=&#8220;cover&#8220; background_position__hover=&#8220;center&#8220; background_position__hover_enabled=&#8220;center&#8220; background_repeat__hover=&#8220;no-repeat&#8220; background_repeat__hover_enabled=&#8220;no-repeat&#8220; background_blend__hover=&#8220;normal&#8220; background_blend__hover_enabled=&#8220;normal&#8220; allow_player_pause__hover=&#8220;off&#8220; allow_player_pause__hover_enabled=&#8220;off&#8220; background_video_pause_outside_viewport__hover=&#8220;on&#8220; background_video_pause_outside_viewport__hover_enabled=&#8220;on&#8220; border_radii__hover=&#8220;on||||&#8220; border_radii__hover_enabled=&#8220;on||||&#8220; box_shadow_style__hover=&#8220;none&#8220; box_shadow_style__hover_enabled=&#8220;none&#8220; box_shadow_color__hover=&#8220;rgba(0,0,0,0.3)&#8220; box_shadow_color__hover_enabled=&#8220;rgba(0,0,0,0.3)&#8220; max_width__hover=&#8220;100%&#8220; max_width__hover_enabled=&#8220;100%&#8220; filter_hue_rotate__hover=&#8220;0deg&#8220; filter_hue_rotate__hover_enabled=&#8220;0deg&#8220; filter_saturate__hover=&#8220;100%&#8220; filter_saturate__hover_enabled=&#8220;100%&#8220; filter_brightness__hover=&#8220;100%&#8220; filter_brightness__hover_enabled=&#8220;100%&#8220; filter_contrast__hover=&#8220;100%&#8220; filter_contrast__hover_enabled=&#8220;100%&#8220; filter_invert__hover=&#8220;0%&#8220; filter_invert__hover_enabled=&#8220;0%&#8220; filter_sepia__hover=&#8220;0%&#8220; filter_sepia__hover_enabled=&#8220;0%&#8220; filter_opacity__hover=&#8220;100%&#8220; filter_opacity__hover_enabled=&#8220;100%&#8220; filter_blur__hover=&#8220;0px&#8220; filter_blur__hover_enabled=&#8220;0px&#8220; mix_blend_mode__hover=&#8220;normal&#8220; mix_blend_mode__hover_enabled=&#8220;normal&#8220; animation_repeat__hover=&#8220;once&#8220; animation_repeat__hover_enabled=&#8220;once&#8220; animation_duration__hover=&#8220;1000ms&#8220; animation_duration__hover_enabled=&#8220;1000ms&#8220; animation_delay__hover=&#8220;0ms&#8220; animation_delay__hover_enabled=&#8220;0ms&#8220; animation_intensity_zoom__hover=&#8220;50%&#8220; animation_intensity_zoom__hover_enabled=&#8220;50%&#8220; animation_intensity_flip__hover=&#8220;50%&#8220; animation_intensity_flip__hover_enabled=&#8220;50%&#8220; animation_intensity_fold__hover=&#8220;50%&#8220; animation_intensity_fold__hover_enabled=&#8220;50%&#8220; animation_intensity_roll__hover=&#8220;50%&#8220; animation_intensity_roll__hover_enabled=&#8220;50%&#8220; animation_starting_opacity__hover=&#8220;0%&#8220; animation_starting_opacity__hover_enabled=&#8220;0%&#8220; animation_speed_curve__hover=&#8220;ease-in-out&#8220; animation_speed_curve__hover_enabled=&#8220;ease-in-out&#8220; hover_transition_duration__hover=&#8220;300ms&#8220; hover_transition_duration__hover_enabled=&#8220;300ms&#8220; hover_transition_delay__hover=&#8220;0ms&#8220; hover_transition_delay__hover_enabled=&#8220;0ms&#8220; hover_transition_speed_curve__hover=&#8220;ease&#8220; hover_transition_speed_curve__hover_enabled=&#8220;ease&#8220;][\/et_pb_fullwidth_image][\/et_pb_section]<\/p>\n","protected":false},"excerpt":{"rendered":"<p>[et_pb_section fb_built=&#8220;1&#8243; admin_label=&#8220;Header&#8220; _builder_version=&#8220;4.5.1&#8243; background_color=&#8220;#f7f9f9&#8243; background_image=&#8220;https:\/\/codependency.eu\/wp-content\/uploads\/2021\/06\/problem-8-hero.jpg&#8220; parallax=&#8220;on&#8220; custom_padding=&#8220;10%||10%||false|false&#8220; collapsed=&#8220;off&#8220;][et_pb_row _builder_version=&#8220;3.25&#8243;][et_pb_column type=&#8220;4_4&#8243; _builder_version=&#8220;3.25&#8243; custom_padding=&#8220;60px|||&#8220; custom_padding_tablet=&#8220;0px||&#8220; custom_padding_phone=&#8220;&#8220; custom_padding_last_edited=&#8220;on|tablet&#8220; padding_tablet=&#8220;0px||&#8220; padding_last_edited=&#8220;on|tablet&#8220; custom_padding__hover=&#8220;|||&#8220;][et_pb_text admin_label=&#8220;Drug Codependence&#8220; _builder_version=&#8220;4.5.1&#8243; text_font=&#8220;||||||||&#8220; text_line_height=&#8220;2em&#8220; header_font=&#8220;Faustina|600|||||||&#8220; header_text_color=&#8220;#ffffff&#8220; header_font_size=&#8220;60px&#8220; header_line_height=&#8220;1.3em&#8220; background_layout=&#8220;dark&#8220; hover_enabled=&#8220;0&#8243; header_font_size_tablet=&#8220;50px&#8220; header_font_size_phone=&#8220;30px&#8220; header_font_size_last_edited=&#8220;on|phone&#8220;] DROGOV\u00c1 Z\u00c1VISLOST [\/et_pb_text][\/et_pb_column][\/et_pb_row][\/et_pb_section][et_pb_section fb_built=&#8220;1&#8243; admin_label=&#8220;Description&#8220; _builder_version=&#8220;4.5.1&#8243; _module_preset=&#8220;default&#8220;][et_pb_row _builder_version=&#8220;4.5.1&#8243; _module_preset=&#8220;default&#8220;][et_pb_column type=&#8220;4_4&#8243; _builder_version=&#8220;4.5.1&#8243; _module_preset=&#8220;default&#8220;][et_pb_text admin_label=&#8220;text&#8220; _builder_version=&#8220;4.5.1&#8243; text_font=&#8220;||||||||&#8220; text_text_color=&#8220;#232323&#8243; text_line_height=&#8220;2em&#8220; header_font=&#8220;Faustina|700|||||||&#8220; header_text_align=&#8220;center&#8220; header_text_color=&#8220;#0e7162&#8243; header_font_size=&#8220;60px&#8220; header_line_height=&#8220;1.3em&#8220; [&hellip;]<\/p>\n","protected":false},"author":1,"featured_media":0,"parent":5059,"menu_order":0,"comment_status":"closed","ping_status":"closed","template":"","meta":{"_et_pb_use_builder":"on","_et_pb_old_content":"","_et_gb_content_width":""},"acf":[],"_links":{"self":[{"href":"https:\/\/codependency.eu\/cs\/wp-json\/wp\/v2\/pages\/5032"}],"collection":[{"href":"https:\/\/codependency.eu\/cs\/wp-json\/wp\/v2\/pages"}],"about":[{"href":"https:\/\/codependency.eu\/cs\/wp-json\/wp\/v2\/types\/page"}],"author":[{"embeddable":true,"href":"https:\/\/codependency.eu\/cs\/wp-json\/wp\/v2\/users\/1"}],"replies":[{"embeddable":true,"href":"https:\/\/codependency.eu\/cs\/wp-json\/wp\/v2\/comments?post=5032"}],"version-history":[{"count":2,"href":"https:\/\/codependency.eu\/cs\/wp-json\/wp\/v2\/pages\/5032\/revisions"}],"predecessor-version":[{"id":5140,"href":"https:\/\/codependency.eu\/cs\/wp-json\/wp\/v2\/pages\/5032\/revisions\/5140"}],"up":[{"embeddable":true,"href":"https:\/\/codependency.eu\/cs\/wp-json\/wp\/v2\/pages\/5059"}],"wp:attachment":[{"href":"https:\/\/codependency.eu\/cs\/wp-json\/wp\/v2\/media?parent=5032"}],"curies":[{"name":"wp","href":"https:\/\/api.w.org\/{rel}","templated":true}]}}