{"id":5045,"date":"2021-06-02T01:45:04","date_gmt":"2021-06-02T01:45:04","guid":{"rendered":"https:\/\/codependency.eu\/gambling-codependence\/"},"modified":"2021-06-22T03:35:41","modified_gmt":"2021-06-22T03:35:41","slug":"gambling-codependence","status":"publish","type":"page","link":"https:\/\/codependency.eu\/cs\/problems\/gambling-codependence\/","title":{"rendered":"Z\u00c1VISLOST NA HAZARDN\u00cdCH HR\u00c1CH"},"content":{"rendered":"<p>[et_pb_section fb_built=&#8220;1&#8243; admin_label=&#8220;Header&#8220; _builder_version=&#8220;4.5.1&#8243; background_color=&#8220;#f7f9f9&#8243; background_image=&#8220;https:\/\/codependency.eu\/wp-content\/uploads\/2021\/06\/problem-9-hero.jpg&#8220; parallax=&#8220;on&#8220; custom_padding=&#8220;10%||10%||false|false&#8220; collapsed=&#8220;off&#8220;][et_pb_row _builder_version=&#8220;3.25&#8243;][et_pb_column type=&#8220;4_4&#8243; _builder_version=&#8220;3.25&#8243; custom_padding=&#8220;60px|||&#8220; custom_padding_tablet=&#8220;0px||&#8220; custom_padding_phone=&#8220;&#8220; custom_padding_last_edited=&#8220;on|tablet&#8220; padding_tablet=&#8220;0px||&#8220; padding_last_edited=&#8220;on|tablet&#8220; custom_padding__hover=&#8220;|||&#8220;][et_pb_text admin_label=&#8220;Gambling Codependence&#8220; _builder_version=&#8220;4.5.1&#8243; text_font=&#8220;||||||||&#8220; text_line_height=&#8220;2em&#8220; header_font=&#8220;Faustina|600|||||||&#8220; header_text_color=&#8220;#ffffff&#8220; header_font_size=&#8220;60px&#8220; header_line_height=&#8220;1.3em&#8220; background_layout=&#8220;dark&#8220; hover_enabled=&#8220;0&#8243; header_font_size_tablet=&#8220;50px&#8220; header_font_size_phone=&#8220;30px&#8220; header_font_size_last_edited=&#8220;on|phone&#8220;]<\/p>\n<h1 style=\"text-align: center;\">Z\u00c1VISLOST NA HAZARDN\u00cdCH HR\u00c1CH<\/h1>\n<p>[\/et_pb_text][\/et_pb_column][\/et_pb_row][\/et_pb_section][et_pb_section fb_built=&#8220;1&#8243; admin_label=&#8220;Description&#8220; _builder_version=&#8220;4.5.1&#8243; _module_preset=&#8220;default&#8220;][et_pb_row _builder_version=&#8220;4.5.1&#8243; _module_preset=&#8220;default&#8220;][et_pb_column type=&#8220;4_4&#8243; _builder_version=&#8220;4.5.1&#8243; _module_preset=&#8220;default&#8220;][et_pb_text admin_label=&#8220;text&#8220; _builder_version=&#8220;4.5.1&#8243; text_font=&#8220;||||||||&#8220; text_text_color=&#8220;#232323&#8243; text_line_height=&#8220;2em&#8220; header_font=&#8220;Faustina|700|||||||&#8220; header_text_align=&#8220;center&#8220; header_text_color=&#8220;#0e7162&#8243; header_font_size=&#8220;60px&#8220; header_line_height=&#8220;1.3em&#8220; header_2_font=&#8220;|700|||||||&#8220; header_2_text_align=&#8220;left&#8220; header_2_text_color=&#8220;#0e7162&#8243; background_layout=&#8220;dark&#8220; hover_enabled=&#8220;0&#8243; header_font_size_tablet=&#8220;50px&#8220; header_font_size_phone=&#8220;40px&#8220; header_font_size_last_edited=&#8220;on|phone&#8220;]<\/p>\n<h2>Jak\u00e9 jsou p\u0159\u00edznaky z\u00e1vislosti na hazardn\u00edch hr\u00e1ch?<\/h2>\n<p>Toto je z\u00e1vislost, kter\u00e1 p\u0159\u00edmo neovliv\u0148uje fyzick\u00e9 zdrav\u00ed. Z\u00e1vislost na hazardn\u00edch hr\u00e1ch je z\u00e1vislost na chov\u00e1n\u00ed, kter\u00e1 se projevuje nekontrolovan\u00fdm hran\u00edm jak\u00e9hokoli druhu. I kdy\u017e nedoch\u00e1z\u00ed k p\u0159\u00edjmu psychoaktivn\u00ed l\u00e1tky, euforick\u00fd pocit s\u00e1zen\u00ed vede ke zm\u011bn\u00e1m v chov\u00e1n\u00ed a my\u0161lenkov\u00fdch pochodech. Vede to k probl\u00e9m\u016fm ve zp\u016fsobu, jak\u00fdm vn\u00edm\u00e1me sv\u011bt, hodnot\u00e1m v \u017eivot\u011b, poctivosti ve vztaz\u00edch, ztr\u00e1t\u011b pam\u011bti a n\u00e1hl\u00fdm v\u00fdkyv\u016fm n\u00e1lady.<\/p>\n<p><strong>Z\u00e1visl\u00ed na hazardn\u00edch hr\u00e1ch:<\/strong><\/p>\n<ul>\n<li>neust\u00e1le p\u0159em\u00fd\u0161lej\u00ed o s\u00e1zen\u00ed a zvy\u0161ovat po\u010det s\u00e1zek;<\/li>\n<li>pokou\u0161\u00ed se ne\u00fasp\u011b\u0161n\u011b p\u0159estat, l\u017eou a schov\u00e1vaj\u00ed se, kdy\u017e to ud\u011blaj\u00ed;<\/li>\n<li>st\u00e1vaj\u00ed se podr\u00e1\u017ed\u011bn\u00fdmi a \u010dasto m\u011bn\u00ed sv\u00e9 n\u00e1lady, kdy\u017e nes\u00e1zej\u00ed;<\/li>\n<li>hledaj\u00ed nejr\u016fzn\u011bj\u0161\u00ed zp\u016fsoby z\u00edsk\u00e1v\u00e1n\u00ed finan\u010dn\u00edch prost\u0159edk\u016f (kr\u00e1de\u017ee z domova a od p\u0159\u00edbuzn\u00fdch, p\u016fj\u010dky od p\u0159\u00e1tel a \u00fav\u011brov\u00fdch dom\u016f);<\/li>\n<li>s\u00e1zka na rodinn\u00e9 cennosti, vybaven\u00ed a p\u0159edm\u011bty v zastav\u00e1rn\u00e1ch;<\/li>\n<li>rychle p\u0159ijdou o plat a jak\u00fdkoli p\u0159\u00edjem;<\/li>\n<li>nemohou p\u0159estat s\u00e1zet, i kdy\u017e o v\u0161echno p\u0159i\u0161li a u\u017e nemaj\u00ed pen\u00edze;<\/li>\n<li>zapoj\u00ed sv\u00e9 p\u0159\u00edbuzn\u00e9 t\u00edm, \u017ee se zav\u00e1\u017e\u00ed spl\u00e1cet p\u016fj\u010dky a uhradit finan\u010dn\u00ed ztr\u00e1ty,<\/li>\n<li>Slibuj\u00ed, \u017ee p\u0159estanou hazardovat, jakmile budou splaceny jejich p\u016fj\u010dky.<\/li>\n<\/ul>\n<h2>Jak pomoci z\u00e1visl\u00e9mu na hazardn\u00edch hr\u00e1ch a sob\u011b?<\/h2>\n<ol>\n<li><strong>Osvobozen\u00ed od viny<\/strong>Stejn\u011b jako u jin\u00fdch z\u00e1vislost\u00ed je velmi d\u016fle\u017eit\u00e9 zbavit se viny. Je d\u016fle\u017eit\u00e9 p\u0159estat kr\u00fdt a spl\u00e1cet dluhy sv\u00e9ho bl\u00edzk\u00e9ho.<\/li>\n<li><strong>Rozpozn\u00e1n\u00ed probl\u00e9mu a p\u0159eru\u0161en\u00ed toxick\u00e9ho procesu<\/strong>Aby se rodiny nevystavovaly sv\u00fdm p\u0159\u00edbuzn\u00fdm a p\u0159\u00e1tel\u016fm, velmi \u010dasto hledaj\u00ed zp\u016fsoby, jak pokr\u00fdt nahromad\u011bn\u00e9 dluhy d\u011bt\u00ed, rodi\u010d\u016f nebo partner\u016f. Mnoho z nich pracuje na n\u011bkolika m\u00edstech, aby splatilo dluhy. Na druh\u00e9 stran\u011b spoluz\u00e1visl\u00ed p\u0159\u00edbuzn\u00ed sami hromad\u00ed dluhy, aby poskytli finan\u010dn\u00ed prost\u0159edky z\u00e1visl\u00e9mu kv\u016fli manipulaci a vyd\u00edr\u00e1n\u00ed. Agresivn\u00ed chov\u00e1n\u00ed se n\u011bkdy prom\u00edt\u00e1 do fyzick\u00e9ho n\u00e1sil\u00ed. Tento toxick\u00fd proces mus\u00ed b\u00fdt zastaven. Finan\u010dn\u00ed prost\u0159edky, kter\u00e9 poskytnete z\u00e1visl\u00e9mu, by m\u011bly b\u00fdt l\u00e9pe nasm\u011brov\u00e1ny na jejich l\u00e9\u010dbu.<\/li>\n<li><strong>Omezen\u00ed manipulace<\/strong>Je velmi pravd\u011bpodobn\u00e9, \u017ee p\u0159\u00edbuzn\u00ed z\u00e1visl\u00e9ho upadnou do sv\u00fdch manipulativn\u00edch past\u00ed, \u017ee tentokr\u00e1t je to naposledy a u\u017e nikdy nebudou s\u00e1zet. V takov\u00fdch chv\u00edl\u00edch je jejich chov\u00e1n\u00ed laskav\u00e9, n\u011bkdy dokonce pl\u00e1\u010d\u00ed, pros\u00ed o pomoc. Vypadaj\u00ed jako mal\u00e9 d\u00edt\u011b, kter\u00e9 bylo zran\u011bno a pot\u0159ebuje pomoc. Samoz\u0159ejm\u011b, ka\u017ed\u00fd rodi\u010d nebo partner se m\u016f\u017ee t\u011bmto situac\u00edm poddat. Je v\u0161ak velmi d\u016fle\u017eit\u00e9 prov\u00e9st inventuru a prov\u00e9st rozumn\u00e9 posouzen\u00ed &#8211; jak \u010dasto jsme v posledn\u00edch m\u011bs\u00edc\u00edch byli v t\u00e9to situaci?! Jak\u00e9 jsou n\u00e1sledky? Existuje n\u011bjak\u00e1 zm\u011bna? A pokud opravdu chceme pomoci, je d\u016fle\u017eit\u00e9 si nejprve p\u0159ipustit, \u017ee se tento probl\u00e9m prohloubil. P\u0159ekro\u010dilo to na\u0161e mo\u017enosti a je \u010das p\u0159eru\u0161it proces a vyhledat kompetentn\u00ed pomoc.<\/li>\n<li><strong>Bez o\u010dek\u00e1v\u00e1n\u00ed, \u017ee se n\u011bco zm\u011bn\u00ed<\/strong>N\u011bkdy upadneme do pasti o\u010dek\u00e1v\u00e1n\u00ed a mysl\u00edme si, \u017ee tento stav \/ chov\u00e1n\u00ed je do\u010dasn\u00fd a brzy pomine. \u010c\u00edm d\u0159\u00edve si uv\u011bdom\u00edme, \u017ee tato o\u010dek\u00e1v\u00e1n\u00ed n\u00e1m p\u0159inesou pouze bolest a frustraci, t\u00edm d\u0159\u00edve m\u016f\u017eeme situaci ovlivnit a zm\u011bnit. Nem\u016f\u017eeme m\u00edt o\u010dek\u00e1v\u00e1n\u00ed od \u010dlov\u011bka, kter\u00fd nem\u016f\u017ee ovl\u00e1dat sv\u016fj \u017eivot a rozhodovat. P\u0159esta\u0148te o\u010dek\u00e1vat, \u017ee si uv\u011bdom\u00ed situaci a \u017ee se v\u011bci zm\u011bn\u00ed. Neo\u010dek\u00e1vejte poctivost od n\u011bkoho, kdo si nev\u011b\u0159\u00ed. Bohu\u017eel sliby nefunguj\u00ed pro hr\u00e1\u010de, proto\u017ee je nedodr\u017euj\u00ed. U\u0161et\u0159ete sv\u016fj ztracen\u00fd \u010das, nervy a v\u00edru v neskute\u010dn\u00e9 v\u011bci. Je lep\u0161\u00ed hledat pomoc a m\u00edsto pro l\u00e9\u010dbu z\u00e1vislosti na hazardu.<\/li>\n<li><strong>Pomoc od odborn\u00edka.<\/strong>A\u010dkoli z\u00e1vislost na hazardn\u00edch hr\u00e1ch nepo\u0161kozuje fyzick\u00e9 zdrav\u00ed, ovliv\u0148uje chov\u00e1n\u00ed a \u017eivot z\u00e1visl\u00e9ho i dal\u0161\u00edch v\u00fdznamn\u00fdch \u010dlen\u016f rodiny. Proto je nesm\u00edrn\u011b d\u016fle\u017eit\u00e9 vyhledat extern\u00ed pomoc u odborn\u00edka, kter\u00fd n\u00e1m pom\u016f\u017ee pod vlivem z\u00e1vislosti obnovit jak na\u0161i vlastn\u00ed du\u0161evn\u00ed rovnov\u00e1hu, tak i rovnov\u00e1hu na\u0161eho milovan\u00e9ho.<\/li>\n<\/ol>\n<p>[\/et_pb_text][\/et_pb_column][\/et_pb_row][\/et_pb_section][et_pb_section fb_built=&#8220;1&#8243; fullwidth=&#8220;on&#8220; _builder_version=&#8220;3.22&#8243; custom_width_px__hover=&#8220;1080px&#8220; custom_width_px__hover_enabled=&#8220;1080px&#8220; custom_width_percent__hover=&#8220;80%&#8220; custom_width_percent__hover_enabled=&#8220;80%&#8220; use_background_color_gradient__hover=&#8220;off&#8220; use_background_color_gradient__hover_enabled=&#8220;off&#8220; background_color_gradient_start__hover=&#8220;#2b87da&#8220; background_color_gradient_start__hover_enabled=&#8220;#2b87da&#8220; background_color_gradient_end__hover=&#8220;#29c4a9&#8243; background_color_gradient_end__hover_enabled=&#8220;#29c4a9&#8243; background_color_gradient_type__hover=&#8220;linear&#8220; background_color_gradient_type__hover_enabled=&#8220;linear&#8220; background_color_gradient_direction__hover=&#8220;180deg&#8220; background_color_gradient_direction__hover_enabled=&#8220;180deg&#8220; background_color_gradient_direction_radial__hover=&#8220;center&#8220; background_color_gradient_direction_radial__hover_enabled=&#8220;center&#8220; background_color_gradient_start_position__hover=&#8220;0%&#8220; background_color_gradient_start_position__hover_enabled=&#8220;0%&#8220; background_color_gradient_end_position__hover=&#8220;100%&#8220; background_color_gradient_end_position__hover_enabled=&#8220;100%&#8220; background_color_gradient_overlays_image__hover=&#8220;off&#8220; background_color_gradient_overlays_image__hover_enabled=&#8220;off&#8220; parallax__hover=&#8220;off&#8220; parallax__hover_enabled=&#8220;off&#8220; parallax_method__hover=&#8220;on&#8220; parallax_method__hover_enabled=&#8220;on&#8220; background_size__hover=&#8220;cover&#8220; background_size__hover_enabled=&#8220;cover&#8220; background_position__hover=&#8220;center&#8220; background_position__hover_enabled=&#8220;center&#8220; background_repeat__hover=&#8220;no-repeat&#8220; background_repeat__hover_enabled=&#8220;no-repeat&#8220; background_blend__hover=&#8220;normal&#8220; background_blend__hover_enabled=&#8220;normal&#8220; allow_player_pause__hover=&#8220;off&#8220; allow_player_pause__hover_enabled=&#8220;off&#8220; background_video_pause_outside_viewport__hover=&#8220;on&#8220; background_video_pause_outside_viewport__hover_enabled=&#8220;on&#8220; gutter_width__hover=&#8220;3&#8243; gutter_width__hover_enabled=&#8220;3&#8243; parallax_1__hover=&#8220;off&#8220; parallax_1__hover_enabled=&#8220;off&#8220; parallax_2__hover=&#8220;off&#8220; parallax_2__hover_enabled=&#8220;off&#8220; parallax_3__hover=&#8220;off&#8220; parallax_3__hover_enabled=&#8220;off&#8220; parallax_method_1__hover=&#8220;on&#8220; parallax_method_1__hover_enabled=&#8220;on&#8220; parallax_method_2__hover=&#8220;on&#8220; parallax_method_2__hover_enabled=&#8220;on&#8220; parallax_method_3__hover=&#8220;on&#8220; parallax_method_3__hover_enabled=&#8220;on&#8220; inner_shadow__hover=&#8220;off&#8220; inner_shadow__hover_enabled=&#8220;off&#8220; make_fullwidth__hover=&#8220;off&#8220; make_fullwidth__hover_enabled=&#8220;off&#8220; use_custom_width__hover=&#8220;off&#8220; use_custom_width__hover_enabled=&#8220;off&#8220; width_unit__hover=&#8220;on&#8220; width_unit__hover_enabled=&#8220;on&#8220; make_equal__hover=&#8220;off&#8220; make_equal__hover_enabled=&#8220;off&#8220; use_custom_gutter__hover=&#8220;off&#8220; use_custom_gutter__hover_enabled=&#8220;off&#8220; border_radii__hover=&#8220;on||||&#8220; border_radii__hover_enabled=&#8220;on||||&#8220; box_shadow_style__hover=&#8220;none&#8220; box_shadow_style__hover_enabled=&#8220;none&#8220; box_shadow_color__hover=&#8220;rgba(0,0,0,0.3)&#8220; box_shadow_color__hover_enabled=&#8220;rgba(0,0,0,0.3)&#8220; max_width__hover=&#8220;100%&#8220; max_width__hover_enabled=&#8220;100%&#8220; filter_hue_rotate__hover=&#8220;0deg&#8220; filter_hue_rotate__hover_enabled=&#8220;0deg&#8220; filter_saturate__hover=&#8220;100%&#8220; filter_saturate__hover_enabled=&#8220;100%&#8220; filter_brightness__hover=&#8220;100%&#8220; filter_brightness__hover_enabled=&#8220;100%&#8220; filter_contrast__hover=&#8220;100%&#8220; filter_contrast__hover_enabled=&#8220;100%&#8220; filter_invert__hover=&#8220;0%&#8220; filter_invert__hover_enabled=&#8220;0%&#8220; filter_sepia__hover=&#8220;0%&#8220; filter_sepia__hover_enabled=&#8220;0%&#8220; filter_opacity__hover=&#8220;100%&#8220; filter_opacity__hover_enabled=&#8220;100%&#8220; filter_blur__hover=&#8220;0px&#8220; filter_blur__hover_enabled=&#8220;0px&#8220; mix_blend_mode__hover=&#8220;normal&#8220; mix_blend_mode__hover_enabled=&#8220;normal&#8220; animation_style__hover=&#8220;none&#8220; animation_style__hover_enabled=&#8220;none&#8220; animation_repeat__hover=&#8220;once&#8220; animation_repeat__hover_enabled=&#8220;once&#8220; animation_direction__hover=&#8220;center&#8220; animation_direction__hover_enabled=&#8220;center&#8220; animation_duration__hover=&#8220;1000ms&#8220; animation_duration__hover_enabled=&#8220;1000ms&#8220; animation_delay__hover=&#8220;0ms&#8220; animation_delay__hover_enabled=&#8220;0ms&#8220; animation_intensity_slide__hover=&#8220;50%&#8220; animation_intensity_slide__hover_enabled=&#8220;50%&#8220; animation_intensity_zoom__hover=&#8220;50%&#8220; animation_intensity_zoom__hover_enabled=&#8220;50%&#8220; animation_intensity_flip__hover=&#8220;50%&#8220; animation_intensity_flip__hover_enabled=&#8220;50%&#8220; animation_intensity_fold__hover=&#8220;50%&#8220; animation_intensity_fold__hover_enabled=&#8220;50%&#8220; animation_intensity_roll__hover=&#8220;50%&#8220; animation_intensity_roll__hover_enabled=&#8220;50%&#8220; animation_starting_opacity__hover=&#8220;0%&#8220; animation_starting_opacity__hover_enabled=&#8220;0%&#8220; animation_speed_curve__hover=&#8220;ease-in-out&#8220; animation_speed_curve__hover_enabled=&#8220;ease-in-out&#8220; hover_transition_duration__hover=&#8220;300ms&#8220; hover_transition_duration__hover_enabled=&#8220;300ms&#8220; hover_transition_delay__hover=&#8220;0ms&#8220; hover_transition_delay__hover_enabled=&#8220;0ms&#8220; hover_transition_speed_curve__hover=&#8220;ease&#8220; hover_transition_speed_curve__hover_enabled=&#8220;ease&#8220;][et_pb_fullwidth_image src=&#8220;https:\/\/codependency.eu\/wp-content\/uploads\/2020\/07\/charity-23.png&#8220; _builder_version=&#8220;3.17.2&#8243; show_in_lightbox__hover=&#8220;off&#8220; show_in_lightbox__hover_enabled=&#8220;off&#8220; url_new_window__hover=&#8220;off&#8220; url_new_window__hover_enabled=&#8220;off&#8220; use_overlay__hover=&#8220;off&#8220; use_overlay__hover_enabled=&#8220;off&#8220; animation_style__hover=&#8220;none&#8220; animation_style__hover_enabled=&#8220;none&#8220; animation_direction__hover=&#8220;center&#8220; animation_direction__hover_enabled=&#8220;center&#8220; animation_intensity_slide__hover=&#8220;50%&#8220; animation_intensity_slide__hover_enabled=&#8220;50%&#8220; use_background_color_gradient__hover=&#8220;off&#8220; use_background_color_gradient__hover_enabled=&#8220;off&#8220; background_color_gradient_start__hover=&#8220;#2b87da&#8220; background_color_gradient_start__hover_enabled=&#8220;#2b87da&#8220; background_color_gradient_end__hover=&#8220;#29c4a9&#8243; background_color_gradient_end__hover_enabled=&#8220;#29c4a9&#8243; background_color_gradient_type__hover=&#8220;linear&#8220; background_color_gradient_type__hover_enabled=&#8220;linear&#8220; background_color_gradient_direction__hover=&#8220;180deg&#8220; background_color_gradient_direction__hover_enabled=&#8220;180deg&#8220; background_color_gradient_direction_radial__hover=&#8220;center&#8220; background_color_gradient_direction_radial__hover_enabled=&#8220;center&#8220; background_color_gradient_start_position__hover=&#8220;0%&#8220; background_color_gradient_start_position__hover_enabled=&#8220;0%&#8220; background_color_gradient_end_position__hover=&#8220;100%&#8220; background_color_gradient_end_position__hover_enabled=&#8220;100%&#8220; background_color_gradient_overlays_image__hover=&#8220;off&#8220; background_color_gradient_overlays_image__hover_enabled=&#8220;off&#8220; parallax__hover=&#8220;off&#8220; parallax__hover_enabled=&#8220;off&#8220; parallax_method__hover=&#8220;on&#8220; parallax_method__hover_enabled=&#8220;on&#8220; background_size__hover=&#8220;cover&#8220; background_size__hover_enabled=&#8220;cover&#8220; background_position__hover=&#8220;center&#8220; background_position__hover_enabled=&#8220;center&#8220; background_repeat__hover=&#8220;no-repeat&#8220; background_repeat__hover_enabled=&#8220;no-repeat&#8220; background_blend__hover=&#8220;normal&#8220; background_blend__hover_enabled=&#8220;normal&#8220; allow_player_pause__hover=&#8220;off&#8220; allow_player_pause__hover_enabled=&#8220;off&#8220; background_video_pause_outside_viewport__hover=&#8220;on&#8220; background_video_pause_outside_viewport__hover_enabled=&#8220;on&#8220; border_radii__hover=&#8220;on||||&#8220; border_radii__hover_enabled=&#8220;on||||&#8220; box_shadow_style__hover=&#8220;none&#8220; box_shadow_style__hover_enabled=&#8220;none&#8220; box_shadow_color__hover=&#8220;rgba(0,0,0,0.3)&#8220; box_shadow_color__hover_enabled=&#8220;rgba(0,0,0,0.3)&#8220; max_width__hover=&#8220;100%&#8220; max_width__hover_enabled=&#8220;100%&#8220; filter_hue_rotate__hover=&#8220;0deg&#8220; filter_hue_rotate__hover_enabled=&#8220;0deg&#8220; filter_saturate__hover=&#8220;100%&#8220; filter_saturate__hover_enabled=&#8220;100%&#8220; filter_brightness__hover=&#8220;100%&#8220; filter_brightness__hover_enabled=&#8220;100%&#8220; filter_contrast__hover=&#8220;100%&#8220; filter_contrast__hover_enabled=&#8220;100%&#8220; filter_invert__hover=&#8220;0%&#8220; filter_invert__hover_enabled=&#8220;0%&#8220; filter_sepia__hover=&#8220;0%&#8220; filter_sepia__hover_enabled=&#8220;0%&#8220; filter_opacity__hover=&#8220;100%&#8220; filter_opacity__hover_enabled=&#8220;100%&#8220; filter_blur__hover=&#8220;0px&#8220; filter_blur__hover_enabled=&#8220;0px&#8220; mix_blend_mode__hover=&#8220;normal&#8220; mix_blend_mode__hover_enabled=&#8220;normal&#8220; animation_repeat__hover=&#8220;once&#8220; animation_repeat__hover_enabled=&#8220;once&#8220; animation_duration__hover=&#8220;1000ms&#8220; animation_duration__hover_enabled=&#8220;1000ms&#8220; animation_delay__hover=&#8220;0ms&#8220; animation_delay__hover_enabled=&#8220;0ms&#8220; animation_intensity_zoom__hover=&#8220;50%&#8220; animation_intensity_zoom__hover_enabled=&#8220;50%&#8220; animation_intensity_flip__hover=&#8220;50%&#8220; animation_intensity_flip__hover_enabled=&#8220;50%&#8220; animation_intensity_fold__hover=&#8220;50%&#8220; animation_intensity_fold__hover_enabled=&#8220;50%&#8220; animation_intensity_roll__hover=&#8220;50%&#8220; animation_intensity_roll__hover_enabled=&#8220;50%&#8220; animation_starting_opacity__hover=&#8220;0%&#8220; animation_starting_opacity__hover_enabled=&#8220;0%&#8220; animation_speed_curve__hover=&#8220;ease-in-out&#8220; animation_speed_curve__hover_enabled=&#8220;ease-in-out&#8220; hover_transition_duration__hover=&#8220;300ms&#8220; hover_transition_duration__hover_enabled=&#8220;300ms&#8220; hover_transition_delay__hover=&#8220;0ms&#8220; hover_transition_delay__hover_enabled=&#8220;0ms&#8220; hover_transition_speed_curve__hover=&#8220;ease&#8220; hover_transition_speed_curve__hover_enabled=&#8220;ease&#8220;][\/et_pb_fullwidth_image][\/et_pb_section]<\/p>\n","protected":false},"excerpt":{"rendered":"<p>[et_pb_section fb_built=&#8220;1&#8243; admin_label=&#8220;Header&#8220; _builder_version=&#8220;4.5.1&#8243; background_color=&#8220;#f7f9f9&#8243; background_image=&#8220;https:\/\/codependency.eu\/wp-content\/uploads\/2021\/06\/problem-9-hero.jpg&#8220; parallax=&#8220;on&#8220; custom_padding=&#8220;10%||10%||false|false&#8220; collapsed=&#8220;off&#8220;][et_pb_row _builder_version=&#8220;3.25&#8243;][et_pb_column type=&#8220;4_4&#8243; _builder_version=&#8220;3.25&#8243; custom_padding=&#8220;60px|||&#8220; custom_padding_tablet=&#8220;0px||&#8220; custom_padding_phone=&#8220;&#8220; custom_padding_last_edited=&#8220;on|tablet&#8220; padding_tablet=&#8220;0px||&#8220; padding_last_edited=&#8220;on|tablet&#8220; custom_padding__hover=&#8220;|||&#8220;][et_pb_text admin_label=&#8220;Gambling Codependence&#8220; _builder_version=&#8220;4.5.1&#8243; text_font=&#8220;||||||||&#8220; text_line_height=&#8220;2em&#8220; header_font=&#8220;Faustina|600|||||||&#8220; header_text_color=&#8220;#ffffff&#8220; header_font_size=&#8220;60px&#8220; header_line_height=&#8220;1.3em&#8220; background_layout=&#8220;dark&#8220; hover_enabled=&#8220;0&#8243; header_font_size_tablet=&#8220;50px&#8220; header_font_size_phone=&#8220;30px&#8220; header_font_size_last_edited=&#8220;on|phone&#8220;] Z\u00c1VISLOST NA HAZARDN\u00cdCH HR\u00c1CH [\/et_pb_text][\/et_pb_column][\/et_pb_row][\/et_pb_section][et_pb_section fb_built=&#8220;1&#8243; admin_label=&#8220;Description&#8220; _builder_version=&#8220;4.5.1&#8243; _module_preset=&#8220;default&#8220;][et_pb_row _builder_version=&#8220;4.5.1&#8243; _module_preset=&#8220;default&#8220;][et_pb_column type=&#8220;4_4&#8243; _builder_version=&#8220;4.5.1&#8243; _module_preset=&#8220;default&#8220;][et_pb_text admin_label=&#8220;text&#8220; _builder_version=&#8220;4.5.1&#8243; text_font=&#8220;||||||||&#8220; text_text_color=&#8220;#232323&#8243; text_line_height=&#8220;2em&#8220; header_font=&#8220;Faustina|700|||||||&#8220; header_text_align=&#8220;center&#8220; header_text_color=&#8220;#0e7162&#8243; [&hellip;]<\/p>\n","protected":false},"author":1,"featured_media":0,"parent":5059,"menu_order":0,"comment_status":"closed","ping_status":"closed","template":"","meta":{"_et_pb_use_builder":"on","_et_pb_old_content":"","_et_gb_content_width":""},"acf":[],"_links":{"self":[{"href":"https:\/\/codependency.eu\/cs\/wp-json\/wp\/v2\/pages\/5045"}],"collection":[{"href":"https:\/\/codependency.eu\/cs\/wp-json\/wp\/v2\/pages"}],"about":[{"href":"https:\/\/codependency.eu\/cs\/wp-json\/wp\/v2\/types\/page"}],"author":[{"embeddable":true,"href":"https:\/\/codependency.eu\/cs\/wp-json\/wp\/v2\/users\/1"}],"replies":[{"embeddable":true,"href":"https:\/\/codependency.eu\/cs\/wp-json\/wp\/v2\/comments?post=5045"}],"version-history":[{"count":2,"href":"https:\/\/codependency.eu\/cs\/wp-json\/wp\/v2\/pages\/5045\/revisions"}],"predecessor-version":[{"id":5141,"href":"https:\/\/codependency.eu\/cs\/wp-json\/wp\/v2\/pages\/5045\/revisions\/5141"}],"up":[{"embeddable":true,"href":"https:\/\/codependency.eu\/cs\/wp-json\/wp\/v2\/pages\/5059"}],"wp:attachment":[{"href":"https:\/\/codependency.eu\/cs\/wp-json\/wp\/v2\/media?parent=5045"}],"curies":[{"name":"wp","href":"https:\/\/api.w.org\/{rel}","templated":true}]}}