{"id":5246,"date":"2021-06-02T01:06:52","date_gmt":"2021-06-02T01:06:52","guid":{"rendered":"https:\/\/codependency.eu\/problems\/alcohol-codependence\/"},"modified":"2021-06-23T05:07:18","modified_gmt":"2021-06-23T05:07:18","slug":"alkohol-coabhaengigkeit","status":"publish","type":"page","link":"https:\/\/codependency.eu\/de\/problems\/alkohol-coabhaengigkeit\/","title":{"rendered":"Alcohol Codependence"},"content":{"rendered":"<p>[et_pb_section fb_built=&#8220;1&#8243; admin_label=&#8220;Header&#8220; _builder_version=&#8220;4.5.1&#8243; background_color=&#8220;#f7f9f9&#8243; background_image=&#8220;https:\/\/codependency.eu\/wp-content\/uploads\/2021\/06\/problem-7-hero.jpg&#8220; parallax=&#8220;on&#8220; custom_padding=&#8220;10%||10%||false|false&#8220; collapsed=&#8220;off&#8220;][et_pb_row _builder_version=&#8220;3.25&#8243;][et_pb_column type=&#8220;4_4&#8243; _builder_version=&#8220;3.25&#8243; custom_padding=&#8220;60px|||&#8220; custom_padding_tablet=&#8220;0px||&#8220; custom_padding_phone=&#8220;&#8220; custom_padding_last_edited=&#8220;on|tablet&#8220; padding_tablet=&#8220;0px||&#8220; padding_last_edited=&#8220;on|tablet&#8220; custom_padding__hover=&#8220;|||&#8220;][et_pb_text admin_label=&#8220;Alcohol Codependence&#8220; _builder_version=&#8220;4.5.1&#8243; text_font=&#8220;||||||||&#8220; text_line_height=&#8220;2em&#8220; header_font=&#8220;Faustina|600|||||||&#8220; header_text_color=&#8220;#ffffff&#8220; header_font_size=&#8220;60px&#8220; header_line_height=&#8220;1.3em&#8220; background_layout=&#8220;dark&#8220; hover_enabled=&#8220;0&#8243; header_font_size_tablet=&#8220;50px&#8220; header_font_size_phone=&#8220;30px&#8220; header_font_size_last_edited=&#8220;on|phone&#8220;]<\/p>\n<h1 style=\"text-align: center;\">ALKOHOL COABH\u00c4NGIGKEIT<\/h1>\n<p>[\/et_pb_text][\/et_pb_column][\/et_pb_row][\/et_pb_section][et_pb_section fb_built=&#8220;1&#8243; admin_label=&#8220;Description&#8220; _builder_version=&#8220;4.5.1&#8243; _module_preset=&#8220;default&#8220;][et_pb_row _builder_version=&#8220;4.5.1&#8243; _module_preset=&#8220;default&#8220;][et_pb_column type=&#8220;4_4&#8243; _builder_version=&#8220;4.5.1&#8243; _module_preset=&#8220;default&#8220;][et_pb_text admin_label=&#8220;text&#8220; _builder_version=&#8220;4.5.1&#8243; text_font=&#8220;||||||||&#8220; text_text_color=&#8220;#232323&#8243; text_line_height=&#8220;2em&#8220; header_font=&#8220;Faustina|700|||||||&#8220; header_text_align=&#8220;center&#8220; header_text_color=&#8220;#0e7162&#8243; header_font_size=&#8220;60px&#8220; header_line_height=&#8220;1.3em&#8220; header_2_font=&#8220;|700|||||||&#8220; header_2_text_align=&#8220;left&#8220; header_2_text_color=&#8220;#0e7162&#8243; background_layout=&#8220;dark&#8220; hover_enabled=&#8220;0&#8243; header_font_size_tablet=&#8220;50px&#8220; header_font_size_phone=&#8220;40px&#8220; header_font_size_last_edited=&#8220;on|phone&#8220;]<\/p>\n<p>Alkoholismus ist eine chronische Krankheit, die nicht nur ein ernstes Problem f\u00fcr die\/den s\u00fcchtige\/n Patientin\/en selbst und seine\/ihre Familie darstellt, sondern auch f\u00fcr die gesamte Gesellschaft. Zweifellos ist es f\u00fcr Alkohols\u00fcchtige schwierig, ihre Krankheit selbst zu bew\u00e4ltigen, insbesondere wenn ihr Zustand schon lange andauert. Daher ist die Intervention von Spezialisten und die professionelle Behandlung unerl\u00e4sslich. <\/p>\n<h2>Was sind die Symptome einer Alkoholsucht?<\/h2>\n<p>Alkoholismus ist offensichtlich, wenn im letzten Jahr drei oder mehr der folgenden Anzeichen aufgetreten sind:<\/p>\n<ul>\n<li>starker Wunsch, Alkohol zu konsumieren, der sich als innerer Zwang \u00e4u\u00dfert;<\/li>\n<li>mangelnde M\u00f6glichkeit, die Menge sowie den Beginn und das Ende der Nutzung zu kontrollieren; <\/li>\n<li>Trinken zur Linderung von Abstinenzsymptomen (Angstzust\u00e4nde, Kopfschmerzen, Zittern, \u00dcbelkeit usw.) mit der Idee, dass dies zur Verbesserung des Zustands beitr\u00e4gt; <\/li>\n<li>in einen Zustand der Abstinenz geraten<\/li>\n<li>Entwicklung einer Toleranz gegen\u00fcber Alkohol &#8211; Der K\u00f6rper gew\u00f6hnt sich so sehr an Alkohol, dass viel h\u00f6here Dosen erforderlich sind, um den gew\u00fcnschten Effekt zu erzielen. <\/li>\n<li>Alkoholkonsum ohne R\u00fccksicht auf irgendetwas &#8211; es spielt z.B. keine Rolle, wie sp\u00e4t es ist und unabh\u00e4ngig von den sozialen Normen f\u00fcr akzeptables Trinken;<\/li>\n<li>mangelndes Interesse an der Durchf\u00fchrung von Aktivit\u00e4ten, die zuvor f\u00fcr die s\u00fcchtige Person wichtig waren und ihr\/ihm Freude bereitet haben <\/li>\n<li>Alkoholkonsum trotz der sichtbaren schlimmen Folgen &#8211; k\u00f6rperlich, geistig, sozial usw. <\/li>\n<\/ul>\n<h2>Wie k\u00f6nnen wir der\/dem Alkohols\u00fcchtigen und uns selbst helfen?<\/h2>\n<ol>\n<li><strong>Schuld loswerden<\/strong><br \/>Es ist normal, wenn Ihre Lieben ein Problem mit Alkohol haben da\u00df Sie Ihnen als Co-Abh\u00e4ngigen die Schuld daf\u00fcr geben. S\u00fcchtige werden oft sagen: &#8222;Der h\u00e4ufigste Grund, warum ich trinke, bist du!&#8220; Glauben Sie der\/dem S\u00fcchtigen nicht. Wenn Ihr geliebter Mensch Alkoholiker\/in ist, wird er\/sie trinken, egal was Sie zu ihr\/ihm sagen. Es ist nicht Ihre Schuld. Die Sucht hat die Oberhand \u00fcber den gesunden Menschenverstand gewonnen und Sie m\u00fcssen handeln. Es gibt keine Zeit f\u00fcr Anschuldigungen, sondern nur f\u00fcr Entscheidungen.<\/li>\n<li>\n        <strong>Versuchen Sie nicht, das Trinken der\/des S\u00fcchtigen zu kontrollieren<\/strong><\/p>\n<p>In vielen Familien mit Alkoholsucht versucht die\/der Co-abh\u00e4ngige Partner\/in, den Alkoholkonsum der\/des S\u00fcchtigen zu begrenzen. Leider ist das Ergebnis in diesen F\u00e4llen dasselbe &#8211; negative Emotionen, Einsamkeit und Frustration. Sie denken vielleicht, dass dies der richtige Weg ist, aber Sie sollten besser einen Spezialisten aufsuchen, der Ihnen bei der L\u00f6sung des Problems hilft. Wenn ein\/e Alkoholiker\/in einen Krisenpunkt erreicht, hilft es ihr\/ihm normalerweise zu akzeptieren, dass sie\/er ein Problem hat und sie\/er Hilfe suchen sollte. Aber wenn die Familie und Freunde sie\/ihn aus der Krise &#8222;retten&#8220;, k\u00f6nnte dies die eigene Suche nach Hilfe verz\u00f6gern. Lassen Sie die Krisensituation passieren. F\u00fcr diejenigen, die die s\u00fcchtige Person lieben, ist es schwierig, unt\u00e4tig zu bleiben. Aber manchmal ist eine solche Situation notwendig, damit die\/der S\u00fcchtige die Sache selbst in die Hand nimmt. Letztendlich muss die Entscheidung zur \u00c4nderung von der\/dem S\u00fcchtigen selbst getroffen werden. <\/p>\n<\/li>\n<li>\n        <strong>Versuchen Sie nicht, es selbst zu behandeln<\/strong><\/p>\n<p>Viele Menschen wissen nicht, wie t\u00f6dlich das Ergebnis einer Alkoholabh\u00e4ngigkeit sein kann. Es schreitet voran und f\u00fchrt zu einer Reihe von Ver\u00e4nderungen im K\u00f6rper und im Verhalten der\/des S\u00fcchtigen. Sucht ist eine Gehirnkrankheit. Sie sind kein Spezialist, daher ist es in dieser Situation besser, einen Fachmann um Hilfe zu bitten. <\/p>\n<p>Die Alkoholiker durchlaufen mehrere Phasen, bevor sie selbst zur Ver\u00e4nderung bereit sind. Nur wenn die\/der S\u00fcchtige merkt, dass sie\/er Hilfe braucht, ist es Zeit daf\u00fcr. In allen anderen F\u00e4llen st\u00f6\u00dft Ihre Hilfe auf Widerstand und Missverst\u00e4ndnisse.<\/p>\n<\/li>\n<li>\n        <strong>H\u00f6ren Sie auf, das inakzeptable Verhalten zu vertuschen oder sich zu entschuldigen.<\/strong><\/p>\n<p>Inakzeptables Verhalten beginnt meistens mit einem kleinen Vorfall in der Familie, den jeder vergisst. Dies kann der Diebstahl einer Brieftasche, eines Autos oder eines anderen Gegenstands sein. Es kann aggressives Verhalten sein, das zu k\u00f6rperlicher Gewalt gef\u00fchrt hat. Nach einiger Zeit wiederholt sich dies, jedoch in gr\u00f6\u00dferem Ma\u00dfstab und so weiter, bis die Dinge am Ende eskalieren. Indem wir schweigen, akzeptieren wir solch inakzeptables Verhalten, das unser Leben und jene, die wir lieben, beeinflusst. Es ist wichtig, Ihre Kinder vor solchen Verhaltensweisen zu sch\u00fctzen, da dies inakzeptabel und sch\u00e4dlich ist. Denken Sie daran, dass Sie immer die Wahl haben. Treffen Sie eine Entscheidung und \u00e4ndern Sie die Situation. Die L\u00f6sung besteht darin, das Problem offen zu diskutieren und Ma\u00dfnahmen zu ergreifen, um es zu l\u00f6sen. <\/p>\n<\/li>\n<li>\n        <strong>Erwarten Sie nicht mehr, dass die\/der S\u00fcchtige sich des Problems bewusst wird und dass sich die Dinge \u00e4ndern werden<\/strong><\/p>\n<p>Erwarten Sie keine Ehrlichkeit von jemandem, der sich selbst nicht vertraut. Leider funktionieren Versprechen f\u00fcr Alkoholiker\/innen nicht, weil Sie diese nicht einhalten. Sparen Sie sich Ihre ohnehin verlorene Zeit, Ihre Nerven und Ihr Vertrauen in leere Versprechungen, es sind unwirkliche Dinge. Es ist besser, Hilfe und einen Behandlungsort zu suchen, um mit Alkohosucht fertig zu werden.<\/p>\n<\/li>\n<li>\n        <strong>Sie m\u00fcssen sich von der Vergangenheit trennen und in der Gegenwart leben<\/strong><\/p>\n<p>Der Schl\u00fcssel zur L\u00f6sung des Alkoholismusproblems in der Familie liegt darin, bewu\u00dft in der Gegenwart, im Jetzt zu bleiben. Alkoholsucht ist eine fortschreitende Krankheit, daher, Sie vertieft sich, bis die\/der Patient\/in Hilfe sucht und sich behandeln l\u00e4sst, um mit ihrer\/seiner Sucht fertig zu werden. Sie d\u00fcrfen nicht zulassen, dass die Entt\u00e4uschungen und Fehler der Vergangenheit Ihre heutigen Entscheidungen beeinflussen, da sich die Umst\u00e4nde wahrscheinlich ge\u00e4ndert haben.<\/p>\n<\/li>\n<li>\n        <strong>Lassen Sie sich nicht vom Schmerz ihres Verhaltens verletzen<\/strong><\/p>\n<p>Wenn Ihr geliebter Mensch im Garten in Ohnmacht f\u00e4llt und Sie ihn sanft zu Hause ins Bett bringen, f\u00fchlen nur Sie selbst Schmerzen von dem, was passiert ist. Der Fokus liegt auf dem, was Sie selbst getan haben &#8211; Sie haben ihn &#8222;physisch bewegt&#8220; &#8211; anstatt ihr\/ihm zu zeigen &#8222;sieh nur was du getan hast um in diesen Zustand zu sein&#8220;. Wenn Sie sie\/ihn einfach alleine drau\u00dfen aufwachen lassen um von den Nachbarn gesehen zu werden, sich unwohl und schuldig zu f\u00fchlen, wird sie\/er das Problem selbst einsehen. Es ist grausam und oft schwierig zu sehen, wie unsere Lieben leiden, aber dies ist der Weg, um ihnen zu helfen. Nur wenn sie ihr eigenes Leid erfahren, werden sie das wirkliche Bed\u00fcrfnis versp\u00fcren, sich zu \u00e4ndern und die Dinge selbst in die Hand zu nehmen.<\/p>\n<\/li>\n<li>\n        <strong>Eine angemessene Selbstversorgung ist eine Gelegenheit, der\/dem S\u00fcchtigen zu helfen <\/strong><\/p>\n<p>M\u00f6glicherweise haben Sie keine vollst\u00e4ndige Kontrolle \u00fcber die Situation. Zumindest aber k\u00f6nnen Sie sicherstellen, dass Alkohol nicht vollst\u00e4ndig die Kontrolle \u00fcber ihr Leben und Ihre Gedanken \u00fcbernimmt. Passen Sie auf sich selbst auf &#8211; nur so k\u00f6nnen Sie zugunsten des s\u00fcchtigen geliebten Menschen handeln, der Sie, nachdem er das Problem erkannt hat, in den n\u00e4chsten Phasen der Behandlung als Unterst\u00fctzung ben\u00f6tigt.<\/p>\n<\/li>\n<\/ol>\n<p>[\/et_pb_text][\/et_pb_column][\/et_pb_row][\/et_pb_section][et_pb_section fb_built=&#8220;1&#8243; fullwidth=&#8220;on&#8220; _builder_version=&#8220;3.22&#8243; custom_width_px__hover=&#8220;1080px&#8220; custom_width_px__hover_enabled=&#8220;1080px&#8220; custom_width_percent__hover=&#8220;80%&#8220; custom_width_percent__hover_enabled=&#8220;80%&#8220; use_background_color_gradient__hover=&#8220;off&#8220; use_background_color_gradient__hover_enabled=&#8220;off&#8220; background_color_gradient_start__hover=&#8220;#2b87da&#8220; background_color_gradient_start__hover_enabled=&#8220;#2b87da&#8220; background_color_gradient_end__hover=&#8220;#29c4a9&#8243; background_color_gradient_end__hover_enabled=&#8220;#29c4a9&#8243; background_color_gradient_type__hover=&#8220;linear&#8220; background_color_gradient_type__hover_enabled=&#8220;linear&#8220; background_color_gradient_direction__hover=&#8220;180deg&#8220; background_color_gradient_direction__hover_enabled=&#8220;180deg&#8220; background_color_gradient_direction_radial__hover=&#8220;center&#8220; background_color_gradient_direction_radial__hover_enabled=&#8220;center&#8220; background_color_gradient_start_position__hover=&#8220;0%&#8220; background_color_gradient_start_position__hover_enabled=&#8220;0%&#8220; background_color_gradient_end_position__hover=&#8220;100%&#8220; background_color_gradient_end_position__hover_enabled=&#8220;100%&#8220; background_color_gradient_overlays_image__hover=&#8220;off&#8220; background_color_gradient_overlays_image__hover_enabled=&#8220;off&#8220; parallax__hover=&#8220;off&#8220; parallax__hover_enabled=&#8220;off&#8220; parallax_method__hover=&#8220;on&#8220; parallax_method__hover_enabled=&#8220;on&#8220; background_size__hover=&#8220;cover&#8220; background_size__hover_enabled=&#8220;cover&#8220; background_position__hover=&#8220;center&#8220; background_position__hover_enabled=&#8220;center&#8220; background_repeat__hover=&#8220;no-repeat&#8220; background_repeat__hover_enabled=&#8220;no-repeat&#8220; background_blend__hover=&#8220;normal&#8220; background_blend__hover_enabled=&#8220;normal&#8220; allow_player_pause__hover=&#8220;off&#8220; allow_player_pause__hover_enabled=&#8220;off&#8220; background_video_pause_outside_viewport__hover=&#8220;on&#8220; background_video_pause_outside_viewport__hover_enabled=&#8220;on&#8220; gutter_width__hover=&#8220;3&#8243; gutter_width__hover_enabled=&#8220;3&#8243; parallax_1__hover=&#8220;off&#8220; parallax_1__hover_enabled=&#8220;off&#8220; parallax_2__hover=&#8220;off&#8220; parallax_2__hover_enabled=&#8220;off&#8220; parallax_3__hover=&#8220;off&#8220; parallax_3__hover_enabled=&#8220;off&#8220; parallax_method_1__hover=&#8220;on&#8220; parallax_method_1__hover_enabled=&#8220;on&#8220; parallax_method_2__hover=&#8220;on&#8220; parallax_method_2__hover_enabled=&#8220;on&#8220; parallax_method_3__hover=&#8220;on&#8220; parallax_method_3__hover_enabled=&#8220;on&#8220; inner_shadow__hover=&#8220;off&#8220; inner_shadow__hover_enabled=&#8220;off&#8220; make_fullwidth__hover=&#8220;off&#8220; make_fullwidth__hover_enabled=&#8220;off&#8220; use_custom_width__hover=&#8220;off&#8220; use_custom_width__hover_enabled=&#8220;off&#8220; width_unit__hover=&#8220;on&#8220; width_unit__hover_enabled=&#8220;on&#8220; make_equal__hover=&#8220;off&#8220; make_equal__hover_enabled=&#8220;off&#8220; use_custom_gutter__hover=&#8220;off&#8220; use_custom_gutter__hover_enabled=&#8220;off&#8220; border_radii__hover=&#8220;on||||&#8220; border_radii__hover_enabled=&#8220;on||||&#8220; box_shadow_style__hover=&#8220;none&#8220; box_shadow_style__hover_enabled=&#8220;none&#8220; box_shadow_color__hover=&#8220;rgba(0,0,0,0.3)&#8220; box_shadow_color__hover_enabled=&#8220;rgba(0,0,0,0.3)&#8220; max_width__hover=&#8220;100%&#8220; max_width__hover_enabled=&#8220;100%&#8220; filter_hue_rotate__hover=&#8220;0deg&#8220; filter_hue_rotate__hover_enabled=&#8220;0deg&#8220; filter_saturate__hover=&#8220;100%&#8220; filter_saturate__hover_enabled=&#8220;100%&#8220; filter_brightness__hover=&#8220;100%&#8220; filter_brightness__hover_enabled=&#8220;100%&#8220; filter_contrast__hover=&#8220;100%&#8220; filter_contrast__hover_enabled=&#8220;100%&#8220; filter_invert__hover=&#8220;0%&#8220; filter_invert__hover_enabled=&#8220;0%&#8220; filter_sepia__hover=&#8220;0%&#8220; filter_sepia__hover_enabled=&#8220;0%&#8220; filter_opacity__hover=&#8220;100%&#8220; filter_opacity__hover_enabled=&#8220;100%&#8220; filter_blur__hover=&#8220;0px&#8220; filter_blur__hover_enabled=&#8220;0px&#8220; mix_blend_mode__hover=&#8220;normal&#8220; mix_blend_mode__hover_enabled=&#8220;normal&#8220; animation_style__hover=&#8220;none&#8220; animation_style__hover_enabled=&#8220;none&#8220; animation_repeat__hover=&#8220;once&#8220; animation_repeat__hover_enabled=&#8220;once&#8220; animation_direction__hover=&#8220;center&#8220; animation_direction__hover_enabled=&#8220;center&#8220; animation_duration__hover=&#8220;1000ms&#8220; animation_duration__hover_enabled=&#8220;1000ms&#8220; animation_delay__hover=&#8220;0ms&#8220; animation_delay__hover_enabled=&#8220;0ms&#8220; animation_intensity_slide__hover=&#8220;50%&#8220; animation_intensity_slide__hover_enabled=&#8220;50%&#8220; animation_intensity_zoom__hover=&#8220;50%&#8220; animation_intensity_zoom__hover_enabled=&#8220;50%&#8220; animation_intensity_flip__hover=&#8220;50%&#8220; animation_intensity_flip__hover_enabled=&#8220;50%&#8220; animation_intensity_fold__hover=&#8220;50%&#8220; animation_intensity_fold__hover_enabled=&#8220;50%&#8220; animation_intensity_roll__hover=&#8220;50%&#8220; animation_intensity_roll__hover_enabled=&#8220;50%&#8220; animation_starting_opacity__hover=&#8220;0%&#8220; animation_starting_opacity__hover_enabled=&#8220;0%&#8220; animation_speed_curve__hover=&#8220;ease-in-out&#8220; animation_speed_curve__hover_enabled=&#8220;ease-in-out&#8220; hover_transition_duration__hover=&#8220;300ms&#8220; hover_transition_duration__hover_enabled=&#8220;300ms&#8220; hover_transition_delay__hover=&#8220;0ms&#8220; hover_transition_delay__hover_enabled=&#8220;0ms&#8220; hover_transition_speed_curve__hover=&#8220;ease&#8220; hover_transition_speed_curve__hover_enabled=&#8220;ease&#8220;][et_pb_fullwidth_image src=&#8220;https:\/\/codependency.eu\/wp-content\/uploads\/2020\/07\/charity-23.png&#8220; _builder_version=&#8220;3.17.2&#8243; show_in_lightbox__hover=&#8220;off&#8220; show_in_lightbox__hover_enabled=&#8220;off&#8220; url_new_window__hover=&#8220;off&#8220; url_new_window__hover_enabled=&#8220;off&#8220; use_overlay__hover=&#8220;off&#8220; use_overlay__hover_enabled=&#8220;off&#8220; animation_style__hover=&#8220;none&#8220; animation_style__hover_enabled=&#8220;none&#8220; animation_direction__hover=&#8220;center&#8220; animation_direction__hover_enabled=&#8220;center&#8220; animation_intensity_slide__hover=&#8220;50%&#8220; animation_intensity_slide__hover_enabled=&#8220;50%&#8220; use_background_color_gradient__hover=&#8220;off&#8220; use_background_color_gradient__hover_enabled=&#8220;off&#8220; background_color_gradient_start__hover=&#8220;#2b87da&#8220; background_color_gradient_start__hover_enabled=&#8220;#2b87da&#8220; background_color_gradient_end__hover=&#8220;#29c4a9&#8243; background_color_gradient_end__hover_enabled=&#8220;#29c4a9&#8243; background_color_gradient_type__hover=&#8220;linear&#8220; background_color_gradient_type__hover_enabled=&#8220;linear&#8220; background_color_gradient_direction__hover=&#8220;180deg&#8220; background_color_gradient_direction__hover_enabled=&#8220;180deg&#8220; background_color_gradient_direction_radial__hover=&#8220;center&#8220; background_color_gradient_direction_radial__hover_enabled=&#8220;center&#8220; background_color_gradient_start_position__hover=&#8220;0%&#8220; background_color_gradient_start_position__hover_enabled=&#8220;0%&#8220; background_color_gradient_end_position__hover=&#8220;100%&#8220; background_color_gradient_end_position__hover_enabled=&#8220;100%&#8220; background_color_gradient_overlays_image__hover=&#8220;off&#8220; background_color_gradient_overlays_image__hover_enabled=&#8220;off&#8220; parallax__hover=&#8220;off&#8220; parallax__hover_enabled=&#8220;off&#8220; parallax_method__hover=&#8220;on&#8220; parallax_method__hover_enabled=&#8220;on&#8220; background_size__hover=&#8220;cover&#8220; background_size__hover_enabled=&#8220;cover&#8220; background_position__hover=&#8220;center&#8220; background_position__hover_enabled=&#8220;center&#8220; background_repeat__hover=&#8220;no-repeat&#8220; background_repeat__hover_enabled=&#8220;no-repeat&#8220; background_blend__hover=&#8220;normal&#8220; background_blend__hover_enabled=&#8220;normal&#8220; allow_player_pause__hover=&#8220;off&#8220; allow_player_pause__hover_enabled=&#8220;off&#8220; background_video_pause_outside_viewport__hover=&#8220;on&#8220; background_video_pause_outside_viewport__hover_enabled=&#8220;on&#8220; border_radii__hover=&#8220;on||||&#8220; border_radii__hover_enabled=&#8220;on||||&#8220; box_shadow_style__hover=&#8220;none&#8220; box_shadow_style__hover_enabled=&#8220;none&#8220; box_shadow_color__hover=&#8220;rgba(0,0,0,0.3)&#8220; box_shadow_color__hover_enabled=&#8220;rgba(0,0,0,0.3)&#8220; max_width__hover=&#8220;100%&#8220; max_width__hover_enabled=&#8220;100%&#8220; filter_hue_rotate__hover=&#8220;0deg&#8220; filter_hue_rotate__hover_enabled=&#8220;0deg&#8220; filter_saturate__hover=&#8220;100%&#8220; filter_saturate__hover_enabled=&#8220;100%&#8220; filter_brightness__hover=&#8220;100%&#8220; filter_brightness__hover_enabled=&#8220;100%&#8220; filter_contrast__hover=&#8220;100%&#8220; filter_contrast__hover_enabled=&#8220;100%&#8220; filter_invert__hover=&#8220;0%&#8220; filter_invert__hover_enabled=&#8220;0%&#8220; filter_sepia__hover=&#8220;0%&#8220; filter_sepia__hover_enabled=&#8220;0%&#8220; filter_opacity__hover=&#8220;100%&#8220; filter_opacity__hover_enabled=&#8220;100%&#8220; filter_blur__hover=&#8220;0px&#8220; filter_blur__hover_enabled=&#8220;0px&#8220; mix_blend_mode__hover=&#8220;normal&#8220; mix_blend_mode__hover_enabled=&#8220;normal&#8220; animation_repeat__hover=&#8220;once&#8220; animation_repeat__hover_enabled=&#8220;once&#8220; animation_duration__hover=&#8220;1000ms&#8220; animation_duration__hover_enabled=&#8220;1000ms&#8220; animation_delay__hover=&#8220;0ms&#8220; animation_delay__hover_enabled=&#8220;0ms&#8220; animation_intensity_zoom__hover=&#8220;50%&#8220; animation_intensity_zoom__hover_enabled=&#8220;50%&#8220; animation_intensity_flip__hover=&#8220;50%&#8220; animation_intensity_flip__hover_enabled=&#8220;50%&#8220; animation_intensity_fold__hover=&#8220;50%&#8220; animation_intensity_fold__hover_enabled=&#8220;50%&#8220; animation_intensity_roll__hover=&#8220;50%&#8220; animation_intensity_roll__hover_enabled=&#8220;50%&#8220; animation_starting_opacity__hover=&#8220;0%&#8220; animation_starting_opacity__hover_enabled=&#8220;0%&#8220; animation_speed_curve__hover=&#8220;ease-in-out&#8220; animation_speed_curve__hover_enabled=&#8220;ease-in-out&#8220; hover_transition_duration__hover=&#8220;300ms&#8220; hover_transition_duration__hover_enabled=&#8220;300ms&#8220; hover_transition_delay__hover=&#8220;0ms&#8220; hover_transition_delay__hover_enabled=&#8220;0ms&#8220; hover_transition_speed_curve__hover=&#8220;ease&#8220; hover_transition_speed_curve__hover_enabled=&#8220;ease&#8220;][\/et_pb_fullwidth_image][\/et_pb_section]<\/p>\n","protected":false},"excerpt":{"rendered":"<p>[et_pb_section fb_built=&#8220;1&#8243; admin_label=&#8220;Header&#8220; _builder_version=&#8220;4.5.1&#8243; background_color=&#8220;#f7f9f9&#8243; background_image=&#8220;https:\/\/codependency.eu\/wp-content\/uploads\/2021\/06\/problem-7-hero.jpg&#8220; parallax=&#8220;on&#8220; custom_padding=&#8220;10%||10%||false|false&#8220; collapsed=&#8220;off&#8220;][et_pb_row _builder_version=&#8220;3.25&#8243;][et_pb_column type=&#8220;4_4&#8243; _builder_version=&#8220;3.25&#8243; custom_padding=&#8220;60px|||&#8220; custom_padding_tablet=&#8220;0px||&#8220; custom_padding_phone=&#8220;&#8220; custom_padding_last_edited=&#8220;on|tablet&#8220; padding_tablet=&#8220;0px||&#8220; padding_last_edited=&#8220;on|tablet&#8220; custom_padding__hover=&#8220;|||&#8220;][et_pb_text admin_label=&#8220;Alcohol Codependence&#8220; _builder_version=&#8220;4.5.1&#8243; text_font=&#8220;||||||||&#8220; text_line_height=&#8220;2em&#8220; header_font=&#8220;Faustina|600|||||||&#8220; header_text_color=&#8220;#ffffff&#8220; header_font_size=&#8220;60px&#8220; header_line_height=&#8220;1.3em&#8220; background_layout=&#8220;dark&#8220; hover_enabled=&#8220;0&#8243; header_font_size_tablet=&#8220;50px&#8220; header_font_size_phone=&#8220;30px&#8220; header_font_size_last_edited=&#8220;on|phone&#8220;] ALKOHOL COABH\u00c4NGIGKEIT [\/et_pb_text][\/et_pb_column][\/et_pb_row][\/et_pb_section][et_pb_section fb_built=&#8220;1&#8243; admin_label=&#8220;Description&#8220; _builder_version=&#8220;4.5.1&#8243; _module_preset=&#8220;default&#8220;][et_pb_row _builder_version=&#8220;4.5.1&#8243; _module_preset=&#8220;default&#8220;][et_pb_column type=&#8220;4_4&#8243; _builder_version=&#8220;4.5.1&#8243; _module_preset=&#8220;default&#8220;][et_pb_text admin_label=&#8220;text&#8220; _builder_version=&#8220;4.5.1&#8243; text_font=&#8220;||||||||&#8220; text_text_color=&#8220;#232323&#8243; text_line_height=&#8220;2em&#8220; header_font=&#8220;Faustina|700|||||||&#8220; header_text_align=&#8220;center&#8220; header_text_color=&#8220;#0e7162&#8243; header_font_size=&#8220;60px&#8220; header_line_height=&#8220;1.3em&#8220; [&hellip;]<\/p>\n","protected":false},"author":1,"featured_media":0,"parent":5198,"menu_order":0,"comment_status":"closed","ping_status":"closed","template":"","meta":{"_et_pb_use_builder":"on","_et_pb_old_content":"","_et_gb_content_width":""},"acf":[],"_links":{"self":[{"href":"https:\/\/codependency.eu\/de\/wp-json\/wp\/v2\/pages\/5246"}],"collection":[{"href":"https:\/\/codependency.eu\/de\/wp-json\/wp\/v2\/pages"}],"about":[{"href":"https:\/\/codependency.eu\/de\/wp-json\/wp\/v2\/types\/page"}],"author":[{"embeddable":true,"href":"https:\/\/codependency.eu\/de\/wp-json\/wp\/v2\/users\/1"}],"replies":[{"embeddable":true,"href":"https:\/\/codependency.eu\/de\/wp-json\/wp\/v2\/comments?post=5246"}],"version-history":[{"count":1,"href":"https:\/\/codependency.eu\/de\/wp-json\/wp\/v2\/pages\/5246\/revisions"}],"predecessor-version":[{"id":5249,"href":"https:\/\/codependency.eu\/de\/wp-json\/wp\/v2\/pages\/5246\/revisions\/5249"}],"up":[{"embeddable":true,"href":"https:\/\/codependency.eu\/de\/wp-json\/wp\/v2\/pages\/5198"}],"wp:attachment":[{"href":"https:\/\/codependency.eu\/de\/wp-json\/wp\/v2\/media?parent=5246"}],"curies":[{"name":"wp","href":"https:\/\/api.w.org\/{rel}","templated":true}]}}