{"id":5251,"date":"2021-06-02T01:29:20","date_gmt":"2021-06-02T01:29:20","guid":{"rendered":"https:\/\/codependency.eu\/problems\/drug-codependence\/"},"modified":"2021-06-23T05:07:04","modified_gmt":"2021-06-23T05:07:04","slug":"drug-codependence","status":"publish","type":"page","link":"https:\/\/codependency.eu\/de\/problems\/drug-codependence\/","title":{"rendered":"DROGEN CODEPENDENCE"},"content":{"rendered":"<p>[et_pb_section fb_built=&#8220;1&#8243; admin_label=&#8220;Header&#8220; _builder_version=&#8220;4.5.1&#8243; background_color=&#8220;#f7f9f9&#8243; background_image=&#8220;https:\/\/codependency.eu\/wp-content\/uploads\/2021\/06\/problem-8-hero.jpg&#8220; parallax=&#8220;on&#8220; custom_padding=&#8220;10%||10%||false|false&#8220; collapsed=&#8220;off&#8220;][et_pb_row _builder_version=&#8220;3.25&#8243;][et_pb_column type=&#8220;4_4&#8243; _builder_version=&#8220;3.25&#8243; custom_padding=&#8220;60px|||&#8220; custom_padding_tablet=&#8220;0px||&#8220; custom_padding_phone=&#8220;&#8220; custom_padding_last_edited=&#8220;on|tablet&#8220; padding_tablet=&#8220;0px||&#8220; padding_last_edited=&#8220;on|tablet&#8220; custom_padding__hover=&#8220;|||&#8220;][et_pb_text admin_label=&#8220;Drug Codependence&#8220; _builder_version=&#8220;4.5.1&#8243; text_font=&#8220;||||||||&#8220; text_line_height=&#8220;2em&#8220; header_font=&#8220;Faustina|600|||||||&#8220; header_text_color=&#8220;#ffffff&#8220; header_font_size=&#8220;60px&#8220; header_line_height=&#8220;1.3em&#8220; background_layout=&#8220;dark&#8220; hover_enabled=&#8220;0&#8243; header_font_size_tablet=&#8220;50px&#8220; header_font_size_phone=&#8220;30px&#8220; header_font_size_last_edited=&#8220;on|phone&#8220;]<\/p>\n<h1 style=\"text-align: center;\">DROGEN CODEPENDENCE<\/h1>\n<p>[\/et_pb_text][\/et_pb_column][\/et_pb_row][\/et_pb_section][et_pb_section fb_built=&#8220;1&#8243; admin_label=&#8220;Description&#8220; _builder_version=&#8220;4.5.1&#8243; _module_preset=&#8220;default&#8220;][et_pb_row _builder_version=&#8220;4.5.1&#8243; _module_preset=&#8220;default&#8220;][et_pb_column type=&#8220;4_4&#8243; _builder_version=&#8220;4.5.1&#8243; _module_preset=&#8220;default&#8220;][et_pb_text admin_label=&#8220;text&#8220; _builder_version=&#8220;4.5.1&#8243; text_font=&#8220;||||||||&#8220; text_text_color=&#8220;#232323&#8243; text_line_height=&#8220;2em&#8220; header_font=&#8220;Faustina|700|||||||&#8220; header_text_align=&#8220;center&#8220; header_text_color=&#8220;#0e7162&#8243; header_font_size=&#8220;60px&#8220; header_line_height=&#8220;1.3em&#8220; header_2_font=&#8220;|700|||||||&#8220; header_2_text_align=&#8220;left&#8220; header_2_text_color=&#8220;#0e7162&#8243; background_layout=&#8220;dark&#8220; hover_enabled=&#8220;0&#8243; header_font_size_tablet=&#8220;50px&#8220; header_font_size_phone=&#8220;40px&#8220; header_font_size_last_edited=&#8220;on|phone&#8220;]<\/p>\n<h2>Was sind die Symptome der DROGEN CODEPENDENCE?<\/h2>\n<ul>\n<li>Der Abhaengige kann die Verwendung nicht kontrollieren und ist der Ansicht, dass dies seine eigene Wahl ist.<\/li>\n<li>Die Aufnahme von Substanzen wird zu einer Priorit\u00e4t, sodass Verantwortungen, Interessen und sogar die pers\u00f6nliche Hygiene vernachl\u00e4ssigt werde<\/li>\n<li>\u00a0<\/li>\n<li>Oft beginnt der Gedanke an Drogen mit dem Aufwachen und der Konsum von Drogen wird zum t\u00e4glichen Ziel.<\/li>\n<li>Der Abhaengige verliert den Wunsch nach sozialem Leben, wenn dieses nicht mit der Nutzung von Drogen verbunden ist.<\/li>\n<li>Die Verwendung von Marihuana und Opiaten kann zum mangel an professionellem Ehrgeiz und das streben nach besseren Ergebnissen fuehren oder an \u00fcberm\u00e4\u00dfigem Ehrgeiz und Aktivit\u00e4t bei der Einnahme von Stimulanzien.<\/li>\n<li>Es treten obsessive Gedanken, Paranoia, Episoden der Angst vor K\u00f6rperverletzung, \u00dcberwachung, Angriff, Verschw\u00f6rung usw.;<\/li>\n<li>Unzul\u00e4nglichkeiten, St\u00f6rungen der geistigen Aktivit\u00e4t und Ged\u00e4chtnisfunktionen werden beobachtet;<\/li>\n<li>Hyperaktivit\u00e4t, schnelles Sprechen, aggressives Verhalten, Schlafmangel, gefolgt von \u00fcberm\u00e4\u00dfig langem Schlaf, Regimewechsel (tags\u00fcber schlafen und nachts aufwachen) sowie das Gegenteil: Faulheit, Tr\u00e4gheit, Schl\u00e4frigkeit, mangelndes Interesse , usw .;<\/li>\n<li>h\u00e4ufige Stimmungsschwankungen;<\/li>\n<li>systematische Konflikte mit den Angeh\u00f6rigen;<\/li>\n<li>Mangel an Geld, Sachen und Schmuck von zu Hause aus und offene Vertr\u00e4ge mit Pfandh\u00e4usern, Banken oder Schnellkrediten, Kredite von Freunden und Bekannten;<\/li>\n<li>Es gibt Probleme mit der Strafverfolgung, Verhaftungen wegen Diebstahls und kriminellem Verhalten gegen\u00fcber anderen Personen.<\/li>\n<\/ul>\n<h2>Wie kann man dem Drogenabh\u00e4ngigen und sich selbst helfen?<\/h2>\n<ol>\n<li><strong>Erkennen des Problems<\/strong>Sehr oft sp\u00fcren Familienmitglieder intuitiv, dass etwas nicht stimmt. Und Intuition l\u00fcgt selten \u00fcber diese Dinge. Hier ist es \u00e4u\u00dferst wichtig, sich dem Problem zu stellen, es in die Augen zu sehen und angemessene Hilfe zu suchen.<\/li>\n<li><strong>Befreiung von der Schuld<\/strong>Sie sollten nicht nach dem Grund suchen, warum es begonnen hat. Es macht keinen Sinn, sich selbst die Schuld zu geben und L\u00f6cher zu graben. Das Wichtigste ist, sie wieder normal zu machen, bevor irreversible Sch\u00e4den auftreten.<\/li>\n<li><strong>Distanzieren und von der Seite schauen<\/strong>Unsere emotionale Verbindung zum S\u00fcchtigen erlaubt es uns nicht, die Wahrheit zu erkennen, und wir erliegen oft Manipulationen. Sie sollten wissen, dass der S\u00fcchtige der geschickteste Manipulator ist. Geben Sie nicht den Versprechungen nach, den Gebrauch zu kontrollieren oder ihn zu stoppen. Manchmal erreicht die Manipulation den Punkt, an dem Eltern und Verwandte Drogen kaufen, und sich vor taeuschen, dass sie die Aufnahme, die Quelle und die eingenommenen Mengen kontrollieren. Sagen Sie NEIN zur Manipulation und entscheiden Sie sich f\u00fcr die Behandlung, bevor es zu sp\u00e4t ist.<\/li>\n<li><strong>Drogenabh\u00e4ngigkeit ist eine Krankheit. Es kann t\u00f6dlich sein.<\/strong>Es ist eine bekannte Tatsache, dass die heutigen synthetischen Stimulanzien, die sogenannten modernen Medikamente, selbst gew\u00f6hnliches Marihuana in seinen neuen &#8222;gebadeten&#8220; Formen, dauerhafte Hirnsch\u00e4den, psychische Erkrankungen von leichter Paranoia bis zu bipolaren St\u00f6rungen oder Schizophrenie verursachen. Sie sollten auch wissen, dass nicht nur der systematische Einsatz f\u00fcr Letzteres verantwortlich ist. Selbst wenn die Anwendung nicht t\u00e4glich erfolgt, kann die n\u00e4chste Einnahme psychische Erkrankungen ausl\u00f6sen. Daher kann jede Verz\u00f6gerung der Behandlung t\u00f6dlich sein.<\/li>\n<\/ol>\n<p>[\/et_pb_text][\/et_pb_column][\/et_pb_row][\/et_pb_section][et_pb_section fb_built=&#8220;1&#8243; fullwidth=&#8220;on&#8220; _builder_version=&#8220;3.22&#8243; custom_width_px__hover=&#8220;1080px&#8220; custom_width_px__hover_enabled=&#8220;1080px&#8220; custom_width_percent__hover=&#8220;80%&#8220; custom_width_percent__hover_enabled=&#8220;80%&#8220; use_background_color_gradient__hover=&#8220;off&#8220; use_background_color_gradient__hover_enabled=&#8220;off&#8220; background_color_gradient_start__hover=&#8220;#2b87da&#8220; background_color_gradient_start__hover_enabled=&#8220;#2b87da&#8220; background_color_gradient_end__hover=&#8220;#29c4a9&#8243; background_color_gradient_end__hover_enabled=&#8220;#29c4a9&#8243; background_color_gradient_type__hover=&#8220;linear&#8220; background_color_gradient_type__hover_enabled=&#8220;linear&#8220; background_color_gradient_direction__hover=&#8220;180deg&#8220; background_color_gradient_direction__hover_enabled=&#8220;180deg&#8220; background_color_gradient_direction_radial__hover=&#8220;center&#8220; background_color_gradient_direction_radial__hover_enabled=&#8220;center&#8220; background_color_gradient_start_position__hover=&#8220;0%&#8220; background_color_gradient_start_position__hover_enabled=&#8220;0%&#8220; background_color_gradient_end_position__hover=&#8220;100%&#8220; background_color_gradient_end_position__hover_enabled=&#8220;100%&#8220; background_color_gradient_overlays_image__hover=&#8220;off&#8220; background_color_gradient_overlays_image__hover_enabled=&#8220;off&#8220; parallax__hover=&#8220;off&#8220; parallax__hover_enabled=&#8220;off&#8220; parallax_method__hover=&#8220;on&#8220; parallax_method__hover_enabled=&#8220;on&#8220; background_size__hover=&#8220;cover&#8220; background_size__hover_enabled=&#8220;cover&#8220; background_position__hover=&#8220;center&#8220; background_position__hover_enabled=&#8220;center&#8220; background_repeat__hover=&#8220;no-repeat&#8220; background_repeat__hover_enabled=&#8220;no-repeat&#8220; background_blend__hover=&#8220;normal&#8220; background_blend__hover_enabled=&#8220;normal&#8220; allow_player_pause__hover=&#8220;off&#8220; allow_player_pause__hover_enabled=&#8220;off&#8220; background_video_pause_outside_viewport__hover=&#8220;on&#8220; background_video_pause_outside_viewport__hover_enabled=&#8220;on&#8220; gutter_width__hover=&#8220;3&#8243; gutter_width__hover_enabled=&#8220;3&#8243; parallax_1__hover=&#8220;off&#8220; parallax_1__hover_enabled=&#8220;off&#8220; parallax_2__hover=&#8220;off&#8220; parallax_2__hover_enabled=&#8220;off&#8220; parallax_3__hover=&#8220;off&#8220; parallax_3__hover_enabled=&#8220;off&#8220; parallax_method_1__hover=&#8220;on&#8220; parallax_method_1__hover_enabled=&#8220;on&#8220; parallax_method_2__hover=&#8220;on&#8220; parallax_method_2__hover_enabled=&#8220;on&#8220; parallax_method_3__hover=&#8220;on&#8220; parallax_method_3__hover_enabled=&#8220;on&#8220; inner_shadow__hover=&#8220;off&#8220; inner_shadow__hover_enabled=&#8220;off&#8220; make_fullwidth__hover=&#8220;off&#8220; make_fullwidth__hover_enabled=&#8220;off&#8220; use_custom_width__hover=&#8220;off&#8220; use_custom_width__hover_enabled=&#8220;off&#8220; width_unit__hover=&#8220;on&#8220; width_unit__hover_enabled=&#8220;on&#8220; make_equal__hover=&#8220;off&#8220; make_equal__hover_enabled=&#8220;off&#8220; use_custom_gutter__hover=&#8220;off&#8220; use_custom_gutter__hover_enabled=&#8220;off&#8220; border_radii__hover=&#8220;on||||&#8220; border_radii__hover_enabled=&#8220;on||||&#8220; box_shadow_style__hover=&#8220;none&#8220; box_shadow_style__hover_enabled=&#8220;none&#8220; box_shadow_color__hover=&#8220;rgba(0,0,0,0.3)&#8220; box_shadow_color__hover_enabled=&#8220;rgba(0,0,0,0.3)&#8220; max_width__hover=&#8220;100%&#8220; max_width__hover_enabled=&#8220;100%&#8220; filter_hue_rotate__hover=&#8220;0deg&#8220; filter_hue_rotate__hover_enabled=&#8220;0deg&#8220; filter_saturate__hover=&#8220;100%&#8220; filter_saturate__hover_enabled=&#8220;100%&#8220; filter_brightness__hover=&#8220;100%&#8220; filter_brightness__hover_enabled=&#8220;100%&#8220; filter_contrast__hover=&#8220;100%&#8220; filter_contrast__hover_enabled=&#8220;100%&#8220; filter_invert__hover=&#8220;0%&#8220; filter_invert__hover_enabled=&#8220;0%&#8220; filter_sepia__hover=&#8220;0%&#8220; filter_sepia__hover_enabled=&#8220;0%&#8220; filter_opacity__hover=&#8220;100%&#8220; filter_opacity__hover_enabled=&#8220;100%&#8220; filter_blur__hover=&#8220;0px&#8220; filter_blur__hover_enabled=&#8220;0px&#8220; mix_blend_mode__hover=&#8220;normal&#8220; mix_blend_mode__hover_enabled=&#8220;normal&#8220; animation_style__hover=&#8220;none&#8220; animation_style__hover_enabled=&#8220;none&#8220; animation_repeat__hover=&#8220;once&#8220; animation_repeat__hover_enabled=&#8220;once&#8220; animation_direction__hover=&#8220;center&#8220; animation_direction__hover_enabled=&#8220;center&#8220; animation_duration__hover=&#8220;1000ms&#8220; animation_duration__hover_enabled=&#8220;1000ms&#8220; animation_delay__hover=&#8220;0ms&#8220; animation_delay__hover_enabled=&#8220;0ms&#8220; animation_intensity_slide__hover=&#8220;50%&#8220; animation_intensity_slide__hover_enabled=&#8220;50%&#8220; animation_intensity_zoom__hover=&#8220;50%&#8220; animation_intensity_zoom__hover_enabled=&#8220;50%&#8220; animation_intensity_flip__hover=&#8220;50%&#8220; animation_intensity_flip__hover_enabled=&#8220;50%&#8220; animation_intensity_fold__hover=&#8220;50%&#8220; animation_intensity_fold__hover_enabled=&#8220;50%&#8220; animation_intensity_roll__hover=&#8220;50%&#8220; animation_intensity_roll__hover_enabled=&#8220;50%&#8220; animation_starting_opacity__hover=&#8220;0%&#8220; animation_starting_opacity__hover_enabled=&#8220;0%&#8220; animation_speed_curve__hover=&#8220;ease-in-out&#8220; animation_speed_curve__hover_enabled=&#8220;ease-in-out&#8220; hover_transition_duration__hover=&#8220;300ms&#8220; hover_transition_duration__hover_enabled=&#8220;300ms&#8220; hover_transition_delay__hover=&#8220;0ms&#8220; hover_transition_delay__hover_enabled=&#8220;0ms&#8220; hover_transition_speed_curve__hover=&#8220;ease&#8220; hover_transition_speed_curve__hover_enabled=&#8220;ease&#8220;][et_pb_fullwidth_image src=&#8220;https:\/\/codependency.eu\/wp-content\/uploads\/2020\/07\/charity-23.png&#8220; _builder_version=&#8220;3.17.2&#8243; show_in_lightbox__hover=&#8220;off&#8220; show_in_lightbox__hover_enabled=&#8220;off&#8220; url_new_window__hover=&#8220;off&#8220; url_new_window__hover_enabled=&#8220;off&#8220; use_overlay__hover=&#8220;off&#8220; use_overlay__hover_enabled=&#8220;off&#8220; animation_style__hover=&#8220;none&#8220; animation_style__hover_enabled=&#8220;none&#8220; animation_direction__hover=&#8220;center&#8220; animation_direction__hover_enabled=&#8220;center&#8220; animation_intensity_slide__hover=&#8220;50%&#8220; animation_intensity_slide__hover_enabled=&#8220;50%&#8220; use_background_color_gradient__hover=&#8220;off&#8220; use_background_color_gradient__hover_enabled=&#8220;off&#8220; background_color_gradient_start__hover=&#8220;#2b87da&#8220; background_color_gradient_start__hover_enabled=&#8220;#2b87da&#8220; background_color_gradient_end__hover=&#8220;#29c4a9&#8243; background_color_gradient_end__hover_enabled=&#8220;#29c4a9&#8243; background_color_gradient_type__hover=&#8220;linear&#8220; background_color_gradient_type__hover_enabled=&#8220;linear&#8220; background_color_gradient_direction__hover=&#8220;180deg&#8220; background_color_gradient_direction__hover_enabled=&#8220;180deg&#8220; background_color_gradient_direction_radial__hover=&#8220;center&#8220; background_color_gradient_direction_radial__hover_enabled=&#8220;center&#8220; background_color_gradient_start_position__hover=&#8220;0%&#8220; background_color_gradient_start_position__hover_enabled=&#8220;0%&#8220; background_color_gradient_end_position__hover=&#8220;100%&#8220; background_color_gradient_end_position__hover_enabled=&#8220;100%&#8220; background_color_gradient_overlays_image__hover=&#8220;off&#8220; background_color_gradient_overlays_image__hover_enabled=&#8220;off&#8220; parallax__hover=&#8220;off&#8220; parallax__hover_enabled=&#8220;off&#8220; parallax_method__hover=&#8220;on&#8220; parallax_method__hover_enabled=&#8220;on&#8220; background_size__hover=&#8220;cover&#8220; background_size__hover_enabled=&#8220;cover&#8220; background_position__hover=&#8220;center&#8220; background_position__hover_enabled=&#8220;center&#8220; background_repeat__hover=&#8220;no-repeat&#8220; background_repeat__hover_enabled=&#8220;no-repeat&#8220; background_blend__hover=&#8220;normal&#8220; background_blend__hover_enabled=&#8220;normal&#8220; allow_player_pause__hover=&#8220;off&#8220; allow_player_pause__hover_enabled=&#8220;off&#8220; background_video_pause_outside_viewport__hover=&#8220;on&#8220; background_video_pause_outside_viewport__hover_enabled=&#8220;on&#8220; border_radii__hover=&#8220;on||||&#8220; border_radii__hover_enabled=&#8220;on||||&#8220; box_shadow_style__hover=&#8220;none&#8220; box_shadow_style__hover_enabled=&#8220;none&#8220; box_shadow_color__hover=&#8220;rgba(0,0,0,0.3)&#8220; box_shadow_color__hover_enabled=&#8220;rgba(0,0,0,0.3)&#8220; max_width__hover=&#8220;100%&#8220; max_width__hover_enabled=&#8220;100%&#8220; filter_hue_rotate__hover=&#8220;0deg&#8220; filter_hue_rotate__hover_enabled=&#8220;0deg&#8220; filter_saturate__hover=&#8220;100%&#8220; filter_saturate__hover_enabled=&#8220;100%&#8220; filter_brightness__hover=&#8220;100%&#8220; filter_brightness__hover_enabled=&#8220;100%&#8220; filter_contrast__hover=&#8220;100%&#8220; filter_contrast__hover_enabled=&#8220;100%&#8220; filter_invert__hover=&#8220;0%&#8220; filter_invert__hover_enabled=&#8220;0%&#8220; filter_sepia__hover=&#8220;0%&#8220; filter_sepia__hover_enabled=&#8220;0%&#8220; filter_opacity__hover=&#8220;100%&#8220; filter_opacity__hover_enabled=&#8220;100%&#8220; filter_blur__hover=&#8220;0px&#8220; filter_blur__hover_enabled=&#8220;0px&#8220; mix_blend_mode__hover=&#8220;normal&#8220; mix_blend_mode__hover_enabled=&#8220;normal&#8220; animation_repeat__hover=&#8220;once&#8220; animation_repeat__hover_enabled=&#8220;once&#8220; animation_duration__hover=&#8220;1000ms&#8220; animation_duration__hover_enabled=&#8220;1000ms&#8220; animation_delay__hover=&#8220;0ms&#8220; animation_delay__hover_enabled=&#8220;0ms&#8220; animation_intensity_zoom__hover=&#8220;50%&#8220; animation_intensity_zoom__hover_enabled=&#8220;50%&#8220; animation_intensity_flip__hover=&#8220;50%&#8220; animation_intensity_flip__hover_enabled=&#8220;50%&#8220; animation_intensity_fold__hover=&#8220;50%&#8220; animation_intensity_fold__hover_enabled=&#8220;50%&#8220; animation_intensity_roll__hover=&#8220;50%&#8220; animation_intensity_roll__hover_enabled=&#8220;50%&#8220; animation_starting_opacity__hover=&#8220;0%&#8220; animation_starting_opacity__hover_enabled=&#8220;0%&#8220; animation_speed_curve__hover=&#8220;ease-in-out&#8220; animation_speed_curve__hover_enabled=&#8220;ease-in-out&#8220; hover_transition_duration__hover=&#8220;300ms&#8220; hover_transition_duration__hover_enabled=&#8220;300ms&#8220; hover_transition_delay__hover=&#8220;0ms&#8220; hover_transition_delay__hover_enabled=&#8220;0ms&#8220; hover_transition_speed_curve__hover=&#8220;ease&#8220; hover_transition_speed_curve__hover_enabled=&#8220;ease&#8220;][\/et_pb_fullwidth_image][\/et_pb_section]<\/p>\n","protected":false},"excerpt":{"rendered":"<p>[et_pb_section fb_built=&#8220;1&#8243; admin_label=&#8220;Header&#8220; _builder_version=&#8220;4.5.1&#8243; background_color=&#8220;#f7f9f9&#8243; background_image=&#8220;https:\/\/codependency.eu\/wp-content\/uploads\/2021\/06\/problem-8-hero.jpg&#8220; parallax=&#8220;on&#8220; custom_padding=&#8220;10%||10%||false|false&#8220; collapsed=&#8220;off&#8220;][et_pb_row _builder_version=&#8220;3.25&#8243;][et_pb_column type=&#8220;4_4&#8243; _builder_version=&#8220;3.25&#8243; custom_padding=&#8220;60px|||&#8220; custom_padding_tablet=&#8220;0px||&#8220; custom_padding_phone=&#8220;&#8220; custom_padding_last_edited=&#8220;on|tablet&#8220; padding_tablet=&#8220;0px||&#8220; padding_last_edited=&#8220;on|tablet&#8220; custom_padding__hover=&#8220;|||&#8220;][et_pb_text admin_label=&#8220;Drug Codependence&#8220; _builder_version=&#8220;4.5.1&#8243; text_font=&#8220;||||||||&#8220; text_line_height=&#8220;2em&#8220; header_font=&#8220;Faustina|600|||||||&#8220; header_text_color=&#8220;#ffffff&#8220; header_font_size=&#8220;60px&#8220; header_line_height=&#8220;1.3em&#8220; background_layout=&#8220;dark&#8220; hover_enabled=&#8220;0&#8243; header_font_size_tablet=&#8220;50px&#8220; header_font_size_phone=&#8220;30px&#8220; header_font_size_last_edited=&#8220;on|phone&#8220;] DROGEN CODEPENDENCE [\/et_pb_text][\/et_pb_column][\/et_pb_row][\/et_pb_section][et_pb_section fb_built=&#8220;1&#8243; admin_label=&#8220;Description&#8220; _builder_version=&#8220;4.5.1&#8243; _module_preset=&#8220;default&#8220;][et_pb_row _builder_version=&#8220;4.5.1&#8243; _module_preset=&#8220;default&#8220;][et_pb_column type=&#8220;4_4&#8243; _builder_version=&#8220;4.5.1&#8243; _module_preset=&#8220;default&#8220;][et_pb_text admin_label=&#8220;text&#8220; _builder_version=&#8220;4.5.1&#8243; text_font=&#8220;||||||||&#8220; text_text_color=&#8220;#232323&#8243; text_line_height=&#8220;2em&#8220; header_font=&#8220;Faustina|700|||||||&#8220; header_text_align=&#8220;center&#8220; header_text_color=&#8220;#0e7162&#8243; header_font_size=&#8220;60px&#8220; header_line_height=&#8220;1.3em&#8220; [&hellip;]<\/p>\n","protected":false},"author":1,"featured_media":0,"parent":5198,"menu_order":0,"comment_status":"closed","ping_status":"closed","template":"","meta":{"_et_pb_use_builder":"on","_et_pb_old_content":"","_et_gb_content_width":""},"acf":[],"_links":{"self":[{"href":"https:\/\/codependency.eu\/de\/wp-json\/wp\/v2\/pages\/5251"}],"collection":[{"href":"https:\/\/codependency.eu\/de\/wp-json\/wp\/v2\/pages"}],"about":[{"href":"https:\/\/codependency.eu\/de\/wp-json\/wp\/v2\/types\/page"}],"author":[{"embeddable":true,"href":"https:\/\/codependency.eu\/de\/wp-json\/wp\/v2\/users\/1"}],"replies":[{"embeddable":true,"href":"https:\/\/codependency.eu\/de\/wp-json\/wp\/v2\/comments?post=5251"}],"version-history":[{"count":2,"href":"https:\/\/codependency.eu\/de\/wp-json\/wp\/v2\/pages\/5251\/revisions"}],"predecessor-version":[{"id":5323,"href":"https:\/\/codependency.eu\/de\/wp-json\/wp\/v2\/pages\/5251\/revisions\/5323"}],"up":[{"embeddable":true,"href":"https:\/\/codependency.eu\/de\/wp-json\/wp\/v2\/pages\/5198"}],"wp:attachment":[{"href":"https:\/\/codependency.eu\/de\/wp-json\/wp\/v2\/media?parent=5251"}],"curies":[{"name":"wp","href":"https:\/\/api.w.org\/{rel}","templated":true}]}}