{"id":4474,"date":"2021-06-02T01:06:52","date_gmt":"2021-06-02T01:06:52","guid":{"rendered":"https:\/\/codependency.eu\/problems\/alcohol-codependence\/"},"modified":"2021-06-15T07:26:09","modified_gmt":"2021-06-15T07:26:09","slug":"alcohol-codependence","status":"publish","type":"page","link":"https:\/\/codependency.eu\/it\/problems\/alcohol-codependence\/","title":{"rendered":"Codipendenza Alcolica"},"content":{"rendered":"<p>[et_pb_section fb_built=&#8221;1&#8243; admin_label=&#8221;Header&#8221; _builder_version=&#8221;4.5.1&#8243; background_color=&#8221;#f7f9f9&#8243; background_image=&#8221;https:\/\/codependency.eu\/wp-content\/uploads\/2021\/06\/problem-7-hero.jpg&#8221; parallax=&#8221;on&#8221; custom_padding=&#8221;10%||10%||false|false&#8221; collapsed=&#8221;off&#8221;][et_pb_row _builder_version=&#8221;3.25&#8243;][et_pb_column type=&#8221;4_4&#8243; _builder_version=&#8221;3.25&#8243; custom_padding=&#8221;60px|||&#8221; custom_padding_tablet=&#8221;0px||&#8221; custom_padding_phone=&#8221;&#8221; custom_padding_last_edited=&#8221;on|tablet&#8221; padding_tablet=&#8221;0px||&#8221; padding_last_edited=&#8221;on|tablet&#8221; custom_padding__hover=&#8221;|||&#8221;][et_pb_text admin_label=&#8221;Codipendenza Alcolica&#8221; _builder_version=&#8221;4.5.1&#8243; text_font=&#8221;||||||||&#8221; text_line_height=&#8221;2em&#8221; header_font=&#8221;Faustina|600|||||||&#8221; header_text_color=&#8221;#ffffff&#8221; header_font_size=&#8221;60px&#8221; header_line_height=&#8221;1.3em&#8221; background_layout=&#8221;dark&#8221; hover_enabled=&#8221;0&#8243; header_font_size_tablet=&#8221;50px&#8221; header_font_size_phone=&#8221;30px&#8221; header_font_size_last_edited=&#8221;on|phone&#8221;]<\/p>\n<h1 style=\"text-align: center;\">Codipendenza Alcolica<\/h1>\n<p>[\/et_pb_text][\/et_pb_column][\/et_pb_row][\/et_pb_section][et_pb_section fb_built=&#8221;1&#8243; admin_label=&#8221;Description&#8221; _builder_version=&#8221;4.5.1&#8243; _module_preset=&#8221;default&#8221;][et_pb_row _builder_version=&#8221;4.5.1&#8243; _module_preset=&#8221;default&#8221;][et_pb_column type=&#8221;4_4&#8243; _builder_version=&#8221;4.5.1&#8243; _module_preset=&#8221;default&#8221;][et_pb_text admin_label=&#8221;text&#8221; _builder_version=&#8221;4.5.1&#8243; text_font=&#8221;||||||||&#8221; text_text_color=&#8221;#232323&#8243; text_line_height=&#8221;2em&#8221; header_font=&#8221;Faustina|700|||||||&#8221; header_text_align=&#8221;center&#8221; header_text_color=&#8221;#0e7162&#8243; header_font_size=&#8221;60px&#8221; header_line_height=&#8221;1.3em&#8221; header_2_font=&#8221;|700|||||||&#8221; header_2_text_align=&#8221;left&#8221; header_2_text_color=&#8221;#0e7162&#8243; background_layout=&#8221;dark&#8221; hover_enabled=&#8221;0&#8243; header_font_size_tablet=&#8221;50px&#8221; header_font_size_phone=&#8221;40px&#8221; header_font_size_last_edited=&#8221;on|phone&#8221;]<\/p>\n<p>L\u2019alcolismo \u00e8 una malattia cronica che costituisce un problema non solo per il paziente e la sua famiglia, ma anche per la societ\u00e0 nel suo insieme. Senza dubbio, \u00e8 difficile per un alcolista affrontare la propria malattia da solo, soprattutto quando la sua situazione \u00e8 stata prolungata, per cui \u00e8 essenziale l\u2019intervento di specialisti e un trattamento professionale.<\/p>\n<h2>Quali sono i sintomi della dipendenza da alcol?<\/h2>\n<p>L\u2019alcolismo \u00e8 evidente quando tre o pi\u00f9 dei seguenti sintomi si sono presentati nell\u2019ultimo anno:<\/p>\n<ul>\n<li>forte desiderio di consumare alcol, che si manifesta come una compulsione interna;\n<li>mancanza di possibilit\u00e0 di controllare la quantit\u00e0 di utilizzo e il suo inizio e fine;\n<li>bere per alleviare i sintomi dell\u2019astinenza (ansia, mal di testa, tremori, nausea, ecc.) con la convinzione che ci\u00f2 aiuti a migliorare la condizione;\n<li>cadere in uno stato di astinenza;\n<li>sviluppo della tolleranza all&#8217;alcol &#8211; il corpo si abitua all&#8217;alcol in maniera tale da rendere necessarie dosi molto maggiori per ottenere l&#8217;effetto desiderato;\n<li>consumo di alcol senza riguardi \u2013 indipendentemente dall\u2019orario e dalle norme sociali sul bere responsabilmente;\n<li>mancanza di interesse a svolgere attivit\u00e0 che in precedenza erano importanti per la persona e le davano piacere;\n<li>consumo di alcol nonostante le conseguenze negative visibili \u2013 fisiche, mentali, sociali, ecc.\n<\/ul>\n<h2>Come aiutare l\u2019alcolista e noi stessi?<\/h2>\n<ol>\n<li>Sbarazzarsi della colpa<br \/>\n\u00c8 normale, quando il tuo caro ha un problema con l&#8217;alcol, dare la colpa a te stesso. Dir\u00e0 spesso: &#8220;Il motivo per cui bevo sei tu!&#8221; Non credergli. Se il tuo caro \u00e8 un alcolizzato, berr\u00e0 nonostante qualunque cosa tu gli dica. Non \u00e8 colpa tua. La dipendenza dall&#8217;alcol ha preso il sopravvento sul buon senso e tu devi agire. Non c&#8217;\u00e8 tempo per le accuse ma per prendere decisioni.<\/p>\n<li>Non cercare di controllare il bere dell\u2018alcoldipendente<br \/>\nIn molte famiglie con dipendenza da alcol, uno dei partner cerca di limitare l&#8217;alcol dell&#8217;altro. Sfortunatamente, il risultato in questi casi \u00e8 lo stesso: emozioni negative, solitudine e frustrazione. Potresti pensare che questa sia la strada da percorrere, ma faresti meglio a cercare uno specialista che ti aiuti a iniziare a risolvere il problema. Quando un alcolizzato raggiunge un punto di crisi, di solito \u00e8 utile per esso accettare di avere un problema e di dover cercare aiuto. Ma se la loro famiglia e i loro amici si fanno prendere dalla fretta di &#8220;salvarli&#8221; dalla crisi, potrebbero ritardare la ricerca di aiuto. Lascia che la situazione di crisi avvenga. Per coloro che amano la persona dipendente \u00e8 difficile stare a guardare. Ma a volte solo una situazione del genere \u00e8 ci\u00f2 che \u00e8 necessario affinch\u00e9 il tossicodipendente prenda in mano la situazione. In definitiva, la decisione di cambiare deve essere presa da loro.<\/p>\n<li>Non cercare di curarlo da solo<br \/>\nMolte persone non si rendono conto di quanto fatale possa essere il risultato della dipendenza da alcol. Progredisce, portando a una serie di cambiamenti nel corpo e nel comportamento dell\u2019alcolista.<br \/>\nLa dipendenza \u00e8 una malattia del cervello. Non sei uno specialista, quindi \u00e8 meglio cercare l&#8217;aiuto di un professionista in questa situazione.<\/p>\n<p>Gli alcolisti attraversano diverse fasi prima di essere pronti per il cambiamento. Solo se il tossicodipendente si rende conto di aver bisogno di aiuto, allora \u00e8 il momento di farlo. In tutti gli altri casi, il tuo aiuto incontrer\u00e0 resistenze e incomprensioni.<\/p>\n<li>Smettila di nascondere o scusare il comportamento inaccettabile<br \/>\nIl comportamento inaccettabile molto spesso inizia con un piccolo incidente in famiglia di cui tutti dimenticano. Potrebbe trattarsi del furto di un portafoglio, di un&#8217;auto o di un altro oggetto. Pu\u00f2 essere un comportamento aggressivo che ha portato alla violenza fisica. Dopo un po&#8217; di tempo, questo verr\u00e0 ripetuto ma su scala pi\u00f9 ampia e cos\u00ec via fino a quando le cose non si intensificheranno fino alla fine. Restando in silenzio, accettiamo un tale comportamento inaccettabile, che influisce sulla nostra vita e su coloro che amiamo. \u00c8 importante proteggere i tuoi figli da tale comportamento in quanto inaccettabile e dannoso per loro. Ricorda che hai sempre una scelta. Prendi una decisione e cambia la situazione. La soluzione \u00e8 discutere apertamente il problema e prendere misure per risolverlo.<\/p>\n<li>Smetti di aspettarti che si renda conto del problema e che le cose cambieranno<br \/>\nNon aspettarti onest\u00e0 da qualcuno che non si fida di se stesso. Purtroppo, per l\u2019alcolista, le promesse non funzionano poich\u00e9 non le mantiene. Fa promesse a se stesso e lascia il resto te. Risparmiati di perdere tempo, nervi e fiducia per cose irreali. \u00c8 meglio cercare aiuto e un luogo di cura per affrontare la dipendenza da alcol.<\/p>\n<li>Devi separarti dal passato e vivere nel presente<br \/>\nLa chiave per risolvere il problema dell&#8217;alcolismo in famiglia \u00e8 rimanere concentrati nel presente. La dipendenza da alcol \u00e8 una malattia progressiva, cio\u00e8 si inasprisce fino a quando il paziente non cerca aiuto e applica cure per affrontare la sua dipendenza. Non devi permettere che le delusioni e gli errori del passato influenzino le tue scelte oggi perch\u00e9 probabilmente le circostanze sono cambiate.<\/p>\n<li>Non permettere che il dolore del loro comportamento colpisca te<br \/>\nSe la persona a te cara sviene in cortile e tu la sposti delicatamente sul letto di casa, solo tu provi dolore per ci\u00f2 che \u00e8 successo. L&#8217;attenzione si concentra su ci\u00f2 che hai fatto per l\u2019altro &#8211; lo hai &#8220;spostato&#8221; &#8211; invece di &#8220;cosa ha fatto per essere in questo stato&#8221;. Se lo lasci svegliare fuori da solo, ad esser visto dai vicini, sentirsi a disagio e in colpa, noter\u00e0 il problema. \u00c8 crudele e spesso difficile guardare i nostri cari soffrire, ma questo \u00e8 il modo per aiutarli. Solo quando sperimenteranno la propria sofferenza sentiranno il vero bisogno di cambiare e prendere in mano la situazione.<\/p>\n<li>Un&#8217;adeguata cura di s\u00e9 \u00e8 un&#8217;opportunit\u00e0 per aiutare la persona dipendente<br \/>\nPotresti non avere il controllo completo della situazione, ma almeno puoi assicurarti che l&#8217;alcol non prenda completamente il controllo della tua vita e dei tuoi pensieri. Abbi cura di te: questo \u00e8 l&#8217;unico modo in cui agirai a favore della persona amata alcoldipendente, la quale, dopo aver realizzato il problema, avr\u00e0 bisogno di te come supporto durante le fasi successive del trattamento.\n<\/ol>\n<p>[\/et_pb_text][\/et_pb_column][\/et_pb_row][\/et_pb_section][et_pb_section fb_built=&#8221;1&#8243; fullwidth=&#8221;on&#8221; _builder_version=&#8221;3.22&#8243; custom_width_px__hover=&#8221;1080px&#8221; custom_width_px__hover_enabled=&#8221;1080px&#8221; custom_width_percent__hover=&#8221;80%&#8221; custom_width_percent__hover_enabled=&#8221;80%&#8221; use_background_color_gradient__hover=&#8221;off&#8221; use_background_color_gradient__hover_enabled=&#8221;off&#8221; background_color_gradient_start__hover=&#8221;#2b87da&#8221; background_color_gradient_start__hover_enabled=&#8221;#2b87da&#8221; background_color_gradient_end__hover=&#8221;#29c4a9&#8243; background_color_gradient_end__hover_enabled=&#8221;#29c4a9&#8243; background_color_gradient_type__hover=&#8221;linear&#8221; background_color_gradient_type__hover_enabled=&#8221;linear&#8221; background_color_gradient_direction__hover=&#8221;180deg&#8221; background_color_gradient_direction__hover_enabled=&#8221;180deg&#8221; background_color_gradient_direction_radial__hover=&#8221;center&#8221; background_color_gradient_direction_radial__hover_enabled=&#8221;center&#8221; background_color_gradient_start_position__hover=&#8221;0%&#8221; background_color_gradient_start_position__hover_enabled=&#8221;0%&#8221; background_color_gradient_end_position__hover=&#8221;100%&#8221; background_color_gradient_end_position__hover_enabled=&#8221;100%&#8221; background_color_gradient_overlays_image__hover=&#8221;off&#8221; background_color_gradient_overlays_image__hover_enabled=&#8221;off&#8221; parallax__hover=&#8221;off&#8221; parallax__hover_enabled=&#8221;off&#8221; parallax_method__hover=&#8221;on&#8221; parallax_method__hover_enabled=&#8221;on&#8221; background_size__hover=&#8221;cover&#8221; background_size__hover_enabled=&#8221;cover&#8221; background_position__hover=&#8221;center&#8221; background_position__hover_enabled=&#8221;center&#8221; background_repeat__hover=&#8221;no-repeat&#8221; background_repeat__hover_enabled=&#8221;no-repeat&#8221; background_blend__hover=&#8221;normal&#8221; background_blend__hover_enabled=&#8221;normal&#8221; allow_player_pause__hover=&#8221;off&#8221; allow_player_pause__hover_enabled=&#8221;off&#8221; background_video_pause_outside_viewport__hover=&#8221;on&#8221; background_video_pause_outside_viewport__hover_enabled=&#8221;on&#8221; gutter_width__hover=&#8221;3&#8243; gutter_width__hover_enabled=&#8221;3&#8243; parallax_1__hover=&#8221;off&#8221; parallax_1__hover_enabled=&#8221;off&#8221; parallax_2__hover=&#8221;off&#8221; parallax_2__hover_enabled=&#8221;off&#8221; parallax_3__hover=&#8221;off&#8221; parallax_3__hover_enabled=&#8221;off&#8221; parallax_method_1__hover=&#8221;on&#8221; parallax_method_1__hover_enabled=&#8221;on&#8221; parallax_method_2__hover=&#8221;on&#8221; parallax_method_2__hover_enabled=&#8221;on&#8221; parallax_method_3__hover=&#8221;on&#8221; parallax_method_3__hover_enabled=&#8221;on&#8221; inner_shadow__hover=&#8221;off&#8221; inner_shadow__hover_enabled=&#8221;off&#8221; make_fullwidth__hover=&#8221;off&#8221; make_fullwidth__hover_enabled=&#8221;off&#8221; use_custom_width__hover=&#8221;off&#8221; use_custom_width__hover_enabled=&#8221;off&#8221; width_unit__hover=&#8221;on&#8221; width_unit__hover_enabled=&#8221;on&#8221; make_equal__hover=&#8221;off&#8221; make_equal__hover_enabled=&#8221;off&#8221; use_custom_gutter__hover=&#8221;off&#8221; use_custom_gutter__hover_enabled=&#8221;off&#8221; border_radii__hover=&#8221;on||||&#8221; border_radii__hover_enabled=&#8221;on||||&#8221; box_shadow_style__hover=&#8221;none&#8221; box_shadow_style__hover_enabled=&#8221;none&#8221; box_shadow_color__hover=&#8221;rgba(0,0,0,0.3)&#8221; box_shadow_color__hover_enabled=&#8221;rgba(0,0,0,0.3)&#8221; max_width__hover=&#8221;100%&#8221; max_width__hover_enabled=&#8221;100%&#8221; filter_hue_rotate__hover=&#8221;0deg&#8221; filter_hue_rotate__hover_enabled=&#8221;0deg&#8221; filter_saturate__hover=&#8221;100%&#8221; filter_saturate__hover_enabled=&#8221;100%&#8221; filter_brightness__hover=&#8221;100%&#8221; filter_brightness__hover_enabled=&#8221;100%&#8221; filter_contrast__hover=&#8221;100%&#8221; filter_contrast__hover_enabled=&#8221;100%&#8221; filter_invert__hover=&#8221;0%&#8221; filter_invert__hover_enabled=&#8221;0%&#8221; filter_sepia__hover=&#8221;0%&#8221; filter_sepia__hover_enabled=&#8221;0%&#8221; filter_opacity__hover=&#8221;100%&#8221; filter_opacity__hover_enabled=&#8221;100%&#8221; filter_blur__hover=&#8221;0px&#8221; filter_blur__hover_enabled=&#8221;0px&#8221; mix_blend_mode__hover=&#8221;normal&#8221; mix_blend_mode__hover_enabled=&#8221;normal&#8221; animation_style__hover=&#8221;none&#8221; animation_style__hover_enabled=&#8221;none&#8221; animation_repeat__hover=&#8221;once&#8221; animation_repeat__hover_enabled=&#8221;once&#8221; animation_direction__hover=&#8221;center&#8221; animation_direction__hover_enabled=&#8221;center&#8221; animation_duration__hover=&#8221;1000ms&#8221; animation_duration__hover_enabled=&#8221;1000ms&#8221; animation_delay__hover=&#8221;0ms&#8221; animation_delay__hover_enabled=&#8221;0ms&#8221; animation_intensity_slide__hover=&#8221;50%&#8221; animation_intensity_slide__hover_enabled=&#8221;50%&#8221; animation_intensity_zoom__hover=&#8221;50%&#8221; animation_intensity_zoom__hover_enabled=&#8221;50%&#8221; animation_intensity_flip__hover=&#8221;50%&#8221; animation_intensity_flip__hover_enabled=&#8221;50%&#8221; animation_intensity_fold__hover=&#8221;50%&#8221; animation_intensity_fold__hover_enabled=&#8221;50%&#8221; animation_intensity_roll__hover=&#8221;50%&#8221; animation_intensity_roll__hover_enabled=&#8221;50%&#8221; animation_starting_opacity__hover=&#8221;0%&#8221; animation_starting_opacity__hover_enabled=&#8221;0%&#8221; animation_speed_curve__hover=&#8221;ease-in-out&#8221; animation_speed_curve__hover_enabled=&#8221;ease-in-out&#8221; hover_transition_duration__hover=&#8221;300ms&#8221; hover_transition_duration__hover_enabled=&#8221;300ms&#8221; hover_transition_delay__hover=&#8221;0ms&#8221; hover_transition_delay__hover_enabled=&#8221;0ms&#8221; hover_transition_speed_curve__hover=&#8221;ease&#8221; hover_transition_speed_curve__hover_enabled=&#8221;ease&#8221;][et_pb_fullwidth_image src=&#8221;https:\/\/codependency.eu\/wp-content\/uploads\/2020\/07\/charity-23.png&#8221; _builder_version=&#8221;3.17.2&#8243; show_in_lightbox__hover=&#8221;off&#8221; show_in_lightbox__hover_enabled=&#8221;off&#8221; url_new_window__hover=&#8221;off&#8221; url_new_window__hover_enabled=&#8221;off&#8221; use_overlay__hover=&#8221;off&#8221; use_overlay__hover_enabled=&#8221;off&#8221; animation_style__hover=&#8221;none&#8221; animation_style__hover_enabled=&#8221;none&#8221; animation_direction__hover=&#8221;center&#8221; animation_direction__hover_enabled=&#8221;center&#8221; animation_intensity_slide__hover=&#8221;50%&#8221; animation_intensity_slide__hover_enabled=&#8221;50%&#8221; use_background_color_gradient__hover=&#8221;off&#8221; use_background_color_gradient__hover_enabled=&#8221;off&#8221; background_color_gradient_start__hover=&#8221;#2b87da&#8221; background_color_gradient_start__hover_enabled=&#8221;#2b87da&#8221; background_color_gradient_end__hover=&#8221;#29c4a9&#8243; background_color_gradient_end__hover_enabled=&#8221;#29c4a9&#8243; background_color_gradient_type__hover=&#8221;linear&#8221; background_color_gradient_type__hover_enabled=&#8221;linear&#8221; background_color_gradient_direction__hover=&#8221;180deg&#8221; background_color_gradient_direction__hover_enabled=&#8221;180deg&#8221; background_color_gradient_direction_radial__hover=&#8221;center&#8221; background_color_gradient_direction_radial__hover_enabled=&#8221;center&#8221; background_color_gradient_start_position__hover=&#8221;0%&#8221; background_color_gradient_start_position__hover_enabled=&#8221;0%&#8221; background_color_gradient_end_position__hover=&#8221;100%&#8221; background_color_gradient_end_position__hover_enabled=&#8221;100%&#8221; background_color_gradient_overlays_image__hover=&#8221;off&#8221; background_color_gradient_overlays_image__hover_enabled=&#8221;off&#8221; parallax__hover=&#8221;off&#8221; parallax__hover_enabled=&#8221;off&#8221; parallax_method__hover=&#8221;on&#8221; parallax_method__hover_enabled=&#8221;on&#8221; background_size__hover=&#8221;cover&#8221; background_size__hover_enabled=&#8221;cover&#8221; background_position__hover=&#8221;center&#8221; background_position__hover_enabled=&#8221;center&#8221; background_repeat__hover=&#8221;no-repeat&#8221; background_repeat__hover_enabled=&#8221;no-repeat&#8221; background_blend__hover=&#8221;normal&#8221; background_blend__hover_enabled=&#8221;normal&#8221; allow_player_pause__hover=&#8221;off&#8221; allow_player_pause__hover_enabled=&#8221;off&#8221; background_video_pause_outside_viewport__hover=&#8221;on&#8221; background_video_pause_outside_viewport__hover_enabled=&#8221;on&#8221; border_radii__hover=&#8221;on||||&#8221; border_radii__hover_enabled=&#8221;on||||&#8221; box_shadow_style__hover=&#8221;none&#8221; box_shadow_style__hover_enabled=&#8221;none&#8221; box_shadow_color__hover=&#8221;rgba(0,0,0,0.3)&#8221; box_shadow_color__hover_enabled=&#8221;rgba(0,0,0,0.3)&#8221; max_width__hover=&#8221;100%&#8221; max_width__hover_enabled=&#8221;100%&#8221; filter_hue_rotate__hover=&#8221;0deg&#8221; filter_hue_rotate__hover_enabled=&#8221;0deg&#8221; filter_saturate__hover=&#8221;100%&#8221; filter_saturate__hover_enabled=&#8221;100%&#8221; filter_brightness__hover=&#8221;100%&#8221; filter_brightness__hover_enabled=&#8221;100%&#8221; filter_contrast__hover=&#8221;100%&#8221; filter_contrast__hover_enabled=&#8221;100%&#8221; filter_invert__hover=&#8221;0%&#8221; filter_invert__hover_enabled=&#8221;0%&#8221; filter_sepia__hover=&#8221;0%&#8221; filter_sepia__hover_enabled=&#8221;0%&#8221; filter_opacity__hover=&#8221;100%&#8221; filter_opacity__hover_enabled=&#8221;100%&#8221; filter_blur__hover=&#8221;0px&#8221; filter_blur__hover_enabled=&#8221;0px&#8221; mix_blend_mode__hover=&#8221;normal&#8221; mix_blend_mode__hover_enabled=&#8221;normal&#8221; animation_repeat__hover=&#8221;once&#8221; animation_repeat__hover_enabled=&#8221;once&#8221; animation_duration__hover=&#8221;1000ms&#8221; animation_duration__hover_enabled=&#8221;1000ms&#8221; animation_delay__hover=&#8221;0ms&#8221; animation_delay__hover_enabled=&#8221;0ms&#8221; animation_intensity_zoom__hover=&#8221;50%&#8221; animation_intensity_zoom__hover_enabled=&#8221;50%&#8221; animation_intensity_flip__hover=&#8221;50%&#8221; animation_intensity_flip__hover_enabled=&#8221;50%&#8221; animation_intensity_fold__hover=&#8221;50%&#8221; animation_intensity_fold__hover_enabled=&#8221;50%&#8221; animation_intensity_roll__hover=&#8221;50%&#8221; animation_intensity_roll__hover_enabled=&#8221;50%&#8221; animation_starting_opacity__hover=&#8221;0%&#8221; animation_starting_opacity__hover_enabled=&#8221;0%&#8221; animation_speed_curve__hover=&#8221;ease-in-out&#8221; animation_speed_curve__hover_enabled=&#8221;ease-in-out&#8221; hover_transition_duration__hover=&#8221;300ms&#8221; hover_transition_duration__hover_enabled=&#8221;300ms&#8221; hover_transition_delay__hover=&#8221;0ms&#8221; hover_transition_delay__hover_enabled=&#8221;0ms&#8221; hover_transition_speed_curve__hover=&#8221;ease&#8221; hover_transition_speed_curve__hover_enabled=&#8221;ease&#8221;][\/et_pb_fullwidth_image][\/et_pb_section]<\/p>\n","protected":false},"excerpt":{"rendered":"<p>[et_pb_section fb_built=&#8221;1&#8243; admin_label=&#8221;Header&#8221; _builder_version=&#8221;4.5.1&#8243; background_color=&#8221;#f7f9f9&#8243; background_image=&#8221;https:\/\/codependency.eu\/wp-content\/uploads\/2021\/06\/problem-7-hero.jpg&#8221; parallax=&#8221;on&#8221; custom_padding=&#8221;10%||10%||false|false&#8221; collapsed=&#8221;off&#8221;][et_pb_row _builder_version=&#8221;3.25&#8243;][et_pb_column type=&#8221;4_4&#8243; _builder_version=&#8221;3.25&#8243; custom_padding=&#8221;60px|||&#8221; custom_padding_tablet=&#8221;0px||&#8221; custom_padding_phone=&#8221;&#8221; custom_padding_last_edited=&#8221;on|tablet&#8221; padding_tablet=&#8221;0px||&#8221; padding_last_edited=&#8221;on|tablet&#8221; custom_padding__hover=&#8221;|||&#8221;][et_pb_text admin_label=&#8221;Codipendenza Alcolica&#8221; _builder_version=&#8221;4.5.1&#8243; text_font=&#8221;||||||||&#8221; text_line_height=&#8221;2em&#8221; header_font=&#8221;Faustina|600|||||||&#8221; header_text_color=&#8221;#ffffff&#8221; header_font_size=&#8221;60px&#8221; header_line_height=&#8221;1.3em&#8221; background_layout=&#8221;dark&#8221; hover_enabled=&#8221;0&#8243; header_font_size_tablet=&#8221;50px&#8221; header_font_size_phone=&#8221;30px&#8221; header_font_size_last_edited=&#8221;on|phone&#8221;] Codipendenza Alcolica [\/et_pb_text][\/et_pb_column][\/et_pb_row][\/et_pb_section][et_pb_section fb_built=&#8221;1&#8243; admin_label=&#8221;Description&#8221; _builder_version=&#8221;4.5.1&#8243; _module_preset=&#8221;default&#8221;][et_pb_row _builder_version=&#8221;4.5.1&#8243; _module_preset=&#8221;default&#8221;][et_pb_column type=&#8221;4_4&#8243; _builder_version=&#8221;4.5.1&#8243; _module_preset=&#8221;default&#8221;][et_pb_text admin_label=&#8221;text&#8221; _builder_version=&#8221;4.5.1&#8243; text_font=&#8221;||||||||&#8221; text_text_color=&#8221;#232323&#8243; text_line_height=&#8221;2em&#8221; header_font=&#8221;Faustina|700|||||||&#8221; header_text_align=&#8221;center&#8221; header_text_color=&#8221;#0e7162&#8243; header_font_size=&#8221;60px&#8221; header_line_height=&#8221;1.3em&#8221; [&hellip;]<\/p>\n","protected":false},"author":1,"featured_media":0,"parent":4457,"menu_order":0,"comment_status":"closed","ping_status":"closed","template":"","meta":{"_et_pb_use_builder":"on","_et_pb_old_content":"","_et_gb_content_width":""},"acf":[],"_links":{"self":[{"href":"https:\/\/codependency.eu\/it\/wp-json\/wp\/v2\/pages\/4474"}],"collection":[{"href":"https:\/\/codependency.eu\/it\/wp-json\/wp\/v2\/pages"}],"about":[{"href":"https:\/\/codependency.eu\/it\/wp-json\/wp\/v2\/types\/page"}],"author":[{"embeddable":true,"href":"https:\/\/codependency.eu\/it\/wp-json\/wp\/v2\/users\/1"}],"replies":[{"embeddable":true,"href":"https:\/\/codependency.eu\/it\/wp-json\/wp\/v2\/comments?post=4474"}],"version-history":[{"count":3,"href":"https:\/\/codependency.eu\/it\/wp-json\/wp\/v2\/pages\/4474\/revisions"}],"predecessor-version":[{"id":4635,"href":"https:\/\/codependency.eu\/it\/wp-json\/wp\/v2\/pages\/4474\/revisions\/4635"}],"up":[{"embeddable":true,"href":"https:\/\/codependency.eu\/it\/wp-json\/wp\/v2\/pages\/4457"}],"wp:attachment":[{"href":"https:\/\/codependency.eu\/it\/wp-json\/wp\/v2\/media?parent=4474"}],"curies":[{"name":"wp","href":"https:\/\/api.w.org\/{rel}","templated":true}]}}