{"id":4478,"date":"2021-06-02T01:45:04","date_gmt":"2021-06-02T01:45:04","guid":{"rendered":"https:\/\/codependency.eu\/problems\/gambling-codependence\/"},"modified":"2021-06-15T07:56:53","modified_gmt":"2021-06-15T07:56:53","slug":"gambling-codependence","status":"publish","type":"page","link":"https:\/\/codependency.eu\/it\/problems\/gambling-codependence\/","title":{"rendered":"Codipendenza da Gioco"},"content":{"rendered":"<p>[et_pb_section fb_built=&#8221;1&#8243; admin_label=&#8221;Header&#8221; _builder_version=&#8221;4.5.1&#8243; background_color=&#8221;#f7f9f9&#8243; background_image=&#8221;https:\/\/codependency.eu\/wp-content\/uploads\/2021\/06\/problem-9-hero.jpg&#8221; parallax=&#8221;on&#8221; custom_padding=&#8221;10%||10%||false|false&#8221; collapsed=&#8221;off&#8221;][et_pb_row _builder_version=&#8221;3.25&#8243;][et_pb_column type=&#8221;4_4&#8243; _builder_version=&#8221;3.25&#8243; custom_padding=&#8221;60px|||&#8221; custom_padding_tablet=&#8221;0px||&#8221; custom_padding_phone=&#8221;&#8221; custom_padding_last_edited=&#8221;on|tablet&#8221; padding_tablet=&#8221;0px||&#8221; padding_last_edited=&#8221;on|tablet&#8221; custom_padding__hover=&#8221;|||&#8221;][et_pb_text admin_label=&#8221;Codipendenza da Gioco&#8221; _builder_version=&#8221;4.5.1&#8243; text_font=&#8221;||||||||&#8221; text_line_height=&#8221;2em&#8221; header_font=&#8221;Faustina|600|||||||&#8221; header_text_color=&#8221;#ffffff&#8221; header_font_size=&#8221;60px&#8221; header_line_height=&#8221;1.3em&#8221; background_layout=&#8221;dark&#8221; header_font_size_tablet=&#8221;50px&#8221; header_font_size_phone=&#8221;30px&#8221; header_font_size_last_edited=&#8221;on|phone&#8221;]<\/p>\n<h1 style=\"text-align: center;\">Codipendenza da Gioco<\/h1>\n<p>[\/et_pb_text][\/et_pb_column][\/et_pb_row][\/et_pb_section][et_pb_section fb_built=&#8221;1&#8243; admin_label=&#8221;Description&#8221; _builder_version=&#8221;4.5.1&#8243; _module_preset=&#8221;default&#8221;][et_pb_row _builder_version=&#8221;4.5.1&#8243; _module_preset=&#8221;default&#8221;][et_pb_column type=&#8221;4_4&#8243; _builder_version=&#8221;4.5.1&#8243; _module_preset=&#8221;default&#8221;][et_pb_text admin_label=&#8221;text&#8221; _builder_version=&#8221;4.5.1&#8243; text_font=&#8221;||||||||&#8221; text_text_color=&#8221;#232323&#8243; text_line_height=&#8221;2em&#8221; header_font=&#8221;Faustina|700|||||||&#8221; header_text_align=&#8221;center&#8221; header_text_color=&#8221;#0e7162&#8243; header_font_size=&#8221;60px&#8221; header_line_height=&#8221;1.3em&#8221; header_2_font=&#8221;|700|||||||&#8221; header_2_text_align=&#8221;left&#8221; header_2_text_color=&#8221;#0e7162&#8243; background_layout=&#8221;dark&#8221; hover_enabled=&#8221;0&#8243; header_font_size_tablet=&#8221;50px&#8221; header_font_size_phone=&#8221;40px&#8221; header_font_size_last_edited=&#8221;on|phone&#8221;]<\/p>\n<h2>Quali sono i sintomi della dipendenza da gioco??<\/h2>\n<p>Questa \u00e8 una dipendenza che non influisce direttamente sulla salute fisica. La dipendenza dal gioco \u00e8 una dipendenza comportamentale che si manifesta nel gioco d&#8217;azzardo incontrollato di qualsiasi tipo. Sebbene non vi sia l&#8217;assunzione di una sostanza psicoattiva, la sensazione euforica delle scommesse porta a cambiamenti nel comportamento e nei processi di pensiero. Porta a problemi nel modo in cui percepiamo il mondo, i valori nella vita, l&#8217;onest\u00e0 nelle relazioni, causa la perdita di memoria e sbalzi d&#8217;umore improvvisi.<\/p>\n<p><strong>I dipendenti da gioco d&#8217;azzardo:<\/strong><\/p>\n<ul>\n<li>pensano costantemente a scommettere e aumentano l&#8217;ammontare delle scommesse;\n<li>tentano senza successo di fermarsi, mentono e si nasconono quando lo fanno;\n<li>diventano irritabili e cambiano spesso d\u2019umore quando non scommettono;\n<li>cercare in tutti i modi di raccogliere fondi (furti da casa e da parenti, prestiti da amici e istituti di credito);\n<li>puntano oggetti di valore e attrezzature di famiglia nei banchi dei pegni;\n<li>sperperano rapidamente il loro stipendio e qualsiasi reddito;\n<li>non possono smettere di scommettere anche quando hanno perso tutto e non hanno pi\u00f9 soldi;\n<li>coinvolgono i loro parenti impegnandoli a rimborsare i prestiti e coprire le perdite finanziarie,\n<li>promettono di smettere col gioco d\u2019azzardo una volta pagati i debiti.\n<\/ul>\n<h2>Come aiutare il dipencdente da gioco d\u2019azzardo e noi stessi?<\/h2>\n<ol>\n<li><strong>Liberazione dalla colpa<\/strong>\n<p>\u00c8 molto importante, come con altre dipendenze, sbarazzarsi della colpa. \u00c8 importante smettere di coprire e saldare i debiti della persona cara.<\/p>\n<li><strong>Riconoscimento del problema e interruzione del processo tossico<\/strong>\n<p>Molto spesso, per non esporsi a parenti e amici, le famiglie cercano modi per coprire i debiti accumulati di figli, genitori o partner. Molti di loro svolgono diversi lavori per estinguere i debiti. D&#8217;altra parte, gli stessi parenti codipendenti accumulano debiti per fornire fondi al giocatore patologico a causa della manipolazione e del ricatto. A volte il comportamento aggressivo si traduce in violenza fisica. Questo processo tossico deve essere fermato. I fondi che fornisci al dipendente da gioco farebbero meglio ad essere indirizzati verso il loro trattamento.<\/p>\n<li><strong>Limitazione della manipolazione<\/strong>\n<p>\u00c8 molto probabile che i parenti del dipendente da gioco cadano nelle sue trappole manipolatrici, che questa volta sia l&#8217;ultima volta e non scommetteranno mai pi\u00f9. In questi momenti il suo comportamento \u00e8 gentile, piange persino, chiede aiuto. Come un bambino piccolo che \u00e8 stato ferito e ha bisogno di aiuto. Naturalmente, qualsiasi genitore o partner pu\u00f2 cedere a tali situazioni.<br \/>\nMa \u00e8 molto importante fare un bilancio e fare una valutazione ragionevole: quante volte negli ultimi mesi ci siamo trovati in questa situazione?! Quali sono state le conseguenze? C&#8217;\u00e8 qualche cambiamento?<br \/>\nE se vogliamo davvero aiutare, \u00e8 importante prima ammettere a noi stessi che questo problema si \u00e8 aggravato. \u00c8 andato oltre le nostre capacit\u00e0 ed \u00e8 ora di interrompere il processo e cercare un aiuto competente.<\/p>\n<li><strong>Non aspettarsi che le cose possano cambiare da s\u00e9<\/strong>\n<p>A volte cadiamo nella trappola delle aspettative e pensiamo che questo stato \/ comportamento sia temporaneo e che presto passer\u00e0. Prima ci rendiamo conto che queste aspettative ci porteranno solo dolore e frustrazione, prima potremo influenzare e cambiare la situazione. Non possiamo avere aspettative su una persona che non pu\u00f2 controllare la propria vita e prendere decisioni. Smetti di aspettarti che si rendano conto della situazione e che le cose cambieranno<br \/>\nNon aspettarti onest\u00e0 da qualcuno che non si fida di se stesso. Sfortunatamente, le promesse non funzionano per i giocatori perch\u00e9 non le mantengono. Non sprecare tempo, nervi e fiducia in cose irreali. \u00c8 meglio cercare aiuto e un luogo di cura per affrontare la dipendenza dal gioco.<\/p>\n<li><strong>Aiuto da uno specialista<\/strong>\n<p>Sebbene la dipendenza dal gioco non danneggi la salute fisica, influisce sul comportamento e sulla vita sia del giocatore patologico che degli altri membri significativi della famiglia. Ecco perch\u00e9 \u00e8 estremamente importante cercare l&#8217;aiuto esterno di uno specialista che ci aiuti a ripristinare sia il nostro equilibrio mentale che quello della persona a noi cara sotto l&#8217;influenza della dipendenza.<\/p>\n<\/ol>\n<p>[\/et_pb_text][\/et_pb_column][\/et_pb_row][\/et_pb_section][et_pb_section fb_built=&#8221;1&#8243; fullwidth=&#8221;on&#8221; _builder_version=&#8221;3.22&#8243; custom_width_px__hover=&#8221;1080px&#8221; custom_width_px__hover_enabled=&#8221;1080px&#8221; custom_width_percent__hover=&#8221;80%&#8221; custom_width_percent__hover_enabled=&#8221;80%&#8221; use_background_color_gradient__hover=&#8221;off&#8221; use_background_color_gradient__hover_enabled=&#8221;off&#8221; background_color_gradient_start__hover=&#8221;#2b87da&#8221; background_color_gradient_start__hover_enabled=&#8221;#2b87da&#8221; background_color_gradient_end__hover=&#8221;#29c4a9&#8243; background_color_gradient_end__hover_enabled=&#8221;#29c4a9&#8243; background_color_gradient_type__hover=&#8221;linear&#8221; background_color_gradient_type__hover_enabled=&#8221;linear&#8221; background_color_gradient_direction__hover=&#8221;180deg&#8221; background_color_gradient_direction__hover_enabled=&#8221;180deg&#8221; background_color_gradient_direction_radial__hover=&#8221;center&#8221; background_color_gradient_direction_radial__hover_enabled=&#8221;center&#8221; background_color_gradient_start_position__hover=&#8221;0%&#8221; background_color_gradient_start_position__hover_enabled=&#8221;0%&#8221; background_color_gradient_end_position__hover=&#8221;100%&#8221; background_color_gradient_end_position__hover_enabled=&#8221;100%&#8221; background_color_gradient_overlays_image__hover=&#8221;off&#8221; background_color_gradient_overlays_image__hover_enabled=&#8221;off&#8221; parallax__hover=&#8221;off&#8221; parallax__hover_enabled=&#8221;off&#8221; parallax_method__hover=&#8221;on&#8221; parallax_method__hover_enabled=&#8221;on&#8221; background_size__hover=&#8221;cover&#8221; background_size__hover_enabled=&#8221;cover&#8221; background_position__hover=&#8221;center&#8221; background_position__hover_enabled=&#8221;center&#8221; background_repeat__hover=&#8221;no-repeat&#8221; background_repeat__hover_enabled=&#8221;no-repeat&#8221; background_blend__hover=&#8221;normal&#8221; background_blend__hover_enabled=&#8221;normal&#8221; allow_player_pause__hover=&#8221;off&#8221; allow_player_pause__hover_enabled=&#8221;off&#8221; background_video_pause_outside_viewport__hover=&#8221;on&#8221; background_video_pause_outside_viewport__hover_enabled=&#8221;on&#8221; gutter_width__hover=&#8221;3&#8243; gutter_width__hover_enabled=&#8221;3&#8243; parallax_1__hover=&#8221;off&#8221; parallax_1__hover_enabled=&#8221;off&#8221; parallax_2__hover=&#8221;off&#8221; parallax_2__hover_enabled=&#8221;off&#8221; parallax_3__hover=&#8221;off&#8221; parallax_3__hover_enabled=&#8221;off&#8221; parallax_method_1__hover=&#8221;on&#8221; parallax_method_1__hover_enabled=&#8221;on&#8221; parallax_method_2__hover=&#8221;on&#8221; parallax_method_2__hover_enabled=&#8221;on&#8221; parallax_method_3__hover=&#8221;on&#8221; parallax_method_3__hover_enabled=&#8221;on&#8221; inner_shadow__hover=&#8221;off&#8221; inner_shadow__hover_enabled=&#8221;off&#8221; make_fullwidth__hover=&#8221;off&#8221; make_fullwidth__hover_enabled=&#8221;off&#8221; use_custom_width__hover=&#8221;off&#8221; use_custom_width__hover_enabled=&#8221;off&#8221; width_unit__hover=&#8221;on&#8221; width_unit__hover_enabled=&#8221;on&#8221; make_equal__hover=&#8221;off&#8221; make_equal__hover_enabled=&#8221;off&#8221; use_custom_gutter__hover=&#8221;off&#8221; use_custom_gutter__hover_enabled=&#8221;off&#8221; border_radii__hover=&#8221;on||||&#8221; border_radii__hover_enabled=&#8221;on||||&#8221; box_shadow_style__hover=&#8221;none&#8221; box_shadow_style__hover_enabled=&#8221;none&#8221; box_shadow_color__hover=&#8221;rgba(0,0,0,0.3)&#8221; box_shadow_color__hover_enabled=&#8221;rgba(0,0,0,0.3)&#8221; max_width__hover=&#8221;100%&#8221; max_width__hover_enabled=&#8221;100%&#8221; filter_hue_rotate__hover=&#8221;0deg&#8221; filter_hue_rotate__hover_enabled=&#8221;0deg&#8221; filter_saturate__hover=&#8221;100%&#8221; filter_saturate__hover_enabled=&#8221;100%&#8221; filter_brightness__hover=&#8221;100%&#8221; filter_brightness__hover_enabled=&#8221;100%&#8221; filter_contrast__hover=&#8221;100%&#8221; filter_contrast__hover_enabled=&#8221;100%&#8221; filter_invert__hover=&#8221;0%&#8221; filter_invert__hover_enabled=&#8221;0%&#8221; filter_sepia__hover=&#8221;0%&#8221; filter_sepia__hover_enabled=&#8221;0%&#8221; filter_opacity__hover=&#8221;100%&#8221; filter_opacity__hover_enabled=&#8221;100%&#8221; filter_blur__hover=&#8221;0px&#8221; filter_blur__hover_enabled=&#8221;0px&#8221; mix_blend_mode__hover=&#8221;normal&#8221; mix_blend_mode__hover_enabled=&#8221;normal&#8221; animation_style__hover=&#8221;none&#8221; animation_style__hover_enabled=&#8221;none&#8221; animation_repeat__hover=&#8221;once&#8221; animation_repeat__hover_enabled=&#8221;once&#8221; animation_direction__hover=&#8221;center&#8221; animation_direction__hover_enabled=&#8221;center&#8221; animation_duration__hover=&#8221;1000ms&#8221; animation_duration__hover_enabled=&#8221;1000ms&#8221; animation_delay__hover=&#8221;0ms&#8221; animation_delay__hover_enabled=&#8221;0ms&#8221; animation_intensity_slide__hover=&#8221;50%&#8221; animation_intensity_slide__hover_enabled=&#8221;50%&#8221; animation_intensity_zoom__hover=&#8221;50%&#8221; animation_intensity_zoom__hover_enabled=&#8221;50%&#8221; animation_intensity_flip__hover=&#8221;50%&#8221; animation_intensity_flip__hover_enabled=&#8221;50%&#8221; animation_intensity_fold__hover=&#8221;50%&#8221; animation_intensity_fold__hover_enabled=&#8221;50%&#8221; animation_intensity_roll__hover=&#8221;50%&#8221; animation_intensity_roll__hover_enabled=&#8221;50%&#8221; animation_starting_opacity__hover=&#8221;0%&#8221; animation_starting_opacity__hover_enabled=&#8221;0%&#8221; animation_speed_curve__hover=&#8221;ease-in-out&#8221; animation_speed_curve__hover_enabled=&#8221;ease-in-out&#8221; hover_transition_duration__hover=&#8221;300ms&#8221; hover_transition_duration__hover_enabled=&#8221;300ms&#8221; hover_transition_delay__hover=&#8221;0ms&#8221; hover_transition_delay__hover_enabled=&#8221;0ms&#8221; hover_transition_speed_curve__hover=&#8221;ease&#8221; hover_transition_speed_curve__hover_enabled=&#8221;ease&#8221;][et_pb_fullwidth_image src=&#8221;https:\/\/codependency.eu\/wp-content\/uploads\/2020\/07\/charity-23.png&#8221; _builder_version=&#8221;3.17.2&#8243; show_in_lightbox__hover=&#8221;off&#8221; show_in_lightbox__hover_enabled=&#8221;off&#8221; url_new_window__hover=&#8221;off&#8221; url_new_window__hover_enabled=&#8221;off&#8221; use_overlay__hover=&#8221;off&#8221; use_overlay__hover_enabled=&#8221;off&#8221; animation_style__hover=&#8221;none&#8221; animation_style__hover_enabled=&#8221;none&#8221; animation_direction__hover=&#8221;center&#8221; animation_direction__hover_enabled=&#8221;center&#8221; animation_intensity_slide__hover=&#8221;50%&#8221; animation_intensity_slide__hover_enabled=&#8221;50%&#8221; use_background_color_gradient__hover=&#8221;off&#8221; use_background_color_gradient__hover_enabled=&#8221;off&#8221; background_color_gradient_start__hover=&#8221;#2b87da&#8221; background_color_gradient_start__hover_enabled=&#8221;#2b87da&#8221; background_color_gradient_end__hover=&#8221;#29c4a9&#8243; background_color_gradient_end__hover_enabled=&#8221;#29c4a9&#8243; background_color_gradient_type__hover=&#8221;linear&#8221; background_color_gradient_type__hover_enabled=&#8221;linear&#8221; background_color_gradient_direction__hover=&#8221;180deg&#8221; background_color_gradient_direction__hover_enabled=&#8221;180deg&#8221; background_color_gradient_direction_radial__hover=&#8221;center&#8221; background_color_gradient_direction_radial__hover_enabled=&#8221;center&#8221; background_color_gradient_start_position__hover=&#8221;0%&#8221; background_color_gradient_start_position__hover_enabled=&#8221;0%&#8221; background_color_gradient_end_position__hover=&#8221;100%&#8221; background_color_gradient_end_position__hover_enabled=&#8221;100%&#8221; background_color_gradient_overlays_image__hover=&#8221;off&#8221; background_color_gradient_overlays_image__hover_enabled=&#8221;off&#8221; parallax__hover=&#8221;off&#8221; parallax__hover_enabled=&#8221;off&#8221; parallax_method__hover=&#8221;on&#8221; parallax_method__hover_enabled=&#8221;on&#8221; background_size__hover=&#8221;cover&#8221; background_size__hover_enabled=&#8221;cover&#8221; background_position__hover=&#8221;center&#8221; background_position__hover_enabled=&#8221;center&#8221; background_repeat__hover=&#8221;no-repeat&#8221; background_repeat__hover_enabled=&#8221;no-repeat&#8221; background_blend__hover=&#8221;normal&#8221; background_blend__hover_enabled=&#8221;normal&#8221; allow_player_pause__hover=&#8221;off&#8221; allow_player_pause__hover_enabled=&#8221;off&#8221; background_video_pause_outside_viewport__hover=&#8221;on&#8221; background_video_pause_outside_viewport__hover_enabled=&#8221;on&#8221; border_radii__hover=&#8221;on||||&#8221; border_radii__hover_enabled=&#8221;on||||&#8221; box_shadow_style__hover=&#8221;none&#8221; box_shadow_style__hover_enabled=&#8221;none&#8221; box_shadow_color__hover=&#8221;rgba(0,0,0,0.3)&#8221; box_shadow_color__hover_enabled=&#8221;rgba(0,0,0,0.3)&#8221; max_width__hover=&#8221;100%&#8221; max_width__hover_enabled=&#8221;100%&#8221; filter_hue_rotate__hover=&#8221;0deg&#8221; filter_hue_rotate__hover_enabled=&#8221;0deg&#8221; filter_saturate__hover=&#8221;100%&#8221; filter_saturate__hover_enabled=&#8221;100%&#8221; filter_brightness__hover=&#8221;100%&#8221; filter_brightness__hover_enabled=&#8221;100%&#8221; filter_contrast__hover=&#8221;100%&#8221; filter_contrast__hover_enabled=&#8221;100%&#8221; filter_invert__hover=&#8221;0%&#8221; filter_invert__hover_enabled=&#8221;0%&#8221; filter_sepia__hover=&#8221;0%&#8221; filter_sepia__hover_enabled=&#8221;0%&#8221; filter_opacity__hover=&#8221;100%&#8221; filter_opacity__hover_enabled=&#8221;100%&#8221; filter_blur__hover=&#8221;0px&#8221; filter_blur__hover_enabled=&#8221;0px&#8221; mix_blend_mode__hover=&#8221;normal&#8221; mix_blend_mode__hover_enabled=&#8221;normal&#8221; animation_repeat__hover=&#8221;once&#8221; animation_repeat__hover_enabled=&#8221;once&#8221; animation_duration__hover=&#8221;1000ms&#8221; animation_duration__hover_enabled=&#8221;1000ms&#8221; animation_delay__hover=&#8221;0ms&#8221; animation_delay__hover_enabled=&#8221;0ms&#8221; animation_intensity_zoom__hover=&#8221;50%&#8221; animation_intensity_zoom__hover_enabled=&#8221;50%&#8221; animation_intensity_flip__hover=&#8221;50%&#8221; animation_intensity_flip__hover_enabled=&#8221;50%&#8221; animation_intensity_fold__hover=&#8221;50%&#8221; animation_intensity_fold__hover_enabled=&#8221;50%&#8221; animation_intensity_roll__hover=&#8221;50%&#8221; animation_intensity_roll__hover_enabled=&#8221;50%&#8221; animation_starting_opacity__hover=&#8221;0%&#8221; animation_starting_opacity__hover_enabled=&#8221;0%&#8221; animation_speed_curve__hover=&#8221;ease-in-out&#8221; animation_speed_curve__hover_enabled=&#8221;ease-in-out&#8221; hover_transition_duration__hover=&#8221;300ms&#8221; hover_transition_duration__hover_enabled=&#8221;300ms&#8221; hover_transition_delay__hover=&#8221;0ms&#8221; hover_transition_delay__hover_enabled=&#8221;0ms&#8221; hover_transition_speed_curve__hover=&#8221;ease&#8221; hover_transition_speed_curve__hover_enabled=&#8221;ease&#8221;][\/et_pb_fullwidth_image][\/et_pb_section]<\/p>\n","protected":false},"excerpt":{"rendered":"<p>[et_pb_section fb_built=&#8221;1&#8243; admin_label=&#8221;Header&#8221; _builder_version=&#8221;4.5.1&#8243; background_color=&#8221;#f7f9f9&#8243; background_image=&#8221;https:\/\/codependency.eu\/wp-content\/uploads\/2021\/06\/problem-9-hero.jpg&#8221; parallax=&#8221;on&#8221; custom_padding=&#8221;10%||10%||false|false&#8221; collapsed=&#8221;off&#8221;][et_pb_row _builder_version=&#8221;3.25&#8243;][et_pb_column type=&#8221;4_4&#8243; _builder_version=&#8221;3.25&#8243; custom_padding=&#8221;60px|||&#8221; custom_padding_tablet=&#8221;0px||&#8221; custom_padding_phone=&#8221;&#8221; custom_padding_last_edited=&#8221;on|tablet&#8221; padding_tablet=&#8221;0px||&#8221; padding_last_edited=&#8221;on|tablet&#8221; custom_padding__hover=&#8221;|||&#8221;][et_pb_text admin_label=&#8221;Codipendenza da Gioco&#8221; _builder_version=&#8221;4.5.1&#8243; text_font=&#8221;||||||||&#8221; text_line_height=&#8221;2em&#8221; header_font=&#8221;Faustina|600|||||||&#8221; header_text_color=&#8221;#ffffff&#8221; header_font_size=&#8221;60px&#8221; header_line_height=&#8221;1.3em&#8221; background_layout=&#8221;dark&#8221; header_font_size_tablet=&#8221;50px&#8221; header_font_size_phone=&#8221;30px&#8221; header_font_size_last_edited=&#8221;on|phone&#8221;] Codipendenza da Gioco [\/et_pb_text][\/et_pb_column][\/et_pb_row][\/et_pb_section][et_pb_section fb_built=&#8221;1&#8243; admin_label=&#8221;Description&#8221; _builder_version=&#8221;4.5.1&#8243; _module_preset=&#8221;default&#8221;][et_pb_row _builder_version=&#8221;4.5.1&#8243; _module_preset=&#8221;default&#8221;][et_pb_column type=&#8221;4_4&#8243; _builder_version=&#8221;4.5.1&#8243; _module_preset=&#8221;default&#8221;][et_pb_text admin_label=&#8221;text&#8221; _builder_version=&#8221;4.5.1&#8243; text_font=&#8221;||||||||&#8221; text_text_color=&#8221;#232323&#8243; text_line_height=&#8221;2em&#8221; header_font=&#8221;Faustina|700|||||||&#8221; header_text_align=&#8221;center&#8221; header_text_color=&#8221;#0e7162&#8243; header_font_size=&#8221;60px&#8221; [&hellip;]<\/p>\n","protected":false},"author":1,"featured_media":0,"parent":4457,"menu_order":0,"comment_status":"closed","ping_status":"closed","template":"","meta":{"_et_pb_use_builder":"on","_et_pb_old_content":"","_et_gb_content_width":""},"acf":[],"_links":{"self":[{"href":"https:\/\/codependency.eu\/it\/wp-json\/wp\/v2\/pages\/4478"}],"collection":[{"href":"https:\/\/codependency.eu\/it\/wp-json\/wp\/v2\/pages"}],"about":[{"href":"https:\/\/codependency.eu\/it\/wp-json\/wp\/v2\/types\/page"}],"author":[{"embeddable":true,"href":"https:\/\/codependency.eu\/it\/wp-json\/wp\/v2\/users\/1"}],"replies":[{"embeddable":true,"href":"https:\/\/codependency.eu\/it\/wp-json\/wp\/v2\/comments?post=4478"}],"version-history":[{"count":4,"href":"https:\/\/codependency.eu\/it\/wp-json\/wp\/v2\/pages\/4478\/revisions"}],"predecessor-version":[{"id":4645,"href":"https:\/\/codependency.eu\/it\/wp-json\/wp\/v2\/pages\/4478\/revisions\/4645"}],"up":[{"embeddable":true,"href":"https:\/\/codependency.eu\/it\/wp-json\/wp\/v2\/pages\/4457"}],"wp:attachment":[{"href":"https:\/\/codependency.eu\/it\/wp-json\/wp\/v2\/media?parent=4478"}],"curies":[{"name":"wp","href":"https:\/\/api.w.org\/{rel}","templated":true}]}}