{"id":4817,"date":"2020-10-29T10:50:34","date_gmt":"2020-10-29T10:50:34","guid":{"rendered":"https:\/\/codependency.eu\/problems\/stages-that-the-codependent-person-goes-through\/"},"modified":"2021-06-21T08:03:25","modified_gmt":"2021-06-21T08:03:25","slug":"stages-that-the-codependent-person-goes-through","status":"publish","type":"page","link":"https:\/\/codependency.eu\/ro\/problems\/stages-that-the-codependent-person-goes-through\/","title":{"rendered":"Etape prin care trece persoana codependent\u0103"},"content":{"rendered":"<p>[et_pb_section fb_built=&#8221;1&#8243; admin_label=&#8221;Header&#8221; _builder_version=&#8221;4.5.1&#8243; background_color=&#8221;#f7f9f9&#8243; background_image=&#8221;https:\/\/codependency.eu\/wp-content\/uploads\/2021\/06\/problem-4-hero.jpg&#8221; parallax=&#8221;on&#8221; custom_padding=&#8221;10%||10%||false|false&#8221; collapsed=&#8221;off&#8221;][et_pb_row _builder_version=&#8221;4.5.1&#8243; max_width=&#8221;980px&#8221; module_alignment=&#8221;center&#8221;][et_pb_column type=&#8221;4_4&#8243; _builder_version=&#8221;3.25&#8243; custom_padding=&#8221;60px|||&#8221; custom_padding_tablet=&#8221;0px||&#8221; custom_padding_phone=&#8221;&#8221; custom_padding_last_edited=&#8221;on|tablet&#8221; padding_tablet=&#8221;0px||&#8221; padding_last_edited=&#8221;on|tablet&#8221; custom_padding__hover=&#8221;|||&#8221;][et_pb_text admin_label=&#8221;Etape prin care trece persoana codependent\u0103&#8221; _builder_version=&#8221;4.5.1&#8243; text_font=&#8221;||||||||&#8221; text_line_height=&#8221;2em&#8221; header_font=&#8221;Faustina|600|||||||&#8221; header_text_color=&#8221;#ffffff&#8221; header_font_size=&#8221;60px&#8221; header_line_height=&#8221;1.3em&#8221; background_layout=&#8221;dark&#8221; hover_enabled=&#8221;0&#8243; header_font_size_tablet=&#8221;50px&#8221; header_font_size_phone=&#8221;30px&#8221; header_font_size_last_edited=&#8221;on|phone&#8221;]<\/p>\n<h1 style=\"text-align: center;\">Etape prin care trece persoana codependent\u0103<\/h1>\n<p>[\/et_pb_text][\/et_pb_column][\/et_pb_row][\/et_pb_section][et_pb_section fb_built=&#8221;1&#8243; admin_label=&#8221;Description&#8221; _builder_version=&#8221;4.5.1&#8243; _module_preset=&#8221;default&#8221;][et_pb_row _builder_version=&#8221;4.5.1&#8243; _module_preset=&#8221;default&#8221;][et_pb_column type=&#8221;4_4&#8243; _builder_version=&#8221;4.5.1&#8243; _module_preset=&#8221;default&#8221;][et_pb_text admin_label=&#8221;text&#8221; _builder_version=&#8221;4.5.1&#8243; text_font=&#8221;||||||||&#8221; text_text_color=&#8221;#232323&#8243; text_line_height=&#8221;2em&#8221; header_font=&#8221;Faustina|700|||||||&#8221; header_text_align=&#8221;center&#8221; header_text_color=&#8221;#0e7162&#8243; header_font_size=&#8221;60px&#8221; header_line_height=&#8221;1.3em&#8221; header_2_font=&#8221;|700|||||||&#8221; header_2_text_align=&#8221;center&#8221; header_2_text_color=&#8221;#0e7162&#8243; background_layout=&#8221;dark&#8221; hover_enabled=&#8221;0&#8243; header_font_size_tablet=&#8221;50px&#8221; header_font_size_phone=&#8221;40px&#8221; header_font_size_last_edited=&#8221;on|phone&#8221;]<\/p>\n<ul style=\"list-style-type: upper-roman;\">\n<li><strong>Cauze primare care pot face o persoan\u0103 codependent\u0103<\/strong>\n<ul>\n<li>De obicei, acea persoan\u0103 a crescut \u00eentr-o familie sup\u0103rat\u0103 \u0219i a st\u0103p\u00e2nit regula conform c\u0103reia \u201egrija\u201d pentru ceilal\u021bi este o m\u0103sur\u0103 a valorii de sine.\n<li>Nu au reu\u0219it s\u0103-\u0219i \u201evindece\u201d p\u0103rin\u021bii, a\u0219a c\u0103 vor \u201evindeca\u201d persoana care sufer\u0103 de alcoolism, dependen\u021b\u0103 de droguri, jocuri de noroc, computer sau tulbur\u0103ri alimentare.\n<li>G\u0103sesc o persoan\u0103 cu o dependen\u021b\u0103 similar\u0103 care \u201eare nevoie\u201d de control.\n<li>\u00cencep s\u0103 se \u00eendoiasc\u0103 de modul \u00een care percep lucrurile \u0219i, pentru a ar\u0103ta hot\u0103r\u00e2re, \u00eencearc\u0103 s\u0103 controleze consumul de alcool, droguri, alimente al celuilalt.\n<li>Via\u021ba social\u0103 este, de asemenea, afectat\u0103. Se izoleaz\u0103 de comunitate pentru a \u201eajuta\u201d persoana care sufer\u0103 de dependen\u021b\u0103.\n<\/ul>\n<li><strong>Perioada de obsesie \u0219i secret<\/strong><br \/><strong>Obsesie<\/strong>\n<ul>\n<li>Depunerea de cereri \u0219i amenin\u021b\u0103ri legate de consumul de alcool, droguri sau trecerea frontierei unui joc \u00een sala de jocuri de noroc sau \u00een computerele celeilalte persoane.\n<li>Se condamn\u0103 singuri \u0219i cred c\u0103 motivul dependen\u021bei este \u00een ei.\n<li>Ascund alcoolului, banilor, drogurilor, cablurilor de computer de la persoana dependent\u0103\n<li>\u00cencercarea de a controla dependen\u021ba partenerului \/ copilului prin frecare, f\u0103c\u00e2nd r\u00e2nduri.\n<li>Prezint\u0103 furie \u0219i frustrare deoarece persoana dependent\u0103 nu \u00ee\u0219i respect\u0103 promisiunile.\n<\/ul>\n<p><strong>Secretul<\/strong><\/p>\n<ul>\n<li>Spioneaz\u0103 constant sau acoper\u0103 persoana care sufer\u0103 de dependen\u021b\u0103.\n<li>Ei \u00ee\u0219i asum\u0103 responsabilitatea \u0219i \u00een locul lor.\n<li>\u00cen timpul unei conversa\u021bii, ei sunt complet obseda\u021bi de aten\u021bie pentru a preveni contactul dintre persoana dependent\u0103 \u0219i alte persoane.\n<li>Izbucniri de furie inadecvate.\n<\/ul>\n<li><strong>Pierderea controlului<\/strong>\n<ul>\n<li>\u00cencerc\u0103ri disperate \u0219i agresive de a controla consumul de alcool, droguri sau o vizit\u0103 la un club de jocuri, st\u0103 \u00een fa\u021ba computerului persoanei interesate de acesta. Se lupt\u0103 constant cu ei.\n<li>Neglijare fizic\u0103 \u0219i spiritual\u0103.\n<li>\u00ce\u0219i \u00eendreapt\u0103 aten\u021bia \u00een afara c\u0103s\u0103toriei, \u00eencep s\u0103 tri\u0219eze, devin muncitori sau absorbi\u021bi de unele interese secundare.\n<li>\u00ce\u0219i pierd flexibilitatea, sunt cople\u0219i\u021bi de sentimentele de proprietate. Sunt sup\u0103ra\u021bi de cele mai multe ori. Se feresc s\u0103 dezv\u0103luie problemele interne.\n<li>Pot suferi de o boal\u0103 legat\u0103 de problem\u0103, cum ar fi ulcere, erup\u021bii cutanate, migrene, depresie, obezitate sau abuz de sedative.\n<li>Izbucniri constante de furie.\n<li>\u00cencep s\u0103 se simt\u0103 r\u0103i \u0219i obosi\u021bi de faptul c\u0103 se simt constant r\u0103u \u0219i obosi\u021bi.\n<\/ul>\n<\/li>\n<\/ul>\n<p>[\/et_pb_text][\/et_pb_column][\/et_pb_row][\/et_pb_section][et_pb_section fb_built=&#8221;1&#8243; fullwidth=&#8221;on&#8221; _builder_version=&#8221;3.22&#8243; custom_width_px__hover=&#8221;1080px&#8221; custom_width_px__hover_enabled=&#8221;1080px&#8221; custom_width_percent__hover=&#8221;80%&#8221; custom_width_percent__hover_enabled=&#8221;80%&#8221; use_background_color_gradient__hover=&#8221;off&#8221; use_background_color_gradient__hover_enabled=&#8221;off&#8221; background_color_gradient_start__hover=&#8221;#2b87da&#8221; background_color_gradient_start__hover_enabled=&#8221;#2b87da&#8221; background_color_gradient_end__hover=&#8221;#29c4a9&#8243; background_color_gradient_end__hover_enabled=&#8221;#29c4a9&#8243; background_color_gradient_type__hover=&#8221;linear&#8221; background_color_gradient_type__hover_enabled=&#8221;linear&#8221; background_color_gradient_direction__hover=&#8221;180deg&#8221; background_color_gradient_direction__hover_enabled=&#8221;180deg&#8221; background_color_gradient_direction_radial__hover=&#8221;center&#8221; background_color_gradient_direction_radial__hover_enabled=&#8221;center&#8221; background_color_gradient_start_position__hover=&#8221;0%&#8221; background_color_gradient_start_position__hover_enabled=&#8221;0%&#8221; background_color_gradient_end_position__hover=&#8221;100%&#8221; background_color_gradient_end_position__hover_enabled=&#8221;100%&#8221; background_color_gradient_overlays_image__hover=&#8221;off&#8221; background_color_gradient_overlays_image__hover_enabled=&#8221;off&#8221; parallax__hover=&#8221;off&#8221; parallax__hover_enabled=&#8221;off&#8221; parallax_method__hover=&#8221;on&#8221; parallax_method__hover_enabled=&#8221;on&#8221; background_size__hover=&#8221;cover&#8221; background_size__hover_enabled=&#8221;cover&#8221; background_position__hover=&#8221;center&#8221; background_position__hover_enabled=&#8221;center&#8221; background_repeat__hover=&#8221;no-repeat&#8221; background_repeat__hover_enabled=&#8221;no-repeat&#8221; background_blend__hover=&#8221;normal&#8221; background_blend__hover_enabled=&#8221;normal&#8221; allow_player_pause__hover=&#8221;off&#8221; allow_player_pause__hover_enabled=&#8221;off&#8221; background_video_pause_outside_viewport__hover=&#8221;on&#8221; background_video_pause_outside_viewport__hover_enabled=&#8221;on&#8221; gutter_width__hover=&#8221;3&#8243; gutter_width__hover_enabled=&#8221;3&#8243; parallax_1__hover=&#8221;off&#8221; parallax_1__hover_enabled=&#8221;off&#8221; parallax_2__hover=&#8221;off&#8221; parallax_2__hover_enabled=&#8221;off&#8221; parallax_3__hover=&#8221;off&#8221; parallax_3__hover_enabled=&#8221;off&#8221; parallax_method_1__hover=&#8221;on&#8221; parallax_method_1__hover_enabled=&#8221;on&#8221; parallax_method_2__hover=&#8221;on&#8221; parallax_method_2__hover_enabled=&#8221;on&#8221; parallax_method_3__hover=&#8221;on&#8221; parallax_method_3__hover_enabled=&#8221;on&#8221; inner_shadow__hover=&#8221;off&#8221; inner_shadow__hover_enabled=&#8221;off&#8221; make_fullwidth__hover=&#8221;off&#8221; make_fullwidth__hover_enabled=&#8221;off&#8221; use_custom_width__hover=&#8221;off&#8221; use_custom_width__hover_enabled=&#8221;off&#8221; width_unit__hover=&#8221;on&#8221; width_unit__hover_enabled=&#8221;on&#8221; make_equal__hover=&#8221;off&#8221; make_equal__hover_enabled=&#8221;off&#8221; use_custom_gutter__hover=&#8221;off&#8221; use_custom_gutter__hover_enabled=&#8221;off&#8221; border_radii__hover=&#8221;on||||&#8221; border_radii__hover_enabled=&#8221;on||||&#8221; box_shadow_style__hover=&#8221;none&#8221; box_shadow_style__hover_enabled=&#8221;none&#8221; box_shadow_color__hover=&#8221;rgba(0,0,0,0.3)&#8221; box_shadow_color__hover_enabled=&#8221;rgba(0,0,0,0.3)&#8221; max_width__hover=&#8221;100%&#8221; max_width__hover_enabled=&#8221;100%&#8221; filter_hue_rotate__hover=&#8221;0deg&#8221; filter_hue_rotate__hover_enabled=&#8221;0deg&#8221; filter_saturate__hover=&#8221;100%&#8221; filter_saturate__hover_enabled=&#8221;100%&#8221; filter_brightness__hover=&#8221;100%&#8221; filter_brightness__hover_enabled=&#8221;100%&#8221; filter_contrast__hover=&#8221;100%&#8221; filter_contrast__hover_enabled=&#8221;100%&#8221; filter_invert__hover=&#8221;0%&#8221; filter_invert__hover_enabled=&#8221;0%&#8221; filter_sepia__hover=&#8221;0%&#8221; filter_sepia__hover_enabled=&#8221;0%&#8221; filter_opacity__hover=&#8221;100%&#8221; filter_opacity__hover_enabled=&#8221;100%&#8221; filter_blur__hover=&#8221;0px&#8221; filter_blur__hover_enabled=&#8221;0px&#8221; mix_blend_mode__hover=&#8221;normal&#8221; mix_blend_mode__hover_enabled=&#8221;normal&#8221; animation_style__hover=&#8221;none&#8221; animation_style__hover_enabled=&#8221;none&#8221; animation_repeat__hover=&#8221;once&#8221; animation_repeat__hover_enabled=&#8221;once&#8221; animation_direction__hover=&#8221;center&#8221; animation_direction__hover_enabled=&#8221;center&#8221; animation_duration__hover=&#8221;1000ms&#8221; animation_duration__hover_enabled=&#8221;1000ms&#8221; animation_delay__hover=&#8221;0ms&#8221; animation_delay__hover_enabled=&#8221;0ms&#8221; animation_intensity_slide__hover=&#8221;50%&#8221; animation_intensity_slide__hover_enabled=&#8221;50%&#8221; animation_intensity_zoom__hover=&#8221;50%&#8221; animation_intensity_zoom__hover_enabled=&#8221;50%&#8221; animation_intensity_flip__hover=&#8221;50%&#8221; animation_intensity_flip__hover_enabled=&#8221;50%&#8221; animation_intensity_fold__hover=&#8221;50%&#8221; animation_intensity_fold__hover_enabled=&#8221;50%&#8221; animation_intensity_roll__hover=&#8221;50%&#8221; animation_intensity_roll__hover_enabled=&#8221;50%&#8221; animation_starting_opacity__hover=&#8221;0%&#8221; animation_starting_opacity__hover_enabled=&#8221;0%&#8221; animation_speed_curve__hover=&#8221;ease-in-out&#8221; animation_speed_curve__hover_enabled=&#8221;ease-in-out&#8221; hover_transition_duration__hover=&#8221;300ms&#8221; hover_transition_duration__hover_enabled=&#8221;300ms&#8221; hover_transition_delay__hover=&#8221;0ms&#8221; hover_transition_delay__hover_enabled=&#8221;0ms&#8221; hover_transition_speed_curve__hover=&#8221;ease&#8221; hover_transition_speed_curve__hover_enabled=&#8221;ease&#8221;][et_pb_fullwidth_image src=&#8221;https:\/\/codependency.eu\/wp-content\/uploads\/2020\/07\/charity-23.png&#8221; _builder_version=&#8221;3.17.2&#8243; show_in_lightbox__hover=&#8221;off&#8221; show_in_lightbox__hover_enabled=&#8221;off&#8221; url_new_window__hover=&#8221;off&#8221; url_new_window__hover_enabled=&#8221;off&#8221; use_overlay__hover=&#8221;off&#8221; use_overlay__hover_enabled=&#8221;off&#8221; animation_style__hover=&#8221;none&#8221; animation_style__hover_enabled=&#8221;none&#8221; animation_direction__hover=&#8221;center&#8221; animation_direction__hover_enabled=&#8221;center&#8221; animation_intensity_slide__hover=&#8221;50%&#8221; animation_intensity_slide__hover_enabled=&#8221;50%&#8221; use_background_color_gradient__hover=&#8221;off&#8221; use_background_color_gradient__hover_enabled=&#8221;off&#8221; background_color_gradient_start__hover=&#8221;#2b87da&#8221; background_color_gradient_start__hover_enabled=&#8221;#2b87da&#8221; background_color_gradient_end__hover=&#8221;#29c4a9&#8243; background_color_gradient_end__hover_enabled=&#8221;#29c4a9&#8243; background_color_gradient_type__hover=&#8221;linear&#8221; background_color_gradient_type__hover_enabled=&#8221;linear&#8221; background_color_gradient_direction__hover=&#8221;180deg&#8221; background_color_gradient_direction__hover_enabled=&#8221;180deg&#8221; background_color_gradient_direction_radial__hover=&#8221;center&#8221; background_color_gradient_direction_radial__hover_enabled=&#8221;center&#8221; background_color_gradient_start_position__hover=&#8221;0%&#8221; background_color_gradient_start_position__hover_enabled=&#8221;0%&#8221; background_color_gradient_end_position__hover=&#8221;100%&#8221; background_color_gradient_end_position__hover_enabled=&#8221;100%&#8221; background_color_gradient_overlays_image__hover=&#8221;off&#8221; background_color_gradient_overlays_image__hover_enabled=&#8221;off&#8221; parallax__hover=&#8221;off&#8221; parallax__hover_enabled=&#8221;off&#8221; parallax_method__hover=&#8221;on&#8221; parallax_method__hover_enabled=&#8221;on&#8221; background_size__hover=&#8221;cover&#8221; background_size__hover_enabled=&#8221;cover&#8221; background_position__hover=&#8221;center&#8221; background_position__hover_enabled=&#8221;center&#8221; background_repeat__hover=&#8221;no-repeat&#8221; background_repeat__hover_enabled=&#8221;no-repeat&#8221; background_blend__hover=&#8221;normal&#8221; background_blend__hover_enabled=&#8221;normal&#8221; allow_player_pause__hover=&#8221;off&#8221; allow_player_pause__hover_enabled=&#8221;off&#8221; background_video_pause_outside_viewport__hover=&#8221;on&#8221; background_video_pause_outside_viewport__hover_enabled=&#8221;on&#8221; border_radii__hover=&#8221;on||||&#8221; border_radii__hover_enabled=&#8221;on||||&#8221; box_shadow_style__hover=&#8221;none&#8221; box_shadow_style__hover_enabled=&#8221;none&#8221; box_shadow_color__hover=&#8221;rgba(0,0,0,0.3)&#8221; box_shadow_color__hover_enabled=&#8221;rgba(0,0,0,0.3)&#8221; max_width__hover=&#8221;100%&#8221; max_width__hover_enabled=&#8221;100%&#8221; filter_hue_rotate__hover=&#8221;0deg&#8221; filter_hue_rotate__hover_enabled=&#8221;0deg&#8221; filter_saturate__hover=&#8221;100%&#8221; filter_saturate__hover_enabled=&#8221;100%&#8221; filter_brightness__hover=&#8221;100%&#8221; filter_brightness__hover_enabled=&#8221;100%&#8221; filter_contrast__hover=&#8221;100%&#8221; filter_contrast__hover_enabled=&#8221;100%&#8221; filter_invert__hover=&#8221;0%&#8221; filter_invert__hover_enabled=&#8221;0%&#8221; filter_sepia__hover=&#8221;0%&#8221; filter_sepia__hover_enabled=&#8221;0%&#8221; filter_opacity__hover=&#8221;100%&#8221; filter_opacity__hover_enabled=&#8221;100%&#8221; filter_blur__hover=&#8221;0px&#8221; filter_blur__hover_enabled=&#8221;0px&#8221; mix_blend_mode__hover=&#8221;normal&#8221; mix_blend_mode__hover_enabled=&#8221;normal&#8221; animation_repeat__hover=&#8221;once&#8221; animation_repeat__hover_enabled=&#8221;once&#8221; animation_duration__hover=&#8221;1000ms&#8221; animation_duration__hover_enabled=&#8221;1000ms&#8221; animation_delay__hover=&#8221;0ms&#8221; animation_delay__hover_enabled=&#8221;0ms&#8221; animation_intensity_zoom__hover=&#8221;50%&#8221; animation_intensity_zoom__hover_enabled=&#8221;50%&#8221; animation_intensity_flip__hover=&#8221;50%&#8221; animation_intensity_flip__hover_enabled=&#8221;50%&#8221; animation_intensity_fold__hover=&#8221;50%&#8221; animation_intensity_fold__hover_enabled=&#8221;50%&#8221; animation_intensity_roll__hover=&#8221;50%&#8221; animation_intensity_roll__hover_enabled=&#8221;50%&#8221; animation_starting_opacity__hover=&#8221;0%&#8221; animation_starting_opacity__hover_enabled=&#8221;0%&#8221; animation_speed_curve__hover=&#8221;ease-in-out&#8221; animation_speed_curve__hover_enabled=&#8221;ease-in-out&#8221; hover_transition_duration__hover=&#8221;300ms&#8221; hover_transition_duration__hover_enabled=&#8221;300ms&#8221; hover_transition_delay__hover=&#8221;0ms&#8221; hover_transition_delay__hover_enabled=&#8221;0ms&#8221; hover_transition_speed_curve__hover=&#8221;ease&#8221; hover_transition_speed_curve__hover_enabled=&#8221;ease&#8221;][\/et_pb_fullwidth_image][\/et_pb_section]<\/p>\n","protected":false},"excerpt":{"rendered":"<p>[et_pb_section fb_built=&#8221;1&#8243; admin_label=&#8221;Header&#8221; _builder_version=&#8221;4.5.1&#8243; background_color=&#8221;#f7f9f9&#8243; background_image=&#8221;https:\/\/codependency.eu\/wp-content\/uploads\/2021\/06\/problem-4-hero.jpg&#8221; parallax=&#8221;on&#8221; custom_padding=&#8221;10%||10%||false|false&#8221; collapsed=&#8221;off&#8221;][et_pb_row _builder_version=&#8221;4.5.1&#8243; max_width=&#8221;980px&#8221; module_alignment=&#8221;center&#8221;][et_pb_column type=&#8221;4_4&#8243; _builder_version=&#8221;3.25&#8243; custom_padding=&#8221;60px|||&#8221; custom_padding_tablet=&#8221;0px||&#8221; custom_padding_phone=&#8221;&#8221; custom_padding_last_edited=&#8221;on|tablet&#8221; padding_tablet=&#8221;0px||&#8221; padding_last_edited=&#8221;on|tablet&#8221; custom_padding__hover=&#8221;|||&#8221;][et_pb_text admin_label=&#8221;Etape prin care trece persoana codependent\u0103&#8221; _builder_version=&#8221;4.5.1&#8243; text_font=&#8221;||||||||&#8221; text_line_height=&#8221;2em&#8221; header_font=&#8221;Faustina|600|||||||&#8221; header_text_color=&#8221;#ffffff&#8221; header_font_size=&#8221;60px&#8221; header_line_height=&#8221;1.3em&#8221; background_layout=&#8221;dark&#8221; hover_enabled=&#8221;0&#8243; header_font_size_tablet=&#8221;50px&#8221; header_font_size_phone=&#8221;30px&#8221; header_font_size_last_edited=&#8221;on|phone&#8221;] Etape prin care trece persoana codependent\u0103 [\/et_pb_text][\/et_pb_column][\/et_pb_row][\/et_pb_section][et_pb_section fb_built=&#8221;1&#8243; admin_label=&#8221;Description&#8221; _builder_version=&#8221;4.5.1&#8243; _module_preset=&#8221;default&#8221;][et_pb_row _builder_version=&#8221;4.5.1&#8243; _module_preset=&#8221;default&#8221;][et_pb_column type=&#8221;4_4&#8243; _builder_version=&#8221;4.5.1&#8243; _module_preset=&#8221;default&#8221;][et_pb_text [&hellip;]<\/p>\n","protected":false},"author":1,"featured_media":0,"parent":4808,"menu_order":0,"comment_status":"closed","ping_status":"closed","template":"","meta":{"_et_pb_use_builder":"on","_et_pb_old_content":"","_et_gb_content_width":""},"acf":[],"_links":{"self":[{"href":"https:\/\/codependency.eu\/ro\/wp-json\/wp\/v2\/pages\/4817"}],"collection":[{"href":"https:\/\/codependency.eu\/ro\/wp-json\/wp\/v2\/pages"}],"about":[{"href":"https:\/\/codependency.eu\/ro\/wp-json\/wp\/v2\/types\/page"}],"author":[{"embeddable":true,"href":"https:\/\/codependency.eu\/ro\/wp-json\/wp\/v2\/users\/1"}],"replies":[{"embeddable":true,"href":"https:\/\/codependency.eu\/ro\/wp-json\/wp\/v2\/comments?post=4817"}],"version-history":[{"count":3,"href":"https:\/\/codependency.eu\/ro\/wp-json\/wp\/v2\/pages\/4817\/revisions"}],"predecessor-version":[{"id":4945,"href":"https:\/\/codependency.eu\/ro\/wp-json\/wp\/v2\/pages\/4817\/revisions\/4945"}],"up":[{"embeddable":true,"href":"https:\/\/codependency.eu\/ro\/wp-json\/wp\/v2\/pages\/4808"}],"wp:attachment":[{"href":"https:\/\/codependency.eu\/ro\/wp-json\/wp\/v2\/media?parent=4817"}],"curies":[{"name":"wp","href":"https:\/\/api.w.org\/{rel}","templated":true}]}}