{"id":4823,"date":"2021-06-02T01:06:52","date_gmt":"2021-06-02T01:06:52","guid":{"rendered":"https:\/\/codependency.eu\/problems\/alcohol-codependence\/"},"modified":"2021-06-21T08:36:25","modified_gmt":"2021-06-21T08:36:25","slug":"alcohol-codependence","status":"publish","type":"page","link":"https:\/\/codependency.eu\/ro\/problems\/alcohol-codependence\/","title":{"rendered":"Codependen\u021ba de alcool"},"content":{"rendered":"<p>[et_pb_section fb_built=&#8221;1&#8243; admin_label=&#8221;Header&#8221; _builder_version=&#8221;4.5.1&#8243; background_color=&#8221;#f7f9f9&#8243; background_image=&#8221;https:\/\/codependency.eu\/wp-content\/uploads\/2021\/06\/problem-7-hero.jpg&#8221; parallax=&#8221;on&#8221; custom_padding=&#8221;10%||10%||false|false&#8221; collapsed=&#8221;off&#8221;][et_pb_row _builder_version=&#8221;3.25&#8243;][et_pb_column type=&#8221;4_4&#8243; _builder_version=&#8221;3.25&#8243; custom_padding=&#8221;60px|||&#8221; custom_padding_tablet=&#8221;0px||&#8221; custom_padding_phone=&#8221;&#8221; custom_padding_last_edited=&#8221;on|tablet&#8221; padding_tablet=&#8221;0px||&#8221; padding_last_edited=&#8221;on|tablet&#8221; custom_padding__hover=&#8221;|||&#8221;][et_pb_text admin_label=&#8221;Codependen\u021ba de alcool&#8221; _builder_version=&#8221;4.5.1&#8243; text_font=&#8221;||||||||&#8221; text_line_height=&#8221;2em&#8221; header_font=&#8221;Faustina|600|||||||&#8221; header_text_color=&#8221;#ffffff&#8221; header_font_size=&#8221;60px&#8221; header_line_height=&#8221;1.3em&#8221; background_layout=&#8221;dark&#8221; header_font_size_tablet=&#8221;50px&#8221; header_font_size_phone=&#8221;30px&#8221; header_font_size_last_edited=&#8221;on|phone&#8221;]<\/p>\n<h1 style=\"text-align: center;\">Codependen\u021ba de alcool<\/h1>\n<p>[\/et_pb_text][\/et_pb_column][\/et_pb_row][\/et_pb_section][et_pb_section fb_built=&#8221;1&#8243; admin_label=&#8221;Description&#8221; _builder_version=&#8221;4.5.1&#8243; _module_preset=&#8221;default&#8221;][et_pb_row _builder_version=&#8221;4.5.1&#8243; _module_preset=&#8221;default&#8221;][et_pb_column type=&#8221;4_4&#8243; _builder_version=&#8221;4.5.1&#8243; _module_preset=&#8221;default&#8221;][et_pb_text admin_label=&#8221;text&#8221; _builder_version=&#8221;4.5.1&#8243; text_font=&#8221;||||||||&#8221; text_text_color=&#8221;#232323&#8243; text_line_height=&#8221;2em&#8221; header_font=&#8221;Faustina|700|||||||&#8221; header_text_align=&#8221;center&#8221; header_text_color=&#8221;#0e7162&#8243; header_font_size=&#8221;60px&#8221; header_line_height=&#8221;1.3em&#8221; header_2_font=&#8221;|700|||||||&#8221; header_2_text_align=&#8221;left&#8221; header_2_text_color=&#8221;#0e7162&#8243; background_layout=&#8221;dark&#8221; header_font_size_tablet=&#8221;50px&#8221; header_font_size_phone=&#8221;40px&#8221; header_font_size_last_edited=&#8221;on|phone&#8221;]Alcoolismul este o boal\u0103 cronic\u0103 care nu este doar o problem\u0103 pentru pacient \u0219i familia acestuia, ci este, de asemenea, o problem\u0103 grav\u0103 pentru societate \u00een ansamblu. F\u0103r\u0103 \u00eendoial\u0103, este dificil pentru un dependent de alcool s\u0103 se descurce singur cu boala, mai ales atunci c\u00e2nd starea sa a fost prelungit\u0103, de aceea este esen\u021bial\u0103 interven\u021bia speciali\u0219tilor \u0219i urmarea unui tratament profesional.<\/p>\n<h2>Care sunt simptomele dependen\u021bei de alcool?<\/h2>\n<p>Alcoolismul este evident atunci c\u00e2nd trei sau mai multe dintre urm\u0103toarele semne au fost prezente \u00een ultimul an:<\/p>\n<ul>\n<li>dorin\u021ba puternic\u0103 de a consuma alcool, care are loc ca o constr\u00e2ngere intern\u0103;\n<li>lipsa posibilit\u0103\u021bii de a controla cantitatea de utilizare \u0219i \u00eenceputul \u0219i sf\u00e2r\u0219itul acesteia;\n<li>b\u0103utul pentru ameliorarea simptomelor de abstinen\u021b\u0103 (anxietate, cefalee, tremur\u0103turi, grea\u021b\u0103 etc.) cu ideea c\u0103 acest lucru va ajuta la \u00eembun\u0103t\u0103\u021birea st\u0103rii;\n<li>c\u0103derea \u00eentr-o stare de abstinen\u021b\u0103;\n<li>dezvoltarea toleran\u021bei la alcool &#8211; organismul se obi\u0219nuie\u0219te at\u00e2t de mult cu alcoolul, \u00eenc\u00e2t sunt necesare doze mult mai mari pentru a ob\u021bine efectul dorit;\n<li>consumul de alcool f\u0103r\u0103 a lua \u00een considerare nimic &#8211; nu conteaz\u0103 ce or\u0103 este \u0219i indiferent de normele sociale pentru consumul de alcool \u00een cantit\u0103\u021bi acceptabile;\n<li>lipsa de interes \u00een desf\u0103\u0219urarea activit\u0103\u021bilor care anterior erau importante pentru persoana respectiv\u0103 \u0219i le ofereau pl\u0103cere;\n<li>consumul de alcool, \u00een ciuda consecin\u021belor vizibile &#8211; fizice, psihice, sociale etc.\n<\/ul>\n<h2>Cum s\u0103 \u00eei ajut\u0103m pe dependen\u021bii de alcool \u0219i pe noi \u00een\u0219ine?<\/h2>\n<ol>\n<li><strong>Scap\u0103 de vinov\u0103\u021bie<\/strong><br \/>\nEste normal, ca atunci c\u00e2nd cei dragi au o problem\u0103 cu alcoolul, s\u0103 te \u00eenvinov\u0103\u021beasc\u0103. Vor spune adesea \u201eCel mai frecvent motiv pentru care beau e\u0219ti tu!\u201d Nu \u00eei crede. Dac\u0103 persoana iubit\u0103 este alcoolic\u0103, va bea indiferent ce \u00eei vei spune. Nu e vina ta. Dependen\u021ba de alcool a c\u00e2\u0219tigat st\u0103p\u00e2nirea asupra bunului sim\u021b \u0219i trebuie s\u0103 ac\u021bionezi. Nu exist\u0103 timp pentru acuza\u021bii, ci pentru luarea deciziilor.<\/p>\n<li><strong>Nu \u00eencerca\u021bi s\u0103 controla\u021bi consumul de alcool<\/strong><br \/>\n\u00cen multe familii cu dependen\u021b\u0103 de alcool, unul dintre parteneri \u00eencearc\u0103 s\u0103 limiteze alcoolul celuilalt. Din p\u0103cate, rezultatul \u00een aceste cazuri este acela\u0219i &#8211; emo\u021bii negative, singur\u0103tate \u0219i frustrare. S-ar putea s\u0103 crede\u021bi c\u0103 acesta este calea de urmat, dar ar fi bine s\u0103 c\u0103uta\u021bi un specialist care s\u0103 v\u0103 ajute s\u0103 \u00eencepe\u021bi s\u0103 rezolva\u021bi problema. C\u00e2nd un alcoolic ajunge la un moment de criz\u0103, de obicei \u00eel ajut\u0103 s\u0103 accepte c\u0103 are o problem\u0103 \u0219i c\u0103 ar trebui s\u0103 caute ajutor. Dar dac\u0103 familia \u0219i prietenii lor se gr\u0103besc s\u0103-l \u201esalveze\u201d din criz\u0103, ar putea \u00eent\u00e2rzia c\u0103utarea de ajutor. Las\u0103 s\u0103 se \u00eent\u00e2mple situa\u021bia de criz\u0103. Pentru cei care iubesc persoana dependent\u0103 este dificil s\u0103 r\u0103m\u00e2n\u0103 \u00een stand-by. Dar, uneori, doar o astfel de situa\u021bie este necesar\u0103 pentru ca dependentul s\u0103 ia lucrurile \u00een m\u00e2inile sale. \u00cen cele din urm\u0103, decizia de schimbare trebuie s\u0103 fie luat\u0103 de sine.<\/p>\n<li><strong>Nu \u00eencerca\u021bi s\u0103 v\u0103 trata\u021bi singur<\/strong><br \/>\nMul\u021bi oameni nu realizeaz\u0103 c\u00e2t de fatal poate fi rezultatul dependen\u021bei de alcool. Acesta progreseaz\u0103, duc\u00e2nd la o serie de schimb\u0103ri \u00een corpul \u0219i comportamentul dependentului.<br \/>\nDependen\u021ba este o boal\u0103 a creierului. Nu sunte\u021bi un specialist, deci este mai bine s\u0103 solicita\u021bi ajutor unui profesionist \u00een aceast\u0103 situa\u021bie.<\/p>\n<p>Alcoolicii trec prin mai multe etape \u00eenainte de a fi gata de schimbare. Doar dac\u0103 dependentul \u00ee\u0219i d\u0103 seama c\u0103 are nevoie de ajutor, atunci este timpul pentru asta. \u00cen toate celelalte cazuri, ajutorul dvs. va \u00eent\u00e2mpina rezisten\u021b\u0103 \u0219i ne\u00een\u021belegere.<\/p>\n<li><strong>Nu mai ascunde\u021bi sau nu mai scuza\u021bi comportamentul inacceptabil.<\/strong><br \/>\nComportamentul inacceptabil \u00eencepe cel mai adesea cu un mic incident \u00een familie de care toat\u0103 lumea uit\u0103. Acesta ar putea fi furtul unui portofel, ma\u0219inii sau a altui obiect. Poate fi un comportament agresiv care a dus la violen\u021b\u0103 fizic\u0103. Dup\u0103 un timp, acest lucru se va repeta, dar pe o scar\u0103 mai mare \u0219i a\u0219a mai departe, p\u00e2n\u0103 c\u00e2nd lucrurile vor escalada p\u00e2n\u0103 la cap\u0103t. Prin t\u0103cere, accept\u0103m un astfel de comportament inacceptabil, care ne afecteaz\u0103 via\u021ba \u0219i pe cei pe care \u00eei iubim. Este important s\u0103 v\u0103 proteja\u021bi copiii de un astfel de comportament, deoarece este inacceptabil \u0219i d\u0103un\u0103tor pentru ei. Aminti\u021bi-v\u0103 c\u0103 ave\u021bi \u00eentotdeauna de ales. Lua\u021bi o decizie \u0219i schimba\u021bi situa\u021bia. Solu\u021bia este s\u0103 discuta\u021bi problema \u00een mod deschis \u0219i s\u0103 lua\u021bi m\u0103suri pentru a o rezolva.<\/p>\n<li><strong>Nu v\u0103 mai a\u0219tepta\u021bi ca ei s\u0103 con\u0219tientizeze problema \u0219i c\u0103 lucrurile se vor schimba<\/strong><br \/>\nNu v\u0103 a\u0219tepta\u021bi la onestitate de la cineva care nu are \u00eencredere \u00een el \u00een\u0219i\u0219i. Din p\u0103cate, pentru alcoolici, promisiunile nu func\u021bioneaz\u0103, deoarece nu le respect\u0103. Promisiunile s\u0103 fie pentru ei \u00een\u0219i\u0219i \u0219i ceea ce a r\u0103mas este pentru tine. Economisi\u021bi-v\u0103 timpul pierdut, nervii \u0219i credin\u021ba \u00een lucruri ireale. Este mai bine s\u0103 c\u0103uta\u021bi ajutor \u0219i un loc pentru tratament pentru a face fa\u021b\u0103 dependen\u021bei de alcool.<\/p>\n<li><strong>Trebuie s\u0103 v\u0103 desp\u0103r\u021bi\u021bi de trecut \u0219i s\u0103 tr\u0103i\u021bi \u00een prezent<\/strong><br \/>\nCheia pentru rezolvarea problemei alcoolismului \u00een familie este s\u0103 r\u0103m\u00e2i concentrat pe prezent. Dependen\u021ba de alcool este o boal\u0103 progresiv\u0103, adic\u0103 se aprofundeaz\u0103 p\u00e2n\u0103 c\u00e2nd pacientul caut\u0103 ajutor \u0219i ia tratament pentru a face fa\u021b\u0103 dependen\u021bei sale. Nu trebuie s\u0103 l\u0103sa\u021bi loc dezam\u0103girilor \u0219i gre\u0219elilor din trecut s\u0103 v\u0103 afecteze alegerile ast\u0103zi, deoarece probabil circumstan\u021bele s-au schimbat.<\/p>\n<li><strong>Nu l\u0103sa durerea comportamentului lor s\u0103 te r\u0103neasc\u0103<\/strong><br \/>\nDac\u0103 persoana iubit\u0103 le\u0219in\u0103 \u00een curte \u0219i o muta\u021bi u\u0219or pe pat acas\u0103, numai dumneavoastr\u0103 sim\u021bi\u021bi durerea din ceea ce sa \u00eent\u00e2mplat. Accentul este pus pe ceea ce a\u021bi f\u0103cut pentru ea &#8211; a\u021bi \u201emutat-o\u201d &#8211; \u00een loc de \u201eceea ce a f\u0103cut pentru a o aduce \u00een aceast\u0103 stare\u201d. Dac\u0103 o l\u0103sa\u021bi doar s\u0103 se trezeasc\u0103 afar\u0103 singur\u0103, s\u0103 fie v\u0103zu\u021b\u0103 de vecini, s\u0103 se simt\u0103 incomod \u0219i vinovat\u0103, ea va vedea problema. Este crud \u0219i adesea dificil s\u0103 \u00eei privim pe cei dragi suferind, dar aceasta este modalitatea de a-i ajuta. Numai atunci c\u00e2nd \u00ee\u0219i vor experimenta propria suferin\u021b\u0103 vor sim\u021bi nevoia real\u0103 de a se schimba \u0219i de a lua lucrurile \u00een propriile lor m\u00e2ini.<\/p>\n<li><strong>\u00cengrijirea personal\u0103 adecvat\u0103 este o oportunitate de a-l ajuta pe dependent<\/strong><br \/>\nEste posibil s\u0103 nu ave\u021bi un control complet asupra situa\u021biei, dar cel pu\u021bin v\u0103 pute\u021bi asigura c\u0103 alcoolul nu v\u0103 preia complet via\u021ba \u0219i g\u00e2ndurile. Ai grij\u0103 de tine &#8211; acesta este singurul mod \u00een care vei ac\u021biona \u00een favoarea persoanei iubite dependente, care, dup\u0103 ce \u00ee\u0219i d\u0103 seama de problem\u0103, va avea nevoie de tine ca sprijin \u00een urm\u0103toarele etape ale tratamentului.\n<\/ol>\n<p>[\/et_pb_text][\/et_pb_column][\/et_pb_row][\/et_pb_section][et_pb_section fb_built=&#8221;1&#8243; fullwidth=&#8221;on&#8221; _builder_version=&#8221;3.22&#8243; custom_width_px__hover=&#8221;1080px&#8221; custom_width_px__hover_enabled=&#8221;1080px&#8221; custom_width_percent__hover=&#8221;80%&#8221; custom_width_percent__hover_enabled=&#8221;80%&#8221; use_background_color_gradient__hover=&#8221;off&#8221; use_background_color_gradient__hover_enabled=&#8221;off&#8221; background_color_gradient_start__hover=&#8221;#2b87da&#8221; background_color_gradient_start__hover_enabled=&#8221;#2b87da&#8221; background_color_gradient_end__hover=&#8221;#29c4a9&#8243; background_color_gradient_end__hover_enabled=&#8221;#29c4a9&#8243; background_color_gradient_type__hover=&#8221;linear&#8221; background_color_gradient_type__hover_enabled=&#8221;linear&#8221; background_color_gradient_direction__hover=&#8221;180deg&#8221; background_color_gradient_direction__hover_enabled=&#8221;180deg&#8221; background_color_gradient_direction_radial__hover=&#8221;center&#8221; background_color_gradient_direction_radial__hover_enabled=&#8221;center&#8221; background_color_gradient_start_position__hover=&#8221;0%&#8221; background_color_gradient_start_position__hover_enabled=&#8221;0%&#8221; background_color_gradient_end_position__hover=&#8221;100%&#8221; background_color_gradient_end_position__hover_enabled=&#8221;100%&#8221; background_color_gradient_overlays_image__hover=&#8221;off&#8221; background_color_gradient_overlays_image__hover_enabled=&#8221;off&#8221; parallax__hover=&#8221;off&#8221; parallax__hover_enabled=&#8221;off&#8221; parallax_method__hover=&#8221;on&#8221; parallax_method__hover_enabled=&#8221;on&#8221; background_size__hover=&#8221;cover&#8221; background_size__hover_enabled=&#8221;cover&#8221; background_position__hover=&#8221;center&#8221; background_position__hover_enabled=&#8221;center&#8221; background_repeat__hover=&#8221;no-repeat&#8221; background_repeat__hover_enabled=&#8221;no-repeat&#8221; background_blend__hover=&#8221;normal&#8221; background_blend__hover_enabled=&#8221;normal&#8221; allow_player_pause__hover=&#8221;off&#8221; allow_player_pause__hover_enabled=&#8221;off&#8221; background_video_pause_outside_viewport__hover=&#8221;on&#8221; background_video_pause_outside_viewport__hover_enabled=&#8221;on&#8221; gutter_width__hover=&#8221;3&#8243; gutter_width__hover_enabled=&#8221;3&#8243; parallax_1__hover=&#8221;off&#8221; parallax_1__hover_enabled=&#8221;off&#8221; parallax_2__hover=&#8221;off&#8221; parallax_2__hover_enabled=&#8221;off&#8221; parallax_3__hover=&#8221;off&#8221; parallax_3__hover_enabled=&#8221;off&#8221; parallax_method_1__hover=&#8221;on&#8221; parallax_method_1__hover_enabled=&#8221;on&#8221; parallax_method_2__hover=&#8221;on&#8221; parallax_method_2__hover_enabled=&#8221;on&#8221; parallax_method_3__hover=&#8221;on&#8221; parallax_method_3__hover_enabled=&#8221;on&#8221; inner_shadow__hover=&#8221;off&#8221; inner_shadow__hover_enabled=&#8221;off&#8221; make_fullwidth__hover=&#8221;off&#8221; make_fullwidth__hover_enabled=&#8221;off&#8221; use_custom_width__hover=&#8221;off&#8221; use_custom_width__hover_enabled=&#8221;off&#8221; width_unit__hover=&#8221;on&#8221; width_unit__hover_enabled=&#8221;on&#8221; make_equal__hover=&#8221;off&#8221; make_equal__hover_enabled=&#8221;off&#8221; use_custom_gutter__hover=&#8221;off&#8221; use_custom_gutter__hover_enabled=&#8221;off&#8221; border_radii__hover=&#8221;on||||&#8221; border_radii__hover_enabled=&#8221;on||||&#8221; box_shadow_style__hover=&#8221;none&#8221; box_shadow_style__hover_enabled=&#8221;none&#8221; box_shadow_color__hover=&#8221;rgba(0,0,0,0.3)&#8221; box_shadow_color__hover_enabled=&#8221;rgba(0,0,0,0.3)&#8221; max_width__hover=&#8221;100%&#8221; max_width__hover_enabled=&#8221;100%&#8221; filter_hue_rotate__hover=&#8221;0deg&#8221; filter_hue_rotate__hover_enabled=&#8221;0deg&#8221; filter_saturate__hover=&#8221;100%&#8221; filter_saturate__hover_enabled=&#8221;100%&#8221; filter_brightness__hover=&#8221;100%&#8221; filter_brightness__hover_enabled=&#8221;100%&#8221; filter_contrast__hover=&#8221;100%&#8221; filter_contrast__hover_enabled=&#8221;100%&#8221; filter_invert__hover=&#8221;0%&#8221; filter_invert__hover_enabled=&#8221;0%&#8221; filter_sepia__hover=&#8221;0%&#8221; filter_sepia__hover_enabled=&#8221;0%&#8221; filter_opacity__hover=&#8221;100%&#8221; filter_opacity__hover_enabled=&#8221;100%&#8221; filter_blur__hover=&#8221;0px&#8221; filter_blur__hover_enabled=&#8221;0px&#8221; mix_blend_mode__hover=&#8221;normal&#8221; mix_blend_mode__hover_enabled=&#8221;normal&#8221; animation_style__hover=&#8221;none&#8221; animation_style__hover_enabled=&#8221;none&#8221; animation_repeat__hover=&#8221;once&#8221; animation_repeat__hover_enabled=&#8221;once&#8221; animation_direction__hover=&#8221;center&#8221; animation_direction__hover_enabled=&#8221;center&#8221; animation_duration__hover=&#8221;1000ms&#8221; animation_duration__hover_enabled=&#8221;1000ms&#8221; animation_delay__hover=&#8221;0ms&#8221; animation_delay__hover_enabled=&#8221;0ms&#8221; animation_intensity_slide__hover=&#8221;50%&#8221; animation_intensity_slide__hover_enabled=&#8221;50%&#8221; animation_intensity_zoom__hover=&#8221;50%&#8221; animation_intensity_zoom__hover_enabled=&#8221;50%&#8221; animation_intensity_flip__hover=&#8221;50%&#8221; animation_intensity_flip__hover_enabled=&#8221;50%&#8221; animation_intensity_fold__hover=&#8221;50%&#8221; animation_intensity_fold__hover_enabled=&#8221;50%&#8221; animation_intensity_roll__hover=&#8221;50%&#8221; animation_intensity_roll__hover_enabled=&#8221;50%&#8221; animation_starting_opacity__hover=&#8221;0%&#8221; animation_starting_opacity__hover_enabled=&#8221;0%&#8221; animation_speed_curve__hover=&#8221;ease-in-out&#8221; animation_speed_curve__hover_enabled=&#8221;ease-in-out&#8221; hover_transition_duration__hover=&#8221;300ms&#8221; hover_transition_duration__hover_enabled=&#8221;300ms&#8221; hover_transition_delay__hover=&#8221;0ms&#8221; hover_transition_delay__hover_enabled=&#8221;0ms&#8221; hover_transition_speed_curve__hover=&#8221;ease&#8221; hover_transition_speed_curve__hover_enabled=&#8221;ease&#8221;][et_pb_fullwidth_image src=&#8221;https:\/\/codependency.eu\/wp-content\/uploads\/2020\/07\/charity-23.png&#8221; _builder_version=&#8221;3.17.2&#8243; show_in_lightbox__hover=&#8221;off&#8221; show_in_lightbox__hover_enabled=&#8221;off&#8221; url_new_window__hover=&#8221;off&#8221; url_new_window__hover_enabled=&#8221;off&#8221; use_overlay__hover=&#8221;off&#8221; use_overlay__hover_enabled=&#8221;off&#8221; animation_style__hover=&#8221;none&#8221; animation_style__hover_enabled=&#8221;none&#8221; animation_direction__hover=&#8221;center&#8221; animation_direction__hover_enabled=&#8221;center&#8221; animation_intensity_slide__hover=&#8221;50%&#8221; animation_intensity_slide__hover_enabled=&#8221;50%&#8221; use_background_color_gradient__hover=&#8221;off&#8221; use_background_color_gradient__hover_enabled=&#8221;off&#8221; background_color_gradient_start__hover=&#8221;#2b87da&#8221; background_color_gradient_start__hover_enabled=&#8221;#2b87da&#8221; background_color_gradient_end__hover=&#8221;#29c4a9&#8243; background_color_gradient_end__hover_enabled=&#8221;#29c4a9&#8243; background_color_gradient_type__hover=&#8221;linear&#8221; background_color_gradient_type__hover_enabled=&#8221;linear&#8221; background_color_gradient_direction__hover=&#8221;180deg&#8221; background_color_gradient_direction__hover_enabled=&#8221;180deg&#8221; background_color_gradient_direction_radial__hover=&#8221;center&#8221; background_color_gradient_direction_radial__hover_enabled=&#8221;center&#8221; background_color_gradient_start_position__hover=&#8221;0%&#8221; background_color_gradient_start_position__hover_enabled=&#8221;0%&#8221; background_color_gradient_end_position__hover=&#8221;100%&#8221; background_color_gradient_end_position__hover_enabled=&#8221;100%&#8221; background_color_gradient_overlays_image__hover=&#8221;off&#8221; background_color_gradient_overlays_image__hover_enabled=&#8221;off&#8221; parallax__hover=&#8221;off&#8221; parallax__hover_enabled=&#8221;off&#8221; parallax_method__hover=&#8221;on&#8221; parallax_method__hover_enabled=&#8221;on&#8221; background_size__hover=&#8221;cover&#8221; background_size__hover_enabled=&#8221;cover&#8221; background_position__hover=&#8221;center&#8221; background_position__hover_enabled=&#8221;center&#8221; background_repeat__hover=&#8221;no-repeat&#8221; background_repeat__hover_enabled=&#8221;no-repeat&#8221; background_blend__hover=&#8221;normal&#8221; background_blend__hover_enabled=&#8221;normal&#8221; allow_player_pause__hover=&#8221;off&#8221; allow_player_pause__hover_enabled=&#8221;off&#8221; background_video_pause_outside_viewport__hover=&#8221;on&#8221; background_video_pause_outside_viewport__hover_enabled=&#8221;on&#8221; border_radii__hover=&#8221;on||||&#8221; border_radii__hover_enabled=&#8221;on||||&#8221; box_shadow_style__hover=&#8221;none&#8221; box_shadow_style__hover_enabled=&#8221;none&#8221; box_shadow_color__hover=&#8221;rgba(0,0,0,0.3)&#8221; box_shadow_color__hover_enabled=&#8221;rgba(0,0,0,0.3)&#8221; max_width__hover=&#8221;100%&#8221; max_width__hover_enabled=&#8221;100%&#8221; filter_hue_rotate__hover=&#8221;0deg&#8221; filter_hue_rotate__hover_enabled=&#8221;0deg&#8221; filter_saturate__hover=&#8221;100%&#8221; filter_saturate__hover_enabled=&#8221;100%&#8221; filter_brightness__hover=&#8221;100%&#8221; filter_brightness__hover_enabled=&#8221;100%&#8221; filter_contrast__hover=&#8221;100%&#8221; filter_contrast__hover_enabled=&#8221;100%&#8221; filter_invert__hover=&#8221;0%&#8221; filter_invert__hover_enabled=&#8221;0%&#8221; filter_sepia__hover=&#8221;0%&#8221; filter_sepia__hover_enabled=&#8221;0%&#8221; filter_opacity__hover=&#8221;100%&#8221; filter_opacity__hover_enabled=&#8221;100%&#8221; filter_blur__hover=&#8221;0px&#8221; filter_blur__hover_enabled=&#8221;0px&#8221; mix_blend_mode__hover=&#8221;normal&#8221; mix_blend_mode__hover_enabled=&#8221;normal&#8221; animation_repeat__hover=&#8221;once&#8221; animation_repeat__hover_enabled=&#8221;once&#8221; animation_duration__hover=&#8221;1000ms&#8221; animation_duration__hover_enabled=&#8221;1000ms&#8221; animation_delay__hover=&#8221;0ms&#8221; animation_delay__hover_enabled=&#8221;0ms&#8221; animation_intensity_zoom__hover=&#8221;50%&#8221; animation_intensity_zoom__hover_enabled=&#8221;50%&#8221; animation_intensity_flip__hover=&#8221;50%&#8221; animation_intensity_flip__hover_enabled=&#8221;50%&#8221; animation_intensity_fold__hover=&#8221;50%&#8221; animation_intensity_fold__hover_enabled=&#8221;50%&#8221; animation_intensity_roll__hover=&#8221;50%&#8221; animation_intensity_roll__hover_enabled=&#8221;50%&#8221; animation_starting_opacity__hover=&#8221;0%&#8221; animation_starting_opacity__hover_enabled=&#8221;0%&#8221; animation_speed_curve__hover=&#8221;ease-in-out&#8221; animation_speed_curve__hover_enabled=&#8221;ease-in-out&#8221; hover_transition_duration__hover=&#8221;300ms&#8221; hover_transition_duration__hover_enabled=&#8221;300ms&#8221; hover_transition_delay__hover=&#8221;0ms&#8221; hover_transition_delay__hover_enabled=&#8221;0ms&#8221; hover_transition_speed_curve__hover=&#8221;ease&#8221; hover_transition_speed_curve__hover_enabled=&#8221;ease&#8221;][\/et_pb_fullwidth_image][\/et_pb_section]<\/p>\n","protected":false},"excerpt":{"rendered":"<p>[et_pb_section fb_built=&#8221;1&#8243; admin_label=&#8221;Header&#8221; _builder_version=&#8221;4.5.1&#8243; background_color=&#8221;#f7f9f9&#8243; background_image=&#8221;https:\/\/codependency.eu\/wp-content\/uploads\/2021\/06\/problem-7-hero.jpg&#8221; parallax=&#8221;on&#8221; custom_padding=&#8221;10%||10%||false|false&#8221; collapsed=&#8221;off&#8221;][et_pb_row _builder_version=&#8221;3.25&#8243;][et_pb_column type=&#8221;4_4&#8243; _builder_version=&#8221;3.25&#8243; custom_padding=&#8221;60px|||&#8221; custom_padding_tablet=&#8221;0px||&#8221; custom_padding_phone=&#8221;&#8221; custom_padding_last_edited=&#8221;on|tablet&#8221; padding_tablet=&#8221;0px||&#8221; padding_last_edited=&#8221;on|tablet&#8221; custom_padding__hover=&#8221;|||&#8221;][et_pb_text admin_label=&#8221;Codependen\u021ba de alcool&#8221; _builder_version=&#8221;4.5.1&#8243; text_font=&#8221;||||||||&#8221; text_line_height=&#8221;2em&#8221; header_font=&#8221;Faustina|600|||||||&#8221; header_text_color=&#8221;#ffffff&#8221; header_font_size=&#8221;60px&#8221; header_line_height=&#8221;1.3em&#8221; background_layout=&#8221;dark&#8221; header_font_size_tablet=&#8221;50px&#8221; header_font_size_phone=&#8221;30px&#8221; header_font_size_last_edited=&#8221;on|phone&#8221;] Codependen\u021ba de alcool [\/et_pb_text][\/et_pb_column][\/et_pb_row][\/et_pb_section][et_pb_section fb_built=&#8221;1&#8243; admin_label=&#8221;Description&#8221; _builder_version=&#8221;4.5.1&#8243; _module_preset=&#8221;default&#8221;][et_pb_row _builder_version=&#8221;4.5.1&#8243; _module_preset=&#8221;default&#8221;][et_pb_column type=&#8221;4_4&#8243; _builder_version=&#8221;4.5.1&#8243; _module_preset=&#8221;default&#8221;][et_pb_text admin_label=&#8221;text&#8221; _builder_version=&#8221;4.5.1&#8243; text_font=&#8221;||||||||&#8221; text_text_color=&#8221;#232323&#8243; text_line_height=&#8221;2em&#8221; header_font=&#8221;Faustina|700|||||||&#8221; header_text_align=&#8221;center&#8221; header_text_color=&#8221;#0e7162&#8243; header_font_size=&#8221;60px&#8221; [&hellip;]<\/p>\n","protected":false},"author":1,"featured_media":0,"parent":4808,"menu_order":0,"comment_status":"closed","ping_status":"closed","template":"","meta":{"_et_pb_use_builder":"on","_et_pb_old_content":"","_et_gb_content_width":""},"acf":[],"_links":{"self":[{"href":"https:\/\/codependency.eu\/ro\/wp-json\/wp\/v2\/pages\/4823"}],"collection":[{"href":"https:\/\/codependency.eu\/ro\/wp-json\/wp\/v2\/pages"}],"about":[{"href":"https:\/\/codependency.eu\/ro\/wp-json\/wp\/v2\/types\/page"}],"author":[{"embeddable":true,"href":"https:\/\/codependency.eu\/ro\/wp-json\/wp\/v2\/users\/1"}],"replies":[{"embeddable":true,"href":"https:\/\/codependency.eu\/ro\/wp-json\/wp\/v2\/comments?post=4823"}],"version-history":[{"count":4,"href":"https:\/\/codependency.eu\/ro\/wp-json\/wp\/v2\/pages\/4823\/revisions"}],"predecessor-version":[{"id":4968,"href":"https:\/\/codependency.eu\/ro\/wp-json\/wp\/v2\/pages\/4823\/revisions\/4968"}],"up":[{"embeddable":true,"href":"https:\/\/codependency.eu\/ro\/wp-json\/wp\/v2\/pages\/4808"}],"wp:attachment":[{"href":"https:\/\/codependency.eu\/ro\/wp-json\/wp\/v2\/media?parent=4823"}],"curies":[{"name":"wp","href":"https:\/\/api.w.org\/{rel}","templated":true}]}}