{"id":4825,"date":"2021-06-02T01:29:20","date_gmt":"2021-06-02T01:29:20","guid":{"rendered":"https:\/\/codependency.eu\/problems\/drug-codependence\/"},"modified":"2021-06-21T08:46:11","modified_gmt":"2021-06-21T08:46:11","slug":"drug-codependence","status":"publish","type":"page","link":"https:\/\/codependency.eu\/ro\/problems\/drug-codependence\/","title":{"rendered":"Dependen\u021ba de droguri"},"content":{"rendered":"<p>[et_pb_section fb_built=&#8221;1&#8243; admin_label=&#8221;Header&#8221; _builder_version=&#8221;4.5.1&#8243; background_color=&#8221;#f7f9f9&#8243; background_image=&#8221;https:\/\/codependency.eu\/wp-content\/uploads\/2021\/06\/problem-8-hero.jpg&#8221; parallax=&#8221;on&#8221; custom_padding=&#8221;10%||10%||false|false&#8221; collapsed=&#8221;off&#8221;][et_pb_row _builder_version=&#8221;3.25&#8243;][et_pb_column type=&#8221;4_4&#8243; _builder_version=&#8221;3.25&#8243; custom_padding=&#8221;60px|||&#8221; custom_padding_tablet=&#8221;0px||&#8221; custom_padding_phone=&#8221;&#8221; custom_padding_last_edited=&#8221;on|tablet&#8221; padding_tablet=&#8221;0px||&#8221; padding_last_edited=&#8221;on|tablet&#8221; custom_padding__hover=&#8221;|||&#8221;][et_pb_text admin_label=&#8221;Dependen\u021ba de droguri&#8221; _builder_version=&#8221;4.5.1&#8243; text_font=&#8221;||||||||&#8221; text_line_height=&#8221;2em&#8221; header_font=&#8221;Faustina|600|||||||&#8221; header_text_color=&#8221;#ffffff&#8221; header_font_size=&#8221;60px&#8221; header_line_height=&#8221;1.3em&#8221; background_layout=&#8221;dark&#8221; hover_enabled=&#8221;0&#8243; header_font_size_tablet=&#8221;50px&#8221; header_font_size_phone=&#8221;30px&#8221; header_font_size_last_edited=&#8221;on|phone&#8221;]<\/p>\n<h1 style=\"text-align: center;\">Dependen\u021ba de droguri<\/h1>\n<p>[\/et_pb_text][\/et_pb_column][\/et_pb_row][\/et_pb_section][et_pb_section fb_built=&#8221;1&#8243; admin_label=&#8221;Description&#8221; _builder_version=&#8221;4.5.1&#8243; _module_preset=&#8221;default&#8221;][et_pb_row _builder_version=&#8221;4.5.1&#8243; _module_preset=&#8221;default&#8221;][et_pb_column type=&#8221;4_4&#8243; _builder_version=&#8221;4.5.1&#8243; _module_preset=&#8221;default&#8221;][et_pb_text admin_label=&#8221;text&#8221; _builder_version=&#8221;4.5.1&#8243; text_font=&#8221;||||||||&#8221; text_text_color=&#8221;#232323&#8243; text_line_height=&#8221;2em&#8221; header_font=&#8221;Faustina|700|||||||&#8221; header_text_align=&#8221;center&#8221; header_text_color=&#8221;#0e7162&#8243; header_font_size=&#8221;60px&#8221; header_line_height=&#8221;1.3em&#8221; header_2_font=&#8221;|700|||||||&#8221; header_2_text_align=&#8221;left&#8221; header_2_text_color=&#8221;#0e7162&#8243; background_layout=&#8221;dark&#8221; hover_enabled=&#8221;0&#8243; header_font_size_tablet=&#8221;50px&#8221; header_font_size_phone=&#8221;40px&#8221; header_font_size_last_edited=&#8221;on|phone&#8221;]<\/p>\n<h2>Care sunt simptomele dependen\u021bei de droguri?<\/h2>\n<ul>\n<li>utilizatorul nu poate controla utilizarea \u0219i crede c\u0103 este alegerea sa;\n<li>aportul de substan\u021be devine o prioritate, astfel \u00eenc\u00e2t responsabilit\u0103\u021bile, interesele, chiar \u0219i igiena personal\u0103 sunt neglijate;\n<li>adesea g\u00e2ndul la droguri \u00eencepe cu trezirea \u0219i ob\u021binerea unora devine un obiectiv zilnic;\n<li>utilizatorul \u00ee\u0219i pierde dorin\u021ba de via\u021b\u0103 social\u0103, dac\u0103 nu este legat de aceast\u0103 utilizare;\n<li>lipsesc ambi\u021bia profesional\u0103 \u0219i dorin\u021ba de a ob\u021bine rezultate mai ridicate atunci c\u00e2nd se utilizeaz\u0103 marijuana \u0219i opiacee sau ambi\u021bia \u0219i activitatea excesiv\u0103 atunci c\u00e2nd se iau stimulente;\n<li>apar g\u00e2nduri obsesive, paranoia, episoade de fric\u0103 de asalt, supraveghere, atac, conspira\u021bie etc .;\n<li>se observ\u0103 inadecvarea, tulbur\u0103ri ale activit\u0103\u021bii mentale \u0219i ale func\u021biilor de memorie;\n<li>hiperactivitate, vorbire rapid\u0103, comportament agresiv, perioade de lips\u0103 de somn urmate de somn excesiv de lung, schimbare de regim (somn \u00een timpul zilei \u0219i trezire noaptea), precum \u0219i opusul: lene, somnolen\u021b\u0103, lips\u0103 de interes etc;\n<li>schimb\u0103ri frecvente de dispozi\u021bie;\n<li>conflicte sistematice cu rudele;\n<li>lipsa de bani, bunuri \u0219i bijuterii de acas\u0103 \u0219i contracte deschise cu case de amanet, b\u0103nci sau \u00eemprumuturi rapide, \u00eemprumuturi de la prieteni \u0219i cuno\u0219tin\u021be;\n<li>exist\u0103 probleme cu aplicarea legii, arest\u0103ri pentru furt \u0219i comportament penal fa\u021b\u0103 de alte persoane.\n<\/ul>\n<h2>Cum s\u0103 aju\u021bi un dependent de droguri \u0219i pe tine \u00eensu\u021bi?<\/h2>\n<ol>\n<li><strong>Recunoa\u0219terea problemei<\/strong>\n<p>Destul de des, membrii familiei simt intuitiv c\u0103 ceva nu este \u00een regul\u0103. Iar intui\u021bia minte rar despre aceste lucruri. Aici este extrem de important s\u0103 ne confrunt\u0103m cu problema, s\u0103 o privim \u00een ochi \u0219i s\u0103 c\u0103ut\u0103m un ajutor adecvat.<\/p>\n<li><strong>Scutirea de vinov\u0103\u021bie<\/strong>\n<p>Nu trebuie s\u0103 c\u0103uta\u021bi motivul pentru care a \u00eenceput. Nu are rost s\u0103 te \u00eenvinov\u0103\u021be\u0219ti \u0219i s\u0103 sapi g\u0103uri. Cel mai important lucru este s\u0103 le readuce\u021bi la via\u021ba normal\u0103 \u00eenainte de a se produce daune ireversibile.<\/p>\n<li><strong>Distan\u021barea \u0219i privirea deoparte<\/strong>\n<p>Conexiunea noastr\u0103 emo\u021bional\u0103 cu dependentul nu ne permite s\u0103 vedem adev\u0103rul \u0219i adesea ced\u0103m manipul\u0103rii. Trebuie s\u0103 \u0219tii c\u0103 dependentul este cel mai iscusit manipulator, nu te l\u0103sa prins de promisiunile de a controla utilizarea sau de a o opri. Uneori, manipularea ajunge la punctul \u00een care p\u0103rin\u021bii \u0219i rudele cump\u0103r\u0103 droguri, \u00een\u0219el\u00e2ndu-se c\u0103 pot s\u0103 controleaz\u0103 aportul, sursa \u0219i cantit\u0103\u021bile luate. Spune\u021bi NU manipul\u0103rii \u0219i decide\u021bi tratamentul \u00eenainte de a fi prea t\u00e2rziu.<\/p>\n<li><strong>Dependen\u021ba de droguri este o boal\u0103. Poate fi fatal\u0103.<\/strong>\n<p>Este un fapt binecunoscut faptul c\u0103 stimulentele sintetice de ast\u0103zi, a\u0219a-numitele droguri moderne, chiar \u0219i marijuana obi\u0219nuit\u0103 \u00een noile sale forme \u201esc\u0103ldate\u201d, provoac\u0103 leziuni permanente ale creierului, boli mintale de la paranoia u\u0219oar\u0103 la tulburarea bipolar\u0103 sau schizofrenia. De asemenea, trebuie s\u0103 \u0219ti\u021bi c\u0103 nu numai utilizarea sistematic\u0103 este de vin\u0103 pentru aceasta din urm\u0103. Chiar dac\u0103 utilizarea nu este zilnic\u0103, urm\u0103torea doz\u0103 poate declan\u0219a boli mintale.<br \/>\nPrin urmare, orice \u00eent\u00e2rziere \u00een tratament poate fi fatal\u0103.<\/p>\n<ol>[\/et_pb_text][\/et_pb_column][\/et_pb_row][\/et_pb_section][et_pb_section fb_built=&#8221;1&#8243; fullwidth=&#8221;on&#8221; _builder_version=&#8221;3.22&#8243; custom_width_px__hover=&#8221;1080px&#8221; custom_width_px__hover_enabled=&#8221;1080px&#8221; custom_width_percent__hover=&#8221;80%&#8221; custom_width_percent__hover_enabled=&#8221;80%&#8221; use_background_color_gradient__hover=&#8221;off&#8221; use_background_color_gradient__hover_enabled=&#8221;off&#8221; background_color_gradient_start__hover=&#8221;#2b87da&#8221; background_color_gradient_start__hover_enabled=&#8221;#2b87da&#8221; background_color_gradient_end__hover=&#8221;#29c4a9&#8243; background_color_gradient_end__hover_enabled=&#8221;#29c4a9&#8243; background_color_gradient_type__hover=&#8221;linear&#8221; background_color_gradient_type__hover_enabled=&#8221;linear&#8221; background_color_gradient_direction__hover=&#8221;180deg&#8221; background_color_gradient_direction__hover_enabled=&#8221;180deg&#8221; background_color_gradient_direction_radial__hover=&#8221;center&#8221; background_color_gradient_direction_radial__hover_enabled=&#8221;center&#8221; background_color_gradient_start_position__hover=&#8221;0%&#8221; background_color_gradient_start_position__hover_enabled=&#8221;0%&#8221; background_color_gradient_end_position__hover=&#8221;100%&#8221; background_color_gradient_end_position__hover_enabled=&#8221;100%&#8221; background_color_gradient_overlays_image__hover=&#8221;off&#8221; background_color_gradient_overlays_image__hover_enabled=&#8221;off&#8221; parallax__hover=&#8221;off&#8221; parallax__hover_enabled=&#8221;off&#8221; parallax_method__hover=&#8221;on&#8221; parallax_method__hover_enabled=&#8221;on&#8221; background_size__hover=&#8221;cover&#8221; background_size__hover_enabled=&#8221;cover&#8221; background_position__hover=&#8221;center&#8221; background_position__hover_enabled=&#8221;center&#8221; background_repeat__hover=&#8221;no-repeat&#8221; background_repeat__hover_enabled=&#8221;no-repeat&#8221; background_blend__hover=&#8221;normal&#8221; background_blend__hover_enabled=&#8221;normal&#8221; allow_player_pause__hover=&#8221;off&#8221; allow_player_pause__hover_enabled=&#8221;off&#8221; background_video_pause_outside_viewport__hover=&#8221;on&#8221; background_video_pause_outside_viewport__hover_enabled=&#8221;on&#8221; gutter_width__hover=&#8221;3&#8243; gutter_width__hover_enabled=&#8221;3&#8243; parallax_1__hover=&#8221;off&#8221; parallax_1__hover_enabled=&#8221;off&#8221; parallax_2__hover=&#8221;off&#8221; parallax_2__hover_enabled=&#8221;off&#8221; parallax_3__hover=&#8221;off&#8221; parallax_3__hover_enabled=&#8221;off&#8221; parallax_method_1__hover=&#8221;on&#8221; parallax_method_1__hover_enabled=&#8221;on&#8221; parallax_method_2__hover=&#8221;on&#8221; parallax_method_2__hover_enabled=&#8221;on&#8221; parallax_method_3__hover=&#8221;on&#8221; parallax_method_3__hover_enabled=&#8221;on&#8221; inner_shadow__hover=&#8221;off&#8221; inner_shadow__hover_enabled=&#8221;off&#8221; make_fullwidth__hover=&#8221;off&#8221; make_fullwidth__hover_enabled=&#8221;off&#8221; use_custom_width__hover=&#8221;off&#8221; use_custom_width__hover_enabled=&#8221;off&#8221; width_unit__hover=&#8221;on&#8221; width_unit__hover_enabled=&#8221;on&#8221; make_equal__hover=&#8221;off&#8221; make_equal__hover_enabled=&#8221;off&#8221; use_custom_gutter__hover=&#8221;off&#8221; use_custom_gutter__hover_enabled=&#8221;off&#8221; border_radii__hover=&#8221;on||||&#8221; border_radii__hover_enabled=&#8221;on||||&#8221; box_shadow_style__hover=&#8221;none&#8221; box_shadow_style__hover_enabled=&#8221;none&#8221; box_shadow_color__hover=&#8221;rgba(0,0,0,0.3)&#8221; box_shadow_color__hover_enabled=&#8221;rgba(0,0,0,0.3)&#8221; max_width__hover=&#8221;100%&#8221; max_width__hover_enabled=&#8221;100%&#8221; filter_hue_rotate__hover=&#8221;0deg&#8221; filter_hue_rotate__hover_enabled=&#8221;0deg&#8221; filter_saturate__hover=&#8221;100%&#8221; filter_saturate__hover_enabled=&#8221;100%&#8221; filter_brightness__hover=&#8221;100%&#8221; filter_brightness__hover_enabled=&#8221;100%&#8221; filter_contrast__hover=&#8221;100%&#8221; filter_contrast__hover_enabled=&#8221;100%&#8221; filter_invert__hover=&#8221;0%&#8221; filter_invert__hover_enabled=&#8221;0%&#8221; filter_sepia__hover=&#8221;0%&#8221; filter_sepia__hover_enabled=&#8221;0%&#8221; filter_opacity__hover=&#8221;100%&#8221; filter_opacity__hover_enabled=&#8221;100%&#8221; filter_blur__hover=&#8221;0px&#8221; filter_blur__hover_enabled=&#8221;0px&#8221; mix_blend_mode__hover=&#8221;normal&#8221; mix_blend_mode__hover_enabled=&#8221;normal&#8221; animation_style__hover=&#8221;none&#8221; animation_style__hover_enabled=&#8221;none&#8221; animation_repeat__hover=&#8221;once&#8221; animation_repeat__hover_enabled=&#8221;once&#8221; animation_direction__hover=&#8221;center&#8221; animation_direction__hover_enabled=&#8221;center&#8221; animation_duration__hover=&#8221;1000ms&#8221; animation_duration__hover_enabled=&#8221;1000ms&#8221; animation_delay__hover=&#8221;0ms&#8221; animation_delay__hover_enabled=&#8221;0ms&#8221; animation_intensity_slide__hover=&#8221;50%&#8221; animation_intensity_slide__hover_enabled=&#8221;50%&#8221; animation_intensity_zoom__hover=&#8221;50%&#8221; animation_intensity_zoom__hover_enabled=&#8221;50%&#8221; animation_intensity_flip__hover=&#8221;50%&#8221; animation_intensity_flip__hover_enabled=&#8221;50%&#8221; animation_intensity_fold__hover=&#8221;50%&#8221; animation_intensity_fold__hover_enabled=&#8221;50%&#8221; animation_intensity_roll__hover=&#8221;50%&#8221; animation_intensity_roll__hover_enabled=&#8221;50%&#8221; animation_starting_opacity__hover=&#8221;0%&#8221; animation_starting_opacity__hover_enabled=&#8221;0%&#8221; animation_speed_curve__hover=&#8221;ease-in-out&#8221; animation_speed_curve__hover_enabled=&#8221;ease-in-out&#8221; hover_transition_duration__hover=&#8221;300ms&#8221; hover_transition_duration__hover_enabled=&#8221;300ms&#8221; hover_transition_delay__hover=&#8221;0ms&#8221; hover_transition_delay__hover_enabled=&#8221;0ms&#8221; hover_transition_speed_curve__hover=&#8221;ease&#8221; hover_transition_speed_curve__hover_enabled=&#8221;ease&#8221;][et_pb_fullwidth_image src=&#8221;https:\/\/codependency.eu\/wp-content\/uploads\/2020\/07\/charity-23.png&#8221; _builder_version=&#8221;3.17.2&#8243; show_in_lightbox__hover=&#8221;off&#8221; show_in_lightbox__hover_enabled=&#8221;off&#8221; url_new_window__hover=&#8221;off&#8221; url_new_window__hover_enabled=&#8221;off&#8221; use_overlay__hover=&#8221;off&#8221; use_overlay__hover_enabled=&#8221;off&#8221; animation_style__hover=&#8221;none&#8221; animation_style__hover_enabled=&#8221;none&#8221; animation_direction__hover=&#8221;center&#8221; animation_direction__hover_enabled=&#8221;center&#8221; animation_intensity_slide__hover=&#8221;50%&#8221; animation_intensity_slide__hover_enabled=&#8221;50%&#8221; use_background_color_gradient__hover=&#8221;off&#8221; use_background_color_gradient__hover_enabled=&#8221;off&#8221; background_color_gradient_start__hover=&#8221;#2b87da&#8221; background_color_gradient_start__hover_enabled=&#8221;#2b87da&#8221; background_color_gradient_end__hover=&#8221;#29c4a9&#8243; background_color_gradient_end__hover_enabled=&#8221;#29c4a9&#8243; background_color_gradient_type__hover=&#8221;linear&#8221; background_color_gradient_type__hover_enabled=&#8221;linear&#8221; background_color_gradient_direction__hover=&#8221;180deg&#8221; background_color_gradient_direction__hover_enabled=&#8221;180deg&#8221; background_color_gradient_direction_radial__hover=&#8221;center&#8221; background_color_gradient_direction_radial__hover_enabled=&#8221;center&#8221; background_color_gradient_start_position__hover=&#8221;0%&#8221; background_color_gradient_start_position__hover_enabled=&#8221;0%&#8221; background_color_gradient_end_position__hover=&#8221;100%&#8221; background_color_gradient_end_position__hover_enabled=&#8221;100%&#8221; background_color_gradient_overlays_image__hover=&#8221;off&#8221; background_color_gradient_overlays_image__hover_enabled=&#8221;off&#8221; parallax__hover=&#8221;off&#8221; parallax__hover_enabled=&#8221;off&#8221; parallax_method__hover=&#8221;on&#8221; parallax_method__hover_enabled=&#8221;on&#8221; background_size__hover=&#8221;cover&#8221; background_size__hover_enabled=&#8221;cover&#8221; background_position__hover=&#8221;center&#8221; background_position__hover_enabled=&#8221;center&#8221; background_repeat__hover=&#8221;no-repeat&#8221; background_repeat__hover_enabled=&#8221;no-repeat&#8221; background_blend__hover=&#8221;normal&#8221; background_blend__hover_enabled=&#8221;normal&#8221; allow_player_pause__hover=&#8221;off&#8221; allow_player_pause__hover_enabled=&#8221;off&#8221; background_video_pause_outside_viewport__hover=&#8221;on&#8221; background_video_pause_outside_viewport__hover_enabled=&#8221;on&#8221; border_radii__hover=&#8221;on||||&#8221; border_radii__hover_enabled=&#8221;on||||&#8221; box_shadow_style__hover=&#8221;none&#8221; box_shadow_style__hover_enabled=&#8221;none&#8221; box_shadow_color__hover=&#8221;rgba(0,0,0,0.3)&#8221; box_shadow_color__hover_enabled=&#8221;rgba(0,0,0,0.3)&#8221; max_width__hover=&#8221;100%&#8221; max_width__hover_enabled=&#8221;100%&#8221; filter_hue_rotate__hover=&#8221;0deg&#8221; filter_hue_rotate__hover_enabled=&#8221;0deg&#8221; filter_saturate__hover=&#8221;100%&#8221; filter_saturate__hover_enabled=&#8221;100%&#8221; filter_brightness__hover=&#8221;100%&#8221; filter_brightness__hover_enabled=&#8221;100%&#8221; filter_contrast__hover=&#8221;100%&#8221; filter_contrast__hover_enabled=&#8221;100%&#8221; filter_invert__hover=&#8221;0%&#8221; filter_invert__hover_enabled=&#8221;0%&#8221; filter_sepia__hover=&#8221;0%&#8221; filter_sepia__hover_enabled=&#8221;0%&#8221; filter_opacity__hover=&#8221;100%&#8221; filter_opacity__hover_enabled=&#8221;100%&#8221; filter_blur__hover=&#8221;0px&#8221; filter_blur__hover_enabled=&#8221;0px&#8221; mix_blend_mode__hover=&#8221;normal&#8221; mix_blend_mode__hover_enabled=&#8221;normal&#8221; animation_repeat__hover=&#8221;once&#8221; animation_repeat__hover_enabled=&#8221;once&#8221; animation_duration__hover=&#8221;1000ms&#8221; animation_duration__hover_enabled=&#8221;1000ms&#8221; animation_delay__hover=&#8221;0ms&#8221; animation_delay__hover_enabled=&#8221;0ms&#8221; animation_intensity_zoom__hover=&#8221;50%&#8221; animation_intensity_zoom__hover_enabled=&#8221;50%&#8221; animation_intensity_flip__hover=&#8221;50%&#8221; animation_intensity_flip__hover_enabled=&#8221;50%&#8221; animation_intensity_fold__hover=&#8221;50%&#8221; animation_intensity_fold__hover_enabled=&#8221;50%&#8221; animation_intensity_roll__hover=&#8221;50%&#8221; animation_intensity_roll__hover_enabled=&#8221;50%&#8221; animation_starting_opacity__hover=&#8221;0%&#8221; animation_starting_opacity__hover_enabled=&#8221;0%&#8221; animation_speed_curve__hover=&#8221;ease-in-out&#8221; animation_speed_curve__hover_enabled=&#8221;ease-in-out&#8221; hover_transition_duration__hover=&#8221;300ms&#8221; hover_transition_duration__hover_enabled=&#8221;300ms&#8221; hover_transition_delay__hover=&#8221;0ms&#8221; hover_transition_delay__hover_enabled=&#8221;0ms&#8221; hover_transition_speed_curve__hover=&#8221;ease&#8221; hover_transition_speed_curve__hover_enabled=&#8221;ease&#8221;][\/et_pb_fullwidth_image][\/et_pb_section]<\/p>\n","protected":false},"excerpt":{"rendered":"<p>[et_pb_section fb_built=&#8221;1&#8243; admin_label=&#8221;Header&#8221; _builder_version=&#8221;4.5.1&#8243; background_color=&#8221;#f7f9f9&#8243; background_image=&#8221;https:\/\/codependency.eu\/wp-content\/uploads\/2021\/06\/problem-8-hero.jpg&#8221; parallax=&#8221;on&#8221; custom_padding=&#8221;10%||10%||false|false&#8221; collapsed=&#8221;off&#8221;][et_pb_row _builder_version=&#8221;3.25&#8243;][et_pb_column type=&#8221;4_4&#8243; _builder_version=&#8221;3.25&#8243; custom_padding=&#8221;60px|||&#8221; custom_padding_tablet=&#8221;0px||&#8221; custom_padding_phone=&#8221;&#8221; custom_padding_last_edited=&#8221;on|tablet&#8221; padding_tablet=&#8221;0px||&#8221; padding_last_edited=&#8221;on|tablet&#8221; custom_padding__hover=&#8221;|||&#8221;][et_pb_text admin_label=&#8221;Dependen\u021ba de droguri&#8221; _builder_version=&#8221;4.5.1&#8243; text_font=&#8221;||||||||&#8221; text_line_height=&#8221;2em&#8221; header_font=&#8221;Faustina|600|||||||&#8221; header_text_color=&#8221;#ffffff&#8221; header_font_size=&#8221;60px&#8221; header_line_height=&#8221;1.3em&#8221; background_layout=&#8221;dark&#8221; hover_enabled=&#8221;0&#8243; header_font_size_tablet=&#8221;50px&#8221; header_font_size_phone=&#8221;30px&#8221; header_font_size_last_edited=&#8221;on|phone&#8221;] Dependen\u021ba de droguri [\/et_pb_text][\/et_pb_column][\/et_pb_row][\/et_pb_section][et_pb_section fb_built=&#8221;1&#8243; admin_label=&#8221;Description&#8221; _builder_version=&#8221;4.5.1&#8243; _module_preset=&#8221;default&#8221;][et_pb_row _builder_version=&#8221;4.5.1&#8243; _module_preset=&#8221;default&#8221;][et_pb_column type=&#8221;4_4&#8243; _builder_version=&#8221;4.5.1&#8243; _module_preset=&#8221;default&#8221;][et_pb_text admin_label=&#8221;text&#8221; _builder_version=&#8221;4.5.1&#8243; text_font=&#8221;||||||||&#8221; text_text_color=&#8221;#232323&#8243; text_line_height=&#8221;2em&#8221; header_font=&#8221;Faustina|700|||||||&#8221; header_text_align=&#8221;center&#8221; header_text_color=&#8221;#0e7162&#8243; [&hellip;]<\/p>\n","protected":false},"author":1,"featured_media":0,"parent":4808,"menu_order":0,"comment_status":"closed","ping_status":"closed","template":"","meta":{"_et_pb_use_builder":"on","_et_pb_old_content":"","_et_gb_content_width":""},"acf":[],"_links":{"self":[{"href":"https:\/\/codependency.eu\/ro\/wp-json\/wp\/v2\/pages\/4825"}],"collection":[{"href":"https:\/\/codependency.eu\/ro\/wp-json\/wp\/v2\/pages"}],"about":[{"href":"https:\/\/codependency.eu\/ro\/wp-json\/wp\/v2\/types\/page"}],"author":[{"embeddable":true,"href":"https:\/\/codependency.eu\/ro\/wp-json\/wp\/v2\/users\/1"}],"replies":[{"embeddable":true,"href":"https:\/\/codependency.eu\/ro\/wp-json\/wp\/v2\/comments?post=4825"}],"version-history":[{"count":3,"href":"https:\/\/codependency.eu\/ro\/wp-json\/wp\/v2\/pages\/4825\/revisions"}],"predecessor-version":[{"id":4977,"href":"https:\/\/codependency.eu\/ro\/wp-json\/wp\/v2\/pages\/4825\/revisions\/4977"}],"up":[{"embeddable":true,"href":"https:\/\/codependency.eu\/ro\/wp-json\/wp\/v2\/pages\/4808"}],"wp:attachment":[{"href":"https:\/\/codependency.eu\/ro\/wp-json\/wp\/v2\/media?parent=4825"}],"curies":[{"name":"wp","href":"https:\/\/api.w.org\/{rel}","templated":true}]}}