{"id":4827,"date":"2021-06-02T01:45:04","date_gmt":"2021-06-02T01:45:04","guid":{"rendered":"https:\/\/codependency.eu\/problems\/gambling-codependence\/"},"modified":"2021-06-21T08:54:47","modified_gmt":"2021-06-21T08:54:47","slug":"gambling-codependence","status":"publish","type":"page","link":"https:\/\/codependency.eu\/ro\/problems\/gambling-codependence\/","title":{"rendered":"Codependen\u021ba de jocuri de noroc"},"content":{"rendered":"<p>[et_pb_section fb_built=&#8221;1&#8243; admin_label=&#8221;Header&#8221; _builder_version=&#8221;4.5.1&#8243; background_color=&#8221;#f7f9f9&#8243; background_image=&#8221;https:\/\/codependency.eu\/wp-content\/uploads\/2021\/06\/problem-9-hero.jpg&#8221; parallax=&#8221;on&#8221; custom_padding=&#8221;10%||10%||false|false&#8221; collapsed=&#8221;off&#8221;][et_pb_row _builder_version=&#8221;3.25&#8243;][et_pb_column type=&#8221;4_4&#8243; _builder_version=&#8221;3.25&#8243; custom_padding=&#8221;60px|||&#8221; custom_padding_tablet=&#8221;0px||&#8221; custom_padding_phone=&#8221;&#8221; custom_padding_last_edited=&#8221;on|tablet&#8221; padding_tablet=&#8221;0px||&#8221; padding_last_edited=&#8221;on|tablet&#8221; custom_padding__hover=&#8221;|||&#8221;][et_pb_text admin_label=&#8221;Codependen\u021ba de jocuri de noroc&#8221; _builder_version=&#8221;4.5.1&#8243; text_font=&#8221;||||||||&#8221; text_line_height=&#8221;2em&#8221; header_font=&#8221;Faustina|600|||||||&#8221; header_text_color=&#8221;#ffffff&#8221; header_font_size=&#8221;60px&#8221; header_line_height=&#8221;1.3em&#8221; background_layout=&#8221;dark&#8221; header_font_size_tablet=&#8221;50px&#8221; header_font_size_phone=&#8221;30px&#8221; header_font_size_last_edited=&#8221;on|phone&#8221;]<\/p>\n<h1 style=\"text-align: center;\">Codependen\u021ba de jocuri de noroc<\/h1>\n<p>[\/et_pb_text][\/et_pb_column][\/et_pb_row][\/et_pb_section][et_pb_section fb_built=&#8221;1&#8243; admin_label=&#8221;Description&#8221; _builder_version=&#8221;4.5.1&#8243; _module_preset=&#8221;default&#8221;][et_pb_row _builder_version=&#8221;4.5.1&#8243; _module_preset=&#8221;default&#8221;][et_pb_column type=&#8221;4_4&#8243; _builder_version=&#8221;4.5.1&#8243; _module_preset=&#8221;default&#8221;][et_pb_text admin_label=&#8221;text&#8221; _builder_version=&#8221;4.5.1&#8243; text_font=&#8221;||||||||&#8221; text_text_color=&#8221;#232323&#8243; text_line_height=&#8221;2em&#8221; header_font=&#8221;Faustina|700|||||||&#8221; header_text_align=&#8221;center&#8221; header_text_color=&#8221;#0e7162&#8243; header_font_size=&#8221;60px&#8221; header_line_height=&#8221;1.3em&#8221; header_2_font=&#8221;|700|||||||&#8221; header_2_text_align=&#8221;left&#8221; header_2_text_color=&#8221;#0e7162&#8243; background_layout=&#8221;dark&#8221; hover_enabled=&#8221;0&#8243; header_font_size_tablet=&#8221;50px&#8221; header_font_size_phone=&#8221;40px&#8221; header_font_size_last_edited=&#8221;on|phone&#8221;]<\/p>\n<h2>Care sunt simptomele dependen\u021bei de jocuri de noroc?<\/h2>\n<p>Aceasta este o dependen\u021b\u0103 care nu afecteaz\u0103 \u00een mod direct s\u0103n\u0103tatea fizic\u0103. Dependen\u021ba de jocuri de noroc este o dependen\u021b\u0103 comportamental\u0103 care se manifest\u0103 prin jocuri de noroc necontrolate de orice fel. De\u0219i nu exist\u0103 aport de substan\u021b\u0103 psihoactiv\u0103, senza\u021bia euforic\u0103 a pariurilor duce la modific\u0103ri ale comportamentului \u0219i proceselor de g\u00e2ndire. Aceasta duce la probleme \u00een modul \u00een care percepem lumea, valorile \u00een via\u021b\u0103, onestitatea \u00een rela\u021bii, pierderea memoriei \u0219i schimb\u0103ri bru\u0219te de dispozi\u021bie.<\/p>\n<p><strong>Dependen\u021bii de jocuri de noroc:<\/strong><\/p>\n<ul>\n<li>se g\u00e2ndesc constant la pariuri \u0219i cre\u0219terea num\u0103rului de pariuri;\n<li>\u00eencerc\u0103 f\u0103r\u0103 succes s\u0103 se opreasc\u0103, mint \u0219i se ascund atunci c\u00e2nd o fac;\n<li>devin iritabili \u0219i \u00ee\u0219i schimb\u0103 adesea starea de spirit atunci c\u00e2nd nu pariaz\u0103;\n<li>caut\u0103 tot felul de modalit\u0103\u021bi de str\u00e2ngere de fonduri (furturi din cas\u0103 \u0219i de la rude, \u00eemprumuturi de la prieteni \u0219i case de credit);\n<li>mizeaz\u0103 pe bunuri de valoare, echipamente \u0219i obiecte de familie \u00een casele de amanet;\n<li>\u00ee\u0219i pierd rapid salariul \u0219i orice venit;\n<li>nu pot opri pariurile chiar \u0219i atunci c\u00e2nd au pierdut totul \u0219i nu mai au bani;\n<li>implic\u0103 rudele angaj\u00e2ndu-le s\u0103 ramburseze \u00eemprumuturile \u0219i s\u0103 acopere pierderile financiare,\n<li>promit s\u0103 \u00eenceteze jocurile de noroc odat\u0103 cu rambursarea \u00eemprumuturilor lor.\n<\/ul>\n<p><strong>Cum s\u0103 ajut\u0103m un dependent de jocuri de noroc \u0219i pe noi \u00een\u0219ine<\/strong><\/p>\n<ol>\n<li><strong>Eliberarea de vinov\u0103\u021bie<\/strong>\n<p>Este foarte important, ca \u0219i \u00een cazul altor dependen\u021be, s\u0103 scapi de vinov\u0103\u021bie. Este important s\u0103 nu mai acoperi\u021bi \u0219i s\u0103 achita\u021bi datoriile persoanei dragi.<\/p>\n<li><strong>Recunoa\u0219terea problemei \u0219i \u00eentreruperea procesului toxic<\/strong>\n<p>Foarte des, pentru a nu se expune rudelor \u0219i prietenilor lor, familiile caut\u0103 modalit\u0103\u021bi de a acoperi datoriile acumulate ale copiilor, p\u0103rin\u021bilor sau partenerilor. Mul\u021bi dintre ei lucreaz\u0103 \u00een mai multe locuri pentru a achita datoriile. Pe de alt\u0103 parte, rudele codependente \u00een sine acumuleaz\u0103 datorii pentru a furniza fonduri dependentului din cauza manipul\u0103rii \u0219i \u0219antajului. Uneori, comportamentul agresiv se traduce prin violen\u021b\u0103 fizic\u0103. Acest proces toxic trebuie oprit. Fondurile pe care le oferi\u021bi dependentului ar trebui s\u0103 fie mai bine direc\u021bionate pentru tratamentul lor.<\/p>\n<li><strong>Limitarea manipul\u0103rii<\/strong>\n<p>Este foarte probabil ca rudele dependentului s\u0103 cad\u0103 \u00een capcanele lor manipulative, c\u0103 de data aceasta este pentru ultima dat\u0103 \u0219i nu vor mai paria niciodat\u0103. \u00cen astfel de momente comportamentul lor este amabil, chiar pl\u00e2ng, cer cer ajutor. Arat\u0103 ca un copil mic care a fost r\u0103nit \u0219i are nevoie de ajutor. Desigur, orice p\u0103rinte sau partener poate ceda \u00een astfel de situa\u021bii.<br \/>\nDar este foarte important s\u0103 facem bilan\u021b \u0219i s\u0103 facem o evaluare rezonabil\u0103 &#8211; c\u00e2t de des am fost \u00een ultimele luni \u00een aceast\u0103 situa\u021bie ?! Care sunt consecin\u021bele dup\u0103 aceea? Exist\u0103 vreo schimbare?<br \/>\n\u0218i dac\u0103 vrem cu adev\u0103rat s\u0103 ajut\u0103m, este important s\u0103 ne recunoa\u0219tem mai \u00eent\u00e2i c\u0103 aceast\u0103 problem\u0103 s-a ad\u00e2ncit. A dep\u0103\u0219it capacit\u0103\u021bile noastre \u0219i este timpul s\u0103 \u00eentrerupem procesul \u0219i s\u0103 c\u0103ut\u0103m ajutor competent.<\/p>\n<li><strong>F\u0103r\u0103 a\u0219tept\u0103ri c\u0103 se va schimba ceva<\/strong>\n<p>Uneori c\u0103dem \u00een capcana a\u0219tept\u0103rilor \u0219i credem c\u0103 aceast\u0103 stare \/ comportament este temporar\u0103 \u0219i va trece \u00een cur\u00e2nd. Cu c\u00e2t realiz\u0103m mai repede c\u0103 aceste a\u0219tept\u0103ri ne vor aduce doar durere \u0219i frustrare, cu at\u00e2t mai repede putem influen\u021ba \u0219i schimba situa\u021bia. Nu putem avea a\u0219tept\u0103ri de la o persoan\u0103 care nu \u00ee\u0219i poate controla via\u021ba \u0219i nu poate lua decizii. Nu v\u0103 mai a\u0219tepta\u021bi s\u0103 con\u0219tientizeze situa\u021bia \u0219i c\u0103 lucrurile se vor schimba.<br \/>\nNu v\u0103 a\u0219tepta\u021bi la onestitate de la cineva care nu are \u00eencredere \u00een el \u00een\u0219u\u0219i. Din p\u0103cate, promisiunile nu func\u021bioneaz\u0103 pentru juc\u0103tori, deoarece nu le respect\u0103. Economisi\u021bi-v\u0103 timpul pierdut, nervii \u0219i credin\u021ba \u00een lucruri ireale. Este mai bine s\u0103 c\u0103uta\u021bi ajutor \u0219i un loc pentru tratament pentru a face fa\u021b\u0103 dependen\u021bei de jocuri de noroc.<\/p>\n<li><strong>Ajutor de la un specialist.<\/strong>\n<p>De\u0219i dependen\u021ba de jocuri de noroc nu d\u0103uneaz\u0103 s\u0103n\u0103t\u0103\u021bii fizice, afecteaz\u0103 comportamentul \u0219i via\u021ba at\u00e2t a dependentului, c\u00e2t \u0219i a celorlal\u021bi membri semnificativi ai familiei. De aceea este extrem de important s\u0103 c\u0103ut\u0103m ajutor extern de la un specialist care s\u0103 ne ajute s\u0103 ne refacem at\u00e2t propriul echilibru mental, c\u00e2t \u0219i cel al persoanei dragi sub influen\u021ba dependen\u021bei.<\/p>\n<\/ol>\n<p>[\/et_pb_text][\/et_pb_column][\/et_pb_row][\/et_pb_section][et_pb_section fb_built=&#8221;1&#8243; fullwidth=&#8221;on&#8221; _builder_version=&#8221;3.22&#8243; custom_width_px__hover=&#8221;1080px&#8221; custom_width_px__hover_enabled=&#8221;1080px&#8221; custom_width_percent__hover=&#8221;80%&#8221; custom_width_percent__hover_enabled=&#8221;80%&#8221; use_background_color_gradient__hover=&#8221;off&#8221; use_background_color_gradient__hover_enabled=&#8221;off&#8221; background_color_gradient_start__hover=&#8221;#2b87da&#8221; background_color_gradient_start__hover_enabled=&#8221;#2b87da&#8221; background_color_gradient_end__hover=&#8221;#29c4a9&#8243; background_color_gradient_end__hover_enabled=&#8221;#29c4a9&#8243; background_color_gradient_type__hover=&#8221;linear&#8221; background_color_gradient_type__hover_enabled=&#8221;linear&#8221; background_color_gradient_direction__hover=&#8221;180deg&#8221; background_color_gradient_direction__hover_enabled=&#8221;180deg&#8221; background_color_gradient_direction_radial__hover=&#8221;center&#8221; background_color_gradient_direction_radial__hover_enabled=&#8221;center&#8221; background_color_gradient_start_position__hover=&#8221;0%&#8221; background_color_gradient_start_position__hover_enabled=&#8221;0%&#8221; background_color_gradient_end_position__hover=&#8221;100%&#8221; background_color_gradient_end_position__hover_enabled=&#8221;100%&#8221; background_color_gradient_overlays_image__hover=&#8221;off&#8221; background_color_gradient_overlays_image__hover_enabled=&#8221;off&#8221; parallax__hover=&#8221;off&#8221; parallax__hover_enabled=&#8221;off&#8221; parallax_method__hover=&#8221;on&#8221; parallax_method__hover_enabled=&#8221;on&#8221; background_size__hover=&#8221;cover&#8221; background_size__hover_enabled=&#8221;cover&#8221; background_position__hover=&#8221;center&#8221; background_position__hover_enabled=&#8221;center&#8221; background_repeat__hover=&#8221;no-repeat&#8221; background_repeat__hover_enabled=&#8221;no-repeat&#8221; background_blend__hover=&#8221;normal&#8221; background_blend__hover_enabled=&#8221;normal&#8221; allow_player_pause__hover=&#8221;off&#8221; allow_player_pause__hover_enabled=&#8221;off&#8221; background_video_pause_outside_viewport__hover=&#8221;on&#8221; background_video_pause_outside_viewport__hover_enabled=&#8221;on&#8221; gutter_width__hover=&#8221;3&#8243; gutter_width__hover_enabled=&#8221;3&#8243; parallax_1__hover=&#8221;off&#8221; parallax_1__hover_enabled=&#8221;off&#8221; parallax_2__hover=&#8221;off&#8221; parallax_2__hover_enabled=&#8221;off&#8221; parallax_3__hover=&#8221;off&#8221; parallax_3__hover_enabled=&#8221;off&#8221; parallax_method_1__hover=&#8221;on&#8221; parallax_method_1__hover_enabled=&#8221;on&#8221; parallax_method_2__hover=&#8221;on&#8221; parallax_method_2__hover_enabled=&#8221;on&#8221; parallax_method_3__hover=&#8221;on&#8221; parallax_method_3__hover_enabled=&#8221;on&#8221; inner_shadow__hover=&#8221;off&#8221; inner_shadow__hover_enabled=&#8221;off&#8221; make_fullwidth__hover=&#8221;off&#8221; make_fullwidth__hover_enabled=&#8221;off&#8221; use_custom_width__hover=&#8221;off&#8221; use_custom_width__hover_enabled=&#8221;off&#8221; width_unit__hover=&#8221;on&#8221; width_unit__hover_enabled=&#8221;on&#8221; make_equal__hover=&#8221;off&#8221; make_equal__hover_enabled=&#8221;off&#8221; use_custom_gutter__hover=&#8221;off&#8221; use_custom_gutter__hover_enabled=&#8221;off&#8221; border_radii__hover=&#8221;on||||&#8221; border_radii__hover_enabled=&#8221;on||||&#8221; box_shadow_style__hover=&#8221;none&#8221; box_shadow_style__hover_enabled=&#8221;none&#8221; box_shadow_color__hover=&#8221;rgba(0,0,0,0.3)&#8221; box_shadow_color__hover_enabled=&#8221;rgba(0,0,0,0.3)&#8221; max_width__hover=&#8221;100%&#8221; max_width__hover_enabled=&#8221;100%&#8221; filter_hue_rotate__hover=&#8221;0deg&#8221; filter_hue_rotate__hover_enabled=&#8221;0deg&#8221; filter_saturate__hover=&#8221;100%&#8221; filter_saturate__hover_enabled=&#8221;100%&#8221; filter_brightness__hover=&#8221;100%&#8221; filter_brightness__hover_enabled=&#8221;100%&#8221; filter_contrast__hover=&#8221;100%&#8221; filter_contrast__hover_enabled=&#8221;100%&#8221; filter_invert__hover=&#8221;0%&#8221; filter_invert__hover_enabled=&#8221;0%&#8221; filter_sepia__hover=&#8221;0%&#8221; filter_sepia__hover_enabled=&#8221;0%&#8221; filter_opacity__hover=&#8221;100%&#8221; filter_opacity__hover_enabled=&#8221;100%&#8221; filter_blur__hover=&#8221;0px&#8221; filter_blur__hover_enabled=&#8221;0px&#8221; mix_blend_mode__hover=&#8221;normal&#8221; mix_blend_mode__hover_enabled=&#8221;normal&#8221; animation_style__hover=&#8221;none&#8221; animation_style__hover_enabled=&#8221;none&#8221; animation_repeat__hover=&#8221;once&#8221; animation_repeat__hover_enabled=&#8221;once&#8221; animation_direction__hover=&#8221;center&#8221; animation_direction__hover_enabled=&#8221;center&#8221; animation_duration__hover=&#8221;1000ms&#8221; animation_duration__hover_enabled=&#8221;1000ms&#8221; animation_delay__hover=&#8221;0ms&#8221; animation_delay__hover_enabled=&#8221;0ms&#8221; animation_intensity_slide__hover=&#8221;50%&#8221; animation_intensity_slide__hover_enabled=&#8221;50%&#8221; animation_intensity_zoom__hover=&#8221;50%&#8221; animation_intensity_zoom__hover_enabled=&#8221;50%&#8221; animation_intensity_flip__hover=&#8221;50%&#8221; animation_intensity_flip__hover_enabled=&#8221;50%&#8221; animation_intensity_fold__hover=&#8221;50%&#8221; animation_intensity_fold__hover_enabled=&#8221;50%&#8221; animation_intensity_roll__hover=&#8221;50%&#8221; animation_intensity_roll__hover_enabled=&#8221;50%&#8221; animation_starting_opacity__hover=&#8221;0%&#8221; animation_starting_opacity__hover_enabled=&#8221;0%&#8221; animation_speed_curve__hover=&#8221;ease-in-out&#8221; animation_speed_curve__hover_enabled=&#8221;ease-in-out&#8221; hover_transition_duration__hover=&#8221;300ms&#8221; hover_transition_duration__hover_enabled=&#8221;300ms&#8221; hover_transition_delay__hover=&#8221;0ms&#8221; hover_transition_delay__hover_enabled=&#8221;0ms&#8221; hover_transition_speed_curve__hover=&#8221;ease&#8221; hover_transition_speed_curve__hover_enabled=&#8221;ease&#8221;][et_pb_fullwidth_image src=&#8221;https:\/\/codependency.eu\/wp-content\/uploads\/2020\/07\/charity-23.png&#8221; _builder_version=&#8221;3.17.2&#8243; show_in_lightbox__hover=&#8221;off&#8221; show_in_lightbox__hover_enabled=&#8221;off&#8221; url_new_window__hover=&#8221;off&#8221; url_new_window__hover_enabled=&#8221;off&#8221; use_overlay__hover=&#8221;off&#8221; use_overlay__hover_enabled=&#8221;off&#8221; animation_style__hover=&#8221;none&#8221; animation_style__hover_enabled=&#8221;none&#8221; animation_direction__hover=&#8221;center&#8221; animation_direction__hover_enabled=&#8221;center&#8221; animation_intensity_slide__hover=&#8221;50%&#8221; animation_intensity_slide__hover_enabled=&#8221;50%&#8221; use_background_color_gradient__hover=&#8221;off&#8221; use_background_color_gradient__hover_enabled=&#8221;off&#8221; background_color_gradient_start__hover=&#8221;#2b87da&#8221; background_color_gradient_start__hover_enabled=&#8221;#2b87da&#8221; background_color_gradient_end__hover=&#8221;#29c4a9&#8243; background_color_gradient_end__hover_enabled=&#8221;#29c4a9&#8243; background_color_gradient_type__hover=&#8221;linear&#8221; background_color_gradient_type__hover_enabled=&#8221;linear&#8221; background_color_gradient_direction__hover=&#8221;180deg&#8221; background_color_gradient_direction__hover_enabled=&#8221;180deg&#8221; background_color_gradient_direction_radial__hover=&#8221;center&#8221; background_color_gradient_direction_radial__hover_enabled=&#8221;center&#8221; background_color_gradient_start_position__hover=&#8221;0%&#8221; background_color_gradient_start_position__hover_enabled=&#8221;0%&#8221; background_color_gradient_end_position__hover=&#8221;100%&#8221; background_color_gradient_end_position__hover_enabled=&#8221;100%&#8221; background_color_gradient_overlays_image__hover=&#8221;off&#8221; background_color_gradient_overlays_image__hover_enabled=&#8221;off&#8221; parallax__hover=&#8221;off&#8221; parallax__hover_enabled=&#8221;off&#8221; parallax_method__hover=&#8221;on&#8221; parallax_method__hover_enabled=&#8221;on&#8221; background_size__hover=&#8221;cover&#8221; background_size__hover_enabled=&#8221;cover&#8221; background_position__hover=&#8221;center&#8221; background_position__hover_enabled=&#8221;center&#8221; background_repeat__hover=&#8221;no-repeat&#8221; background_repeat__hover_enabled=&#8221;no-repeat&#8221; background_blend__hover=&#8221;normal&#8221; background_blend__hover_enabled=&#8221;normal&#8221; allow_player_pause__hover=&#8221;off&#8221; allow_player_pause__hover_enabled=&#8221;off&#8221; background_video_pause_outside_viewport__hover=&#8221;on&#8221; background_video_pause_outside_viewport__hover_enabled=&#8221;on&#8221; border_radii__hover=&#8221;on||||&#8221; border_radii__hover_enabled=&#8221;on||||&#8221; box_shadow_style__hover=&#8221;none&#8221; box_shadow_style__hover_enabled=&#8221;none&#8221; box_shadow_color__hover=&#8221;rgba(0,0,0,0.3)&#8221; box_shadow_color__hover_enabled=&#8221;rgba(0,0,0,0.3)&#8221; max_width__hover=&#8221;100%&#8221; max_width__hover_enabled=&#8221;100%&#8221; filter_hue_rotate__hover=&#8221;0deg&#8221; filter_hue_rotate__hover_enabled=&#8221;0deg&#8221; filter_saturate__hover=&#8221;100%&#8221; filter_saturate__hover_enabled=&#8221;100%&#8221; filter_brightness__hover=&#8221;100%&#8221; filter_brightness__hover_enabled=&#8221;100%&#8221; filter_contrast__hover=&#8221;100%&#8221; filter_contrast__hover_enabled=&#8221;100%&#8221; filter_invert__hover=&#8221;0%&#8221; filter_invert__hover_enabled=&#8221;0%&#8221; filter_sepia__hover=&#8221;0%&#8221; filter_sepia__hover_enabled=&#8221;0%&#8221; filter_opacity__hover=&#8221;100%&#8221; filter_opacity__hover_enabled=&#8221;100%&#8221; filter_blur__hover=&#8221;0px&#8221; filter_blur__hover_enabled=&#8221;0px&#8221; mix_blend_mode__hover=&#8221;normal&#8221; mix_blend_mode__hover_enabled=&#8221;normal&#8221; animation_repeat__hover=&#8221;once&#8221; animation_repeat__hover_enabled=&#8221;once&#8221; animation_duration__hover=&#8221;1000ms&#8221; animation_duration__hover_enabled=&#8221;1000ms&#8221; animation_delay__hover=&#8221;0ms&#8221; animation_delay__hover_enabled=&#8221;0ms&#8221; animation_intensity_zoom__hover=&#8221;50%&#8221; animation_intensity_zoom__hover_enabled=&#8221;50%&#8221; animation_intensity_flip__hover=&#8221;50%&#8221; animation_intensity_flip__hover_enabled=&#8221;50%&#8221; animation_intensity_fold__hover=&#8221;50%&#8221; animation_intensity_fold__hover_enabled=&#8221;50%&#8221; animation_intensity_roll__hover=&#8221;50%&#8221; animation_intensity_roll__hover_enabled=&#8221;50%&#8221; animation_starting_opacity__hover=&#8221;0%&#8221; animation_starting_opacity__hover_enabled=&#8221;0%&#8221; animation_speed_curve__hover=&#8221;ease-in-out&#8221; animation_speed_curve__hover_enabled=&#8221;ease-in-out&#8221; hover_transition_duration__hover=&#8221;300ms&#8221; hover_transition_duration__hover_enabled=&#8221;300ms&#8221; hover_transition_delay__hover=&#8221;0ms&#8221; hover_transition_delay__hover_enabled=&#8221;0ms&#8221; hover_transition_speed_curve__hover=&#8221;ease&#8221; hover_transition_speed_curve__hover_enabled=&#8221;ease&#8221;][\/et_pb_fullwidth_image][\/et_pb_section]<\/p>\n","protected":false},"excerpt":{"rendered":"<p>[et_pb_section fb_built=&#8221;1&#8243; admin_label=&#8221;Header&#8221; _builder_version=&#8221;4.5.1&#8243; background_color=&#8221;#f7f9f9&#8243; background_image=&#8221;https:\/\/codependency.eu\/wp-content\/uploads\/2021\/06\/problem-9-hero.jpg&#8221; parallax=&#8221;on&#8221; custom_padding=&#8221;10%||10%||false|false&#8221; collapsed=&#8221;off&#8221;][et_pb_row _builder_version=&#8221;3.25&#8243;][et_pb_column type=&#8221;4_4&#8243; _builder_version=&#8221;3.25&#8243; custom_padding=&#8221;60px|||&#8221; custom_padding_tablet=&#8221;0px||&#8221; custom_padding_phone=&#8221;&#8221; custom_padding_last_edited=&#8221;on|tablet&#8221; padding_tablet=&#8221;0px||&#8221; padding_last_edited=&#8221;on|tablet&#8221; custom_padding__hover=&#8221;|||&#8221;][et_pb_text admin_label=&#8221;Codependen\u021ba de jocuri de noroc&#8221; _builder_version=&#8221;4.5.1&#8243; text_font=&#8221;||||||||&#8221; text_line_height=&#8221;2em&#8221; header_font=&#8221;Faustina|600|||||||&#8221; header_text_color=&#8221;#ffffff&#8221; header_font_size=&#8221;60px&#8221; header_line_height=&#8221;1.3em&#8221; background_layout=&#8221;dark&#8221; header_font_size_tablet=&#8221;50px&#8221; header_font_size_phone=&#8221;30px&#8221; header_font_size_last_edited=&#8221;on|phone&#8221;] Codependen\u021ba de jocuri de noroc [\/et_pb_text][\/et_pb_column][\/et_pb_row][\/et_pb_section][et_pb_section fb_built=&#8221;1&#8243; admin_label=&#8221;Description&#8221; _builder_version=&#8221;4.5.1&#8243; _module_preset=&#8221;default&#8221;][et_pb_row _builder_version=&#8221;4.5.1&#8243; _module_preset=&#8221;default&#8221;][et_pb_column type=&#8221;4_4&#8243; _builder_version=&#8221;4.5.1&#8243; _module_preset=&#8221;default&#8221;][et_pb_text admin_label=&#8221;text&#8221; _builder_version=&#8221;4.5.1&#8243; text_font=&#8221;||||||||&#8221; text_text_color=&#8221;#232323&#8243; text_line_height=&#8221;2em&#8221; [&hellip;]<\/p>\n","protected":false},"author":1,"featured_media":0,"parent":4808,"menu_order":0,"comment_status":"closed","ping_status":"closed","template":"","meta":{"_et_pb_use_builder":"on","_et_pb_old_content":"","_et_gb_content_width":""},"acf":[],"_links":{"self":[{"href":"https:\/\/codependency.eu\/ro\/wp-json\/wp\/v2\/pages\/4827"}],"collection":[{"href":"https:\/\/codependency.eu\/ro\/wp-json\/wp\/v2\/pages"}],"about":[{"href":"https:\/\/codependency.eu\/ro\/wp-json\/wp\/v2\/types\/page"}],"author":[{"embeddable":true,"href":"https:\/\/codependency.eu\/ro\/wp-json\/wp\/v2\/users\/1"}],"replies":[{"embeddable":true,"href":"https:\/\/codependency.eu\/ro\/wp-json\/wp\/v2\/comments?post=4827"}],"version-history":[{"count":4,"href":"https:\/\/codependency.eu\/ro\/wp-json\/wp\/v2\/pages\/4827\/revisions"}],"predecessor-version":[{"id":4991,"href":"https:\/\/codependency.eu\/ro\/wp-json\/wp\/v2\/pages\/4827\/revisions\/4991"}],"up":[{"embeddable":true,"href":"https:\/\/codependency.eu\/ro\/wp-json\/wp\/v2\/pages\/4808"}],"wp:attachment":[{"href":"https:\/\/codependency.eu\/ro\/wp-json\/wp\/v2\/media?parent=4827"}],"curies":[{"name":"wp","href":"https:\/\/api.w.org\/{rel}","templated":true}]}}